{"id":5240,"date":"2022-10-24T11:49:20","date_gmt":"2022-10-24T11:49:20","guid":{"rendered":"https:\/\/moverdb.com\/?page_id=5240"},"modified":"2026-01-08T15:23:38","modified_gmt":"2026-01-08T15:23:38","slug":"bosnia-erzegovina","status":"publish","type":"page","link":"https:\/\/moverdb.com\/it\/moving-companies\/bosnia-and-herzegovina-moving-companies\/","title":{"rendered":"2 Migliori imprese di traslochi internazionali in Bosnia-Erzegovina"},"content":{"rendered":"<p>Il trasloco pu\u00f2 essere un momento stressante, soprattutto se si tratta di un trasferimento di paese, ed \u00e8 qui che una societ\u00e0 di traslochi o di trasferimento pu\u00f2 aiutare ad alleviare la pressione. Per aiutarvi abbiamo compilato un elenco di aziende di traslochi in Bosnia-Erzegovina. <a href=\"https:\/\/moverdb.com\/it\/international-removals\/\" data-internallinksmanager029f6b8e52c=\"27\" title=\"36 Migliori aziende di traslochi internazionali del Regno Unito\">aziende di trasloco<\/a> che sono membri dell'associazione <a href=\"https:\/\/moverdb.com\/it\/iam\/\" data-internallinksmanager029f6b8e52c=\"23\" title=\"Spiegazione dell&#039;Associazione Internazionale dei Traslocatori (IAM)\">Associazione internazionale dei traslocatori<\/a> (IAM) che potrebbe assistervi.<\/p>\n<h2><strong>1. AGS Worldwide Movers<\/strong><\/h2>\n<p><em><img loading=\"lazy\" decoding=\"async\" class=\"alignnone size-full wp-image-5137\" src=\"https:\/\/moverdb.com\/wp-content\/uploads\/AGS-Wroldwide-Movers-international-moving-company.png\" alt=\"AGS Wroldwide Movers azienda di traslochi internazionali\" width=\"1440\" height=\"680\" data-wp-pid=\"5137\" srcset=\"https:\/\/moverdb.com\/wp-content\/uploads\/AGS-Wroldwide-Movers-international-moving-company.png 1440w, https:\/\/moverdb.com\/wp-content\/uploads\/AGS-Wroldwide-Movers-international-moving-company-300x142.png 300w, https:\/\/moverdb.com\/wp-content\/uploads\/AGS-Wroldwide-Movers-international-moving-company-1024x484.png 1024w, https:\/\/moverdb.com\/wp-content\/uploads\/AGS-Wroldwide-Movers-international-moving-company-18x9.png 18w, https:\/\/moverdb.com\/wp-content\/uploads\/AGS-Wroldwide-Movers-international-moving-company-600x283.png 600w\" sizes=\"auto, (max-width: 1440px) 100vw, 1440px\" \/><\/em><\/p>\n<ul>\n<li>Movimenti nazionali<\/li>\n<li>Traslochi internazionali<\/li>\n<li>Spostamenti residenziali<\/li>\n<li>Traslochi d'ufficio<\/li>\n<li>Traslochi porta a porta<\/li>\n<li>Personale qualificato per l'imballaggio e il trasporto dei vostri effetti personali<\/li>\n<li>Materiali e metodi di imballaggio innovativi<\/li>\n<li>Imballaggio ecologico<\/li>\n<li>Trasferimenti di veicoli<\/li>\n<li>Stoccaggio sicuro<\/li>\n<\/ul>\n<p>AGS Worldwide Movers \u00e8 stata creata nel 1974 e si \u00e8 espansa fino a diventare un'azienda di traslochi internazionali che si estende in Europa, Asia e Africa con partner nelle Americhe e in Oceania. Ha 146 sedi in 97 paesi. \u00c8 membro di IAM con 25 anni di servizio.<\/p>\n<p>AGS Worldwide Movers utilizza soluzioni all'avanguardia e intelligenti per fornire preventivi, tracciamento e consegna in modo pi\u00f9 efficace. Mette a disposizione personale qualificato che imballer\u00e0 i vostri beni in modo sicuro per evitare che si danneggino, utilizzando materiali e tecniche di imballaggio innovativi. Fornisce inoltre soluzioni di trasporto per i veicoli e, se necessario, un deposito sicuro.<\/p>\n<p>Sito web: <a href=\"http:\/\/www.agsmovers.com\" target=\"_blank\" rel=\"noopener\">http:\/\/www.agsmovers.com<\/a><\/p>\n<h2><strong>2. Intermove<\/strong><\/h2>\n<p><em><img loading=\"lazy\" decoding=\"async\" class=\"alignnone size-full wp-image-5176\" src=\"https:\/\/moverdb.com\/wp-content\/uploads\/Intermove-international-moving-company.png\" alt=\"Societ\u00e0 di traslochi internazionali Intermove\" width=\"1440\" height=\"680\" data-wp-pid=\"5176\" srcset=\"https:\/\/moverdb.com\/wp-content\/uploads\/Intermove-international-moving-company.png 1440w, https:\/\/moverdb.com\/wp-content\/uploads\/Intermove-international-moving-company-300x142.png 300w, https:\/\/moverdb.com\/wp-content\/uploads\/Intermove-international-moving-company-1024x484.png 1024w, https:\/\/moverdb.com\/wp-content\/uploads\/Intermove-international-moving-company-18x9.png 18w, https:\/\/moverdb.com\/wp-content\/uploads\/Intermove-international-moving-company-600x283.png 600w\" sizes=\"auto, (max-width: 1440px) 100vw, 1440px\" \/><\/em><\/p>\n<ul>\n<li>Traslochi locali e nazionali<\/li>\n<li>Traslochi internazionali<\/li>\n<li>Traslochi domestici<\/li>\n<li>Trasferimenti di attivit\u00e0<\/li>\n<li>Imballatori altamente qualificati<\/li>\n<li>Servizi di imballaggio e disimballaggio<\/li>\n<li>Logistica delle spedizioni<\/li>\n<li>Sdoganamento<\/li>\n<li>Assicurazione<\/li>\n<li>Strutture di stoccaggio<\/li>\n<\/ul>\n<p>Intermove \u00e8 una societ\u00e0 di traslochi fondata nel 1996 per aiutare le famiglie e le aziende a trasferirsi. Offre i suoi servizi in Bosnia-Erzegovina e per coloro che desiderano trasferirsi da o verso la Bosnia-Erzegovina. \u00c8 membro della IAM e vanta 26 anni di servizio.<\/p>\n<p>Intermove mette a disposizione imballatori altamente qualificati e addestrati ai metodi di imballaggio internazionali, che utilizzeranno materiali di alta qualit\u00e0 per proteggere i vostri beni. Imballano i vostri beni e ne organizzano la spedizione, compreso lo sdoganamento e il disimballaggio. Forniscono assicurazione, ricerca della casa, orientamento della zona e l'opzione di soluzioni di stoccaggio flessibili.<\/p>\n<p>Sito web: <a href=\"http:\/\/www.intermovebosnia.com\" target=\"_blank\" rel=\"noopener\">http:\/\/www.intermovebosnia.com<\/a><\/p>","protected":false},"excerpt":{"rendered":"<p>Moving can be a stressful time especially if you are moving countries as well, that is where a moving or relocation company can help relieve some of the pressure. To help you we have compiled a list of Bosnia and Herzegovina removal companies that are members of the International Association of Movers (IAM) who could [&hellip;]<\/p>\n","protected":false},"author":4,"featured_media":0,"parent":190,"menu_order":0,"comment_status":"closed","ping_status":"closed","template":"","meta":{"_genesis_hide_title":false,"_genesis_hide_breadcrumbs":false,"_genesis_hide_singular_image":false,"_genesis_hide_footer_widgets":false,"_genesis_custom_body_class":"","_genesis_custom_post_class":"","_genesis_layout":"","footnotes":""},"class_list":{"0":"post-5240","1":"page","2":"type-page","3":"status-publish","5":"entry","6":"has-post-thumbnail"},"_links":{"self":[{"href":"https:\/\/moverdb.com\/it\/wp-json\/wp\/v2\/pages\/5240","targetHints":{"allow":["GET"]}}],"collection":[{"href":"https:\/\/moverdb.com\/it\/wp-json\/wp\/v2\/pages"}],"about":[{"href":"https:\/\/moverdb.com\/it\/wp-json\/wp\/v2\/types\/page"}],"author":[{"embeddable":true,"href":"https:\/\/moverdb.com\/it\/wp-json\/wp\/v2\/users\/4"}],"replies":[{"embeddable":true,"href":"https:\/\/moverdb.com\/it\/wp-json\/wp\/v2\/comments?post=5240"}],"version-history":[{"count":1,"href":"https:\/\/moverdb.com\/it\/wp-json\/wp\/v2\/pages\/5240\/revisions"}],"predecessor-version":[{"id":5241,"href":"https:\/\/moverdb.com\/it\/wp-json\/wp\/v2\/pages\/5240\/revisions\/5241"}],"up":[{"embeddable":true,"href":"https:\/\/moverdb.com\/it\/wp-json\/wp\/v2\/pages\/190"}],"wp:attachment":[{"href":"https:\/\/moverdb.com\/it\/wp-json\/wp\/v2\/media?parent=5240"}],"curies":[{"name":"wp","href":"https:\/\/api.w.org\/{rel}","templated":true}]}}