{"id":5228,"date":"2022-10-24T11:52:12","date_gmt":"2022-10-24T11:52:12","guid":{"rendered":"https:\/\/moverdb.com\/?page_id=5228"},"modified":"2026-01-08T15:25:04","modified_gmt":"2026-01-08T15:25:04","slug":"bangladesh-2","status":"publish","type":"page","link":"https:\/\/moverdb.com\/it\/moving-companies\/bangladesh-moving-companies\/","title":{"rendered":"5 migliori aziende di traslochi internazionali in Bangladesh"},"content":{"rendered":"<p>Se state cambiando casa in <a href=\"https:\/\/moverdb.com\/it\/moving-to-bangladesh\/\" data-internallinksmanager029f6b8e52c=\"419\" title=\"Trasferirsi in Bangladesh? 2026 Costi di vita e consigli per il trasferimento\">Bangladesh<\/a> o in procinto di spostarsi da o verso il Bangladesh, \u00e8 consigliabile utilizzare un <a href=\"https:\/\/moverdb.com\/it\/international-removals\/\" data-internallinksmanager029f6b8e52c=\"27\" title=\"36 Migliori aziende di traslochi internazionali del Regno Unito\">societ\u00e0 di traslochi<\/a> per facilitare il processo di trasloco. Il trasloco \u00e8 un momento stressante, perci\u00f2 di seguito abbiamo raccolto un elenco di aziende che fanno parte dell'associazione <a href=\"https:\/\/moverdb.com\/it\/iam\/\" data-internallinksmanager029f6b8e52c=\"23\" title=\"Spiegazione dell&#039;Associazione Internazionale dei Traslocatori (IAM)\">Associazione internazionale dei traslocatori<\/a> (IAM) e\/o <a href=\"https:\/\/moverdb.com\/it\/fidi-faim\/\" data-internallinksmanager029f6b8e52c=\"16\" title=\"FIDI e FAIM (FIDI Accredited International Mover) spiegati\">FIDI<\/a> Traslocatori internazionali accreditati (FAIM) che potrebbero assistervi.<\/p>\n<div id=\"ez-toc-container\" class=\"ez-toc-v2_0_82_2 ez-toc-wrap-left counter-hierarchy ez-toc-counter ez-toc-transparent ez-toc-container-direction\">\n<div class=\"ez-toc-title-container\">\n<p class=\"ez-toc-title\" style=\"cursor:inherit\">Sezioni<\/p>\n<span class=\"ez-toc-title-toggle\"><a href=\"#\" class=\"ez-toc-pull-right ez-toc-btn ez-toc-btn-xs ez-toc-btn-default ez-toc-toggle\" aria-label=\"Allinea la tabella dei contenuti\"><span class=\"ez-toc-js-icon-con\"><span class=\"\"><span class=\"eztoc-hide\" style=\"display:none;\">Toggle<\/span><span class=\"ez-toc-icon-toggle-span\"><svg style=\"fill: #999;color:#999\" xmlns=\"http:\/\/www.w3.org\/2000\/svg\" class=\"list-377408\" width=\"20px\" height=\"20px\" viewbox=\"0 0 24 24\" fill=\"none\"><path d=\"M6 6H4v2h2V6zm14 0H8v2h12V6zM4 11h2v2H4v-2zm16 0H8v2h12v-2zM4 16h2v2H4v-2zm16 0H8v2h12v-2z\" fill=\"currentColor\"><\/path><\/svg><svg style=\"fill: #999;color:#999\" class=\"arrow-unsorted-368013\" xmlns=\"http:\/\/www.w3.org\/2000\/svg\" width=\"10px\" height=\"10px\" viewbox=\"0 0 24 24\" version=\"1.2\" baseprofile=\"tiny\"><path d=\"M18.2 9.3l-6.2-6.3-6.2 6.3c-.2.2-.3.4-.3.7s.1.5.3.7c.2.2.4.3.7.3h11c.3 0 .5-.1.7-.3.2-.2.3-.5.3-.7s-.1-.5-.3-.7zM5.8 14.7l6.2 6.3 6.2-6.3c.2-.2.3-.5.3-.7s-.1-.5-.3-.7c-.2-.2-.4-.3-.7-.3h-11c-.3 0-.5.1-.7.3-.2.2-.3.5-.3.7s.1.5.3.7z\"\/><\/svg><\/span><\/span><\/span><\/a><\/span><\/div>\n<nav><ul class='ez-toc-list ez-toc-list-level-1 eztoc-toggle-hide-by-default' ><li class='ez-toc-page-1 ez-toc-heading-level-2'><a class=\"ez-toc-link ez-toc-heading-1\" href=\"https:\/\/moverdb.com\/it\/moving-companies\/bangladesh-moving-companies\/#1_A_I_Freight_Services\" >1. A I Servizi di trasporto<\/a><\/li><li class='ez-toc-page-1 ez-toc-heading-level-2'><a class=\"ez-toc-link ez-toc-heading-2\" href=\"https:\/\/moverdb.com\/it\/moving-companies\/bangladesh-moving-companies\/#2_Alpha_Logistics\" >2. Logistica Alpha<\/a><\/li><li class='ez-toc-page-1 ez-toc-heading-level-2'><a class=\"ez-toc-link ez-toc-heading-3\" href=\"https:\/\/moverdb.com\/it\/moving-companies\/bangladesh-moving-companies\/#3_Apolloline_Shipping_Service\" >3. Servizio di spedizione Apolloline<\/a><\/li><li class='ez-toc-page-1 ez-toc-heading-level-2'><a class=\"ez-toc-link ez-toc-heading-4\" href=\"https:\/\/moverdb.com\/it\/moving-companies\/bangladesh-moving-companies\/#4_Carry_Link_Packers_Shippers\" >4. Carry Link Packers &amp; Shippers<\/a><\/li><li class='ez-toc-page-1 ez-toc-heading-level-2'><a class=\"ez-toc-link ez-toc-heading-5\" href=\"https:\/\/moverdb.com\/it\/moving-companies\/bangladesh-moving-companies\/#5_Homebound\" >5. A domicilio<\/a><\/li><\/ul><\/nav><\/div>\n<h2><span class=\"ez-toc-section\" id=\"1_A_I_Freight_Services\"><\/span><strong>1. A I Servizi di trasporto<\/strong><span class=\"ez-toc-section-end\"><\/span><\/h2>\n<p><em><img loading=\"lazy\" decoding=\"async\" class=\"alignnone size-full wp-image-5135\" src=\"https:\/\/moverdb.com\/wp-content\/uploads\/A-I-Freight-Services-international-moving-company.png\" alt=\"A I Freight Services impresa di traslochi internazionali\" width=\"1440\" height=\"685\" data-wp-pid=\"5135\" srcset=\"https:\/\/moverdb.com\/wp-content\/uploads\/A-I-Freight-Services-international-moving-company.png 1440w, https:\/\/moverdb.com\/wp-content\/uploads\/A-I-Freight-Services-international-moving-company-300x143.png 300w, https:\/\/moverdb.com\/wp-content\/uploads\/A-I-Freight-Services-international-moving-company-1024x487.png 1024w, https:\/\/moverdb.com\/wp-content\/uploads\/A-I-Freight-Services-international-moving-company-18x9.png 18w, https:\/\/moverdb.com\/wp-content\/uploads\/A-I-Freight-Services-international-moving-company-600x285.png 600w\" sizes=\"auto, (max-width: 1440px) 100vw, 1440px\" \/><\/em><\/p>\n<ul>\n<li>Logistica nazionale<\/li>\n<li>Logistica internazionale<\/li>\n<li>Servizio porta a porta e traslochi domestici<\/li>\n<li>Gestione degli effetti personali<\/li>\n<li>Traslochi e logistica aziendale<\/li>\n<li>Trasporto stradale, marittimo e aereo<\/li>\n<li>Brokeraggio doganale<\/li>\n<li>Manipolazione di merci delicate e pericolose<\/li>\n<li>Trasporto di animali domestici<\/li>\n<li>Soluzioni di stoccaggio<\/li>\n<\/ul>\n<p>A I Freight Services sostiene di essere una delle principali societ\u00e0 di logistica del Bangladesh che si occupa di spedizioni, trasporti interni e intermediazione doganale. \u00c8 membro della IAM e vanta 23 anni di servizio. Si rivolge alle aziende che si occupano di logistica e distribuzione, oltre che di traslochi, e offre anche servizi di trasloco di abitazioni.<\/p>\n<p>A I Freight Services offre un servizio di traslochi domestici porta a porta in grado di trasportare i clienti a livello nazionale e internazionale utilizzando il trasporto stradale, marittimo e aereo. Possono inoltre fornire assistenza per lo sdoganamento e l'intermediazione. Sono in grado di fornire servizi logistici specializzati, tra cui il trasporto di animali domestici e di merci delicate e pericolose. Offrono anche soluzioni di stoccaggio in magazzino.<\/p>\n<p>Sito web: <a href=\"http:\/\/www.aifs-bd.com\" target=\"_blank\" rel=\"noopener\">http:\/\/www.aifs-bd.com<\/a><\/p>\n<h2><span class=\"ez-toc-section\" id=\"2_Alpha_Logistics\"><\/span><strong>2. Logistica Alpha<\/strong><span class=\"ez-toc-section-end\"><\/span><\/h2>\n<p><em><img loading=\"lazy\" decoding=\"async\" class=\"alignnone size-full wp-image-5143\" src=\"https:\/\/moverdb.com\/wp-content\/uploads\/Alpha-Logistics-international-moving-company.png\" alt=\"Alpha Logistics, azienda di traslochi internazionali\" width=\"1440\" height=\"677\" data-wp-pid=\"5143\" srcset=\"https:\/\/moverdb.com\/wp-content\/uploads\/Alpha-Logistics-international-moving-company.png 1440w, https:\/\/moverdb.com\/wp-content\/uploads\/Alpha-Logistics-international-moving-company-300x141.png 300w, https:\/\/moverdb.com\/wp-content\/uploads\/Alpha-Logistics-international-moving-company-1024x481.png 1024w, https:\/\/moverdb.com\/wp-content\/uploads\/Alpha-Logistics-international-moving-company-18x8.png 18w, https:\/\/moverdb.com\/wp-content\/uploads\/Alpha-Logistics-international-moving-company-600x282.png 600w\" sizes=\"auto, (max-width: 1440px) 100vw, 1440px\" \/><\/em><\/p>\n<ul>\n<li>Spedizioni nazionali<\/li>\n<li>Spedizioni internazionali<\/li>\n<li>Servizio flessibile<\/li>\n<li>Si rivolge a un'ampia gamma di prodotti<\/li>\n<li>Servizio porta a porta<\/li>\n<li>Servizio door-to-airport o dock<\/li>\n<li>Trasporto stradale, marittimo e aereo<\/li>\n<li>Liquidazione personalizzata<\/li>\n<li>Notifiche e prove di arrivo<\/li>\n<li>Strutture di stoccaggio a breve e lungo termine<\/li>\n<\/ul>\n<p>Alpha Logistics \u00e8 stata fondata nel 1999 e sostiene di essere uno dei principali fornitori di servizi di trasporto e logistica in Bangladesh. \u00c8 membro della IAM come azienda di traslochi e di <a href=\"https:\/\/moverdb.com\/it\/relocation-agents\/\" data-internallinksmanager029f6b8e52c=\"1\" title=\"7 motivi per cui dovresti usare un agente di trasferimento?\">agente di trasferimento<\/a>. Dispone di una rete di agenti globali che le consentono di fornire i propri servizi a livello internazionale.<\/p>\n<p>Alpha Logistics offre un servizio di spedizione che prevede il servizio door-to-door, door-to-airport\/dock o airport\/dock-to-door che include lo sdoganamento della vostra spedizione. Offre inoltre una gamma di camion e furgoni per spostare le vostre merci in Bangladesh. Offrono servizi di stoccaggio a breve e lungo termine nei loro magazzini.<\/p>\n<p>Sito web: <a href=\"http:\/\/www.alphagroupbd.com\" target=\"_blank\" rel=\"noopener\">http:\/\/www.alphagroupbd.com<\/a><\/p>\n<h2><span class=\"ez-toc-section\" id=\"3_Apolloline_Shipping_Service\"><\/span><strong>3. Servizio di spedizione Apolloline<\/strong><span class=\"ez-toc-section-end\"><\/span><\/h2>\n<p><img loading=\"lazy\" decoding=\"async\" class=\"alignnone size-full wp-image-5229\" src=\"https:\/\/moverdb.com\/wp-content\/uploads\/Apolloline-international-moving-company.png\" alt=\"Azienda di traslochi internazionali Apolloline\" width=\"1440\" height=\"682\" data-wp-pid=\"5229\" srcset=\"https:\/\/moverdb.com\/wp-content\/uploads\/Apolloline-international-moving-company.png 1440w, https:\/\/moverdb.com\/wp-content\/uploads\/Apolloline-international-moving-company-300x142.png 300w, https:\/\/moverdb.com\/wp-content\/uploads\/Apolloline-international-moving-company-1024x485.png 1024w, https:\/\/moverdb.com\/wp-content\/uploads\/Apolloline-international-moving-company-18x9.png 18w, https:\/\/moverdb.com\/wp-content\/uploads\/Apolloline-international-moving-company-600x284.png 600w\" sizes=\"auto, (max-width: 1440px) 100vw, 1440px\" \/><\/p>\n<ul>\n<li>Traslochi nazionali<\/li>\n<li>Traslochi internazionali<\/li>\n<li>Traslochi di uffici e abitazioni<\/li>\n<li>Trasporto stradale, marittimo e aereo<\/li>\n<li>Squadra professionale di imballatori<\/li>\n<li>Materiali di imballaggio di alta qualit\u00e0<\/li>\n<li>Antiquariato e belle arti<\/li>\n<li>Sdoganamento<\/li>\n<li><a href=\"https:\/\/moverdb.com\/it\/car-transport-shipping\/\" data-internallinksmanager029f6b8e52c=\"2\" title=\"2026 Preventivi per il trasporto internazionale di auto e veicoli\">Spedizione di veicoli<\/a><\/li>\n<li>Soluzioni di stoccaggio<\/li>\n<\/ul>\n<p>Apolloline Shipping Service \u00e8 un'azienda di spedizioni internazionali e di <a href=\"https:\/\/moverdb.com\/it\/moving-companies\/\" data-internallinksmanager029f6b8e52c=\"79\" title=\"Le 25 migliori aziende di traslochi internazionali online\">azienda di traslochi<\/a> con sede a Dhaka e una filiale a Chottogram. Dichiarano di essere un fornitore leader in Bangladesh e sono membri della IAM con 10 anni di servizio. Si occupano di traslochi di uffici e abitazioni in Bangladesh e a livello internazionale.<\/p>\n<p>Apolloline Shipping Service offre servizi di trasloco che includono un team professionale di imballatori che utilizzano le migliori tecniche di imballaggio e trasloco e materiali di imballaggio di alta qualit\u00e0 per proteggere i vostri beni. Fornisce opzioni di trasporto che comprendono il trasporto stradale, marittimo e aereo e gestisce lo sdoganamento. Offrono anche servizi di deposito intermedio.<\/p>\n<p>Sito web: <a href=\"http:\/\/www.apolloline.com\" target=\"_blank\" rel=\"noopener\">http:\/\/www.apolloline. com<\/a><\/p>\n<h2><span class=\"ez-toc-section\" id=\"4_Carry_Link_Packers_Shippers\"><\/span><strong>4. Carry Link Packers &amp; Shippers<\/strong><span class=\"ez-toc-section-end\"><\/span><\/h2>\n<p><em><img loading=\"lazy\" decoding=\"async\" class=\"alignnone size-full wp-image-5153\" src=\"https:\/\/moverdb.com\/wp-content\/uploads\/Carry-Link-Packers-and-Shippers-international-moving-company.png\" alt=\"Carry Link Packers and Shippers societ\u00e0 di traslochi internazionali\" width=\"1440\" height=\"677\" data-wp-pid=\"5153\" srcset=\"https:\/\/moverdb.com\/wp-content\/uploads\/Carry-Link-Packers-and-Shippers-international-moving-company.png 1440w, https:\/\/moverdb.com\/wp-content\/uploads\/Carry-Link-Packers-and-Shippers-international-moving-company-300x141.png 300w, https:\/\/moverdb.com\/wp-content\/uploads\/Carry-Link-Packers-and-Shippers-international-moving-company-1024x481.png 1024w, https:\/\/moverdb.com\/wp-content\/uploads\/Carry-Link-Packers-and-Shippers-international-moving-company-18x8.png 18w, https:\/\/moverdb.com\/wp-content\/uploads\/Carry-Link-Packers-and-Shippers-international-moving-company-600x282.png 600w\" sizes=\"auto, (max-width: 1440px) 100vw, 1440px\" \/><\/em><\/p>\n<ul>\n<li>Spedizione nazionale<\/li>\n<li><a href=\"https:\/\/moverdb.com\/it\/container-shipping\/\" data-internallinksmanager029f6b8e52c=\"3\" title=\"Grafico delle tariffe di trasporto internazionale dei container: Aprile 2026\">Spedizione internazionale<\/a><\/li>\n<li>Traslochi di abitazioni<\/li>\n<li>Servizi cargo per le aziende<\/li>\n<li>Servizi porta a porta<\/li>\n<li>Trasporto terrestre, aereo e marittimo<\/li>\n<li>Sdoganamento<\/li>\n<li>Assicurazione<\/li>\n<li>Strutture di stoccaggio<\/li>\n<li>Rete di agenti associati in tutto il mondo<\/li>\n<\/ul>\n<p>Carry Link Packers &amp; Shippers \u00e8 un'agenzia di traslochi e spedizioni nata nel 1999, con sede a Dhaka, in Bangladesh, e membro di IAM con 20 anni di servizio. Fornisce servizi di spedizione, servizi di sdoganamento e assistenza all'imballaggio. Si rivolge alle aziende con esigenze di carico e alle famiglie con esigenze di trasloco.<\/p>\n<p>Carry Link Packers &amp; Shippers offre servizi porta a porta e servizi di imballaggio alle famiglie per aiutarle a traslocare a livello nazionale e internazionale. Offrono servizi di trasloco via terra, via mare e via aerea che comprendono l'assicurazione e lo sdoganamento. Forniscono i loro servizi internazionali attraverso una rete di agenti associati in tutto il mondo.<\/p>\n<p>Sito web: <a href=\"http:\/\/www.carrylink.org\" target=\"_blank\" rel=\"noopener\">http:\/\/www.carrylink.org<\/a><\/p>\n<h2><span class=\"ez-toc-section\" id=\"5_Homebound\"><\/span><strong>5. A domicilio<\/strong><span class=\"ez-toc-section-end\"><\/span><\/h2>\n<p><em><img loading=\"lazy\" decoding=\"async\" class=\"alignnone size-full wp-image-5174\" src=\"https:\/\/moverdb.com\/wp-content\/uploads\/Homebound-international-moving-company.png\" alt=\"Azienda di traslochi internazionali a domicilio\" width=\"1440\" height=\"678\" data-wp-pid=\"5174\" srcset=\"https:\/\/moverdb.com\/wp-content\/uploads\/Homebound-international-moving-company.png 1440w, https:\/\/moverdb.com\/wp-content\/uploads\/Homebound-international-moving-company-300x141.png 300w, https:\/\/moverdb.com\/wp-content\/uploads\/Homebound-international-moving-company-1024x482.png 1024w, https:\/\/moverdb.com\/wp-content\/uploads\/Homebound-international-moving-company-18x8.png 18w, https:\/\/moverdb.com\/wp-content\/uploads\/Homebound-international-moving-company-600x283.png 600w\" sizes=\"auto, (max-width: 1440px) 100vw, 1440px\" \/><\/em><\/p>\n<ul>\n<li>Trasferimenti nazionali<\/li>\n<li>Trasferimenti internazionali<\/li>\n<li>Traslochi d'ufficio<\/li>\n<li>Trasferimenti residenziali<\/li>\n<li>Trasporto stradale, marittimo e aereo<\/li>\n<li>Brokeraggio e sdoganamento<\/li>\n<li>Servizio di imballaggio con materiali di prima qualit\u00e0<\/li>\n<li>Assicurazione sul transito<\/li>\n<li>Trasferimenti di animali domestici<\/li>\n<li>Strutture di stoccaggio a breve e lungo termine<\/li>\n<\/ul>\n<p>Homebound \u00e8 un'azienda di traslochi nata nel 1972, membro della IAM e accreditata dalla FIDI. Dichiara di essere uno dei principali fornitori di servizi logistici di trasporto internazionale in Bangladesh.  Si occupa di traslochi di uffici e abitazioni e pu\u00f2 offrire traslochi di animali domestici e servizi di deposito.<\/p>\n<p>Homebound offre un servizio di trasloco con un consulente che completer\u00e0 un sopralluogo, fornir\u00e0 un preventivo, coordiner\u00e0 il trasloco e vi assister\u00e0 in ogni fase del processo. I loro servizi di imballaggio numerano ed elencano i vostri oggetti e li imballano in modo sicuro con materiali da imballaggio di classe mondiale. Offrono inoltre assistenza nella ricerca di una casa.<\/p>\n<p>Sito web: <a href=\"http:\/\/www.homeboundbd.com\" target=\"_blank\" rel=\"noopener\">http:\/\/www.homeboundbd.com<\/a> &nbsp;<\/p>","protected":false},"excerpt":{"rendered":"<p>If you are moving home in Bangladesh or about to move to or from Bangladesh, you may want to use a removal company to help ease the moving process. Moving is a stressful time so below we have gathered a list of companies who are members of the International Association of Movers (IAM) and\/or FIDI [&hellip;]<\/p>\n","protected":false},"author":4,"featured_media":0,"parent":190,"menu_order":0,"comment_status":"closed","ping_status":"closed","template":"","meta":{"_genesis_hide_title":false,"_genesis_hide_breadcrumbs":false,"_genesis_hide_singular_image":false,"_genesis_hide_footer_widgets":false,"_genesis_custom_body_class":"","_genesis_custom_post_class":"","_genesis_layout":"","footnotes":""},"class_list":{"0":"post-5228","1":"page","2":"type-page","3":"status-publish","5":"entry","6":"has-post-thumbnail"},"_links":{"self":[{"href":"https:\/\/moverdb.com\/it\/wp-json\/wp\/v2\/pages\/5228","targetHints":{"allow":["GET"]}}],"collection":[{"href":"https:\/\/moverdb.com\/it\/wp-json\/wp\/v2\/pages"}],"about":[{"href":"https:\/\/moverdb.com\/it\/wp-json\/wp\/v2\/types\/page"}],"author":[{"embeddable":true,"href":"https:\/\/moverdb.com\/it\/wp-json\/wp\/v2\/users\/4"}],"replies":[{"embeddable":true,"href":"https:\/\/moverdb.com\/it\/wp-json\/wp\/v2\/comments?post=5228"}],"version-history":[{"count":1,"href":"https:\/\/moverdb.com\/it\/wp-json\/wp\/v2\/pages\/5228\/revisions"}],"predecessor-version":[{"id":5230,"href":"https:\/\/moverdb.com\/it\/wp-json\/wp\/v2\/pages\/5228\/revisions\/5230"}],"up":[{"embeddable":true,"href":"https:\/\/moverdb.com\/it\/wp-json\/wp\/v2\/pages\/190"}],"wp:attachment":[{"href":"https:\/\/moverdb.com\/it\/wp-json\/wp\/v2\/media?parent=5228"}],"curies":[{"name":"wp","href":"https:\/\/api.w.org\/{rel}","templated":true}]}}