{"id":5224,"date":"2022-10-24T11:53:37","date_gmt":"2022-10-24T11:53:37","guid":{"rendered":"https:\/\/moverdb.com\/?page_id=5224"},"modified":"2026-01-08T15:25:03","modified_gmt":"2026-01-08T15:25:03","slug":"azerbaigian","status":"publish","type":"page","link":"https:\/\/moverdb.com\/it\/moving-companies\/azerbaijan-moving-companies\/","title":{"rendered":"5 Migliori imprese di traslochi internazionali in Azerbaigian"},"content":{"rendered":"<p>Il trasloco pu\u00f2 essere stressante, quindi trovare qualcuno che vi assista nel trasloco pu\u00f2 aiutarvi ad allentare la pressione. Sia che si tratti di un trasloco all'interno dell'Azerbaigian, sia che si tratti di un trasloco da o verso l'Azerbaigian, ci sono aziende che possono aiutarvi. Abbiamo compilato un elenco di <a href=\"https:\/\/moverdb.com\/it\/international-removals\/\" data-internallinksmanager029f6b8e52c=\"27\" title=\"36 Migliori aziende di traslochi internazionali del Regno Unito\">aziende di trasloco<\/a> di seguito che sono membri del <a href=\"https:\/\/moverdb.com\/it\/iam\/\" data-internallinksmanager029f6b8e52c=\"23\" title=\"Spiegazione dell&#039;Associazione Internazionale dei Traslocatori (IAM)\">Associazione internazionale dei traslocatori<\/a> (IAM) e\/o <a href=\"https:\/\/moverdb.com\/it\/fidi-faim\/\" data-internallinksmanager029f6b8e52c=\"16\" title=\"FIDI e FAIM (FIDI Accredited International Mover) spiegati\">FIDI<\/a> Traslocatori internazionali accreditati (FAIM) che potrebbero aiutarvi.<\/p>\n<div id=\"ez-toc-container\" class=\"ez-toc-v2_0_82_2 ez-toc-wrap-left counter-hierarchy ez-toc-counter ez-toc-transparent ez-toc-container-direction\">\n<div class=\"ez-toc-title-container\">\n<p class=\"ez-toc-title\" style=\"cursor:inherit\">Sezioni<\/p>\n<span class=\"ez-toc-title-toggle\"><a href=\"#\" class=\"ez-toc-pull-right ez-toc-btn ez-toc-btn-xs ez-toc-btn-default ez-toc-toggle\" aria-label=\"Allinea la tabella dei contenuti\"><span class=\"ez-toc-js-icon-con\"><span class=\"\"><span class=\"eztoc-hide\" style=\"display:none;\">Toggle<\/span><span class=\"ez-toc-icon-toggle-span\"><svg style=\"fill: #999;color:#999\" xmlns=\"http:\/\/www.w3.org\/2000\/svg\" class=\"list-377408\" width=\"20px\" height=\"20px\" viewbox=\"0 0 24 24\" fill=\"none\"><path d=\"M6 6H4v2h2V6zm14 0H8v2h12V6zM4 11h2v2H4v-2zm16 0H8v2h12v-2zM4 16h2v2H4v-2zm16 0H8v2h12v-2z\" fill=\"currentColor\"><\/path><\/svg><svg style=\"fill: #999;color:#999\" class=\"arrow-unsorted-368013\" xmlns=\"http:\/\/www.w3.org\/2000\/svg\" width=\"10px\" height=\"10px\" viewbox=\"0 0 24 24\" version=\"1.2\" baseprofile=\"tiny\"><path d=\"M18.2 9.3l-6.2-6.3-6.2 6.3c-.2.2-.3.4-.3.7s.1.5.3.7c.2.2.4.3.7.3h11c.3 0 .5-.1.7-.3.2-.2.3-.5.3-.7s-.1-.5-.3-.7zM5.8 14.7l6.2 6.3 6.2-6.3c.2-.2.3-.5.3-.7s-.1-.5-.3-.7c-.2-.2-.4-.3-.7-.3h-11c-.3 0-.5.1-.7.3-.2.2-.3.5-.3.7s.1.5.3.7z\"\/><\/svg><\/span><\/span><\/span><\/a><\/span><\/div>\n<nav><ul class='ez-toc-list ez-toc-list-level-1 eztoc-toggle-hide-by-default' ><li class='ez-toc-page-1 ez-toc-heading-level-2'><a class=\"ez-toc-link ez-toc-heading-1\" href=\"https:\/\/moverdb.com\/it\/moving-companies\/azerbaijan-moving-companies\/#1_ACE_Forwarding\" >1. Inoltro ACE<\/a><\/li><li class='ez-toc-page-1 ez-toc-heading-level-2'><a class=\"ez-toc-link ez-toc-heading-2\" href=\"https:\/\/moverdb.com\/it\/moving-companies\/azerbaijan-moving-companies\/#2_Allright_Moving_Storage\" >2. Allright Moving &amp; Storage<\/a><\/li><li class='ez-toc-page-1 ez-toc-heading-level-2'><a class=\"ez-toc-link ez-toc-heading-3\" href=\"https:\/\/moverdb.com\/it\/moving-companies\/azerbaijan-moving-companies\/#3_Buddy-Mover\" >3. Buddy-Mover<\/a><\/li><li class='ez-toc-page-1 ez-toc-heading-level-2'><a class=\"ez-toc-link ez-toc-heading-4\" href=\"https:\/\/moverdb.com\/it\/moving-companies\/azerbaijan-moving-companies\/#4_Gosselin\" >4. Gosselin<\/a><\/li><li class='ez-toc-page-1 ez-toc-heading-level-2'><a class=\"ez-toc-link ez-toc-heading-5\" href=\"https:\/\/moverdb.com\/it\/moving-companies\/azerbaijan-moving-companies\/#5_Interdean_International_Relocations\" >5. Trasferimenti internazionali Interdean<\/a><\/li><\/ul><\/nav><\/div>\n<h2><span class=\"ez-toc-section\" id=\"1_ACE_Forwarding\"><\/span><strong>1. Inoltro ACE<\/strong><span class=\"ez-toc-section-end\"><\/span><\/h2>\n<p><em><img loading=\"lazy\" decoding=\"async\" class=\"alignnone size-full wp-image-5136\" src=\"https:\/\/moverdb.com\/wp-content\/uploads\/ACE-Forwarding-international-moving-company.png\" alt=\"ACE Forwarding, azienda di traslochi internazionali\" width=\"1440\" height=\"685\" data-wp-pid=\"5136\" srcset=\"https:\/\/moverdb.com\/wp-content\/uploads\/ACE-Forwarding-international-moving-company.png 1440w, https:\/\/moverdb.com\/wp-content\/uploads\/ACE-Forwarding-international-moving-company-300x143.png 300w, https:\/\/moverdb.com\/wp-content\/uploads\/ACE-Forwarding-international-moving-company-1024x487.png 1024w, https:\/\/moverdb.com\/wp-content\/uploads\/ACE-Forwarding-international-moving-company-18x9.png 18w, https:\/\/moverdb.com\/wp-content\/uploads\/ACE-Forwarding-international-moving-company-600x285.png 600w\" sizes=\"auto, (max-width: 1440px) 100vw, 1440px\" \/><\/em><\/p>\n<ul>\n<li>Spostamenti internazionali<\/li>\n<li>Servizi di trasferimento<\/li>\n<li>Traslochi domestici e aziendali<\/li>\n<li>Trasporto aereo, marittimo, ferroviario e stradale<\/li>\n<li>Trasporto breakbulk, groupage e container<\/li>\n<li>Trasporto di opere d'arte<\/li>\n<li>Brokeraggio doganale<\/li>\n<li>Trasporto di veicoli e imbarcazioni<\/li>\n<li>Trasporto di animali domestici<\/li>\n<li>Soluzioni di stoccaggio a lungo e a breve termine<\/li>\n<\/ul>\n<p>ACE Forwarding \u00e8 un'azienda di logistica e spedizioni multimodali fondata nel 1996 in Azerbaigian e con uffici anche a <a href=\"https:\/\/moverdb.com\/it\/aziende-di-traslochi\/aziende-di-traslochi-georgia\/\">Georgia<\/a>. Sono membri della IAM con 25 anni di servizio. Offrono servizi di trasloco in Azerbaigian, traslochi internazionali e servizi di trasferimento per famiglie e aziende.<\/p>\n<p>ACE Forwarding offre un sopralluogo prima del trasloco e preventivi su misura per le vostre esigenze. Fornisce servizi di imballaggio utilizzando materiali appositamente studiati per il contenuto e tecniche di imballaggio professionali, nonch\u00e9 smontaggio e montaggio di mobili. Possono inoltre fornire assistenza per il brokeraggio doganale, il trasporto di animali e veicoli, l'assicurazione e il magazzinaggio a breve o lungo termine.<\/p>\n<p>Sito web: <a href=\"http:\/\/www.acecaspian.com\" target=\"_blank\" rel=\"noopener\">http:\/\/www.acecaspian.com<\/a><\/p>\n<h2><span class=\"ez-toc-section\" id=\"2_Allright_Moving_Storage\"><\/span><strong>2. Allright Moving &amp; Storage<\/strong><span class=\"ez-toc-section-end\"><\/span><\/h2>\n<p><em><img loading=\"lazy\" decoding=\"async\" class=\"alignnone size-full wp-image-5141\" src=\"https:\/\/moverdb.com\/wp-content\/uploads\/Allright-Moving-and-Storage-international-moving-company.png\" alt=\"Allright Moving and Storage - Societ\u00e0 di traslochi internazionali\" width=\"1440\" height=\"677\" data-wp-pid=\"5141\" srcset=\"https:\/\/moverdb.com\/wp-content\/uploads\/Allright-Moving-and-Storage-international-moving-company.png 1440w, https:\/\/moverdb.com\/wp-content\/uploads\/Allright-Moving-and-Storage-international-moving-company-300x141.png 300w, https:\/\/moverdb.com\/wp-content\/uploads\/Allright-Moving-and-Storage-international-moving-company-1024x481.png 1024w, https:\/\/moverdb.com\/wp-content\/uploads\/Allright-Moving-and-Storage-international-moving-company-18x8.png 18w, https:\/\/moverdb.com\/wp-content\/uploads\/Allright-Moving-and-Storage-international-moving-company-600x282.png 600w\" sizes=\"auto, (max-width: 1440px) 100vw, 1440px\" \/><\/em><\/p>\n<ul>\n<li>Traslochi locali e nazionali<\/li>\n<li>Spostamenti internazionali<\/li>\n<li>Traslochi residenziali<\/li>\n<li>Traslochi di uffici e aziende<\/li>\n<li>Personale professionale e cortese<\/li>\n<li>Smontaggio e montaggio di mobili<\/li>\n<li>Assicurazione sul transito<\/li>\n<li>Sdoganamento<\/li>\n<li><a href=\"https:\/\/moverdb.com\/it\/car-transport-shipping\/\" data-internallinksmanager029f6b8e52c=\"2\" title=\"2026 Preventivi per il trasporto internazionale di auto e veicoli\">Spedizione di auto<\/a><\/li>\n<li>Soluzioni di stoccaggio<\/li>\n<\/ul>\n<p>Allright Moving &amp; Storage dichiara di essere una delle principali societ\u00e0 di spedizione e trasloco dell'Azerbaigian. Offre servizi di trasloco domestico e aziendale in, da o verso l'Azerbaigian. \u00c8 membro della IAM con 7 anni di servizio. Dispone di una rete di subappaltatori e partner per i traslochi internazionali.<\/p>\n<p>Allright Moving &amp; Storage mette a disposizione geometri esperti per valutare le vostre esigenze e fornire consulenza. Si occuperanno dell'imballaggio dei vostri beni, dello smontaggio e del montaggio dei mobili, nonch\u00e9 dell'assicurazione sul transito e dello sdoganamento. Possono anche offrire servizi di spedizione di automobili. Offrono strutture di stoccaggio a breve e lungo termine, completamente sicure e a clima controllato.<\/p>\n<p>Sito web: <a href=\"http:\/\/www.allrightmoving.com\" target=\"_blank\" rel=\"noopener\">http:\/\/www.allrightmoving.com<\/a><\/p>\n<h2><span class=\"ez-toc-section\" id=\"3_Buddy-Mover\"><\/span><strong>3. Buddy-Mover<\/strong><span class=\"ez-toc-section-end\"><\/span><\/h2>\n<p><em><img loading=\"lazy\" decoding=\"async\" class=\"alignnone size-full wp-image-5151\" src=\"https:\/\/moverdb.com\/wp-content\/uploads\/Buddy-Mover-international-moving-company.png\" alt=\"Buddy Mover azienda di traslochi internazionali\" width=\"1440\" height=\"680\" data-wp-pid=\"5151\" srcset=\"https:\/\/moverdb.com\/wp-content\/uploads\/Buddy-Mover-international-moving-company.png 1440w, https:\/\/moverdb.com\/wp-content\/uploads\/Buddy-Mover-international-moving-company-300x142.png 300w, https:\/\/moverdb.com\/wp-content\/uploads\/Buddy-Mover-international-moving-company-1024x484.png 1024w, https:\/\/moverdb.com\/wp-content\/uploads\/Buddy-Mover-international-moving-company-18x9.png 18w, https:\/\/moverdb.com\/wp-content\/uploads\/Buddy-Mover-international-moving-company-600x283.png 600w\" sizes=\"auto, (max-width: 1440px) 100vw, 1440px\" \/><\/em><\/p>\n<ul>\n<li>Traslochi locali e nazionali<\/li>\n<li>Traslochi internazionali<\/li>\n<li>Traslochi residenziali<\/li>\n<li>Spostamenti d'affari<\/li>\n<li>Personale professionale e qualificato<\/li>\n<li>Elevati standard di imballaggio<\/li>\n<li>Inventari per tenere traccia dei vostri beni<\/li>\n<li>Trasporto stradale, aereo e marittimo<\/li>\n<li>Assicurazione sul transito<\/li>\n<li>Stoccaggio a breve e lungo termine<\/li>\n<\/ul>\n<p>Buddy-Mover \u00e8 un'azienda di traslochi con sede a Baku, in Azerbaigian, membro IAM con 4 anni di servizio. Fornisce servizi di trasloco locali, nazionali e internazionali per clienti residenziali e commerciali. Si avvale di personale professionale altamente qualificato nelle tecniche di trasloco e di imballaggio.<\/p>\n<p>Buddy-Mover offre un sopralluogo di persona prima del trasloco per valutare le vostre esigenze, i requisiti doganali e le opzioni di spedizione. Il personale di Buddy-Mover imballer\u00e0 i vostri beni in modo sicuro, creer\u00e0 un inventario e organizzer\u00e0 il trasporto su strada, aereo o via mare. Offrono anche opzioni di stoccaggio sicuro a breve e lungo termine nel loro magazzino a volta.<\/p>\n<p>Sito web: <a href=\"http:\/\/www.buddy-mover.com\" target=\"_blank\" rel=\"noopener\">http:\/\/www.buddy-mover.com<\/a><\/p>\n<h2><span class=\"ez-toc-section\" id=\"4_Gosselin\"><\/span><strong>4. Gosselin<\/strong><span class=\"ez-toc-section-end\"><\/span><\/h2>\n<p><em><img loading=\"lazy\" decoding=\"async\" class=\"alignnone size-full wp-image-5170\" src=\"https:\/\/moverdb.com\/wp-content\/uploads\/Gosselin-Azerbaijan-international-moving-company.png\" alt=\"Azienda di traslochi internazionali Gosselin Azerbaijan\" width=\"1440\" height=\"681\" data-wp-pid=\"5170\" srcset=\"https:\/\/moverdb.com\/wp-content\/uploads\/Gosselin-Azerbaijan-international-moving-company.png 1440w, https:\/\/moverdb.com\/wp-content\/uploads\/Gosselin-Azerbaijan-international-moving-company-300x142.png 300w, https:\/\/moverdb.com\/wp-content\/uploads\/Gosselin-Azerbaijan-international-moving-company-1024x484.png 1024w, https:\/\/moverdb.com\/wp-content\/uploads\/Gosselin-Azerbaijan-international-moving-company-18x9.png 18w, https:\/\/moverdb.com\/wp-content\/uploads\/Gosselin-Azerbaijan-international-moving-company-600x284.png 600w\" sizes=\"auto, (max-width: 1440px) 100vw, 1440px\" \/><\/em><\/p>\n<ul>\n<li>Spostamenti internazionali<\/li>\n<li>Trasloco di casa<\/li>\n<li>Trasloco in ufficio<\/li>\n<li>Imballaggio, trasporto e disimballaggio<\/li>\n<li>Belle arti in movimento<\/li>\n<li>Trasloco di animali domestici<\/li>\n<li>Spedizione di auto<\/li>\n<li>Soluzioni di stoccaggio<\/li>\n<li>Bagaglio in eccesso<\/li>\n<li>Servizi di mostre itineranti<\/li>\n<\/ul>\n<p>Gosselin \u00e8 un'impresa di traslochi che fa parte del Gruppo Gosselin, fondato nel 1930 a <a href=\"https:\/\/moverdb.com\/it\/moving-to-belgium\/\" data-internallinksmanager029f6b8e52c=\"323\" title=\"Trasferirsi in Belgio? 2026 Costi di vita e consigli per il trasferimento\">Belgio<\/a> e opera in Azerbaigian da oltre 20 anni. Si rivolge a diplomatici, dipendenti di aziende e famiglie che effettuano trasporti internazionali. Sono membri della IAM con 23 anni di servizio.<\/p>\n<p>Gosselin offre un servizio su misura per soddisfare le esigenze della vostra famiglia o della vostra azienda con un servizio di imballaggio professionale, materiali di imballaggio di prima qualit\u00e0 e servizio di disimballaggio. Fornisce servizi di assicurazione, trasloco di oggetti d'arte, spedizione di auto e trasloco di animali domestici con certificazione Ipata. Possono inoltre fornire soluzioni di stoccaggio e servizi di spedizione, compresi i bagagli in eccesso e le mostre itineranti.<\/p>\n<p>Sito web: <a href=\"https:\/\/gosselin-moving.com\/azerbaijan\" target=\"_blank\" rel=\"noopener\">https:\/\/gosselin-moving.com\/azerbaijan<\/a><\/p>\n<h2><span class=\"ez-toc-section\" id=\"5_Interdean_International_Relocations\"><\/span><strong>5. Trasferimenti internazionali Interdean<\/strong><span class=\"ez-toc-section-end\"><\/span><\/h2>\n<p><em><img loading=\"lazy\" decoding=\"async\" class=\"alignnone size-full wp-image-5175\" src=\"https:\/\/moverdb.com\/wp-content\/uploads\/Interdean-International-Relocations-international-moving-company.png\" alt=\"Interdean International Relocations societ\u00e0 di traslochi internazionali\" width=\"1440\" height=\"683\" data-wp-pid=\"5175\" srcset=\"https:\/\/moverdb.com\/wp-content\/uploads\/Interdean-International-Relocations-international-moving-company.png 1440w, https:\/\/moverdb.com\/wp-content\/uploads\/Interdean-International-Relocations-international-moving-company-300x142.png 300w, https:\/\/moverdb.com\/wp-content\/uploads\/Interdean-International-Relocations-international-moving-company-1024x486.png 1024w, https:\/\/moverdb.com\/wp-content\/uploads\/Interdean-International-Relocations-international-moving-company-18x9.png 18w, https:\/\/moverdb.com\/wp-content\/uploads\/Interdean-International-Relocations-international-moving-company-600x285.png 600w\" sizes=\"auto, (max-width: 1440px) 100vw, 1440px\" \/><\/em><\/p>\n<ul>\n<li>Spostamenti internazionali<\/li>\n<li>Spostamenti a casa<\/li>\n<li>Movimenti aziendali<\/li>\n<li>Servizio di trasferimento<\/li>\n<li>Preparazione, imballaggio e disimballaggio dei vostri effetti personali<\/li>\n<li>Opzioni di trasporto su strada, via mare e via aerea<\/li>\n<li>Assicurazione sul transito<\/li>\n<li>Assistenza per lo sdoganamento<\/li>\n<li>Stoccaggio a breve e lungo termine<\/li>\n<li>Assistenza nella ricerca di una casa o di un affitto a breve termine<\/li>\n<\/ul>\n<p>Interdean International Relocations \u00e8 una societ\u00e0 di gestione di traslochi internazionali con sede a Baku, in Azerbaigian. \u00c8 membro della IAM e ha 24 anni di servizio, oltre a essere accreditata dalla FIDI.<\/p>\n<p>Interdean International Relocations fornisce scatole speciali progettate per proteggere al meglio il contenuto e casse su misura per gli oggetti di valore o fragili. I beni vengono classificati in modo completo in un inventario, disimballati e rimossi da tutti i materiali di imballaggio. Offre il trasporto su strada, aereo e marittimo e vi assiste nelle operazioni di sdoganamento. Offrono inoltre una variet\u00e0 di soluzioni di stoccaggio per piccole e grandi quantit\u00e0, a breve e lungo termine.<\/p>\n<p>Sito web: <a href=\"http:\/\/www.interdean.com.az\" target=\"_blank\" rel=\"noopener\">http:\/\/www.interdean.com.az<\/a><\/p>","protected":false},"excerpt":{"rendered":"<p>Moving home can be stressful so getting someone to assist you in your move can help release the pressure. Whether you are moving within Azerbaijan, or moving to or from Azerbaijan, there are companies that can assist. We have compiled a list of removal companies below that are members of the International Association of Movers [&hellip;]<\/p>\n","protected":false},"author":4,"featured_media":0,"parent":190,"menu_order":0,"comment_status":"closed","ping_status":"closed","template":"","meta":{"_genesis_hide_title":false,"_genesis_hide_breadcrumbs":false,"_genesis_hide_singular_image":false,"_genesis_hide_footer_widgets":false,"_genesis_custom_body_class":"","_genesis_custom_post_class":"","_genesis_layout":"","footnotes":""},"class_list":{"0":"post-5224","1":"page","2":"type-page","3":"status-publish","5":"entry","6":"has-post-thumbnail"},"_links":{"self":[{"href":"https:\/\/moverdb.com\/it\/wp-json\/wp\/v2\/pages\/5224","targetHints":{"allow":["GET"]}}],"collection":[{"href":"https:\/\/moverdb.com\/it\/wp-json\/wp\/v2\/pages"}],"about":[{"href":"https:\/\/moverdb.com\/it\/wp-json\/wp\/v2\/types\/page"}],"author":[{"embeddable":true,"href":"https:\/\/moverdb.com\/it\/wp-json\/wp\/v2\/users\/4"}],"replies":[{"embeddable":true,"href":"https:\/\/moverdb.com\/it\/wp-json\/wp\/v2\/comments?post=5224"}],"version-history":[{"count":2,"href":"https:\/\/moverdb.com\/it\/wp-json\/wp\/v2\/pages\/5224\/revisions"}],"predecessor-version":[{"id":7595,"href":"https:\/\/moverdb.com\/it\/wp-json\/wp\/v2\/pages\/5224\/revisions\/7595"}],"up":[{"embeddable":true,"href":"https:\/\/moverdb.com\/it\/wp-json\/wp\/v2\/pages\/190"}],"wp:attachment":[{"href":"https:\/\/moverdb.com\/it\/wp-json\/wp\/v2\/media?parent=5224"}],"curies":[{"name":"wp","href":"https:\/\/api.w.org\/{rel}","templated":true}]}}