{"id":4641,"date":"2022-09-20T19:45:42","date_gmt":"2022-09-20T19:45:42","guid":{"rendered":"https:\/\/moverdb.com\/?page_id=4641"},"modified":"2026-01-08T15:24:10","modified_gmt":"2026-01-08T15:24:10","slug":"algeria","status":"publish","type":"page","link":"https:\/\/moverdb.com\/it\/moving-companies\/algeria\/","title":{"rendered":"Le 3 migliori imprese di traslochi internazionali in Algeria"},"content":{"rendered":"<p>Se vi state trasferendo in Algeria, o volete trasferirvi da o verso l'Algeria, potreste aver bisogno di una <a href=\"https:\/\/moverdb.com\/it\/moving-companies\/\" data-internallinksmanager029f6b8e52c=\"79\" title=\"Le 25 migliori aziende di traslochi internazionali online\">azienda di traslochi<\/a> per assistervi. Di seguito \u00e8 riportato l'elenco dei membri dell'Associazione. <a href=\"https:\/\/moverdb.com\/it\/iam\/\" data-internallinksmanager029f6b8e52c=\"23\" title=\"Spiegazione dell&#039;Associazione Internazionale dei Traslocatori (IAM)\">Associazione internazionale dei traslocatori<\/a> (IAM) e\/o <a href=\"https:\/\/moverdb.com\/it\/fidi-faim\/\" data-internallinksmanager029f6b8e52c=\"16\" title=\"FIDI e FAIM (FIDI Accredited International Mover) spiegati\">FIDI<\/a> Accredited International Mover (FAIM) che si spera possa aiutarvi.<\/p>\n<h2><strong>1. Obiettivo Intermovers<\/strong><\/h2>\n<p><em><img loading=\"lazy\" decoding=\"async\" class=\"alignnone wp-image-4642 size-full\" src=\"https:\/\/moverdb.com\/wp-content\/uploads\/Aim-Intermovers-international-moving-company.png\" alt=\"Societ\u00e0 di traslochi internazionali Aim Intermovers\" width=\"1440\" height=\"677\" data-wp-pid=\"4642\" srcset=\"https:\/\/moverdb.com\/wp-content\/uploads\/Aim-Intermovers-international-moving-company.png 1440w, https:\/\/moverdb.com\/wp-content\/uploads\/Aim-Intermovers-international-moving-company-300x141.png 300w, https:\/\/moverdb.com\/wp-content\/uploads\/Aim-Intermovers-international-moving-company-1024x481.png 1024w, https:\/\/moverdb.com\/wp-content\/uploads\/Aim-Intermovers-international-moving-company-18x8.png 18w, https:\/\/moverdb.com\/wp-content\/uploads\/Aim-Intermovers-international-moving-company-600x282.png 600w\" sizes=\"auto, (max-width: 1440px) 100vw, 1440px\" \/><\/em><\/p>\n<ul>\n<li>Fornisce traslochi nazionali nelle 48 wilaya dell'Algeria e traslochi internazionali.<\/li>\n<li>Traslochi d'ufficio<\/li>\n<li>Servizio di archiviazione<\/li>\n<li>Offre il trasporto di beni su strada, via mare e via aerea.<\/li>\n<li>Squadra di traslocatori professionisti<\/li>\n<li>Fornitura di materiale da imballaggio e cartoni<\/li>\n<li>Provvede allo smontaggio e all'imballaggio dei mobili e al successivo rimontaggio.<\/li>\n<li>Manipolare con sensibilit\u00e0 beni come le opere d'arte.<\/li>\n<li>Producono anche casse di legno e <a href=\"https:\/\/moverdb.com\/it\/iata\/\" data-internallinksmanager029f6b8e52c=\"22\" title=\"Spiegazione dell&#039;Associazione Internazionale del Trasporto Aereo (IATA)\">IATA<\/a> cartoncini<\/li>\n<li>Si offre una visita tecnica senza impegno<\/li>\n<\/ul>\n<p>Aim Intermovers \u00e8 un'azienda di traslochi algerina che offre servizi in tutta la nazione nelle 48 wilaya dell'Algeria e traslochi internazionali. Dispone di un reparto di transito che gestisce tutti gli accordi per il vostro trasloco, compresi i requisiti di importazione ed esportazione. \u00c8 membro della IAM da 9 anni.<\/p>\n<p>Tra i clienti di Aim Intermovers c'\u00e8 la fornitura di servizi di trasloco a societ\u00e0 nazionali e internazionali, societ\u00e0 estere, compagnie petrolifere e ambasciate. Offrono un preventivo gratuito con una visita tecnica senza impegno. Offrono un servizio completo che comprende la fornitura di materiali e contenitori per l'imballaggio, nonch\u00e9 servizi di smontaggio e rimontaggio.<\/p>\n<p>Sito web: <a href=\"http:\/\/www.aimintermovers.dz\" target=\"_blank\" rel=\"noopener\">http:\/\/www.aimintermovers.dz<\/a><\/p>\n<h2><strong>2. Algeria Pack and Move<\/strong><\/h2>\n<p><em><img loading=\"lazy\" decoding=\"async\" class=\"alignnone size-full wp-image-4643\" src=\"https:\/\/moverdb.com\/wp-content\/uploads\/Algeria-Pack-and-Move-international-moving-company.png\" alt=\"Algeria Pack and Move azienda di traslochi internazionali\" width=\"1440\" height=\"629\" data-wp-pid=\"4643\" srcset=\"https:\/\/moverdb.com\/wp-content\/uploads\/Algeria-Pack-and-Move-international-moving-company.png 1440w, https:\/\/moverdb.com\/wp-content\/uploads\/Algeria-Pack-and-Move-international-moving-company-300x131.png 300w, https:\/\/moverdb.com\/wp-content\/uploads\/Algeria-Pack-and-Move-international-moving-company-1024x447.png 1024w, https:\/\/moverdb.com\/wp-content\/uploads\/Algeria-Pack-and-Move-international-moving-company-18x8.png 18w, https:\/\/moverdb.com\/wp-content\/uploads\/Algeria-Pack-and-Move-international-moving-company-600x262.png 600w\" sizes=\"auto, (max-width: 1440px) 100vw, 1440px\" \/><\/em><\/p>\n<ul>\n<li>Spostamenti nazionali in Algeria<\/li>\n<li>Traslochi internazionali da e verso l'Algeria<\/li>\n<li>Si rivolge a imprese e privati<\/li>\n<li>Offre pacchetti di servizi di trasloco a livelli<\/li>\n<li>Rimozione, trasporto e consegna<\/li>\n<li>Imballaggio e disimballaggio dei mobili<\/li>\n<li>Imballaggio e disimballaggio di tutti gli effetti personali<\/li>\n<li>Smontare e rimontare mobili<\/li>\n<li>Gestione di tutte le esportazioni e importazioni<\/li>\n<li>Facciamo parte di una rete internazionale di aziende di traslochi<\/li>\n<\/ul>\n<p>Algeria Pack and Move, nota anche come APM, si rivolge a imprese e famiglie algerine, espatriate o diplomatiche. \u00c8 stata fondata nel 2005 ed \u00e8 membro della IAM da 15 anni. Offre traslochi internazionali in collaborazione con una rete di partner in tutti i 7 continenti e fornisce assistenza amministrativa per la gestione del trasloco, comprese le spedizioni e la dogana, <a href=\"https:\/\/moverdb.com\/it\/top-49-container-ports\/\" data-internallinksmanager029f6b8e52c=\"80\" title=\"I 49 porti container pi\u00f9 grandi e trafficati nel 2025\">porto<\/a> e le formalit\u00e0 aeroportuali.<\/p>\n<p>APM offre tre livelli di servizio di trasloco: il livello 1 di rimozione e trasporto, il livello 2 che comprende anche l'imballaggio e il disimballaggio dei mobili e il livello 3 che comprende anche l'imballaggio e il disimballaggio di tutti gli effetti. Se necessario, l'azienda fornisce anche servizi di deposito.<\/p>\n<p>Sito web: <a href=\"http:\/\/www.algeriapm.com\" target=\"_blank\" rel=\"noopener\">http:\/\/www.algeriapm.com<\/a><\/p>\n<h2><strong>3. Traslochi One Champion<\/strong><\/h2>\n<p><em><img loading=\"lazy\" decoding=\"async\" class=\"alignnone size-full wp-image-4644\" src=\"https:\/\/moverdb.com\/wp-content\/uploads\/One-Champion-Removals-international-moving-company.png\" alt=\"One Champion Removals, azienda di traslochi internazionali\" width=\"1440\" height=\"683\" data-wp-pid=\"4644\" srcset=\"https:\/\/moverdb.com\/wp-content\/uploads\/One-Champion-Removals-international-moving-company.png 1440w, https:\/\/moverdb.com\/wp-content\/uploads\/One-Champion-Removals-international-moving-company-300x142.png 300w, https:\/\/moverdb.com\/wp-content\/uploads\/One-Champion-Removals-international-moving-company-1024x486.png 1024w, https:\/\/moverdb.com\/wp-content\/uploads\/One-Champion-Removals-international-moving-company-18x9.png 18w, https:\/\/moverdb.com\/wp-content\/uploads\/One-Champion-Removals-international-moving-company-600x285.png 600w\" sizes=\"auto, (max-width: 1440px) 100vw, 1440px\" \/><\/em><\/p>\n<ul>\n<li>Servizi di trasloco locali e nazionali<\/li>\n<li>Servizi internazionali<\/li>\n<li>Trasporto stradale, marittimo e aereo<\/li>\n<li>Imballaggio e disimballaggio<\/li>\n<li>Smontaggio e rimontaggio di mobili<\/li>\n<li>Supervisione delle dogane<\/li>\n<li>Servizio completamente assicurato, sicuro e protetto<\/li>\n<li>Nessun costo nascosto<\/li>\n<li>Offre strutture di stoccaggio<\/li>\n<li>Offre anche un servizio di trasferimento per aiutare a trovare una propriet\u00e0<\/li>\n<\/ul>\n<p>One Champion Removals \u00e8 un'azienda con sede in Algeria <a href=\"https:\/\/moverdb.com\/it\/international-removals\/\" data-internallinksmanager029f6b8e52c=\"27\" title=\"36 Migliori aziende di traslochi internazionali del Regno Unito\">societ\u00e0 di traslochi<\/a> che \u00e8 membro di IAM da 3 anni. Offre un team esperto e competente in grado di assistervi nei traslochi locali, nazionali e internazionali.<\/p>\n<p>One Champion Removals offre servizi di trasloco che possono essere effettuati su strada, via mare e via aerea, e il suo team si occuper\u00e0 di tutte le pratiche burocratiche, come i requisiti doganali. Forniscono un servizio completamente assicurato e sicuro. Forniscono inoltre strutture di stoccaggio sicure per i vostri effetti personali e un servizio di trasloco per aiutarvi a trovare un immobile adatto.<\/p>\n<p>Sito web: <a href=\"http:\/\/www.championinternationalmoving.com\" target=\"_blank\" rel=\"noopener\">http:\/\/www.championinternationalmoving.com<\/a><\/p>","protected":false},"excerpt":{"rendered":"<p>If you are moving in Algeria, or are wanting to move to or from Algeria, you may need a moving company to assist you. Below is a list of those that are members of the International Association of Movers (IAM) and\/or FIDI Accredited International Mover (FAIM) which will hopefully help you. 1. Aim Intermovers Provides [&hellip;]<\/p>\n","protected":false},"author":4,"featured_media":0,"parent":190,"menu_order":0,"comment_status":"closed","ping_status":"closed","template":"","meta":{"_genesis_hide_title":false,"_genesis_hide_breadcrumbs":false,"_genesis_hide_singular_image":false,"_genesis_hide_footer_widgets":false,"_genesis_custom_body_class":"","_genesis_custom_post_class":"","_genesis_layout":"","footnotes":""},"class_list":{"0":"post-4641","1":"page","2":"type-page","3":"status-publish","5":"entry","6":"has-post-thumbnail"},"_links":{"self":[{"href":"https:\/\/moverdb.com\/it\/wp-json\/wp\/v2\/pages\/4641","targetHints":{"allow":["GET"]}}],"collection":[{"href":"https:\/\/moverdb.com\/it\/wp-json\/wp\/v2\/pages"}],"about":[{"href":"https:\/\/moverdb.com\/it\/wp-json\/wp\/v2\/types\/page"}],"author":[{"embeddable":true,"href":"https:\/\/moverdb.com\/it\/wp-json\/wp\/v2\/users\/4"}],"replies":[{"embeddable":true,"href":"https:\/\/moverdb.com\/it\/wp-json\/wp\/v2\/comments?post=4641"}],"version-history":[{"count":3,"href":"https:\/\/moverdb.com\/it\/wp-json\/wp\/v2\/pages\/4641\/revisions"}],"predecessor-version":[{"id":4653,"href":"https:\/\/moverdb.com\/it\/wp-json\/wp\/v2\/pages\/4641\/revisions\/4653"}],"up":[{"embeddable":true,"href":"https:\/\/moverdb.com\/it\/wp-json\/wp\/v2\/pages\/190"}],"wp:attachment":[{"href":"https:\/\/moverdb.com\/it\/wp-json\/wp\/v2\/media?parent=4641"}],"curies":[{"name":"wp","href":"https:\/\/api.w.org\/{rel}","templated":true}]}}