{"id":4638,"date":"2022-09-17T00:29:40","date_gmt":"2022-09-17T00:29:40","guid":{"rendered":"https:\/\/moverdb.com\/?page_id=4638"},"modified":"2026-01-08T14:38:36","modified_gmt":"2026-01-08T14:38:36","slug":"maldive","status":"publish","type":"page","link":"https:\/\/moverdb.com\/it\/container-shipping\/maldives\/","title":{"rendered":"2026 Tariffe di trasporto marittimo in container da e per le Maldive"},"content":{"rendered":"<div class=\"wp-block-image\">\n<figure class=\"aligncenter size-full\"><img loading=\"lazy\" decoding=\"async\" width=\"1000\" height=\"667\" src=\"https:\/\/moverdb.com\/wp-content\/uploads\/maldives.jpg\" alt=\"Una bella spiaggia alle Maldive\" class=\"wp-image-4586\" srcset=\"https:\/\/moverdb.com\/wp-content\/uploads\/maldives.jpg 1000w, https:\/\/moverdb.com\/wp-content\/uploads\/maldives-300x200.jpg 300w, https:\/\/moverdb.com\/wp-content\/uploads\/maldives-18x12.jpg 18w, https:\/\/moverdb.com\/wp-content\/uploads\/maldives-600x400.jpg 600w\" sizes=\"auto, (max-width: 1000px) 100vw, 1000px\" \/><\/figure>\n<\/div>\n\n\n<p>Ogni volta che si parla di paradiso terrestre, <strong>il <a href=\"https:\/\/moverdb.com\/it\/moving-to-the-maldives\/\" data-internallinksmanager029f6b8e52c=\"387\" title=\"Trasferirsi alle Maldive? 2026 Costi di vita e consigli per il trasferimento\">Maldive<\/a><\/strong> inserire automaticamente la frase. Quest'isola dell'Asia meridionale \u00e8 probabilmente il luogo di vacanza estivo pi\u00f9 popolare, noto per le sue acque cristalline e le sue bellissime spiagge bianche.<\/p>\n\n\n\n<p>Oltre allo splendore naturale, le Maldive sono un'ottima opzione per tutti gli espatriati che apprezzano una comunit\u00e0 amichevole, un basso costo della vita e un'infinit\u00e0 di opportunit\u00e0 di attivit\u00e0 divertenti. Le Maldive sono composte da centinaia di isole, quindi c'\u00e8 sempre qualcosa di nuovo da vedere e sperimentare.<\/p>\n\n\n\n<p>Quindi, se le Maldive sono nella vostra lista di luoghi da chiamare casa, possiamo aiutarvi con i nostri consigli sulle <a href=\"https:\/\/moverdb.com\/it\/moving-costs\/\" data-internallinksmanager029f6b8e52c=\"25\" title=\"Costi di trasloco internazionale: 9 cose che non puoi ignorare\">costi di trasloco<\/a> da e per il Paese.<\/p>\n\n\n\n<p>Di seguito, potete scoprire i prezzi pi\u00f9 bassi delle Maldive <a href=\"https:\/\/moverdb.com\/it\/container-shipping\/\" data-internallinksmanager029f6b8e52c=\"3\" title=\"Grafico delle tariffe di trasporto internazionale dei container: Aprile 2026\">tariffe di spedizione dei container<\/a> per container marittimi da 20 e 40 pollici. Potete usarli per ottenere una stima di quanto potrebbe costarvi il trasporto dei vostri beni da o verso il Paese.<\/p>\n\n\n\n<p>Per ottenere un prezzo pi\u00f9 preciso, potete anche utilizzare il modulo di preventivo che si trova qui sopra.<\/p>\n\n\n\n<h2 class=\"wp-block-heading\">Costi di spedizione dei container alle Maldive (Mal\u00e9)<\/h2>\n\n\n<div class=\"wp-block-image\">\n<figure class=\"aligncenter size-large\"><img loading=\"lazy\" decoding=\"async\" width=\"1024\" height=\"539\" src=\"https:\/\/moverdb.com\/wp-content\/uploads\/Shipping-Container-Costs-to-Maldives-1024x539.png\" alt=\"Costi di spedizione dei container alle Maldive\" class=\"wp-image-4595\" srcset=\"https:\/\/moverdb.com\/wp-content\/uploads\/Shipping-Container-Costs-to-Maldives-1024x539.png 1024w, https:\/\/moverdb.com\/wp-content\/uploads\/Shipping-Container-Costs-to-Maldives-300x158.png 300w, https:\/\/moverdb.com\/wp-content\/uploads\/Shipping-Container-Costs-to-Maldives-1536x809.png 1536w, https:\/\/moverdb.com\/wp-content\/uploads\/Shipping-Container-Costs-to-Maldives-18x9.png 18w, https:\/\/moverdb.com\/wp-content\/uploads\/Shipping-Container-Costs-to-Maldives-600x316.png 600w, https:\/\/moverdb.com\/wp-content\/uploads\/Shipping-Container-Costs-to-Maldives.png 2000w\" sizes=\"auto, (max-width: 1024px) 100vw, 1024px\" \/><\/figure>\n<\/div>\n\n\n<table id=\"tablepress-167\" class=\"tablepress tablepress-id-167\">\n<thead>\n<tr class=\"row-1\">\n\t<th class=\"column-1\">Paese di destinazione (<a href=\"https:\/\/moverdb.com\/it\/top-49-container-ports\/\" data-internallinksmanager029f6b8e52c=\"80\" title=\"I 49 porti container pi\u00f9 grandi e trafficati nel 2025\">Porto<\/a>\/Citt\u00e0)<\/th><th class=\"column-2\">20FT<\/th><th class=\"column-3\">40FT<\/th>\n<\/tr>\n<\/thead>\n<tbody class=\"row-striping row-hover\">\n<tr class=\"row-2\">\n\t<td class=\"column-1\"><a href=\"https:\/\/moverdb.com\/it\/container-shipping\/andorra\/\" data-internallinksmanager029f6b8e52c=\"88\" title=\"2026 Tariffe di spedizione via mare in container da e per Andorra\">Andorra (Andorra la Vella)<\/a><\/td><td class=\"column-2\">$4.396<\/td><td class=\"column-3\">$8.053<\/td>\n<\/tr>\n<tr class=\"row-3\">\n\t<td class=\"column-1\"><a href=\"https:\/\/moverdb.com\/it\/container-shipping\/antigua-and-barbuda\/\" data-internallinksmanager029f6b8e52c=\"92\" title=\"2026 Tariffe di spedizione via mare in container da e per Antigua e Barbuda\">Antigua e Barbuda (St John's)<\/a><\/td><td class=\"column-2\">$1.825<\/td><td class=\"column-3\">N\/A<\/td>\n<\/tr>\n<tr class=\"row-4\">\n\t<td class=\"column-1\"><a href=\"https:\/\/moverdb.com\/it\/container-shipping\/argentina\/\" data-internallinksmanager029f6b8e52c=\"91\" title=\"2026 Tariffe di spedizione del contenitore del trasporto marittimo da e per l&#039;Argentina\">Argentina (Buenos Aires)<\/a><\/td><td class=\"column-2\">$2.845<\/td><td class=\"column-3\">N\/A<\/td>\n<\/tr>\n<tr class=\"row-5\">\n\t<td class=\"column-1\"><a href=\"https:\/\/moverdb.com\/it\/container-shipping\/aruba\/\" data-internallinksmanager029f6b8e52c=\"90\" title=\"2026 Tariffe di spedizione via mare in container da e per Aruba\">Aruba (Oranjestad)<\/a><\/td><td class=\"column-2\">$2.845<\/td><td class=\"column-3\">N\/A<\/td>\n<\/tr>\n<tr class=\"row-6\">\n\t<td class=\"column-1\"><a href=\"https:\/\/moverdb.com\/it\/container-shipping\/australia\/\" data-internallinksmanager029f6b8e52c=\"89\" title=\"2026 Tariffe di spedizione dei container da e per l&#039;Australia\">Australia (Sydney)<\/a><\/td><td class=\"column-2\">$1.561<\/td><td class=\"column-3\">$2.083<\/td>\n<\/tr>\n<tr class=\"row-7\">\n\t<td class=\"column-1\"><a href=\"https:\/\/moverdb.com\/it\/container-shipping\/austria\/\" data-internallinksmanager029f6b8e52c=\"95\" title=\"2026 Tariffe di spedizione via mare per container da e per l&#039;Austria\">Austria (Vienna)<\/a><\/td><td class=\"column-2\">$4.641<\/td><td class=\"column-3\">N\/A<\/td>\n<\/tr>\n<tr class=\"row-8\">\n\t<td class=\"column-1\"><a href=\"https:\/\/moverdb.com\/it\/container-shipping\/bangladesh\/\" data-internallinksmanager029f6b8e52c=\"97\" title=\"2026 Tariffe di spedizione per container marittimi da e per il Bangladesh\">Bangladesh (Chittagong)<\/a><\/td><td class=\"column-2\">$110<\/td><td class=\"column-3\">N\/A<\/td>\n<\/tr>\n<tr class=\"row-9\">\n\t<td class=\"column-1\"><a href=\"https:\/\/moverdb.com\/it\/container-shipping\/belgium\/\" data-internallinksmanager029f6b8e52c=\"86\" title=\"2026 Tariffe di spedizione via mare per container da e per il Belgio\">Belgio (Anversa)<\/a><\/td><td class=\"column-2\">$2.947<\/td><td class=\"column-3\">$3.980<\/td>\n<\/tr>\n<tr class=\"row-10\">\n\t<td class=\"column-1\"><a href=\"https:\/\/moverdb.com\/it\/container-shipping\/brazil\/\" data-internallinksmanager029f6b8e52c=\"98\" title=\"2026 Tariffe di spedizione via mare per container da e per il Brasile\">Brasile (Santos)<\/a><\/td><td class=\"column-2\">$3,267<\/td><td class=\"column-3\">$4,305<\/td>\n<\/tr>\n<tr class=\"row-11\">\n\t<td class=\"column-1\"><a href=\"https:\/\/moverdb.com\/it\/container-shipping\/china\/\" data-internallinksmanager029f6b8e52c=\"105\" title=\"2026 Tariffe di spedizione per container marittimi da e per la Cina\">Cina (Pechino)<\/a><\/td><td class=\"column-2\">$2.640<\/td><td class=\"column-3\">$4.624<\/td>\n<\/tr>\n<tr class=\"row-12\">\n\t<td class=\"column-1\">Cina (Shanghai)<\/td><td class=\"column-2\">$2,237<\/td><td class=\"column-3\">$3,416<\/td>\n<\/tr>\n<tr class=\"row-13\">\n\t<td class=\"column-1\"><a href=\"https:\/\/moverdb.com\/it\/container-shipping\/croatia\/\" data-internallinksmanager029f6b8e52c=\"107\" title=\"2026 Tariffe di spedizione via mare per container da e per la Croazia\">Croazia (Rijeka)<\/a><\/td><td class=\"column-2\">$2.673<\/td><td class=\"column-3\">$3.574<\/td>\n<\/tr>\n<tr class=\"row-14\">\n\t<td class=\"column-1\"><a href=\"https:\/\/moverdb.com\/it\/container-shipping\/egypt\/\" data-internallinksmanager029f6b8e52c=\"113\" title=\"2026 Tariffe di spedizione via mare per container da e per l&#039;Egitto\">Egitto (Alessandria)<\/a><\/td><td class=\"column-2\">$1.914<\/td><td class=\"column-3\">$3.371<\/td>\n<\/tr>\n<tr class=\"row-15\">\n\t<td class=\"column-1\"><a href=\"https:\/\/moverdb.com\/it\/container-shipping\/estonia\/\" data-internallinksmanager029f6b8e52c=\"114\" title=\"2026 Tariffe di spedizione via mare per container da e per l&#039;Estonia\">Estonia (Tallinn)<\/a><\/td><td class=\"column-2\">$2.728<\/td><td class=\"column-3\">$4.767<\/td>\n<\/tr>\n<tr class=\"row-16\">\n\t<td class=\"column-1\"><a href=\"https:\/\/moverdb.com\/it\/container-shipping\/finland\/\" data-internallinksmanager029f6b8e52c=\"115\" title=\"2026 Tariffe di spedizione via mare per container da e per la Finlandia\">Finlandia (Helsinki)<\/a><\/td><td class=\"column-2\">$2.728<\/td><td class=\"column-3\">$4.767<\/td>\n<\/tr>\n<tr class=\"row-17\">\n\t<td class=\"column-1\"><a href=\"https:\/\/moverdb.com\/it\/container-shipping\/germany\/\" data-internallinksmanager029f6b8e52c=\"118\" title=\"2026 Tariffe di spedizione via mare per container da e per la Germania\">Germania (Amburgo)<\/a><\/td><td class=\"column-2\">$1.958<\/td><td class=\"column-3\">$4.022<\/td>\n<\/tr>\n<tr class=\"row-18\">\n\t<td class=\"column-1\"><a href=\"https:\/\/moverdb.com\/it\/container-shipping\/greece\/\" data-internallinksmanager029f6b8e52c=\"120\" title=\"2026 Tariffe di spedizione di container via mare da e per la Grecia\">Grecia (Pireo)<\/a><\/td><td class=\"column-2\">$2.332<\/td><td class=\"column-3\">$3.633<\/td>\n<\/tr>\n<tr class=\"row-19\">\n\t<td class=\"column-1\"><a href=\"https:\/\/moverdb.com\/it\/container-shipping\/guernsey\/\" data-internallinksmanager029f6b8e52c=\"121\" title=\"2026 Tariffe di trasporto marittimo in container da e per Guernsey\">Guernsey (St Peter Port)<\/a><\/td><td class=\"column-2\">$1.628<\/td><td class=\"column-3\">$3.812<\/td>\n<\/tr>\n<tr class=\"row-20\">\n\t<td class=\"column-1\"><a href=\"https:\/\/moverdb.com\/it\/container-shipping\/haiti\/\" data-internallinksmanager029f6b8e52c=\"122\" title=\"2026 Tariffe di spedizione di container marittimi da e per Haiti\">Haiti (Port-au-Prince)<\/a><\/td><td class=\"column-2\">$2.347<\/td><td class=\"column-3\">$3.889<\/td>\n<\/tr>\n<tr class=\"row-21\">\n\t<td class=\"column-1\"><a href=\"https:\/\/moverdb.com\/it\/container-shipping\/india\/\" data-internallinksmanager029f6b8e52c=\"125\" title=\"2026 Tariffe di spedizione di container via mare da e per l&#039;India\">India (Mumbai)<\/a><\/td><td class=\"column-2\">$2,145<\/td><td class=\"column-3\">$3.990<\/td>\n<\/tr>\n<tr class=\"row-22\">\n\t<td class=\"column-1\"><a href=\"https:\/\/moverdb.com\/it\/container-shipping\/indonesia\/\" data-internallinksmanager029f6b8e52c=\"126\" title=\"2026 Tariffe di spedizione via mare per container da e per l&#039;Indonesia\">Indonesia (Giacarta)<\/a><\/td><td class=\"column-2\">$2.860<\/td><td class=\"column-3\">$5.040<\/td>\n<\/tr>\n<tr class=\"row-23\">\n\t<td class=\"column-1\"><a href=\"https:\/\/moverdb.com\/it\/container-shipping\/italy\/\" data-internallinksmanager029f6b8e52c=\"130\" title=\"2026 Tariffe di spedizione via mare per container da e per l&#039;Italia\">Italia (Trieste)<\/a><\/td><td class=\"column-2\">$2.673<\/td><td class=\"column-3\">$3.574<\/td>\n<\/tr>\n<tr class=\"row-24\">\n\t<td class=\"column-1\"><a href=\"https:\/\/moverdb.com\/it\/container-shipping\/japan\/\" data-internallinksmanager029f6b8e52c=\"131\" title=\"2026 Tariffe di spedizione via mare per container da e per il Giappone\">Giappone (Tokyo)<\/a><\/td><td class=\"column-2\">$2.805<\/td><td class=\"column-3\">$4.778<\/td>\n<\/tr>\n<tr class=\"row-25\">\n\t<td class=\"column-1\"><a href=\"https:\/\/moverdb.com\/it\/container-shipping\/jersey\/\" data-internallinksmanager029f6b8e52c=\"132\" title=\"2026 Tariffe di spedizione di container via mare da e per Jersey\">Jersey (St Helier)<\/a><\/td><td class=\"column-2\">$1.628<\/td><td class=\"column-3\">$3.812<\/td>\n<\/tr>\n<tr class=\"row-26\">\n\t<td class=\"column-1\"><a href=\"https:\/\/moverdb.com\/it\/container-shipping\/kenya\/\" data-internallinksmanager029f6b8e52c=\"134\" title=\"2026 Tariffe di spedizione via mare per container da e per il Kenya\">Kenya (Mombasa)<\/a><\/td><td class=\"column-2\">$1.532<\/td><td class=\"column-3\">$2.722<\/td>\n<\/tr>\n<tr class=\"row-27\">\n\t<td class=\"column-1\"><a href=\"https:\/\/moverdb.com\/it\/container-shipping\/kuwait\/\" data-internallinksmanager029f6b8e52c=\"135\" title=\"2026 Tariffe di spedizione via mare per container da e per il Kuwait\">Kuwait (Shuwaikh)<\/a><\/td><td class=\"column-2\">$1.500<\/td><td class=\"column-3\">$2.400<\/td>\n<\/tr>\n<tr class=\"row-28\">\n\t<td class=\"column-1\"><a href=\"https:\/\/moverdb.com\/it\/container-shipping\/latvia\/\" data-internallinksmanager029f6b8e52c=\"136\" title=\"2026 Tariffe di spedizione via mare per container da e per la Lettonia\">Lettonia (Riga)<\/a><\/td><td class=\"column-2\">$2.728<\/td><td class=\"column-3\">$4.904<\/td>\n<\/tr>\n<tr class=\"row-29\">\n\t<td class=\"column-1\"><a href=\"https:\/\/moverdb.com\/it\/container-shipping\/liechtenstein\/\" data-internallinksmanager029f6b8e52c=\"144\" title=\"2026 Tariffe di spedizione via mare per container da e per il Liechtenstein\">Liechtenstein (Vaduz)<\/a><\/td><td class=\"column-2\">$2.673<\/td><td class=\"column-3\">$4.029<\/td>\n<\/tr>\n<tr class=\"row-30\">\n\t<td class=\"column-1\"><a href=\"https:\/\/moverdb.com\/it\/container-shipping\/lithuania\/\" data-internallinksmanager029f6b8e52c=\"145\" title=\"2026 Tariffe di spedizione via mare per container da e per la Lituania\">Lituania (Klaipeda)<\/a><\/td><td class=\"column-2\">$2.552<\/td><td class=\"column-3\">$4.904<\/td>\n<\/tr>\n<tr class=\"row-31\">\n\t<td class=\"column-1\"><a href=\"https:\/\/moverdb.com\/it\/moving-to-luxembourg\/\" data-internallinksmanager029f6b8e52c=\"349\" title=\"Trasferirsi in Lussemburgo? 2026 Costi di vita e consigli per il trasferimento\">Lussemburgo<\/a><\/td><td class=\"column-2\">$2.081<\/td><td class=\"column-3\">$3.609<\/td>\n<\/tr>\n<tr class=\"row-32\">\n\t<td class=\"column-1\"><a href=\"https:\/\/moverdb.com\/it\/container-shipping\/malaysia\/\" data-internallinksmanager029f6b8e52c=\"148\" title=\"2026 Tariffe di spedizione via mare per container da e per la Malesia\">Malesia (Port Kelang)<\/a><\/td><td class=\"column-2\">$3.658<\/td><td class=\"column-3\">$7,182<\/td>\n<\/tr>\n<tr class=\"row-33\">\n\t<td class=\"column-1\"><a href=\"https:\/\/moverdb.com\/it\/container-shipping\/pakistan\/\" data-internallinksmanager029f6b8e52c=\"155\" title=\"2026 Tariffe di spedizione per container marittimi da e per il Pakistan\">Pakistan (Karachi)<\/a><\/td><td class=\"column-2\">$2.420<\/td><td class=\"column-3\">$4.320<\/td>\n<\/tr>\n<tr class=\"row-34\">\n\t<td class=\"column-1\"><a href=\"https:\/\/moverdb.com\/it\/container-shipping\/thailand\/\" data-internallinksmanager029f6b8e52c=\"189\" title=\"2026 Tariffe di spedizione via mare per container da e per la Thailandia\">Thailandia (Laem Chabang)<\/a><\/td><td class=\"column-2\">$3.415<\/td><td class=\"column-3\">$6,435<\/td>\n<\/tr>\n<tr class=\"row-35\">\n\t<td class=\"column-1\"><a href=\"https:\/\/moverdb.com\/it\/container-shipping\/united-arab-emirates\/\" data-internallinksmanager029f6b8e52c=\"188\" title=\"2026 Tariffe di spedizione dei container da e per gli Emirati Arabi Uniti\">Emirati Arabi Uniti (Jebel Ali)<\/a><\/td><td class=\"column-2\">$1.870<\/td><td class=\"column-3\">$2.077<\/td>\n<\/tr>\n<tr class=\"row-36\">\n\t<td class=\"column-1\"><a href=\"https:\/\/moverdb.com\/it\/moving-to-the-united-states\/\" data-internallinksmanager029f6b8e52c=\"94\" title=\"Trasferirsi negli Stati Uniti? 2026 Costi di vita e consigli per il trasferimento\">US<\/a> (<a href=\"https:\/\/moverdb.com\/it\/moving-to-los-angeles\/\" data-internallinksmanager029f6b8e52c=\"51\" title=\"Trasferirsi a Los Angeles? 2026 Costi di vita e consigli per il trasferimento a Los Angeles\">Los Angeles<\/a>)<\/td><td class=\"column-2\">$2.730<\/td><td class=\"column-3\">$3.666<\/td>\n<\/tr>\n<tr class=\"row-37\">\n\t<td class=\"column-1\"><a href=\"https:\/\/moverdb.com\/it\/container-shipping\/united-states\/\" data-internallinksmanager029f6b8e52c=\"87\" title=\"2026 Tariffe di spedizione via mare in container da e per gli Stati Uniti\">Stati Uniti (New York)<\/a><\/td><td class=\"column-2\">$3.557<\/td><td class=\"column-3\">$4,680<\/td>\n<\/tr>\n<\/tbody>\n<\/table>\n<!-- #tablepress-167 from cache -->\n\n\n\n<h2 class=\"wp-block-heading\">Costi di spedizione dei container dalle Maldive (Mal\u00e9)<\/h2>\n\n\n<div class=\"wp-block-image\">\n<figure class=\"aligncenter size-large\"><img loading=\"lazy\" decoding=\"async\" width=\"1024\" height=\"539\" src=\"https:\/\/moverdb.com\/wp-content\/uploads\/Shipping-Container-Costs-from-Maldives-1024x539.png\" alt=\"Costi di spedizione dei container dalle Maldive\" class=\"wp-image-4591\" srcset=\"https:\/\/moverdb.com\/wp-content\/uploads\/Shipping-Container-Costs-from-Maldives-1024x539.png 1024w, https:\/\/moverdb.com\/wp-content\/uploads\/Shipping-Container-Costs-from-Maldives-300x158.png 300w, https:\/\/moverdb.com\/wp-content\/uploads\/Shipping-Container-Costs-from-Maldives-1536x809.png 1536w, https:\/\/moverdb.com\/wp-content\/uploads\/Shipping-Container-Costs-from-Maldives-18x9.png 18w, https:\/\/moverdb.com\/wp-content\/uploads\/Shipping-Container-Costs-from-Maldives-600x316.png 600w, https:\/\/moverdb.com\/wp-content\/uploads\/Shipping-Container-Costs-from-Maldives.png 2000w\" sizes=\"auto, (max-width: 1024px) 100vw, 1024px\" \/><\/figure>\n<\/div>\n\n\n<table id=\"tablepress-160\" class=\"tablepress tablepress-id-160\">\n<thead>\n<tr class=\"row-1\">\n\t<th class=\"column-1\">Paese di destinazione (porto\/citt\u00e0)<\/th><th class=\"column-2\">20FT<\/th><th class=\"column-3\">40FT<\/th>\n<\/tr>\n<\/thead>\n<tbody class=\"row-striping row-hover\">\n<tr class=\"row-2\">\n\t<td class=\"column-1\">Andorra (Andorra la Vella)<\/td><td class=\"column-2\">$9.863<\/td><td class=\"column-3\">$13.934<\/td>\n<\/tr>\n<tr class=\"row-3\">\n\t<td class=\"column-1\">Antigua e Barbuda (St John's)<\/td><td class=\"column-2\">$10.171<\/td><td class=\"column-3\">N\/A<\/td>\n<\/tr>\n<tr class=\"row-4\">\n\t<td class=\"column-1\">Argentina (Buenos Aires)<\/td><td class=\"column-2\">N\/A<\/td><td class=\"column-3\">$12.406<\/td>\n<\/tr>\n<tr class=\"row-5\">\n\t<td class=\"column-1\">Aruba (Oranjestad)<\/td><td class=\"column-2\">N\/A<\/td><td class=\"column-3\">$12.406<\/td>\n<\/tr>\n<tr class=\"row-6\">\n\t<td class=\"column-1\">Australia (Sydney)<\/td><td class=\"column-2\">$1.561<\/td><td class=\"column-3\">$2.083<\/td>\n<\/tr>\n<tr class=\"row-7\">\n\t<td class=\"column-1\">Austria (Vienna)<\/td><td class=\"column-2\">N\/A<\/td><td class=\"column-3\">$9,192<\/td>\n<\/tr>\n<tr class=\"row-8\">\n\t<td class=\"column-1\"><a href=\"https:\/\/moverdb.com\/it\/moving-to-canada\/\" data-internallinksmanager029f6b8e52c=\"265\" title=\"Trasferirsi in Canada? 2026 Costi di vita e consigli per il trasferimento\">Canada<\/a> (<a href=\"https:\/\/moverdb.com\/it\/moving-to-canada\/moving-to-vancouver\/\" data-internallinksmanager029f6b8e52c=\"438\" title=\"Trasferirsi a Vancouver? 2026 Costi di vita e consigli per il trasferimento\">Vancouver<\/a>)<\/td><td class=\"column-2\">$9,950<\/td><td class=\"column-3\">$13.090<\/td>\n<\/tr>\n<tr class=\"row-9\">\n\t<td class=\"column-1\">Croazia (Rijeka)<\/td><td class=\"column-2\">$2.778<\/td><td class=\"column-3\">$3.439<\/td>\n<\/tr>\n<tr class=\"row-10\">\n\t<td class=\"column-1\">India (Mumbai)<\/td><td class=\"column-2\">$968<\/td><td class=\"column-3\">$1.533<\/td>\n<\/tr>\n<tr class=\"row-11\">\n\t<td class=\"column-1\">Italia (Trieste)<\/td><td class=\"column-2\">$2.778<\/td><td class=\"column-3\">$3.439<\/td>\n<\/tr>\n<\/tbody>\n<\/table>\n<!-- #tablepress-160 from cache -->\n\n\n\n<h3 class=\"wp-block-heading\">Note sui dati:<\/h3>\n\n\n\n<ul class=\"wp-block-list\"><li>Tutte le cifre di $ in dollari statunitensi (USD);<\/li><li>Tariffe accurate a partire dall'inizio del 2022;<\/li><li>Le mappe in questo articolo sono state create usando <a href=\"https:\/\/www.mapchart.net\" target=\"_blank\" rel=\"noreferrer noopener\">https:\/\/www.mapchart.net<\/a>. Siete liberi di condividere le mappe, purch\u00e9 forniate un link di attribuzione che rimanda a <a href=\"https:\/\/moverdb.com\/it\/\" target=\"_blank\" rel=\"noreferrer noopener\">MoverDB<\/a>;<\/li><li>I tassi di cui sopra sono solo stime e possono essere cambiati dal momento in cui questo articolo \u00e8 stato pubblicato (aprile 2022). Si basano sul tasso pi\u00f9 basso stimato da <a href=\"https:\/\/www.searates.com\" target=\"_blank\" rel=\"noreferrer noopener\">https:\/\/www.searates.com<\/a> o <a href=\"https:\/\/www.gocomet.com\/freight-shipping-rates-index-calculator\" target=\"_blank\" rel=\"noreferrer noopener\">https:\/\/www.gocomet.com<\/a>;<\/li><li>Per avere un'idea pi\u00f9 precisa del costo per te, usa il modulo di preventivo in cima a questa pagina;<\/li><li>Vedi anche la nostra guida su <a href=\"https:\/\/moverdb.com\/it\/container-shipping\/\" target=\"_blank\" rel=\"noreferrer noopener\">spedizione internazionale in container<\/a>.<\/li><\/ul>","protected":false},"excerpt":{"rendered":"<p>Whenever paradise on Earth is mentioned, the Maldives automatically enter the sentence. This South Asian island is probably the most popular summer vacation spot, known for its crystal clear waters and beautiful white beaches. Aside from the natural splendor, the Maldives are a decent option for every expat who values a friendly community, a low [&hellip;]<\/p>\n","protected":false},"author":2,"featured_media":4586,"parent":44,"menu_order":0,"comment_status":"closed","ping_status":"closed","template":"","meta":{"_genesis_hide_title":false,"_genesis_hide_breadcrumbs":false,"_genesis_hide_singular_image":false,"_genesis_hide_footer_widgets":false,"_genesis_custom_body_class":"","_genesis_custom_post_class":"","_genesis_layout":"","footnotes":""},"class_list":{"0":"post-4638","1":"page","2":"type-page","3":"status-publish","4":"has-post-thumbnail","6":"entry"},"_links":{"self":[{"href":"https:\/\/moverdb.com\/it\/wp-json\/wp\/v2\/pages\/4638","targetHints":{"allow":["GET"]}}],"collection":[{"href":"https:\/\/moverdb.com\/it\/wp-json\/wp\/v2\/pages"}],"about":[{"href":"https:\/\/moverdb.com\/it\/wp-json\/wp\/v2\/types\/page"}],"author":[{"embeddable":true,"href":"https:\/\/moverdb.com\/it\/wp-json\/wp\/v2\/users\/2"}],"replies":[{"embeddable":true,"href":"https:\/\/moverdb.com\/it\/wp-json\/wp\/v2\/comments?post=4638"}],"version-history":[{"count":1,"href":"https:\/\/moverdb.com\/it\/wp-json\/wp\/v2\/pages\/4638\/revisions"}],"predecessor-version":[{"id":4639,"href":"https:\/\/moverdb.com\/it\/wp-json\/wp\/v2\/pages\/4638\/revisions\/4639"}],"up":[{"embeddable":true,"href":"https:\/\/moverdb.com\/it\/wp-json\/wp\/v2\/pages\/44"}],"wp:featuredmedia":[{"embeddable":true,"href":"https:\/\/moverdb.com\/it\/wp-json\/wp\/v2\/media\/4586"}],"wp:attachment":[{"href":"https:\/\/moverdb.com\/it\/wp-json\/wp\/v2\/media?parent=4638"}],"curies":[{"name":"wp","href":"https:\/\/api.w.org\/{rel}","templated":true}]}}