{"id":454,"date":"2016-07-03T20:25:43","date_gmt":"2016-07-03T20:25:43","guid":{"rendered":"http:\/\/moverdb.com\/?page_id=454"},"modified":"2026-01-08T15:30:41","modified_gmt":"2026-01-08T15:30:41","slug":"world-customs-organization","status":"publish","type":"page","link":"https:\/\/moverdb.com\/it\/world-customs-organization\/","title":{"rendered":"L'Organizzazione mondiale delle dogane (OMD) spiegata"},"content":{"rendered":"<p>L'Organizzazione mondiale delle dogane (OMD) \u00e8 un organismo intergovernativo indipendente che serve come voce della comunit\u00e0 doganale. <\/p>\n<p>\u00c8 stato creato per rendere le amministrazioni doganali di tutto il mondo pi\u00f9 efficienti, coordinate ed efficaci.<\/p>\n<p><strong>Fatti salienti su WCO:<\/strong><\/p>\n<ul>\n<li>  L'OMD ha 180 membri e questi membri sono amministrazioni doganali di tutto il mondo.<\/li>\n<li>  Tre quarti dei membri dell'OMD sono paesi in via di sviluppo.<\/li>\n<li>  I membri dell'OMD sono responsabili della gestione di pi\u00f9 di 98% del commercio mondiale.<\/li>\n<li>  L'OMD ha iniziato nel 1952 come Consiglio di cooperazione doganale.<\/li>\n<li>  L'OMD \u00e8 gestita da un Consiglio, che si basa su un segretariato di oltre 100 funzionari internazionali, esperti tecnici e personale di supporto.<\/li>\n<li>  L'OMD ha sede a Bruxelles, <a href=\"https:\/\/moverdb.com\/it\/moving-to-belgium\/\" data-internallinksmanager029f6b8e52c=\"323\" title=\"Trasferirsi in Belgio? 2026 Costi di vita e consigli per il trasferimento\">Belgio<\/a>.<\/li>\n<li>  L'OMD non si occupa di reclami sulle dogane, per esempio i dazi doganali - come organizzazione intergovernativa non \u00e8 responsabile dell'amministrazione delle legislazioni nazionali e dichiara specificamente di non avere competenza in materia.<\/li>\n<li>  Le lingue ufficiali dell'OMD sono l'inglese e il francese.<\/li>\n<li>  L'OMD \u00e8 finanziata dai contributi annuali dei membri, cos\u00ec come dai contributi volontari e dalle donazioni.<\/li>\n<li>  L'OMD \u00e8 stata responsabile di una serie di strumenti doganali, come la Convenzione internazionale sul sistema armonizzato di designazione e codificazione delle merci.<\/li>\n<\/ul>\n<p><strong>Profilo dell'Organizzazione mondiale delle dogane:<\/strong><\/p>\n<p>L'OMD si definisce la voce della comunit\u00e0 doganale ed \u00e8 l'unica organizzazione internazionale con competenza in materia doganale. Questo la rende una forza chiave nell'aiutare a far crescere il commercio internazionale legittimo, oltre a sviluppare misure per affrontare le frodi e i furti. <\/p>\n<p>Lo scopo dell'OMD \u00e8 quello di rafforzare i legami tra le amministrazioni doganali e i loro partner in modo da creare un ambiente doganale forte e trasparente. <\/p>\n<p>Ha anche reso prioritaria l'assistenza alla protezione della societ\u00e0 e del territorio nazionale, e la sicurezza e la facilitazione del commercio internazionale, specialmente di fronte alle minacce del terrorismo globale. <\/p>\n<p>L'OMD crede che i confini dividano, ma che le dogane colleghino. Descrive la sua visione come \"guidare dinamicamente la modernizzazione e la connettivit\u00e0 in un mondo che cambia rapidamente\" e dichiara che la sua missione \u00e8 quella di fornire leadership, guida e sostegno alle amministrazioni doganali per garantire e facilitare il commercio legittimo, realizzare entrate, proteggere la societ\u00e0 e costruire capacit\u00e0.<\/p>\n<p><strong>Criteri per l'adesione:<\/strong><\/p>\n<p>I membri dell'OMD sono le amministrazioni doganali, quindi non ci sono criteri di adesione elencati sul sito web.<\/p>\n<p><strong>Opinioni sulla WCO:<\/strong><\/p>\n<p>L'OMD \u00e8 un organismo doganale globale ben consolidato con <a href=\"http:\/\/www.britannica.com\/topic\/World-Customs-Organization\" target=\"_blank\" rel=\"noopener\">una voce dell'enciclopedia Britannica<\/a>. Il <a href=\"https:\/\/www.wto.org\/english\/thewto_e\/coher_e\/wto_wco_e.htm\" target=\"_blank\" rel=\"noopener\">L'Organizzazione mondiale del commercio descrive<\/a> l'OMD come organismo con cui collabora regolarmente, in particolare per quanto riguarda la classificazione delle merci. <\/p>\n<p>L'OMD \u00e8 menzionata sui siti web dei governi, descritta come una \"leadership nell'espansione delle vie del commercio internazionale e della sicurezza\" e ha chiaramente uno status internazionale riconosciuto. In termini di membri, quelli che si uniscono tendono ad annunciarlo - per esempio, l'Unione europea, che ha annunciato che la <a href=\"http:\/\/ec.europa.eu\/taxation_customs\/common\/international_affairs\/wco\/index_en.htm\" target=\"_blank\" rel=\"noopener\">WCO aveva accettato<\/a> la sua domanda di adesione a partire dal 1\u00b0 luglio 2007.<\/p>\n<blockquote><p>Tutte le questioni doganali, compreso lo sviluppo di strumenti, norme e strumenti globali, la semplificazione e l'armonizzazione delle procedure doganali, la promozione della competitivit\u00e0 economica, la sicurezza e la facilitazione della catena di approvvigionamento globale, il rafforzamento delle attivit\u00e0 di applicazione e conformit\u00e0 delle dogane, la protezione della salute pubblica e della sicurezza, il mantenimento della nomenclatura internazionale delle merci del sistema armonizzato, la garanzia delle entrate, lo sviluppo sostenibile delle capacit\u00e0 doganali e l'assistenza tecnica, e la gestione degli accordi dell'OMC sulla valutazione doganale e le norme di origine, nonch\u00e9 la Convenzione delle Nazioni Unite sui contenitori, 1972<\/p><\/blockquote>\n<p>- <a href=\"http:\/\/www.basel.int\/Default.aspx?tabid=2935\" target=\"_blank\" rel=\"noopener\">Convenzione di Basilea<\/a><\/p>\n<p><strong>Sito web:<\/strong> <a href=\"http:\/\/www.wcoomd.org\/\" target=\"_blank\" rel=\"noopener\">http:\/\/www.wcoomd.org\/<\/a><\/p>\n<p><strong>Per saperne di pi\u00f9 sulla spedizione vedi:<\/strong> <a href=\"https:\/\/moverdb.com\/it\/container-shipping\/\">Tariffe e costi di spedizione dei container internazionali 2018<\/a> e <a href=\"https:\/\/moverdb.com\/it\/spedizioniere\/\">Spedizioniere e NVOCC Guida ai costi e alle societ\u00e0 internazionali<\/a><\/p>","protected":false},"excerpt":{"rendered":"<p>The World Customs Organisation (WCO) is an independent intergovernmental body that serves as the voice of the customs community. It was set up to make customs administrations around the world more efficient, coordinated and effective. Key facts about WCO: The WCO has 180 members and these members are customs administrations from all over the world. [&hellip;]<\/p>\n","protected":false},"author":1,"featured_media":0,"parent":0,"menu_order":0,"comment_status":"closed","ping_status":"closed","template":"","meta":{"_genesis_hide_title":false,"_genesis_hide_breadcrumbs":false,"_genesis_hide_singular_image":false,"_genesis_hide_footer_widgets":false,"_genesis_custom_body_class":"","_genesis_custom_post_class":"","_genesis_layout":"","footnotes":""},"class_list":{"0":"post-454","1":"page","2":"type-page","3":"status-publish","5":"entry"},"_links":{"self":[{"href":"https:\/\/moverdb.com\/it\/wp-json\/wp\/v2\/pages\/454","targetHints":{"allow":["GET"]}}],"collection":[{"href":"https:\/\/moverdb.com\/it\/wp-json\/wp\/v2\/pages"}],"about":[{"href":"https:\/\/moverdb.com\/it\/wp-json\/wp\/v2\/types\/page"}],"author":[{"embeddable":true,"href":"https:\/\/moverdb.com\/it\/wp-json\/wp\/v2\/users\/1"}],"replies":[{"embeddable":true,"href":"https:\/\/moverdb.com\/it\/wp-json\/wp\/v2\/comments?post=454"}],"version-history":[{"count":7,"href":"https:\/\/moverdb.com\/it\/wp-json\/wp\/v2\/pages\/454\/revisions"}],"predecessor-version":[{"id":6253,"href":"https:\/\/moverdb.com\/it\/wp-json\/wp\/v2\/pages\/454\/revisions\/6253"}],"wp:attachment":[{"href":"https:\/\/moverdb.com\/it\/wp-json\/wp\/v2\/media?parent=454"}],"curies":[{"name":"wp","href":"https:\/\/api.w.org\/{rel}","templated":true}]}}