{"id":452,"date":"2016-07-03T20:39:16","date_gmt":"2016-07-03T20:39:16","guid":{"rendered":"http:\/\/moverdb.com\/?page_id=452"},"modified":"2026-01-08T15:30:42","modified_gmt":"2026-01-08T15:30:42","slug":"world-shipping-council","status":"publish","type":"page","link":"https:\/\/moverdb.com\/it\/world-shipping-council\/","title":{"rendered":"Spiegazione del World Shipping Council (WSC)"},"content":{"rendered":"<p>Il World Shipping Council (WSC) d\u00e0 voce all'industria del trasporto marittimo di linea. \u00c8 stato inizialmente istituito come gruppo di pressione per le pi\u00f9 grandi imprese di trasporto marittimo di linea ed \u00e8 diventato un consulente per l'industria e il governo su argomenti diversi come la sicurezza e le questioni ambientali.<\/p>\n<p><strong>Fatti salienti del WSC<\/strong><\/p>\n<ul>\n<li>  Il WSC ha 26 membri.<\/li>\n<li>  I membri del WSC gestiscono circa il 90% della capacit\u00e0 globale delle navi di linea.<\/li>\n<li>  Questi servizi trasportano circa il 60% del valore del commercio marittimo globale, e pi\u00f9 di <a href=\"https:\/\/moverdb.com\/it\/moving-to-the-united-states\/\" data-internallinksmanager029f6b8e52c=\"94\" title=\"Trasferirsi negli Stati Uniti? 2026 Costi di vita e consigli per il trasferimento\">US<\/a>$ 4.000 miliardi di merci all'anno.<\/li>\n<li>  Il WSC \u00e8 il rappresentante globale dell'industria del trasporto marittimo di linea.<\/li>\n<li>  Il WSC \u00e8 stato creato nel 2000 dagli amministratori delegati delle pi\u00f9 importanti compagnie di linea <a href=\"https:\/\/moverdb.com\/it\/compagnie-di-navigazione\/\">compagnie di navigazione<\/a>.<\/li>\n<li>  Nel 2009, il CMS ha ottenuto lo status consultivo al <a href=\"https:\/\/moverdb.com\/it\/international-maritime-organisation\/\" data-internallinksmanager029f6b8e52c=\"24\" title=\"Organizzazione marittima internazionale (IMO) spiegata\">Organizzazione marittima internazionale<\/a>.<\/li>\n<li>  Il WSC ha sede a <a href=\"https:\/\/moverdb.com\/it\/moving-to-washington-dc\/\">Washington, DC<\/a>.<\/li>\n<li>  I membri del WSC provengono da tutto il mondo, da <a href=\"https:\/\/moverdb.com\/it\/moving-to-china\/\" data-internallinksmanager029f6b8e52c=\"357\" title=\"Trasferirsi in Cina? 2026 Costi di vita e consigli per il trasferimento\">Cina<\/a> all'America.<\/li>\n<\/ul>\n<p><strong>Profilo del World Shipping Council:<\/strong><\/p>\n<p>Il WSC \u00e8 un organismo industriale che \u00e8 stato sviluppato nel 2000 da coloro che sono all'avanguardia nel settore del trasporto marittimo di linea. Ha giocato un ruolo strumentale in momenti chiave per l'industria del trasporto marittimo di linea, come la collaborazione con i governi e le organizzazioni globali per aiutare a sviluppare leggi, regolamenti e programmi progettati per rendere pi\u00f9 sicuro il commercio marittimo internazionale sulla scia degli attacchi terroristici del 2001. <\/p>\n<p>L'obiettivo principale del WSC \u00e8 quello di lavorare sul commercio, la sicurezza e le questioni doganali che riguardano l'industria stessa, cos\u00ec come il suo impatto sul mondo pi\u00f9 ampio. Negli ultimi anni ha anche iniziato a concentrarsi sulle questioni ambientali. <\/p>\n<p>Il WSC \u00e8 visto come un consulente rispettato sia per l'industria che per i governi - per esempio ha ottenuto lo status consultivo presso l'Organizzazione Marittima Internazionale. Prende anche un ruolo attivo nei dibattiti politici quando queste politiche hanno un effetto sull'industria del trasporto marittimo di linea.<\/p>\n<p><strong>Aziende membri per dimensione:<\/strong><\/p>\n<ul>\n<li> <a href=\"https:\/\/moverdb.com\/it\/cma-cgm\/\">Gruppo CMA CGM<\/a><\/li>\n<li> <a href=\"https:\/\/moverdb.com\/it\/hapag-lloyd\/\">Hapag-Lloyd<\/a><\/li>\n<li> <a href=\"https:\/\/moverdb.com\/it\/evergreen-marine\/\">Evergreen Marine<\/a><\/li>\n<li> <a href=\"https:\/\/moverdb.com\/it\/hamburg-sud\/\">Amburgo Sud<\/a><\/li>\n<\/ul>\n<p><strong>Criteri per l'adesione:<\/strong><\/p>\n<p>Non ci sono criteri di adesione elencati sul sito web. Il WSC descrive i suoi membri come <em>\"Hanno investito centinaia di miliardi di dollari in navi, <a href=\"https:\/\/moverdb.com\/it\/top-49-container-ports\/\" data-internallinksmanager029f6b8e52c=\"80\" title=\"I 49 porti container pi\u00f9 grandi e trafficati nel 2025\">porto<\/a> terminali, compagnie di trasporto; magazzini e tecnologia per assicurare che continui ad esistere un'ampia variet\u00e0 di opzioni per un trasporto internazionale di merci sicuro, affidabile ed economico\".<\/em> <\/p>\n<p>Da questo, \u00e8 chiaro che l'adesione non \u00e8 aperta a qualsiasi azienda. I membri rappresentativi includono la Hyundai Merchant Marine Company e la United Arab <a href=\"https:\/\/moverdb.com\/it\/shipping-companies\/\" data-internallinksmanager029f6b8e52c=\"4\" title=\"Le 10 migliori compagnie di spedizione internazionale di container\">Compagnia di navigazione<\/a>.<\/p>\n<p>C'\u00e8 un indirizzo e-mail di contatto fornito che potrebbe essere utilizzato per coloro che vogliono chiedere informazioni sull'adesione: info@worldshipping.org.<\/p>\n<p><strong>Opinioni sul WSC:<\/strong><\/p>\n<p>Il WSC \u00e8 <a href=\"http:\/\/www.iims.org.uk\/world-shipping-council-advises-prepare-container-weight-verification\/\" target=\"_blank\" rel=\"noopener\">citato in notizie di cronaca<\/a> come fonte di informazione sui cambiamenti normativi e legislativi ed \u00e8 chiaramente un'organizzazione rispettata che fornisce un canale di comunicazione tra i legislatori e l'industria. <\/p>\n<p>Il suo lavoro ha anche aiutato a gestire la confusione sui cambiamenti legali in arrivo e ad appianare il percorso della legislazione dalla legge scritta alla realt\u00e0. <\/p>\n<p>Anche se l'elenco dei membri appare sul sito del WSC, un rapido controllo di un paio di siti aziendali rivela che non mostrano in modo prominente la loro appartenenza al WSC. <\/p>\n<p>Questo \u00e8 molto probabile perch\u00e9 WSC non \u00e8 un accreditamento appropriato per un sito web commerciale, ma un organismo di settore in cui queste imprese hanno un ruolo consultivo e di consulenza.<\/p>\n<p><strong>Sito web:<\/strong> <a href=\"http:\/\/www.worldshipping.org\/\" target=\"_blank\" rel=\"noopener\">http:\/\/www.worldshipping.org\/<\/a><\/p>\n<p><strong>Per saperne di pi\u00f9 sulla spedizione vedi:<\/strong> <a href=\"https:\/\/moverdb.com\/it\/container-shipping\/\">Tariffe e costi di spedizione dei container internazionali 2018<\/a> e <a href=\"https:\/\/moverdb.com\/it\/spedizioniere\/\">Spedizioniere e NVOCC Guida ai costi e alle societ\u00e0 internazionali<\/a><\/p>","protected":false},"excerpt":{"rendered":"<p>The World Shipping Council (WSC) provides a voice for the liner shipping industry. It was initially established as a lobbying group for the biggest liner shipping businesses and has become an advisor to industry and government on topics as varied as security and environmental issues. Key facts about the WSC The WSC has 26 members. [&hellip;]<\/p>\n","protected":false},"author":1,"featured_media":0,"parent":0,"menu_order":0,"comment_status":"closed","ping_status":"closed","template":"","meta":{"_genesis_hide_title":false,"_genesis_hide_breadcrumbs":false,"_genesis_hide_singular_image":false,"_genesis_hide_footer_widgets":false,"_genesis_custom_body_class":"","_genesis_custom_post_class":"","_genesis_layout":"","footnotes":""},"class_list":{"0":"post-452","1":"page","2":"type-page","3":"status-publish","5":"entry"},"_links":{"self":[{"href":"https:\/\/moverdb.com\/it\/wp-json\/wp\/v2\/pages\/452","targetHints":{"allow":["GET"]}}],"collection":[{"href":"https:\/\/moverdb.com\/it\/wp-json\/wp\/v2\/pages"}],"about":[{"href":"https:\/\/moverdb.com\/it\/wp-json\/wp\/v2\/types\/page"}],"author":[{"embeddable":true,"href":"https:\/\/moverdb.com\/it\/wp-json\/wp\/v2\/users\/1"}],"replies":[{"embeddable":true,"href":"https:\/\/moverdb.com\/it\/wp-json\/wp\/v2\/comments?post=452"}],"version-history":[{"count":12,"href":"https:\/\/moverdb.com\/it\/wp-json\/wp\/v2\/pages\/452\/revisions"}],"predecessor-version":[{"id":6254,"href":"https:\/\/moverdb.com\/it\/wp-json\/wp\/v2\/pages\/452\/revisions\/6254"}],"wp:attachment":[{"href":"https:\/\/moverdb.com\/it\/wp-json\/wp\/v2\/media?parent=452"}],"curies":[{"name":"wp","href":"https:\/\/api.w.org\/{rel}","templated":true}]}}