{"id":451,"date":"2016-07-04T14:16:48","date_gmt":"2016-07-04T14:16:48","guid":{"rendered":"http:\/\/moverdb.com\/?page_id=451"},"modified":"2026-01-08T14:39:55","modified_gmt":"2026-01-08T14:39:55","slug":"organizzazione-internazionale-marittima","status":"publish","type":"page","link":"https:\/\/moverdb.com\/it\/international-maritime-organisation\/","title":{"rendered":"Organizzazione marittima internazionale (IMO) spiegata"},"content":{"rendered":"<p>L'Organizzazione marittima internazionale (IMO) \u00e8 un'agenzia delle Nazioni Unite, con sede nel <a href=\"https:\/\/moverdb.com\/it\/moving-to-the-uk\/\" data-internallinksmanager029f6b8e52c=\"93\" title=\"Trasferirsi nel Regno Unito? 2026 Costi di vita e consigli per il trasferimento\">REGNO UNITO<\/a>che \u00e8 responsabile della regolamentazione del trasporto marittimo. Si definisce l'autorit\u00e0 mondiale che stabilisce gli standard per la sicurezza, la protezione e le prestazioni ambientali del trasporto marittimo. <a href=\"https:\/\/moverdb.com\/it\/container-shipping\/\">spedizione internazionale<\/a>.<\/p>\n<p><strong>Fatti salienti sull'Organizzazione marittima internazionale<\/strong><\/p>\n<ul>\n<li>  L'IMO ha 171 Stati membri e tre membri associati.<\/li>\n<li>  L'IMO \u00e8 un'agenzia dell'ONU costituita nel 1948, entrata in funzione un decennio dopo.<\/li>\n<li>  La maggior parte degli Stati membri che non sono membri dell'IMO sono paesi senza sbocco sul mare che non hanno alcun interesse o coinvolgimento nella navigazione.<\/li>\n<li>  I tre membri associati dell'IMO sono le Isole Faroe, <a href=\"https:\/\/moverdb.com\/it\/moving-to-hong-kong\/\" data-internallinksmanager029f6b8e52c=\"350\" title=\"Trasferirsi a Hong Kong? 2026 Costi di vita e consigli per il trasferimento\">Hong Kong<\/a> e Macao.<\/li>\n<li>  La Convenzione internazionale per la sicurezza della vita in mare \u00e8 uno degli strumenti legali pi\u00f9 noti dell'IMO.<\/li>\n<li>  <a href=\"https:\/\/moverdb.com\/it\/container-shipping\/\" data-internallinksmanager029f6b8e52c=\"3\" title=\"Grafico delle tariffe di trasporto internazionale dei container: Aprile 2026\">Spedizione internazionale<\/a> trasporta pi\u00f9 di 80% del commercio globale a popoli e comunit\u00e0 di tutto il mondo.<\/li>\n<li>  Il mandato dell'IMO copre tutti gli aspetti del trasporto marittimo internazionale, compresi la progettazione, la costruzione, l'equipaggiamento, l'equipaggio, il funzionamento e lo smaltimento delle navi.<\/li>\n<li>  Le organizzazioni internazionali non governative che hanno la capacit\u00e0 di dare un contributo sostanziale al lavoro dell'IMO possono ottenere lo status consultivo dal Consiglio con l'approvazione dell'Assemblea.<\/li>\n<\/ul>\n<p><strong>Profilo IMO<\/strong><\/p>\n<p>L'IMO \u00e8 un'agenzia globale che rientra nel mandato dell'ONU. \u00c8 composta dall'Assemblea, un Consiglio e cinque comitati principali: <\/p>\n<ol>\n<li> Il Comitato per la sicurezza marittima<\/li>\n<li> Il Comitato per la protezione dell'ambiente marino<\/li>\n<li> Il comitato legale<\/li>\n<li> Il Comitato di cooperazione tecnica<\/li>\n<li> Il comitato di facilitazione<\/li>\n<\/ol>\n<p>L'IMO \u00e8 stata responsabile di numerosi strumenti giuridici che hanno lo scopo di migliorare la sicurezza in mare, migliorare il commercio tra gli stati marittimi e proteggere l'ambiente marittimo. <\/p>\n<p>Oltre a guardare il settore dello shipping cos\u00ec com'\u00e8 attualmente, l'IMO \u00e8 anche coinvolta nel garantire il suo futuro come sicuro, rispettoso dell'ambiente ed efficiente dal punto di vista energetico. <\/p>\n<p>C'\u00e8 molto poco che l'IMO non copre, compreso l'elemento umano dell'industria marittima, la sicurezza marittima e la cooperazione tecnica, che \u00e8 progettata per aiutare i governi che non hanno le conoscenze tecniche e le risorse necessarie per gestire con successo un'industria marittima.<\/p>\n<p><strong>Criteri per l'adesione <\/strong><\/p>\n<p>L'appartenenza \u00e8 sulla base degli stati. Per diventare membro dell'OMI, uno stato ratifica un trattato multilaterale noto come la Convenzione sull'Organizzazione Marittima Internazionale.<\/p>\n<p><strong>Opinioni sull'IMO:<\/strong><\/p>\n<p>L'IMO \u00e8 un'organizzazione globale <a href=\"http:\/\/www.unsceb.org\/content\/imo\" target=\"_blank\" rel=\"noopener\">organizzazione rinomata<\/a> con uno status riconosciuto. \u00c8 molto visibile ed \u00e8 una forza potente all'interno dell'industria marittima. Online, le informazioni sull'IMO si concentrano sul suo ruolo nel promuovere la cooperazione intergovernativa, cos\u00ec come la convocazione di conferenze internazionali su questioni di navigazione e la redazione di convenzioni o accordi internazionali in materia. <\/p>\n<p>Il suo ruolo nella sicurezza \u00e8 anche enfatizzato nei luoghi in cui \u00e8 menzionato. Poich\u00e9 l'appartenenza all'IMO \u00e8 per stato, non \u00e8 menzionata sui siti web delle singole imprese, ma appare spesso in <a href=\"http:\/\/www.britannica.com\/topic\/International-Maritime-Organization\" target=\"_blank\" rel=\"noopener\">enciclopedie online<\/a> e siti web che descrivono la struttura dell'ONU.<\/p>\n<p><strong>Sito web:<\/strong> <a href=\"http:\/\/www.imo.org\/en\/Pages\/Default.aspx\" target=\"_blank\" rel=\"noopener\">http:\/\/www.imo.org\/<\/a><\/p>\n<p><strong>Per saperne di pi\u00f9 sulla spedizione vedi:<\/strong> <a href=\"https:\/\/moverdb.com\/it\/container-shipping\/\">Tariffe e costi di spedizione dei container internazionali 2018<\/a> e <a href=\"https:\/\/moverdb.com\/it\/spedizioniere\/\">Spedizioniere e NVOCC Guida ai costi e alle societ\u00e0 internazionali<\/a><\/p>","protected":false},"excerpt":{"rendered":"<p>The International Maritime Organisation (IMO) is a UN agency, based in the UK, which is responsible for regulating shipping. It describes itself as the global standard-setting authority for the safety, security and environmental performance of international shipping. Key facts about the International Maritime Organisation The IMO has 171 Member States and three Associate Members. The [&hellip;]<\/p>\n","protected":false},"author":1,"featured_media":0,"parent":0,"menu_order":0,"comment_status":"closed","ping_status":"closed","template":"","meta":{"_genesis_hide_title":false,"_genesis_hide_breadcrumbs":false,"_genesis_hide_singular_image":false,"_genesis_hide_footer_widgets":false,"_genesis_custom_body_class":"","_genesis_custom_post_class":"","_genesis_layout":"","footnotes":""},"class_list":{"0":"post-451","1":"page","2":"type-page","3":"status-publish","5":"entry"},"_links":{"self":[{"href":"https:\/\/moverdb.com\/it\/wp-json\/wp\/v2\/pages\/451","targetHints":{"allow":["GET"]}}],"collection":[{"href":"https:\/\/moverdb.com\/it\/wp-json\/wp\/v2\/pages"}],"about":[{"href":"https:\/\/moverdb.com\/it\/wp-json\/wp\/v2\/types\/page"}],"author":[{"embeddable":true,"href":"https:\/\/moverdb.com\/it\/wp-json\/wp\/v2\/users\/1"}],"replies":[{"embeddable":true,"href":"https:\/\/moverdb.com\/it\/wp-json\/wp\/v2\/comments?post=451"}],"version-history":[{"count":6,"href":"https:\/\/moverdb.com\/it\/wp-json\/wp\/v2\/pages\/451\/revisions"}],"predecessor-version":[{"id":13163,"href":"https:\/\/moverdb.com\/it\/wp-json\/wp\/v2\/pages\/451\/revisions\/13163"}],"wp:attachment":[{"href":"https:\/\/moverdb.com\/it\/wp-json\/wp\/v2\/media?parent=451"}],"curies":[{"name":"wp","href":"https:\/\/api.w.org\/{rel}","templated":true}]}}