{"id":449,"date":"2016-07-04T14:35:22","date_gmt":"2016-07-04T14:35:22","guid":{"rendered":"http:\/\/moverdb.com\/?page_id=449"},"modified":"2026-01-08T14:48:17","modified_gmt":"2026-01-08T14:48:17","slug":"eurovan-movers","status":"publish","type":"page","link":"https:\/\/moverdb.com\/it\/eurovan-movers\/","title":{"rendered":"La rete di traslochi internazionali Eurovan (EM) spiegata"},"content":{"rendered":"<p>Eurovan International Movers Network (EM) \u00e8 una rete di traslocatori locali indipendenti con sede in <a href=\"https:\/\/moverdb.com\/it\/moving-to-germany\/\" data-internallinksmanager029f6b8e52c=\"321\" title=\"Trasferirsi in Germania? 2026 Costi di vita e consigli per il trasferimento\">Germania<\/a>. La rete \u00e8 stata progettata per rispondere all'esigenza di fornire livelli di servizio coerenti per i traslochi internazionali che possono attraversare diversi Paesi.<\/p>\n<p><strong>Fatti salienti su Eurovan International Movers Network:<\/strong><\/p>\n<ul>\n<li>  Quando un trasloco avviene interamente in Europa, il quartier generale EM monitora, coordina e controlla tutti gli spostamenti tra un paese e l'altro.<\/li>\n<li>  EM offre una gamma di servizi attraverso la sua rete, tra cui coordinamenti e operazioni, stoccaggio e magazzinaggio, imballaggio e disimballaggio e servizi di origine e destinazione.<\/li>\n<li>  EM ha sette partner in tutto il mondo che coprono Africa, Asia, Nord America e Sud America.<\/li>\n<li>  EM ha circa 35 partner europei con otto nel <a href=\"https:\/\/moverdb.com\/it\/international-removals\/\">REGNO UNITO<\/a>.<\/li>\n<li>  Quando la sede centrale di EM sta monitorando un trasloco, questo permette a EM di ridurre il chilometraggio a vuoto e di trovare modi per ottenere risparmi monetari.<\/li>\n<li>  La portata di EM \u00e8 globale.<\/li>\n<\/ul>\n<p><strong>Profilo di Eurovan Movers:<\/strong><\/p>\n<p>EM \u00e8 un'organizzazione che opera sulla base di \"partner\" piuttosto che di membri. Anche se non ci sono criteri di adesione elencati, \u00e8 chiaro che il processo per diventare un partner \u00e8 abbastanza coinvolto e richiede un buon adattamento tra EM e il potenziale partner, cos\u00ec come la capacit\u00e0 di portare nuove idee al tavolo. <\/p>\n<p>La maggior parte delle destinazioni, sia nella categoria dei partner europei che in quella dei partner mondiali, ha solo un'azienda elencata - ad eccezione della Germania, il <a href=\"https:\/\/moverdb.com\/it\/moving-to-the-uk\/\" data-internallinksmanager029f6b8e52c=\"93\" title=\"Trasferirsi nel Regno Unito? 2026 Costi di vita e consigli per il trasferimento\">REGNO UNITO<\/a>, <a href=\"https:\/\/moverdb.com\/it\/moving-to-switzerland\/\" data-internallinksmanager029f6b8e52c=\"327\" title=\"Trasferirsi in Svizzera? 2026 Costi di vita e consigli per il trasferimento\">Svizzera<\/a> e <a href=\"https:\/\/moverdb.com\/it\/moving-to-italy\/\" data-internallinksmanager029f6b8e52c=\"346\" title=\"Trasferirsi in Italia? 2026 Costi di vita e consigli per il trasferimento\">Italia<\/a>, che hanno 4+. <\/p>\n<p>L'idea di EM \u00e8 quella di offrire ai clienti un approccio pi\u00f9 coesivo a un trasloco internazionale, collegando i traslocatori locali indipendenti. EM stesso coordina il processo quando il trasloco \u00e8 all'interno dell'UE. <\/p>\n<p>Ci\u00f2 che distingue EM \u00e8 il fatto che ha un comando centralizzato ma lavora con i traslocatori locali, mantenendo le conoscenze e le connessioni locali, oltre ad essere in grado di offrire un controllo centrale.<\/p>\n<p><strong>Criteri per l'adesione:<\/strong><\/p>\n<p>Nessun criterio di adesione \u00e8 elencato sul sito web - invece, il sito dice questo:<\/p>\n<blockquote><p>Certamente ci vuole pi\u00f9 che aver fatto uno o due traslochi domestici per diventare partner.<\/p>\n<p>Se credete di poter beneficiare delle sinergie che una rete pu\u00f2 fornire, e se pensate che alcune delle vostre idee fresche e non convenzionali debbano essere fuse insieme all'esperienza di oltre 30 anni di traslochi, avete trovato la fonte giusta. <\/p>\n<p>Per saperne di pi\u00f9 sulle tecnologie chiave e sugli altri vantaggi a cui hanno accesso tutti i partner Eurovan, contattate Tobia Crisostomo. Sar\u00e0 lieto di rispondere a qualsiasi domanda sui vantaggi di diventare un partner Eurovan e di aiutarvi a intraprendere la strada verso una maggiore visibilit\u00e0 e flessibilit\u00e0 nel settore dei traslochi.<\/p><\/blockquote>\n<p>EUROVAN - La rete dei traslochi internazionali<br \/>\nTobia Crisostomo<br \/>\nNeckarauer Stra\u00dfe 35\/41<br \/>\nD-68199 Mannheim, Germania<br \/>\nTel: +49(0)621-3 97 40 93<br \/>\nFax: +49(0)621-3 97 40 94<br \/>\nEmail: crisostomo@eurovan.com<\/p>\n<p><strong>Esempi di aziende membri<\/strong><\/p>\n<ul>\n<li> <a href=\"https:\/\/moverdb.com\/it\/movecorp\/\">Movecorp<\/a><\/li>\n<\/ul>\n<p><strong>Opinioni su Eurovan International Movers Network<\/strong><\/p>\n<p>Eurovan Movers non appare cos\u00ec frequentemente online - non sorprende dato il suo numero limitato di \"partner\" - ma c'\u00e8 <a href=\"http:\/\/www.centralmoves.co.uk\/removal-solutions\/uk-removals\/\" target=\"_blank\" rel=\"noopener\">sono una coppia<\/a> di imprese che <a href=\"http:\/\/pegasusmoving.fi\/cr3ativsponsor\/eurovan-the-european-movers-network\" target=\"_blank\" rel=\"noopener\">menzionarlo<\/a>. <\/p>\n<p>Ci sono <a href=\"http:\/\/www.complaintsboard.com\/complaints\/eurovan-movers-c292449.html\" target=\"_blank\" rel=\"noopener\">un certo numero di<\/a> <a href=\"http:\/\/panamainternationalmovers.blogspot.co.uk\" target=\"_blank\" rel=\"noopener\">recensioni negative<\/a> per il <a href=\"https:\/\/moverdb.com\/it\/moving-to-panama\/\" data-internallinksmanager029f6b8e52c=\"432\" title=\"Trasferirsi a Panama? 2026 Costi di vita e consigli per il trasferimento\">Panama<\/a> partner del gruppo - responsabile di un'esperienza negativa, di oggetti rubati e danneggiati. <\/p>\n<p>Ora non c'\u00e8 nessun partner di Panama elencato sul sito web di Eurovan Movers, quindi pu\u00f2 essere che la partnership sia stata sciolta dopo le denunce. <a href=\"https:\/\/moverdb.com\/it\/organizzazioni-associazioni\/\">Eurovan \u00e8 elencato come uno<\/a> delle \"pi\u00f9 importanti organizzazioni internazionali di traslochi e spedizioni, associazioni, schemi, corporazioni, consigli ecc.\" insieme a organizzazioni come <a href=\"https:\/\/moverdb.com\/it\/british-association-of-removers\/\" data-internallinksmanager029f6b8e52c=\"9\" title=\"La British Association of Removers (BAR) spiegata\">Associazione britannica dei traslocatori<\/a>.<\/p>\n<p><strong>Sito web:<\/strong> <a href=\"http:\/\/www.eurovan.com\/\" target=\"_blank\" rel=\"noopener\">http:\/\/www.eurovan.com\/<\/a><\/p>","protected":false},"excerpt":{"rendered":"<p>Eurovan International Movers Network (EM) is a network of independent local movers based in Germany. The network is designed to respond to the need to be able to provide consistent levels of service for international moves that may cross several countries. Key facts about Eurovan International Movers Network: Where a move is taking place entirely [&hellip;]<\/p>\n","protected":false},"author":1,"featured_media":0,"parent":0,"menu_order":0,"comment_status":"closed","ping_status":"closed","template":"","meta":{"_genesis_hide_title":false,"_genesis_hide_breadcrumbs":false,"_genesis_hide_singular_image":false,"_genesis_hide_footer_widgets":false,"_genesis_custom_body_class":"","_genesis_custom_post_class":"","_genesis_layout":"","footnotes":""},"class_list":{"0":"post-449","1":"page","2":"type-page","3":"status-publish","5":"entry"},"_links":{"self":[{"href":"https:\/\/moverdb.com\/it\/wp-json\/wp\/v2\/pages\/449","targetHints":{"allow":["GET"]}}],"collection":[{"href":"https:\/\/moverdb.com\/it\/wp-json\/wp\/v2\/pages"}],"about":[{"href":"https:\/\/moverdb.com\/it\/wp-json\/wp\/v2\/types\/page"}],"author":[{"embeddable":true,"href":"https:\/\/moverdb.com\/it\/wp-json\/wp\/v2\/users\/1"}],"replies":[{"embeddable":true,"href":"https:\/\/moverdb.com\/it\/wp-json\/wp\/v2\/comments?post=449"}],"version-history":[{"count":7,"href":"https:\/\/moverdb.com\/it\/wp-json\/wp\/v2\/pages\/449\/revisions"}],"predecessor-version":[{"id":6205,"href":"https:\/\/moverdb.com\/it\/wp-json\/wp\/v2\/pages\/449\/revisions\/6205"}],"wp:attachment":[{"href":"https:\/\/moverdb.com\/it\/wp-json\/wp\/v2\/media?parent=449"}],"curies":[{"name":"wp","href":"https:\/\/api.w.org\/{rel}","templated":true}]}}