{"id":448,"date":"2016-07-04T14:52:09","date_gmt":"2016-07-04T14:52:09","guid":{"rendered":"http:\/\/moverdb.com\/?page_id=448"},"modified":"2026-01-08T13:18:20","modified_gmt":"2026-01-08T13:18:20","slug":"freight-transport-association","status":"publish","type":"page","link":"https:\/\/moverdb.com\/it\/freight-transport-association\/","title":{"rendered":"L'associazione del trasporto merci (FTA) spiegata"},"content":{"rendered":"<p>La Freight Transport Association (FTA) \u00e8 stata creata per rappresentare gli interessi di <a href=\"https:\/\/moverdb.com\/it\/compagnie-di-navigazione\/\">aziende di logistica<\/a>, sia che si muovano merci via mare, aria, strada o ferrovia. \u00c8 stata coinvolta in campagne di alto profilo su questioni come la tassa sul carburante e le licenze.<\/p>\n<p><strong>Fatti salienti dell'ALS:<\/strong><\/p>\n<ul>\n<li>  La FTA pu\u00f2 rintracciare le sue radici nel 1889.<\/li>\n<li>  I membri dell'FTA gestiscono pi\u00f9 di 200.000 autocarri, quasi la met\u00e0 del totale dei camion. <a href=\"https:\/\/moverdb.com\/it\/moving-to-the-uk\/\" data-internallinksmanager029f6b8e52c=\"93\" title=\"Trasferirsi nel Regno Unito? 2026 Costi di vita e consigli per il trasferimento\">REGNO UNITO<\/a> flotta.<\/li>\n<li>  I membri consegnano oltre 90% di merci spostate su rotaia.<\/li>\n<li>  I membri della FTA sono responsabili del 70% delle esportazioni visibili del Regno Unito via mare e aria.<\/li>\n<li>  La FTA ha pi\u00f9 di 15.000 membri ed \u00e8 la pi\u00f9 grande associazione commerciale di trasporto nel Regno Unito.<\/li>\n<li>  I 360 collaboratori della FTA gestiscono pi\u00f9 di 50.000 richieste dei membri ogni anno.<\/li>\n<li>  L'adesione alla FTA \u00e8 limitata a <a href=\"https:\/\/moverdb.com\/it\/international-removals\/\">Aziende del Regno Unito<\/a>.<\/li>\n<\/ul>\n<p><strong>Profilo dell'associazione del trasporto merci:<\/strong><\/p>\n<p>La FTA definisce la sua missione come \"logistica sicura, sostenibile ed efficiente\". Ha una serie di ruoli diversi, compresa la rappresentanza dei membri a livello locale, nazionale ed europeo e la campagna di sensibilizzazione dell'industria logistica. <\/p>\n<p>La FTA assicura anche che i membri siano aggiornati sui pi\u00f9 recenti requisiti di conformit\u00e0 per le loro imprese e fornisce un'ampia selezione di programmi di formazione che sono progettati per aiutare ad aumentare gli standard e migliorare le condizioni di lavoro. <\/p>\n<p>Inoltre, la FTA \u00e8 una fonte di informazioni sul settore che rappresenta, producendo rapporti su argomenti come il funzionamento dell'industria logistica e le sfide che affronta. <\/p>\n<p>I benefici dei membri includono briefing e guide di conformit\u00e0, un servizio di recupero veicoli a pagamento e un elenco di fornitori online.<\/p>\n<p>Le categorie di membri includono:<\/p>\n<ul>\n<li> Iscrizione dell'operatore del veicolo<\/li>\n<li> Iscrizione come operatore non automobilistico<\/li>\n<li> Iscrizione passeggeri<\/li>\n<li> Membri dell'autorit\u00e0 locale<\/li>\n<li> Membri dell'autorit\u00e0 statutaria<\/li>\n<li> Membri del ramo<\/li>\n<\/ul>\n<p><strong>Criteri per l'adesione:<\/strong><\/p>\n<p>La FTA offre i diversi tipi di appartenenza elencati di seguito. Non ci sono criteri forniti su chi pu\u00f2 diventare membro, ma le aziende devono rientrare nella definizione di una delle attivit\u00e0 di seguito elencate e accettare i termini dello statuto della Freight Transport Association Ltd. <\/p>\n<p>Per ogni categoria di membri sono richieste alcune informazioni aggiuntive a sostegno della domanda, come indicato di seguito.<\/p>\n<ul>\n<li> Iscrizione dell'operatore del veicolo - numero di veicoli gestiti e natura dell'attivit\u00e0.<\/li>\n<li> Iscrizione come operatore non automobilistico - natura dell'attivit\u00e0.<\/li>\n<li> Abbonamento passeggeri - fatturato annuo, natura dell'attivit\u00e0, numero di veicoli gestiti.<\/li>\n<li> Appartenenza alle autorit\u00e0 locali - numero di veicoli gestiti e popolazione della regione servita dall'autorit\u00e0 locale.<\/li>\n<li> Membri dell'autorit\u00e0 statutaria - numero di veicoli gestiti e popolazione della regione servita dall'autorit\u00e0.<\/li>\n<li> Appartenenza alla filiale - numero di veicoli gestiti, natura dell'attivit\u00e0.<\/li>\n<\/ul>\n<p><strong>Esempi di aziende membri<\/strong><\/p>\n<ul>\n<li> <a href=\"https:\/\/moverdb.com\/it\/shore-porters-society\/\">Societ\u00e0 dei portatori di terra<\/a><\/li>\n<li> <a href=\"https:\/\/moverdb.com\/it\/movecorp\/\">Movecorp<\/a><\/li>\n<\/ul>\n<p><strong>Opinioni sulla FTA:<\/strong><\/p>\n<p>La FTA ha il sostegno di grandi nomi dell'industria - come PWC che mette il suo nome sull'annuale <a href=\"http:\/\/www.pwc.co.uk\/industries\/transport-logistics\/fta-logistics-report-2014.html\" target=\"_blank\" rel=\"noopener\">Rapporto sulla logistica dell'Associazione del trasporto merci<\/a> e descrive la FTA come \"una delle pi\u00f9 grandi associazioni commerciali del Regno Unito\".<\/p>\n<p>La FTA \u00e8 menzionata come partner del <a href=\"http:\/\/www.csrf.ac.uk\/partner\/freight-transport-association\/\" target=\"_blank\" rel=\"noopener\">Centro per il trasporto stradale sostenibile<\/a> e le collaborazioni appaiono attraverso questioni correlate, come lo sviluppo di una parziale <a href=\"http:\/\/www.osapartnershipgroup.co.uk\/campaign2-fta.html\" target=\"_blank\" rel=\"noopener\">Certificato di competenza professionale<\/a> con il Gruppo per l'apnea ostruttiva del sonno. La FTA \u00e8 menzionata su <a href=\"http:\/\/www.lombard.co.uk\/our-expertise\/commercial-transportation\/industry-associations\/fta\" target=\"_blank\" rel=\"noopener\">i siti web di un certo numero<\/a> dei suoi membri e viene citato spesso quando c'\u00e8 una questione che rappresenta l'industria logistica.<\/p>\n<p><strong>Sito web:<\/strong> <a href=\"http:\/\/www.fta.co.uk\/\" target=\"_blank\" rel=\"noopener\">http:\/\/www.fta.co.uk\/<\/a><\/p>\n<p><strong>Per saperne di pi\u00f9 sulla spedizione vedi:<\/strong> <a href=\"https:\/\/moverdb.com\/it\/container-shipping\/\">Tariffe e costi di spedizione dei container internazionali 2018<\/a> e <a href=\"https:\/\/moverdb.com\/it\/spedizioniere\/\">Spedizioniere e NVOCC Guida ai costi e alle societ\u00e0 internazionali<\/a><\/p>","protected":false},"excerpt":{"rendered":"<p>The Freight Transport Association (FTA) was set up to represent the interests of logistics companies, whether they are moving goods by sea, air, road or rail. It has been involved in high profile campaigns on issues such as fuel duty and licensing. Key facts about the FTA: The FTA can trace its roots back to [&hellip;]<\/p>\n","protected":false},"author":1,"featured_media":0,"parent":0,"menu_order":0,"comment_status":"closed","ping_status":"closed","template":"","meta":{"_genesis_hide_title":false,"_genesis_hide_breadcrumbs":false,"_genesis_hide_singular_image":false,"_genesis_hide_footer_widgets":false,"_genesis_custom_body_class":"","_genesis_custom_post_class":"","_genesis_layout":"","footnotes":""},"class_list":{"0":"post-448","1":"page","2":"type-page","3":"status-publish","5":"entry"},"_links":{"self":[{"href":"https:\/\/moverdb.com\/it\/wp-json\/wp\/v2\/pages\/448","targetHints":{"allow":["GET"]}}],"collection":[{"href":"https:\/\/moverdb.com\/it\/wp-json\/wp\/v2\/pages"}],"about":[{"href":"https:\/\/moverdb.com\/it\/wp-json\/wp\/v2\/types\/page"}],"author":[{"embeddable":true,"href":"https:\/\/moverdb.com\/it\/wp-json\/wp\/v2\/users\/1"}],"replies":[{"embeddable":true,"href":"https:\/\/moverdb.com\/it\/wp-json\/wp\/v2\/comments?post=448"}],"version-history":[{"count":11,"href":"https:\/\/moverdb.com\/it\/wp-json\/wp\/v2\/pages\/448\/revisions"}],"predecessor-version":[{"id":6213,"href":"https:\/\/moverdb.com\/it\/wp-json\/wp\/v2\/pages\/448\/revisions\/6213"}],"wp:attachment":[{"href":"https:\/\/moverdb.com\/it\/wp-json\/wp\/v2\/media?parent=448"}],"curies":[{"name":"wp","href":"https:\/\/api.w.org\/{rel}","templated":true}]}}