{"id":447,"date":"2016-07-05T14:22:52","date_gmt":"2016-07-05T14:22:52","guid":{"rendered":"http:\/\/moverdb.com\/?page_id=447"},"modified":"2026-01-08T14:48:21","modified_gmt":"2026-01-08T14:48:21","slug":"fedemac","status":"publish","type":"page","link":"https:\/\/moverdb.com\/it\/fedemac\/","title":{"rendered":"Spiegazione della Federation of European Movers Association (FEDEMAC)"},"content":{"rendered":"<p>La Federation of European Movers Association (FEDEMAC) \u00e8 un organismo europeo che \u00e8 stato istituito per promuovere l'industria dei traslochi a livello europeo. I suoi membri sono principalmente associazioni nazionali di traslochi.<\/p>\n<p><strong>Fatti salienti sulla FEDEMAC<\/strong><\/p>\n<ul>\n<li>  La FEDEMAC \u00e8 composta da associazioni nazionali di traslochi situate in Europa.<\/li>\n<li>  La FEDEMAC rappresenta gli interessi di circa 3.000 professionisti <a href=\"https:\/\/moverdb.com\/it\/moving-companies\/\" data-internallinksmanager029f6b8e52c=\"79\" title=\"Le 25 migliori aziende di traslochi internazionali online\">aziende di traslochi<\/a>.<\/li>\n<li>  I membri hanno sede in 26 Paesi europei, 24 dei quali sono Stati membri dell'UE. <a href=\"https:\/\/moverdb.com\/it\/moving-to-switzerland\/\" data-internallinksmanager029f6b8e52c=\"327\" title=\"Trasferirsi in Svizzera? 2026 Costi di vita e consigli per il trasferimento\">Svizzera<\/a> e <a href=\"https:\/\/moverdb.com\/it\/moving-to-norway\/\" data-internallinksmanager029f6b8e52c=\"325\" title=\"Trasferirsi in Norvegia? 2026 Costi di vita e consigli per il trasferimento\">Norvegia<\/a> sono rappresentati anche dalla FEDEMAC.<\/li>\n<li>  La FEDEMAC \u00e8 amministrata da un'assemblea generale che si riunisce una volta all'anno ed \u00e8 composta dai rappresentanti dei membri della FEDEMAC (associazioni aderenti e aziende affiliate direttamente).<\/li>\n<li>  Gran parte del lavoro della FEDEMAC consiste nel promuovere gli interessi dei membri al Parlamento europeo e alla Commissione.<\/li>\n<\/ul>\n<p><strong>Profilo della Federation of European Movers Association:<\/strong><\/p>\n<p>Lo scopo della FEDEMAC \u00e8 quello di rappresentare l'industria del mobile in Europa, le sue preoccupazioni, i suoi bisogni e il suo scopo. \u00c8 stata anche progettata per aiutare a coordinare le attivit\u00e0 dei suoi membri per creare il massimo impatto in Europa. <\/p>\n<p>Gran parte del lavoro riguarda la presentazione degli interessi dei membri al Parlamento europeo e alla Commissione, nonch\u00e9 il collegamento tra le associazioni nazionali di traslochi e altre organizzazioni commerciali. <\/p>\n<p>I membri della FEDEMAC sono per lo pi\u00f9 associazioni nazionali di traslochi (per esempio <a href=\"https:\/\/moverdb.com\/it\/international-removals\/\" target=\"_blank\" rel=\"noopener\">nel Regno Unito<\/a>il membro \u00e8 il <a href=\"https:\/\/moverdb.com\/it\/british-association-of-removers\/\" target=\"_blank\" rel=\"noopener\">Associazione britannica dei traslocatori<\/a>), tuttavia, \u00e8 anche possibile per singole aziende qualificate di traslochi diventare Affiliati Diretti della FEDEMAC dove non esiste un'associazione o esiste un'associazione ma non \u00e8 interessata all'adesione alla FEDEMAC. <\/p>\n<p>Parte del ruolo della FEDEMAC \u00e8 quello di mantenere i membri aggiornati sulla politica europea e offre una serie di risorse attraverso il suo sito web per fare questo, cos\u00ec come una serie di pubblicazioni per i membri, un elenco e una conferenza annuale.<\/p>\n<p><strong>Criteri per l'adesione:<\/strong><\/p>\n<p>L'adesione avviene tramite un'associazione nazionale - quelli che si trovano nel <a href=\"https:\/\/moverdb.com\/it\/moving-to-the-uk\/\" data-internallinksmanager029f6b8e52c=\"93\" title=\"Trasferirsi nel Regno Unito? 2026 Costi di vita e consigli per il trasferimento\">REGNO UNITO<\/a> che desiderano far parte della FEDEMAC devono iscriversi alla British Association of Movers.<br \/>\nPer la maggior parte dei paesi, l'adesione avviene attraverso un'associazione nazionale di traslochi.<\/p>\n<p><strong>Esempi di aziende membri<\/strong><\/p>\n<ul>\n<li> <a href=\"https:\/\/moverdb.com\/it\/matthew-james\/\">Matthew James - Trasferimenti globali<\/a><\/li>\n<li> <a href=\"https:\/\/moverdb.com\/it\/movecorp\/\">Movecorp<\/a><\/li>\n<li> <a href=\"https:\/\/moverdb.com\/it\/pearson\/\">Spostamento casa Pearson<\/a><\/li>\n<li> <a href=\"https:\/\/moverdb.com\/it\/simpsons-removals\/\">Traslochi e deposito Simpsons<\/a><\/li>\n<li> <a href=\"https:\/\/moverdb.com\/it\/abels-removals\/\">Servizi di trasloco Abels<\/a><\/li>\n<li> <a href=\"https:\/\/moverdb.com\/it\/eagle-relocations\/\">Traslochi dell'Aquila<\/a><\/li>\n<li> <a href=\"https:\/\/moverdb.com\/it\/btr-international\/\">BTR Internazionale<\/a><\/li>\n<li> <a href=\"https:\/\/moverdb.com\/it\/fn-removals\/\">F&amp;N Worldwide Removals<\/a><\/li>\n<li> <a href=\"https:\/\/moverdb.com\/it\/bolliger\/\">Bolliger<\/a><\/li>\n<li> <a href=\"https:\/\/moverdb.com\/it\/gil-stauffer\/\">Gil Stauffer<\/a><\/li>\n<li> <a href=\"https:\/\/moverdb.com\/it\/teletrans\/\">Teletrans<\/a><\/li>\n<\/ul>\n<p><strong>Opinioni su FEDEMAC<\/strong><\/p>\n<p>La FEDEMAC \u00e8 ovviamente molto apprezzata da coloro che <a href=\"http:\/\/www.abels.co.uk\/articles\/fedemac-federation-of-european-movers-associations-what-does-this-mean\/\" target=\"_blank\" rel=\"noopener\">che lo menzionano<\/a> e considerato un ruolo importante nel rappresentare gli interessi dei traslocatori europei. Alcuni traslocatori indicano che sono un membro individuale, piuttosto che essere un membro attraverso l'Associazione Britannica dei Traslocatori. Altri si elencano come accreditati dalla FEDEMAC, cosa che l'organizzazione non fa.<\/p>\n<p><strong>Sito web:<\/strong> <a href=\"https:\/\/www.fedemac.eu\" target=\"_blank\" rel=\"noopener\">https:\/\/www.fedemac.eu<\/a><\/p>","protected":false},"excerpt":{"rendered":"<p>The Federation of European Movers Association (FEDEMAC) is a European body that has been established to promote the moving industry on a European level. Its membership is predominantly made up of national moving associations. Key facts about FEDEMAC FEDEMAC membership is made up of National Moving Associations located in Europe. FEDEMAC represents the interests of [&hellip;]<\/p>\n","protected":false},"author":1,"featured_media":0,"parent":0,"menu_order":0,"comment_status":"closed","ping_status":"closed","template":"","meta":{"_genesis_hide_title":false,"_genesis_hide_breadcrumbs":false,"_genesis_hide_singular_image":false,"_genesis_hide_footer_widgets":false,"_genesis_custom_body_class":"","_genesis_custom_post_class":"","_genesis_layout":"","footnotes":""},"class_list":{"0":"post-447","1":"page","2":"type-page","3":"status-publish","5":"entry"},"_links":{"self":[{"href":"https:\/\/moverdb.com\/it\/wp-json\/wp\/v2\/pages\/447","targetHints":{"allow":["GET"]}}],"collection":[{"href":"https:\/\/moverdb.com\/it\/wp-json\/wp\/v2\/pages"}],"about":[{"href":"https:\/\/moverdb.com\/it\/wp-json\/wp\/v2\/types\/page"}],"author":[{"embeddable":true,"href":"https:\/\/moverdb.com\/it\/wp-json\/wp\/v2\/users\/1"}],"replies":[{"embeddable":true,"href":"https:\/\/moverdb.com\/it\/wp-json\/wp\/v2\/comments?post=447"}],"version-history":[{"count":21,"href":"https:\/\/moverdb.com\/it\/wp-json\/wp\/v2\/pages\/447\/revisions"}],"predecessor-version":[{"id":6209,"href":"https:\/\/moverdb.com\/it\/wp-json\/wp\/v2\/pages\/447\/revisions\/6209"}],"wp:attachment":[{"href":"https:\/\/moverdb.com\/it\/wp-json\/wp\/v2\/media?parent=447"}],"curies":[{"name":"wp","href":"https:\/\/api.w.org\/{rel}","templated":true}]}}