{"id":446,"date":"2016-06-21T20:49:19","date_gmt":"2016-06-21T20:49:19","guid":{"rendered":"http:\/\/moverdb.com\/?page_id=446"},"modified":"2026-01-08T15:20:34","modified_gmt":"2026-01-08T15:20:34","slug":"rios","status":"publish","type":"page","link":"https:\/\/moverdb.com\/it\/rios\/","title":{"rendered":"Spiegazione del Removals Industry Ombudsman Scheme (RIOS)"},"content":{"rendered":"<p>Il Removal Industry Ombudsman Scheme (RIOS) si occupa dei reclami che vengono fatti sulle imprese del settore dei traslochi. Offre un servizio indipendente per risolvere le controversie tra le aziende associate e i loro clienti.<\/p>\n<p><strong>Fatti salienti su RIOS:<\/strong><\/p>\n<ul>\n<li>  Tutti i reclami esaminati tramite RIOS sono gratuiti.<\/li>\n<li>  RIOS \u00e8 disponibile per <a href=\"https:\/\/moverdb.com\/it\/moving-to-the-uk\/\" data-internallinksmanager029f6b8e52c=\"93\" title=\"Trasferirsi nel Regno Unito? 2026 Costi di vita e consigli per il trasferimento\">REGNO UNITO<\/a> cittadini.<\/li>\n<li>  I cittadini britannici possono usare il servizio gratuito per lamentarsi di un problema in corso con traslochi domestici o commerciali e societ\u00e0 di stoccaggio che sono membri del sistema Ombudsman.<\/li>\n<li>  Le conclusioni dell'ombudsman sono vincolanti per il <a href=\"https:\/\/moverdb.com\/it\/international-removals\/\" target=\"_blank\" rel=\"noopener\">societ\u00e0 di traslochi<\/a>ma non sul consumatore.<\/li>\n<li>  L'attuale difensore civico \u00e8 Tony Kaye, nominato nel giugno 2015. Egli \u00e8 indipendente da qualsiasi <a href=\"https:\/\/moverdb.com\/it\/international-removals\/\" data-internallinksmanager029f6b8e52c=\"27\" title=\"36 Migliori aziende di traslochi internazionali del Regno Unito\">societ\u00e0 di traslochi<\/a> o organizzazione.<\/li>\n<li> Il <a href=\"https:\/\/moverdb.com\/it\/ngrs\/\">Gilda Nazionale dei Traslochi e dei Magazzinieri<\/a> \u00e8 attualmente il membro principale.<\/li>\n<\/ul>\n<p><strong>Profilo del Removals Industry Ombudsman Scheme:<\/strong><\/p>\n<p>RIOS offre un modo per risolvere le controversie all'interno dell'industria da parte di un organismo indipendente. Queste controversie possono coinvolgere sia i consumatori domestici che le organizzazioni commerciali. Lo schema agisce come un arbitro indipendente, trattando le controversie che non possono essere risolte, o tra le parti stesse o attraverso un altro organismo del settore.<\/p>\n<p>Ci sono regole relativamente severe sui tipi di reclami che RIOS pu\u00f2 e non pu\u00f2 trattare - per esempio, i reclami che sono gi\u00e0 oggetto di un'azione legale non saranno trattati. <\/p>\n<p>I problemi relativi a questioni come i ritardi, la mancata fornitura del servizio promesso, le spese eccessive rispetto a quanto concordato o le accuse di condotta non professionale sono tutte di competenza del RIOS. <\/p>\n<p>Se i consumatori vogliono fare un reclamo, questo deve essere fatto prima all'azienda in questione - se non pu\u00f2 essere risolto, allora pu\u00f2 essere trasferito a RIOS.<\/p>\n<p><strong>Criteri per l'adesione:<\/strong><\/p>\n<p>Questi non sono elencati sul sito web ma descritti come un contratto che i membri dello schema devono firmare e che stabilisce tutti i criteri. Tuttavia, la cosa pi\u00f9 importante \u00e8 che i membri sono governati da un codice di pratica amichevole per il cliente, ispezioni annuali indipendenti, monitoraggio continuo della qualit\u00e0 e il loro accordo a rispettare le decisioni dell'Ombudsman nelle controversie con i clienti.<\/p>\n<p><strong>Esempi di aziende membri<\/strong><\/p>\n<ul>\n<li> <a href=\"https:\/\/moverdb.com\/it\/movecorp\/\">Movecorp<\/a><\/li>\n<\/ul>\n<p><strong>Opinioni su RIOS:<\/strong><\/p>\n<p>L'indipendenza di RIOS \u00e8 uno degli elementi che risalta di pi\u00f9 quando appare sui siti web dei membri. Quelli che lo menzionano lo fanno come un modo per rassicurare che i clienti hanno un modo di fare reclami che non implica necessariamente solo trattare con l'azienda o l'industria. <\/p>\n<p>L'adesione al sistema RIOS \u00e8 elencata come un accreditamento e un modo per differenziare le imprese dalla concorrenza. L'appartenenza a RIOS \u00e8 anche descritta come un indicatore che un'impresa \u00e8 conforme a standard elevati di protezione dei consumatori.<\/p>\n<blockquote><p>Il Removals Industry Ombudsman Scheme \u00e8 stato istituito per fornire all'industria dei traslochi un servizio indipendente per risolvere le controversie tra le aziende associate e i loro clienti, sia consumatori domestici che organizzazioni commerciali, se il servizio di conciliazione fornito dalla National Guild of Removers &amp; Storers non ha prodotto una conclusione soddisfacente.\n<\/p><\/blockquote>\n<p>- <a href=\"http:\/\/www.ngrs.co.uk\/ombudsman-scheme\/\" target=\"_blank\" rel=\"noopener\">Gilda Nazionale dei Traslochi e dei Magazzinieri<\/a><\/p>\n<blockquote><p>Non ci sono leggi nel Regno Unito su chi pu\u00f2 avviare un'attivit\u00e0 di trasloco. Voi, comunque, dovete sapere che state affidando la vostra casa e i vostri beni preziosi a un traslocatore che soddisfa alti standard di protezione dei consumatori. Il miglior indicatore di questo \u00e8 cercare un membro di The Removals Industry Ombudsman Scheme (RIOS) e solo la GUILD insiste che tutti i suoi membri rispettino le regole dell'Ombudsman Scheme.<\/p><\/blockquote>\n<p>- <a href=\"http:\/\/www.moveit-essex.co.uk\/news\/yjpleijb5i.html\" target=\"_blank\" rel=\"noopener\">Traslochi<\/a> <\/p>\n<blockquote><p>Gli Ombudsman Schemes sono stati istituiti per fornire ai clienti una procedura di reclamo indipendente e imparziale. Il Removals Industry Ombudsman Scheme \u00e8 un membro a pieno titolo della British and Irish Ombudsman Association, insieme al ben noto Financial Ombudsman Service, Parliamentary and Health Service Ombudsman, e altri 17 schemi nel solo Regno Unito.<\/p><\/blockquote>\n<p>- <a href=\"http:\/\/www.uptonsremovals.com\/moving-you\/local-domestic-moves\/\" target=\"_blank\" rel=\"noopener\">Traslochi Glyn Upton<\/a><\/p>\n<p><strong>Sito web:<\/strong> <a href=\"http:\/\/removalsombudsman.co.uk\/\" target=\"_blank\" rel=\"noopener\">http:\/\/removalsombudsman.co.uk\/<\/a><\/p>","protected":false},"excerpt":{"rendered":"<p>The Removal Industry Ombudsman Scheme (RIOS) deals with complaints that are made about removals industry businesses. It offers an independent service to resolve disputes between member companies and their clients. Key facts about RIOS: All complaints investigated through RIOS are done so free of charge. RIOS is available to UK citizens. UK citizens can use [&hellip;]<\/p>\n","protected":false},"author":1,"featured_media":0,"parent":0,"menu_order":0,"comment_status":"closed","ping_status":"closed","template":"","meta":{"_genesis_hide_title":false,"_genesis_hide_breadcrumbs":false,"_genesis_hide_singular_image":false,"_genesis_hide_footer_widgets":false,"_genesis_custom_body_class":"","_genesis_custom_post_class":"","_genesis_layout":"","footnotes":""},"class_list":{"0":"post-446","1":"page","2":"type-page","3":"status-publish","5":"entry"},"_links":{"self":[{"href":"https:\/\/moverdb.com\/it\/wp-json\/wp\/v2\/pages\/446","targetHints":{"allow":["GET"]}}],"collection":[{"href":"https:\/\/moverdb.com\/it\/wp-json\/wp\/v2\/pages"}],"about":[{"href":"https:\/\/moverdb.com\/it\/wp-json\/wp\/v2\/types\/page"}],"author":[{"embeddable":true,"href":"https:\/\/moverdb.com\/it\/wp-json\/wp\/v2\/users\/1"}],"replies":[{"embeddable":true,"href":"https:\/\/moverdb.com\/it\/wp-json\/wp\/v2\/comments?post=446"}],"version-history":[{"count":9,"href":"https:\/\/moverdb.com\/it\/wp-json\/wp\/v2\/pages\/446\/revisions"}],"predecessor-version":[{"id":6231,"href":"https:\/\/moverdb.com\/it\/wp-json\/wp\/v2\/pages\/446\/revisions\/6231"}],"wp:attachment":[{"href":"https:\/\/moverdb.com\/it\/wp-json\/wp\/v2\/media?parent=446"}],"curies":[{"name":"wp","href":"https:\/\/api.w.org\/{rel}","templated":true}]}}