{"id":445,"date":"2016-06-21T20:35:30","date_gmt":"2016-06-21T20:35:30","guid":{"rendered":"http:\/\/moverdb.com\/?page_id=445"},"modified":"2026-01-08T14:47:36","modified_gmt":"2026-01-08T14:47:36","slug":"association-relocation-professionals","status":"publish","type":"page","link":"https:\/\/moverdb.com\/it\/association-relocation-professionals\/","title":{"rendered":"Associazione dei professionisti del trasferimento (ARP) spiegata"},"content":{"rendered":"<p>L'Associazione dei professionisti della ricollocazione (ARP) \u00e8 un organismo professionale per l'industria della ricollocazione nei Paesi Bassi. <a href=\"https:\/\/moverdb.com\/it\/moving-to-the-uk\/\" data-internallinksmanager029f6b8e52c=\"93\" title=\"Trasferirsi nel Regno Unito? 2026 Costi di vita e consigli per il trasferimento\">REGNO UNITO<\/a>. La sua missione non \u00e8 solo quella di rappresentare i suoi membri, ma anche di aiutarli a commercializzarsi e a crescere.<\/p>\n<p><strong>Fatti chiave dell'ARP:<\/strong><\/p>\n<ul>\n<li>  L'ARP \u00e8 l'organismo per i professionisti della ricollocazione nel Regno Unito.<\/li>\n<li>  L'Associazione dei professionisti del trasferimento \u00e8 stata formata nel 1986.<\/li>\n<li>  I membri dell'ARP hanno un'assicurazione completa di responsabilit\u00e0 civile professionale, pubblica e dei datori di lavoro per proteggere i clienti e i fornitori.<\/li>\n<li>  L'ARP ha una serie di regole di condotta che i membri devono rispettare, che includono regole su come il denaro dei clienti viene gestito e su come evitare false dichiarazioni.<\/li>\n<li>  Tutti i membri che offrono servizi di trasferimento devono dimostrare di aver aderito a un Property Redress Scheme e di aver firmato il Registro Antiriciclaggio dell'HMRC se sono coinvolti nell'acquisto di propriet\u00e0.<\/li>\n<li>  L'ARP \u00e8 un membro fondatore e sponsor della European Academy of Relocation Professionals (EARP), la prima organizzazione ad offrire qualifiche europee di formazione in relocation.<\/li>\n<\/ul>\n<p><strong>Profilo dell'Associazione dei professionisti del trasferimento:<\/strong><\/p>\n<p>L'ARP \u00e8 descritto come l'organismo professionale per le imprese di delocalizzazione nel Regno Unito e rappresenta una gamma di membri, dagli specialisti di delocalizzazione aziendale, ai cercatori di propriet\u00e0 e altri che forniscono servizi di delocalizzazione specializzati. <\/p>\n<p>L'ARP gestisce una formazione accreditata per i suoi membri - come parte della European Academy of Relocation Professionals (EARP), offre la qualifica Managing International Mobility (MIM) e la European Relocation Qualification (ERQ). <\/p>\n<p>L'ARP produce un elenco di membri che viene inviato a 6.000 manager delle risorse umane, direttori e HRO in tutto il Regno Unito, l'idea \u00e8 quella di aiutare a promuovere i membri e aiutarli a commercializzarsi meglio. <\/p>\n<p>L'ARP \u00e8 progettato per essere sia un impegno per le migliori pratiche, la soddisfazione del cliente e la professionalit\u00e0, sia un forum per lo scambio di idee in modo da contribuire a mantenere il settore in movimento.<\/p>\n<p><strong>Criteri per l'adesione:<\/strong><\/p>\n<p><u>Membro associato<\/u><\/p>\n<p>L'adesione all'ARP si applica a coloro che non si qualificano per l'adesione completa ed \u00e8 aperta alle aziende le cui attivit\u00e0 commerciali sono legate e il cui reddito \u00e8 derivato da individui privati o enti aziendali per la fornitura di servizi relativi al trasferimento.<\/p>\n<p>A <a href=\"https:\/\/moverdb.com\/it\/aziende-di-traslochi\/\">societ\u00e0 di trasferimento<\/a> \u00e8 considerata come qualsiasi organizzazione che offre una gamma di servizi progettati per facilitare la mobilit\u00e0 degli individui, o dei gruppi di individui e delle loro famiglie.<\/p>\n<p>Tali servizi possono essere forniti nell'area di partenza o di destinazione o in entrambe. L'adesione all'ARP \u00e8 intesa come un primo passo verso l'adesione completa e vi sar\u00e0 data tutta l'assistenza necessaria per ottenerla.<\/p>\n<p><u>Affiliato<\/u><\/p>\n<p>Per le aziende che forniscono servizi utilizzati dai professionisti del trasferimento, ma la cui attivit\u00e0 principale ha una base di clienti pi\u00f9 ampia.<\/p>\n<p><u>Iscrizione completa<\/u><\/p>\n<p>Per le aziende che hanno commerciato per pi\u00f9 di due anni.<\/p>\n<p>I membri associati sono tenuti a presentare delle referenze che vengono poi controllate e sottoposte al Comitato di Affiliazione dell'ARP per la verifica finale. I membri associati sono tenuti a seguire una formazione al primo livello del programma EARP prima di poter fare domanda per diventare membri a pieno titolo.<\/p>\n<p>I membri pieni devono essere in attivit\u00e0 da pi\u00f9 di due anni e devono presentare una domanda che includa le referenze di tre clienti.<\/p>\n<p><strong>Esempi di aziende membri<\/strong><\/p>\n<ul>\n<li> <a href=\"https:\/\/moverdb.com\/it\/sterling-relocation\/\">Trasferimento di Sterling<\/a><\/li>\n<li> <a href=\"https:\/\/moverdb.com\/it\/dt-moving\/\">Spostamento DT<\/a><\/li>\n<li> <a href=\"https:\/\/moverdb.com\/it\/btr-international\/\">BTR Internazionale<\/a><\/li>\n<\/ul>\n<p><strong>Opinioni sull'ARP:<\/strong><\/p>\n<p>L'ARP appare su numerosi siti web del Regno Unito ed \u00e8 descritto come l'organismo professionale che i fornitori di trasferimento d'oltremare nel Regno Unito. <\/p>\n<p>Essere un membro dell'ARP \u00e8 percepito come la dimostrazione che un'azienda di relocation soddisfa e supera gli standard industriali riconosciuti. Secondo <a href=\"http:\/\/www.bloomberg.com\/profiles\/companies\/1519530Z:LN-association-of-relocation-professionals\/\" target=\"_blank\" rel=\"noopener\">Bloomberg<\/a> la principale attivit\u00e0 dell'ARP <em>\"\u00e8 quello di promuovere e proteggere l'attivit\u00e0 e la professione degli agenti di trasferimento\".<\/em> Un certo numero di coloro che citano l'ARP sui loro siti web fanno notare che sta stabilendo degli standard per l'industria in termini di migliori pratiche, servizio clienti e professionalit\u00e0.<\/p>\n<blockquote><p>Incoraggiando le migliori pratiche all'interno dell'industria e con il compito di tenere i membri al passo con gli ultimi cambiamenti legislativi, dal riciclaggio di denaro alle case ad uso multiplo, la nostra adesione \u00e8 un impegno per voi che siamo all'avanguardia, e lo siamo stati per oltre 25 anni, della professione del trasferimento.<\/p><\/blockquote>\n<p>- <a href=\"http:\/\/scottsrelocation.co.uk\/association-of-relocation-professionals\" target=\"_blank\" rel=\"noopener\">Trasferimento di Scott<\/a><\/p>\n<blockquote><p>Come membro dell'Association of Relocation Professionals (ARP) i clienti di Source possono essere sicuri che il servizio fornito soddisfa e supera gli standard industriali riconosciuti.<\/p><\/blockquote>\n<p>-  <a href=\"http:\/\/www.source-relocation.co.uk\/index.aspx\" target=\"_blank\" rel=\"noopener\">Trasferimento della fonte<\/a><\/p>\n<blockquote><p>Composto da rappresentanti di tutti i settori dell'industria, il consiglio dirige il lavoro dell'Associazione dalle fondamenta, assicurando cos\u00ec che l'Associazione rimanga al centro dei cambiamenti nella delocalizzazione.<\/p>\n<p>I membri dell'ARP hanno un'assicurazione completa di responsabilit\u00e0 civile professionale, pubblica e dei datori di lavoro per proteggere i clienti e i fornitori.<\/p>\n<p>L'adesione all'ARP \u00e8 la prova di un impegno verso le migliori pratiche, la soddisfazione del cliente e la professionalit\u00e0.<\/p><\/blockquote>\n<p>- <a href=\"http:\/\/www.relocatecambridge.co.uk\/index.php\/arp\/\" target=\"_blank\" rel=\"noopener\">Trasferirsi a Cambridge<\/a><\/p>\n<p><strong>Sito web:<\/strong> <a href=\"http:\/\/www.arp-relocation.com\/\" target=\"_blank\" rel=\"noopener\">http:\/\/www.arp-relocation.com\/<\/a><\/p>","protected":false},"excerpt":{"rendered":"<p>The Association of Relocation Professionals (ARP) is a professional body for the relocation industry in the UK. Its mission is not just to represent its members but to help them market themselves and grow too. Key facts about the ARP: The ARP is the body for relocation professionals in the UK. The Association of Relocation [&hellip;]<\/p>\n","protected":false},"author":1,"featured_media":0,"parent":0,"menu_order":0,"comment_status":"closed","ping_status":"closed","template":"","meta":{"_genesis_hide_title":false,"_genesis_hide_breadcrumbs":false,"_genesis_hide_singular_image":false,"_genesis_hide_footer_widgets":false,"_genesis_custom_body_class":"","_genesis_custom_post_class":"","_genesis_layout":"","footnotes":""},"class_list":{"0":"post-445","1":"page","2":"type-page","3":"status-publish","5":"entry"},"_links":{"self":[{"href":"https:\/\/moverdb.com\/it\/wp-json\/wp\/v2\/pages\/445","targetHints":{"allow":["GET"]}}],"collection":[{"href":"https:\/\/moverdb.com\/it\/wp-json\/wp\/v2\/pages"}],"about":[{"href":"https:\/\/moverdb.com\/it\/wp-json\/wp\/v2\/types\/page"}],"author":[{"embeddable":true,"href":"https:\/\/moverdb.com\/it\/wp-json\/wp\/v2\/users\/1"}],"replies":[{"embeddable":true,"href":"https:\/\/moverdb.com\/it\/wp-json\/wp\/v2\/comments?post=445"}],"version-history":[{"count":7,"href":"https:\/\/moverdb.com\/it\/wp-json\/wp\/v2\/pages\/445\/revisions"}],"predecessor-version":[{"id":6177,"href":"https:\/\/moverdb.com\/it\/wp-json\/wp\/v2\/pages\/445\/revisions\/6177"}],"wp:attachment":[{"href":"https:\/\/moverdb.com\/it\/wp-json\/wp\/v2\/media?parent=445"}],"curies":[{"name":"wp","href":"https:\/\/api.w.org\/{rel}","templated":true}]}}