{"id":444,"date":"2016-06-18T20:35:52","date_gmt":"2016-06-18T20:35:52","guid":{"rendered":"http:\/\/moverdb.com\/?page_id=444"},"modified":"2026-01-08T14:48:15","modified_gmt":"2026-01-08T14:48:15","slug":"eura","status":"publish","type":"page","link":"https:\/\/moverdb.com\/it\/eura\/","title":{"rendered":"L'Associazione europea per la ricollocazione (EuRA) spiegata"},"content":{"rendered":"<p>La European Relocation Association (EuRA) promuove i vantaggi dei servizi di relocation e mobilit\u00e0 gestiti in modo professionale alle aziende con dipendenti in mobilit\u00e0 a livello globale. I suoi obiettivi includono l'affermarsi come la principale organizzazione di relocation in Europa e la definizione di parametri di riferimento per l'innovazione e le migliori pratiche.<\/p>\n<p><strong>Fatti salienti su EuRA:<\/strong><\/p>\n<ol>\n<li>  I membri dell'EuRA includono i fornitori di servizi di trasferimento, cos\u00ec come quelli che offrono servizi affiliati come il noleggio di mobili e la spedizione di beni per la casa.<\/li>\n<li>  L'EuRA Global Quality Seal \u00e8 il primo programma di accreditamento al mondo per i fornitori di servizi di relocation.<\/li>\n<li>  EuRA \u00e8 stata costituita nel 1998.<\/li>\n<li>  Lo scopo di EuRA \u00e8 principalmente educativo - fornire sia ai membri di EuRA che al pubblico informazioni sulla mobilit\u00e0 aziendale e sulle questioni che la circondano.<\/li>\n<li>  L'EuRA ha pi\u00f9 di 350 membri.<\/li>\n<li>  I membri dell'EuRA coprono pi\u00f9 di 50 paesi.<\/li>\n<\/ol>\n<p><strong>Profilo della European Relocation Association:<\/strong><\/p>\n<p>L'EuRA svolge una serie di funzioni per i suoi membri, tra cui l'offerta di formazione e consulenza e il sostegno ai professionisti del relocation. L'associazione fa anche pressione per conto dei membri, spingendo per cambiamenti e sviluppi che possono aiutare l'industria del relocation a crescere. <\/p>\n<p>\u00c8 anche una fonte d'informazione, che pubblica regolarmente sia all'esterno che all'interno, e si \u00e8 anche imposta come un think tank per la pianificazione e lo sviluppo futuro dell'industria. <\/p>\n<p>Fornire punti di riferimento per le migliori pratiche \u00e8 uno degli obiettivi chiave dell'EuRA ed \u00e8 cos\u00ec che si \u00e8 sviluppato l'EuRA Quality Global Seal, un programma di accreditamento per coloro che operano nel settore della relocation. <\/p>\n<p>Il Quality Global Seal \u00e8 un sistema di audit progettato per garantire che coloro che lo portano soddisfino determinati standard nella fornitura di servizi e nella gestione dei processi. \u00c8 aperto ai membri pieni, associati e mondiali dell'EuRA. <\/p>\n<p>EuRA \u00e8 stata inizialmente lanciata come risposta alla crescente domanda di un organismo industriale transfrontaliero in Europa e ora ha una portata enorme.<\/p>\n<p><strong>Criteri per l'adesione <\/strong><\/p>\n<p><u>Iscrizione completa<\/u><\/p>\n<p>L'adesione completa alla European Relocation Association \u00e8 aperta alle aziende le cui attivit\u00e0 commerciali sono legate a, e il cui reddito \u00e8 derivato da, individui privati o enti aziendali per la fornitura di servizi di trasferimento.<\/p>\n<p>Si considera societ\u00e0 di trasferimento qualsiasi organizzazione che offra una serie di servizi destinati a facilitare la mobilit\u00e0 di individui o gruppi di individui e delle loro famiglie. Tali servizi possono essere forniti nella zona di partenza o di destinazione o in entrambe.<\/p>\n<p>Criteri:<\/p>\n<ul>\n<li> Aver commerciato come <a href=\"https:\/\/moverdb.com\/it\/relocation-agents\/\" data-internallinksmanager029f6b8e52c=\"1\" title=\"7 motivi per cui dovresti usare un agente di trasferimento?\">Agente di trasferimento<\/a> da almeno due anni, deve essere fornita la prova della registrazione della societ\u00e0.<\/li>\n<li> Completare un questionario, fornendo i nomi e gli indirizzi di tre clienti per i quali \u00e8 stato eseguito un lavoro negli ultimi 12 mesi. Questi clienti saranno contattati da EuRA per le referenze.<\/li>\n<li> Fornire copie di tutto il materiale stampato, cos\u00ec come qualsiasi altra informazione che possa aiutare il Comitato di Affiliazione nel considerare la tua domanda.<\/li>\n<li> Fornire la prova che lei\/la sua azienda \u00e8 adeguatamente assicurata (nel suo paese d'origine).<\/li>\n<li> Fornire i brevi dettagli delle carriere di tutti i direttori o soci dello studio.<\/li>\n<li> Essere disponibile per il colloquio (nel suo paese d'origine).<\/li>\n<\/ul>\n<p><u>Membro associato<\/u><\/p>\n<p>L'adesione come membro associato della European Relocation Association \u00e8 aperta alle aziende che operano da meno di due anni. L'adesione come membro associato della European Relocation Association si applica a coloro che non si qualificano per l'adesione completa ed \u00e8 aperta alle aziende le cui attivit\u00e0 commerciali sono legate e il cui reddito \u00e8 derivato da individui privati o enti aziendali per la fornitura di servizi di delocalizzazione.<\/p>\n<p>Criteri:<\/p>\n<ul>\n<li> Essere in commercio o avere l'intenzione di commerciare come agente di trasferimento. Si prega di firmare la copia allegata e restituirla con la domanda.<\/li>\n<li> Compilare un questionario, fornendo i nomi e gli indirizzi di due referenze (sia membri a pieno titolo di EuRA, SNPRM, ARA, ABRA o professionisti riconosciuti a livello locale o una combinazione dei due) dove indicato.<\/li>\n<li> Fornire copie di tutto il materiale stampato, cos\u00ec come qualsiasi altra informazione che possa aiutare il Comitato di Affiliazione nel considerare la tua domanda.<\/li>\n<li> Fornire la prova che lei\/la sua azienda \u00e8 adeguatamente assicurata (nel suo paese d'origine).<\/li>\n<li> Fornire i brevi dettagli delle carriere di tutti i direttori o soci dello studio<\/li>\n<\/ul>\n<p><u>Affiliato<\/u><\/p>\n<p>L'affiliazione all'EuRA \u00e8 aperta alle aziende le cui attivit\u00e0 commerciali sono collegate e utilizzate dai fornitori di servizi di relocation.<\/p>\n<p>Criteri:<\/p>\n<ul>\n<li> Essere nominato come membro affiliato da un membro effettivo della European Relocation Association.<\/li>\n<li> Nel caso in cui un richiedente non conosca nessun membro dell'Associazione, pu\u00f2 comunque fare domanda di adesione. In questo caso, si prega di fornire i nomi e gli indirizzi di due referenze. La domanda sar\u00e0 poi considerata dal Consiglio dell'Associazione.<\/li>\n<\/ul>\n<p><u>Membri in tutto il mondo<\/u><\/p>\n<p>L'adesione all'EuRA a livello mondiale \u00e8 aperta alle aziende che forniscono servizi di trasferimento in qualsiasi area al di fuori dell'Europa continentale.<\/p>\n<p>L'adesione alla European Relocation Association \u00e8 aperta alle aziende le cui attivit\u00e0 commerciali sono legate e il cui reddito \u00e8 derivato da privati o enti aziendali per la fornitura di servizi di relocation.<\/p>\n<p>Si considera societ\u00e0 di trasferimento qualsiasi organizzazione che offra una serie di servizi destinati a facilitare la mobilit\u00e0 di individui o gruppi di individui e delle loro famiglie. Tali servizi possono essere forniti nella zona di partenza o di destinazione o in entrambe.<\/p>\n<p>Criteri:<\/p>\n<ul>\n<li> Per avere commerciato per almeno due anni, deve essere fornita la prova di aver completato una commissione, cio\u00e8 la prova della registrazione.<\/li>\n<li> Compilare un questionario, fornendo i nomi e gli indirizzi di due referenze (clienti per i quali si \u00e8 lavorato negli ultimi 12 mesi) e di un membro dell'EuRA. Queste referenze saranno contattate da EuRA<\/li>\n<li> Fornire copie di tutto il materiale stampato, cos\u00ec come qualsiasi altra informazione che possa aiutare il Comitato di Affiliazione nel considerare la tua domanda.<\/li>\n<li> Fornire la prova che lei\/la sua azienda \u00e8 adeguatamente assicurata (nel suo paese d'origine).<\/li>\n<li> Fornire i brevi dettagli delle carriere di tutti i direttori o soci dello studio.<\/li>\n<li> Essere disponibile per il colloquio (nel suo paese d'origine)<\/li>\n<\/ul>\n<p><strong>Esempi di aziende associate<\/strong><\/p>\n<ul>\n<li> <a href=\"https:\/\/moverdb.com\/it\/santa-fe-relocation\/\">Servizi di trasferimento di Santa Fe<\/a> <\/li>\n<li> <a href=\"https:\/\/moverdb.com\/it\/aires\/\">Aires<\/a><\/li>\n<li> <a href=\"https:\/\/moverdb.com\/it\/sterling-relocation\/\">Trasferimento di Sterling<\/a><\/li>\n<li> <a href=\"https:\/\/moverdb.com\/it\/robinsons\/\">Robinsons Relocation<\/a><\/li>\n<li> <a href=\"https:\/\/moverdb.com\/it\/dt-moving\/\">Spostamento DT<\/a><\/li>\n<li> <a href=\"https:\/\/moverdb.com\/it\/bournes\/\">Bournes<\/a><\/li>\n<li> <a href=\"https:\/\/moverdb.com\/it\/btr-international\/\">BTR Internazionale<\/a><\/li>\n<li> <a href=\"https:\/\/moverdb.com\/it\/packimpex\/\">Packimpex<\/a><\/li>\n<\/ul>\n<p><strong>Opinioni su EuRA<\/strong><\/p>\n<p>EuRA \u00e8 menzionata sui siti web di una variet\u00e0 di imprese (compresi i traslocatori e gli appartamenti serviti, per esempio) e spesso nel contesto della dimostrazione di come quell'impresa possa apportare ulteriori benefici al processo di delocalizzazione. <\/p>\n<p>La portata globale dell'associazione \u00e8 qualcosa che viene spesso evidenziata, cos\u00ec come il fatto che \u00e8 stata coinvolta nella definizione di standard di qualit\u00e0 per l'industria. Quando viene citata sui siti web, viene descritta come un \"ente industriale\" con un braccio educativo e un codice di condotta a cui tutti i membri devono aderire.<\/p>\n<blockquote><p>EURA \u00e8 un partner eccellente per aiutarci a raggiungere il nostro obiettivo di educare il mercato e mostrare come gli appartamenti serviti possano portare un vero beneficio nel processo di delocalizzazione.<\/p><\/blockquote>\n<p>- <a href=\"http:\/\/www.chevalresidences.com\/partners-eura.html\" target=\"_blank\" rel=\"noopener\">Residenze Cheval<\/a><\/p>\n<blockquote><p>\nIl ruolo e gli obiettivi di base dell'EuRA includono: migliorare e mantenere gli standard di qualit\u00e0 per l'industria, promuovere l'industria e consentire la formazione professionale continua all'interno dei membri. Tutto questo andr\u00e0 a beneficio del dipendente mobile e della sua famiglia e quando ci\u00f2 avverr\u00e0, allora noi come gruppo ne trarremo beneficio.<\/p><\/blockquote>\n<p>- <a href=\"http:\/\/www.globalbusinessnews.net\/\" target=\"_blank\" rel=\"noopener\">Notizie economiche globali<\/a><\/p>\n<blockquote><p>\nEuRA \u00e8 un organismo industriale per i professionisti della delocalizzazione sia in Europa che nel mondo. I fornitori di servizi di relocation sono tenuti a rispettare le regole di condotta dell'EuRA. <\/p><\/blockquote>\n<p>-  <a href=\"http:\/\/info.bournesmoves.com\/relocation-solutions\/blog\/relocation-moves\/bournes-removals-uk-join-eura\" target=\"_blank\" rel=\"noopener\">Rielezioni Bournes<\/a><\/p>\n<p><strong>Sito web:<\/strong> <a href=\"http:\/\/www.eura-relocation.com\/\" target=\"_blank\" rel=\"noopener\">http:\/\/www.eura-relocation.com\/<\/a><\/p>","protected":false},"excerpt":{"rendered":"<p>The European Relocation Association (EuRA) promotes the benefits of professionally managed relocation and mobility services to companies with globally mobile employees. Its aims include establishing itself as the premier relocation organisation in Europe and setting benchmarks for innovation and best practice. Key facts about EuRA: EuRA members include Relocation Service Providers, as well as those [&hellip;]<\/p>\n","protected":false},"author":1,"featured_media":0,"parent":0,"menu_order":0,"comment_status":"closed","ping_status":"closed","template":"","meta":{"_genesis_hide_title":false,"_genesis_hide_breadcrumbs":false,"_genesis_hide_singular_image":false,"_genesis_hide_footer_widgets":false,"_genesis_custom_body_class":"","_genesis_custom_post_class":"","_genesis_layout":"","footnotes":""},"class_list":{"0":"post-444","1":"page","2":"type-page","3":"status-publish","5":"entry"},"_links":{"self":[{"href":"https:\/\/moverdb.com\/it\/wp-json\/wp\/v2\/pages\/444","targetHints":{"allow":["GET"]}}],"collection":[{"href":"https:\/\/moverdb.com\/it\/wp-json\/wp\/v2\/pages"}],"about":[{"href":"https:\/\/moverdb.com\/it\/wp-json\/wp\/v2\/types\/page"}],"author":[{"embeddable":true,"href":"https:\/\/moverdb.com\/it\/wp-json\/wp\/v2\/users\/1"}],"replies":[{"embeddable":true,"href":"https:\/\/moverdb.com\/it\/wp-json\/wp\/v2\/comments?post=444"}],"version-history":[{"count":17,"href":"https:\/\/moverdb.com\/it\/wp-json\/wp\/v2\/pages\/444\/revisions"}],"predecessor-version":[{"id":6204,"href":"https:\/\/moverdb.com\/it\/wp-json\/wp\/v2\/pages\/444\/revisions\/6204"}],"wp:attachment":[{"href":"https:\/\/moverdb.com\/it\/wp-json\/wp\/v2\/media?parent=444"}],"curies":[{"name":"wp","href":"https:\/\/api.w.org\/{rel}","templated":true}]}}