{"id":443,"date":"2016-06-18T21:12:56","date_gmt":"2016-06-18T21:12:56","guid":{"rendered":"http:\/\/moverdb.com\/?page_id=443"},"modified":"2026-01-08T13:18:29","modified_gmt":"2026-01-08T13:18:29","slug":"harmony-relocation-network","status":"publish","type":"page","link":"https:\/\/moverdb.com\/it\/harmony-relocation-network\/","title":{"rendered":"Harmony Relocation Network (HRN) spiegato"},"content":{"rendered":"<p>L'Harmony Relocation Network (HRN) \u00e8 un gruppo di aziende partner che \u00e8 stato creato per costruire una rete paneuropea di relocation globale. L'integrazione di infrastrutture, tecnologia, qualit\u00e0 e sostenibilit\u00e0 \u00e8 progettata per produrre un servizio di alta qualit\u00e0 costante.<\/p>\n<p><strong>Fatti salienti su HRH:<\/strong><\/p>\n<ol>\n<li>  L'associazione \u00e8 composta da 140 membri in 60 paesi.<\/li>\n<li>  L'HRN serve 180 paesi in 6 continenti.<\/li>\n<li>  HRN \u00e8 stata lanciata nel 1992 e i 140 membri sono tutti comproprietari dell'azienda.<\/li>\n<li>  HRN \u00e8 stata fondata da aziende tedesche e olandesi prima di espandersi in <a href=\"https:\/\/moverdb.com\/it\/moving-to-australia\/living-in-australia\/\" data-internallinksmanager029f6b8e52c=\"240\" title=\"21 segreti su come vivere in Australia da conoscere prima di trasferirsi\">Australia<\/a> e Asia e poi Medio Oriente, America Latina e Africa.<\/li>\n<li>  Tra il 2002 e il 2015, HRN ha fatto parte dell'UniGroup Worldwide UTS con una <a href=\"https:\/\/moverdb.com\/it\/moving-to-the-united-states\/\" data-internallinksmanager029f6b8e52c=\"94\" title=\"Trasferirsi negli Stati Uniti? 2026 Costi di vita e consigli per il trasferimento\">US<\/a> Van Line.<\/li>\n<li>  HRN \u00e8 la pi\u00f9 grande rete globale a marchio comune di aziende di trasferimento.<\/li>\n<\/ol>\n<p><strong>Profilo di Harmony Relocation Network:<\/strong><\/p>\n<p>L'idea dietro l'HRN \u00e8 di combinare il meglio del patrimonio locale con una scala globale, fornendo un servizio di trasferimento alle aziende e agli individui che si sente locale ma ha una portata mondiale. <\/p>\n<p>I servizi offerti includono servizi di gestione del trasloco, operazioni di trasloco e servizi di destinazione. L'HRN ha sviluppato un proprio sistema informatico basato sul web, progettato per tenere informati i clienti e garantire che il processo sia il pi\u00f9 completo e coerente possibile - include capacit\u00e0 di reporting e tracciamento. <\/p>\n<p>L'integrazione della sostenibilit\u00e0 economica, ambientale e sociale \u00e8 importante per l'HRN, che la elenca come uno dei suoi pilastri principali per bilanciare persone, tecnologia e ambiente.<\/p>\n<p><strong>Criteri per l'adesione <\/strong><\/p>\n<p>Nessun criterio di adesione \u00e8 fornito sul sito web - c'\u00e8 solo una pagina di contatto.<\/p>\n<p><strong>Esempi di aziende membri<\/strong><\/p>\n<ul>\n<li> <a href=\"https:\/\/moverdb.com\/it\/bournes\/\">Bournes<\/a><\/li>\n<li> <a href=\"https:\/\/moverdb.com\/it\/cadogan-tate\/\">Cadogan Tate<\/a><\/li>\n<li> <a href=\"https:\/\/moverdb.com\/it\/gerson-relocation\/\">Trasferimento Gerson<\/a><\/li>\n<li> <a href=\"https:\/\/moverdb.com\/it\/pearson\/\">Spostamento casa Pearson<\/a><\/li>\n<\/ul>\n<p><strong>Opinioni su HRN<\/strong><\/p>\n<p>HRN \u00e8 presente su un numero significativo di siti web di traslocatori dove viene indicata come un'organizzazione con <em>\"Un nome nuovo, ma un'esperienza comprovata\".<\/em> I forti valori familiari e l'approccio globale cooperativo vengono fuori ogni volta. <\/p>\n<p>Il consenso generale sembra essere che muoversi con un'azienda di relocation che fa parte di HRN d\u00e0 al cliente l'accesso ai benefici dell'intera rete. Il punto \u00e8 che i membri devono attenersi a un accordo globale di livello di servizio e il risultato di questo \u00e8 la coerenza -. <em>\"Mentre i costumi e la cultura possono variare da paese a paese, l'alta qualit\u00e0 del servizio che ci si pu\u00f2 aspettare non varia. In tutto il mondo - le stesse procedure, lo stesso servizio e la stessa alta qualit\u00e0\".<\/em> <\/p>\n<p>Inoltre, un certo numero di coloro che citano l'appartenenza sui loro siti web si concentrano sulla dimensione della rete e sul fatto che \u00e8 una delle pi\u00f9 grandi del suo genere nel mondo.<\/p>\n<blockquote><p>Harmony \u00e8 una rete globale di societ\u00e0 di trasferimento di propriet\u00e0 locale, che sostiene forti valori familiari attraverso generazioni di eredit\u00e0.<\/p><\/blockquote>\n<p>- <a href=\"http:\/\/www.abels.co.uk\/harmony-relocation-network\/\" target=\"_blank\" rel=\"noopener\">Abels<\/a><\/p>\n<blockquote><p>Harmony combina il meglio dei patrimoni locali con una scala globale, andando il miglio extra e mantenendo le nostre promesse. Abbiamo veramente a cuore l'importanza delle persone e del locale.<\/p><\/blockquote>\n<p>- <a href=\"https:\/\/theresforum.com\/partners\/harmony\/\" target=\"_blank\" rel=\"noopener\">Forum RES<\/a><\/p>\n<blockquote><p>La rete fornisce un'ampia gamma di servizi di pre-assegnazione, trasporto e destinazione per aiutare a guidare privati o dirigenti HR e assegnatari durante tutto il loro viaggio, dall'inizio alla fine.<\/p><\/blockquote>\n<p>- <a href=\"http:\/\/bournesmoves.com\/relocation\/harmony-relocation-network.htm\" target=\"_blank\" rel=\"noopener\">Bournes<\/a> <\/p>\n<p><a href=\"http:\/\/www.harmonyrelo.com\/\" target=\"_blank\" rel=\"noopener\">http:\/\/www.harmonyrelo.com\/<\/a><\/p>","protected":false},"excerpt":{"rendered":"<p>The Harmony Relocation Network (HRN) is a group of partner companies that was created to build a pan-European network for global relocation. Integration of infrastructure, technology, quality and sustainability is designed to produce a consistently high quality service. Key facts about HRH: The membership is made up of 140 members in 60 countries. The HRN [&hellip;]<\/p>\n","protected":false},"author":1,"featured_media":0,"parent":0,"menu_order":0,"comment_status":"closed","ping_status":"closed","template":"","meta":{"_genesis_hide_title":false,"_genesis_hide_breadcrumbs":false,"_genesis_hide_singular_image":false,"_genesis_hide_footer_widgets":false,"_genesis_custom_body_class":"","_genesis_custom_post_class":"","_genesis_layout":"","footnotes":""},"class_list":{"0":"post-443","1":"page","2":"type-page","3":"status-publish","5":"entry"},"_links":{"self":[{"href":"https:\/\/moverdb.com\/it\/wp-json\/wp\/v2\/pages\/443","targetHints":{"allow":["GET"]}}],"collection":[{"href":"https:\/\/moverdb.com\/it\/wp-json\/wp\/v2\/pages"}],"about":[{"href":"https:\/\/moverdb.com\/it\/wp-json\/wp\/v2\/types\/page"}],"author":[{"embeddable":true,"href":"https:\/\/moverdb.com\/it\/wp-json\/wp\/v2\/users\/1"}],"replies":[{"embeddable":true,"href":"https:\/\/moverdb.com\/it\/wp-json\/wp\/v2\/comments?post=443"}],"version-history":[{"count":6,"href":"https:\/\/moverdb.com\/it\/wp-json\/wp\/v2\/pages\/443\/revisions"}],"predecessor-version":[{"id":6219,"href":"https:\/\/moverdb.com\/it\/wp-json\/wp\/v2\/pages\/443\/revisions\/6219"}],"wp:attachment":[{"href":"https:\/\/moverdb.com\/it\/wp-json\/wp\/v2\/media?parent=443"}],"curies":[{"name":"wp","href":"https:\/\/api.w.org\/{rel}","templated":true}]}}