{"id":441,"date":"2016-06-18T21:28:02","date_gmt":"2016-06-18T21:28:02","guid":{"rendered":"http:\/\/moverdb.com\/?page_id=441"},"modified":"2026-01-08T15:30:43","modified_gmt":"2026-01-08T15:30:43","slug":"employee-relocation-council","status":"publish","type":"page","link":"https:\/\/moverdb.com\/it\/employee-relocation-council\/","title":{"rendered":"Spiegazione del Worldwide Employee Relocation Council (ERC)"},"content":{"rendered":"<p>Il Worldwide Employee Relocation Council (ERC) si descrive come l'associazione per la mobilit\u00e0 della forza lavoro per i professionisti che supervisionano, gestiscono o supportano il trasferimento dei dipendenti nazionali e internazionali negli Stati Uniti. <\/p>\n<p>Il suo scopo \u00e8 quello di aiutare i membri - che provengono da una serie di professioni, tra cui HR, immobiliare e militare - ad affrontare le sfide della mobilit\u00e0 della forza lavoro.<\/p>\n<p><strong>Fatti salienti sul CER:<\/strong><\/p>\n<ol>\n<li>  I membri dell'ERC provengono da una vasta gamma di professioni, tra cui HR, reclutamento, governo, militare, immobiliare, servizi finanziari, traslochi, consulenza e consulenza.<\/li>\n<li>  Il mandato dell'ERC riguarda le questioni e le pratiche di gestione per i professionisti della ricollocazione all'interno della <a href=\"https:\/\/moverdb.com\/it\/moving-to-the-united-states\/\" data-internallinksmanager029f6b8e52c=\"94\" title=\"Trasferirsi negli Stati Uniti? 2026 Costi di vita e consigli per il trasferimento\">Stati Uniti<\/a> e tra tutti gli altri Paesi.<\/li>\n<li>  Il CER ha sede a <a href=\"https:\/\/moverdb.com\/it\/moving-to-washington-dc\/\">Washington, DC,<\/a> con un ufficio europeo a Bruxelles, <a href=\"https:\/\/moverdb.com\/it\/moving-to-belgium\/\" data-internallinksmanager029f6b8e52c=\"323\" title=\"Trasferirsi in Belgio? 2026 Costi di vita e consigli per il trasferimento\">Belgio<\/a>.<\/li>\n<li>  L'ERC offre accreditamenti come Certified Relocation Professional e Global Mobility Specialist.<\/li>\n<li>  Ci sono diverse categorie di membri disponibili, tra cui Corporate Membership (per lo pi\u00f9 professionisti interni), Mobility Service Membership (per le imprese di mobilit\u00e0 della forza lavoro), Personal\/Professional (PERC\u2122) Membership (coloro che cercano informazioni, come accademici e persone in cerca di lavoro), Relocation Appraiser, Real Estate Broker e Relocation Management Company.<\/li>\n<li>  Nel 2005, il CER aveva pi\u00f9 di 12.000 membri (le statistiche pi\u00f9 aggiornate disponibili).<\/li>\n<\/ol>\n<p><strong>Profilo del Worldwide Employee Relocation Council:<\/strong><\/p>\n<p>L'ERC ha numerose funzioni, tra cui l'attivit\u00e0 di lobbying per conto dei membri, la formazione e l'istruzione, nonch\u00e9 le opportunit\u00e0 di networking. \u00c8 anche coinvolto nell'aiutare a sviluppare la standardizzazione dell'industria e la costruzione del consenso e nel progredire di nuove pratiche di lavoro e soluzioni elettroniche. <\/p>\n<p>Oltre ad agire per e con i suoi membri, il CER \u00e8 diventato noto per la raccolta di una serie di dati tramite indagini, compresa l'analisi dell'idoneit\u00e0 delle citt\u00e0 per le famiglie appena trasferite. Il CER si \u00e8 affermato come un'autorit\u00e0 sulla mobilit\u00e0 della forza lavoro.<\/p>\n<p><strong>Criteri per l'adesione:<\/strong><\/p>\n<p>I criteri di adesione non sono elencati sul sito web.<\/p>\n<p><strong>Elenco dei membri mondiali del CER <a href=\"https:\/\/moverdb.com\/it\/moving-companies\/\" data-internallinksmanager029f6b8e52c=\"79\" title=\"Le 25 migliori aziende di traslochi internazionali online\">Aziende di trasloco<\/a><\/strong><\/p>\n<ul>\n<li> <a href=\"https:\/\/moverdb.com\/it\/aires\/\">Aires<\/a><\/li>\n<li> <a href=\"https:\/\/moverdb.com\/it\/armstrong-relocation\/\">Trasferimento Armstrong<\/a><\/li>\n<li> <a href=\"https:\/\/moverdb.com\/it\/arpin-international\/\">Arpin Internazionale<\/a><\/li>\n<li> <a href=\"https:\/\/moverdb.com\/it\/atlas-van-lines-international\/\">Atlas Van Lines<\/a><\/li>\n<li> <a href=\"https:\/\/moverdb.com\/it\/santa-fe-relocation\/\">Servizi di trasferimento di Santa Fe<\/a><\/li>\n<li> <a href=\"https:\/\/moverdb.com\/it\/sterling-relocation\/\">Trasferimento di Sterling<\/a><\/li>\n<li> <a href=\"https:\/\/moverdb.com\/it\/arpin-van-lines\/\">Arpin Van Lines<\/a><\/li>\n<li> <a href=\"https:\/\/moverdb.com\/it\/suddath\/\">Suddath<\/a><\/li>\n<li> <a href=\"https:\/\/moverdb.com\/it\/dt-moving\/\">Spostamento DT<\/a><\/li>\n<li> <a href=\"https:\/\/moverdb.com\/it\/btr-international\/\">BTR Internazionale<\/a><\/li>\n<p><a href=\"https:\/\/moverdb.com\/it\/packimpex\/\">Packimpex<\/a>\n<\/ul>\n<p><strong>Opinioni sul CER<\/strong><\/p>\n<p>L'ERC non appare su molti siti web. Dove viene menzionato \u00e8 spesso nel contesto di organizzazioni che sono affiliate ad esso, come il Great Lakes Relocation Council.<\/p>\n<blockquote><p>Per fornire le esigenze del mercato del trasferimento e quindi per aiutare i dipendenti con un inizio senza problemi per quanto riguarda il loro nuovo periodo di vita, sei persone hanno fondato il precursore del Worldwide Employee Relocation Council (ERC) nel 1964 a <a href=\"https:\/\/moverdb.com\/it\/moving-to-chicago\/\">Chicago<\/a>.<\/p><\/blockquote>\n<p>- <a href=\"http:\/\/start-up-services.de\/en\/company-profile-relocation-service\/relocation-associations\/worldwide-employee-relocation-council\/\" target=\"_blank\" rel=\"noopener\">Servizi di avvio<\/a><\/p>\n<p><strong>Sito web:<\/strong> <a href=\"http:\/\/www.worldwideerc.org\/Pages\/index.aspx\" target=\"_blank\" rel=\"noopener\">http:\/\/www.worldwideerc.org\/Pages\/index.aspx<\/a><\/p>","protected":false},"excerpt":{"rendered":"<p>The Worldwide Employee Relocation Council (ERC) describes itself as the workforce mobility association for professionals who oversee, manage, or support U.S. domestic and international employee transfer. Its purpose is to help members &#8211; who come from a range of professions, including HR, real estate and military &#8211; to deal with the challenges of workforce mobility. [&hellip;]<\/p>\n","protected":false},"author":1,"featured_media":0,"parent":0,"menu_order":0,"comment_status":"closed","ping_status":"closed","template":"","meta":{"_genesis_hide_title":false,"_genesis_hide_breadcrumbs":false,"_genesis_hide_singular_image":false,"_genesis_hide_footer_widgets":false,"_genesis_custom_body_class":"","_genesis_custom_post_class":"","_genesis_layout":"","footnotes":""},"class_list":{"0":"post-441","1":"page","2":"type-page","3":"status-publish","5":"entry"},"_links":{"self":[{"href":"https:\/\/moverdb.com\/it\/wp-json\/wp\/v2\/pages\/441","targetHints":{"allow":["GET"]}}],"collection":[{"href":"https:\/\/moverdb.com\/it\/wp-json\/wp\/v2\/pages"}],"about":[{"href":"https:\/\/moverdb.com\/it\/wp-json\/wp\/v2\/types\/page"}],"author":[{"embeddable":true,"href":"https:\/\/moverdb.com\/it\/wp-json\/wp\/v2\/users\/1"}],"replies":[{"embeddable":true,"href":"https:\/\/moverdb.com\/it\/wp-json\/wp\/v2\/comments?post=441"}],"version-history":[{"count":15,"href":"https:\/\/moverdb.com\/it\/wp-json\/wp\/v2\/pages\/441\/revisions"}],"predecessor-version":[{"id":6255,"href":"https:\/\/moverdb.com\/it\/wp-json\/wp\/v2\/pages\/441\/revisions\/6255"}],"wp:attachment":[{"href":"https:\/\/moverdb.com\/it\/wp-json\/wp\/v2\/media?parent=441"}],"curies":[{"name":"wp","href":"https:\/\/api.w.org\/{rel}","templated":true}]}}