{"id":440,"date":"2016-06-12T19:59:07","date_gmt":"2016-06-12T19:59:07","guid":{"rendered":"http:\/\/moverdb.com\/?page_id=440"},"modified":"2026-01-08T13:19:01","modified_gmt":"2026-01-08T13:19:01","slug":"iata","status":"publish","type":"page","link":"https:\/\/moverdb.com\/it\/iata\/","title":{"rendered":"Spiegazione dell'Associazione Internazionale del Trasporto Aereo (IATA)"},"content":{"rendered":"<p>L'International Air Transport Association (IATA) \u00e8 l'associazione commerciale globale per le compagnie aeree del mondo. <\/p>\n<p>La sua missione \u00e8 quella di guidare e servire i suoi membri, nonch\u00e9 di rappresentare i loro interessi in modo da promuovere l'industria del trasporto aeroportuale.<\/p>\n<p><strong>Fatti salienti sulla IATA:<\/strong><\/p>\n<ol>\n<li>  Rappresenta circa 260 compagnie aeree o 83% del traffico aereo totale.<\/li>\n<li>  Ha una portata globale.<\/li>\n<li>  I voli dei membri IATA rappresentano 83% del traffico totale.<\/li>\n<li>  \u00c8 stata fondata all'Avana, Cuba, nell'aprile 1945.<\/li>\n<li>  Aveva 57 membri di 31 nazioni, soprattutto in Europa e Nord America, quando fu fondata nel 1945. Oggi ha circa 260 membri da 117 nazioni in ogni parte del mondo.<\/li>\n<li>  Le sue priorit\u00e0 includono la sicurezza, la protezione, l'ambiente, i servizi, la semplificazione del business e l'aiuto a costruire relazioni all'interno dell'industria.<\/li>\n<li>  Il piano di fatturazione e liquidazione della IATA serve come la spina dorsale finanziaria dell'industria, gestendo il flusso di oltre $270 miliardi generati ogni anno dalle vendite di biglietti delle agenzie di viaggio alle compagnie aeree.<\/li>\n<\/ol>\n<p><strong>Profilo dell'Associazione internazionale del trasporto aereo:<\/strong><\/p>\n<p>La IATA \u00e8 un'associazione commerciale di compagnie aeree riconosciuta a livello mondiale e opera da pi\u00f9 di 50 anni. I suoi membri includono sia <a href=\"https:\/\/moverdb.com\/it\/spedizioniere\/\">trasporto<\/a> e vettori di passeggeri e ha uffici in 53 paesi del mondo. <\/p>\n<p>\u00c8 cresciuta insieme all'industria dei viaggi aerei, lavorando insieme al settore per aiutare a sviluppare standard, pratiche e procedure per regolarla e assicurare livelli coerenti di servizio per i clienti. La IATA \u00e8 un'organizzazione veramente globale e i suoi 260 membri provengono da pi\u00f9 di 117 nazioni.<\/p>\n<p>Oltre alla protezione dei consumatori, la IATA \u00e8 stata coinvolta nell'aiutare l'industria delle compagnie aeree a diventare pi\u00f9 sostenibile. L'organizzazione offre informazioni sulle compagnie aeree, una serie di pubblicazioni e programmi di formazione e accreditamento per chi lavora nell'industria dei viaggi. <\/p>\n<p>Inoltre, fornisce una serie di servizi finanziari, come un servizio di recupero crediti per le compagnie aeree.<\/p>\n<p><strong>Criteri per l'adesione<\/strong><\/p>\n<p>L'adesione alla IATA con pieni diritti e privilegi pu\u00f2 essere ottenuta solo dopo: La registrazione IATA Operational Safety Audit (IOSA), una revisione amministrativa da parte del Membership Department, il pagamento di tutte le tasse di applicazione e le quote di adesione.<\/p>\n<p>Il completamento con successo di una IOSA comporter\u00e0 l'aggiunta al registro IOSA. Una compagnia aerea deve essere nel registro IOSA prima che l'adesione alla IATA possa essere approvata.<\/p>\n<p>Dopodich\u00e9, si presenta un modulo di domanda con i seguenti documenti giustificativi:<\/p>\n<ul>\n<li> Una copia certificata del Certificato di Operatore Aereo (COA), valido per un minimo di sei mesi, con Timbro, data e firma ORIGINALI dell'Autorit\u00e0 emittente (non un notaio), insieme alle Specifiche Operative emesse dallo Stato di registrazione, se applicabile.<\/li>\n<li> Una copia certificata del certificato di registrazione con l'autorit\u00e0 appropriata, ad esempio la Camera di Commercio o equivalente. La certificazione da parte di un notaio \u00e8 accettabile.<\/li>\n<li> Bilanci certificati per la compagnia aerea richiedente, e se posseduta a maggioranza da un'altra societ\u00e0 (inclusa la propriet\u00e0 statale), i bilanci della societ\u00e0 proprietaria. Questi devono essere certificati da un commercialista o da un contabile pubblico. Per le nuove compagnie aeree, \u00e8 accettabile un business plan preparato da un commercialista o da un contabile pubblico.<\/li>\n<li> La relazione annuale della compagnia aerea richiedente, o lo statuto della compagnia che mostra come \u00e8 costituita, o il profilo della compagnia aerea.<\/li>\n<li> Certificati di assicurazione validi con il tipo di aeromobile, il numero di registrazione per ogni aeromobile e i rispettivi dettagli dell'autorit\u00e0 di registrazione, validi per un minimo di sei mesi.<\/li>\n<li> Statistiche di traffico per i due anni precedenti. Questo requisito non si applica alle nuove compagnie aeree.<\/li>\n<li> Orario pubblicato, se la compagnia aerea ha operazioni di linea. Per le operazioni non di linea, si richiede un elenco di destinazioni.<\/li>\n<\/ul>\n<p><strong>Elenco dei membri IATA <a href=\"https:\/\/moverdb.com\/it\/moving-companies\/\" data-internallinksmanager029f6b8e52c=\"79\" title=\"Le 25 migliori aziende di traslochi internazionali online\">Aziende di trasloco<\/a><\/strong><\/p>\n<ul>\n<li> <a href=\"https:\/\/moverdb.com\/it\/armstrong-relocation\/\">Trasferimento Armstrong<\/a><\/li>\n<li> <a href=\"https:\/\/moverdb.com\/it\/atlas-van-lines-international\/\">Atlas Van Lines<\/a><\/li>\n<li> <a href=\"https:\/\/moverdb.com\/it\/suddath\/\">Suddath<\/a><\/li>\n<li> <a href=\"https:\/\/moverdb.com\/it\/nippon-express\/\">Nippon Express<\/a><\/li>\n<li> <a href=\"https:\/\/moverdb.com\/it\/bolliger\/\">Bolliger<\/a><\/li>\n<\/ul>\n<p><strong>Opinioni sull'Associazione Internazionale del Trasporto Aereo<\/strong><\/p>\n<p>La IATA appare sulla maggior parte dei siti web delle principali compagnie aeree (spesso attraverso un codice IATA identificativo) e ha anche una propria pagina su Wikipedia. <\/p>\n<p>La sua importanza come associazione commerciale \u00e8 evidente, cos\u00ec come il coinvolgimento che ha avuto nello sviluppo di alcuni standard industriali per il settore delle compagnie aeree. Il fatto che i suoi membri sono responsabili di pi\u00f9 di 90% del traffico aereo di linea del mondo \u00e8 un punto che viene fatto spesso. <\/p>\n<p>Gli articoli online sull'industria delle compagnie aeree menzionano spesso la IATA e il suo coinvolgimento nel decidere questioni chiave e nel dare suggerimenti importanti, come la regolamentazione delle dimensioni dei bagagli destinati ai cestini aerei. <\/p>\n<p>La IATA \u00e8 menzionata in numerosi contesti, dal partenariato per la gestione dei progetti alla regolamentazione dell'UE. Data la frequenza e l'ampiezza delle notizie che menzionano la IATA, \u00e8 chiaramente un'associazione commerciale attiva e prominente.<\/p>\n<p><strong>Sito web:<\/strong> <a href=\"http:\/\/www.iata.org\/Pages\/default.aspx\" target=\"_blank\" rel=\"noopener\">http:\/\/www.iata.org\/Pages\/default.aspx<\/a><\/p>","protected":false},"excerpt":{"rendered":"<p>The International Air Transport Association (IATA) is the global trade association for the world&#8217;s airlines. Its mission is to lead and serve its members, as well as to represent their interests in a way that boosts the airport transport industry. Key facts about IATA: It represents around 260 airlines or 83% of total air traffic. [&hellip;]<\/p>\n","protected":false},"author":1,"featured_media":0,"parent":0,"menu_order":0,"comment_status":"closed","ping_status":"closed","template":"","meta":{"_genesis_hide_title":false,"_genesis_hide_breadcrumbs":false,"_genesis_hide_singular_image":false,"_genesis_hide_footer_widgets":false,"_genesis_custom_body_class":"","_genesis_custom_post_class":"","_genesis_layout":"","footnotes":""},"class_list":{"0":"post-440","1":"page","2":"type-page","3":"status-publish","5":"entry"},"_links":{"self":[{"href":"https:\/\/moverdb.com\/it\/wp-json\/wp\/v2\/pages\/440","targetHints":{"allow":["GET"]}}],"collection":[{"href":"https:\/\/moverdb.com\/it\/wp-json\/wp\/v2\/pages"}],"about":[{"href":"https:\/\/moverdb.com\/it\/wp-json\/wp\/v2\/types\/page"}],"author":[{"embeddable":true,"href":"https:\/\/moverdb.com\/it\/wp-json\/wp\/v2\/users\/1"}],"replies":[{"embeddable":true,"href":"https:\/\/moverdb.com\/it\/wp-json\/wp\/v2\/comments?post=440"}],"version-history":[{"count":10,"href":"https:\/\/moverdb.com\/it\/wp-json\/wp\/v2\/pages\/440\/revisions"}],"predecessor-version":[{"id":13161,"href":"https:\/\/moverdb.com\/it\/wp-json\/wp\/v2\/pages\/440\/revisions\/13161"}],"wp:attachment":[{"href":"https:\/\/moverdb.com\/it\/wp-json\/wp\/v2\/media?parent=440"}],"curies":[{"name":"wp","href":"https:\/\/api.w.org\/{rel}","templated":true}]}}