{"id":439,"date":"2016-06-12T19:46:10","date_gmt":"2016-06-12T19:46:10","guid":{"rendered":"http:\/\/moverdb.com\/?page_id=439"},"modified":"2026-01-08T14:40:02","modified_gmt":"2026-01-08T14:40:02","slug":"lacma","status":"publish","type":"page","link":"https:\/\/moverdb.com\/it\/lacma\/","title":{"rendered":"Associazione dei Traslocatori Internazionali dell'America Latina e dei Caraibi (LACMA)"},"content":{"rendered":"<p>La Latin American and Caribbean International Movers Association (LACIMA) rappresenta un insieme di aziende di traslochi e trasferimenti con l'obiettivo di incoraggiare l'integrazione delle imprese locali e di quelle di tutto il mondo.<\/p>\n<p><strong>Fatti salienti sul LACMA:<\/strong><\/p>\n<ol>a<\/p>\n<li>  L'adesione al LACMA \u00e8 aperta alle imprese di traslochi e trasferimenti dell'America Latina e del resto del mondo.<\/li>\n<li>  \u00c8 l'associazione latinoamericana rappresentata in <a href=\"https:\/\/moverdb.com\/it\/fidi-faim\/\">FIDI<\/a>.<\/li>\n<li>  Ha sede a <a href=\"https:\/\/moverdb.com\/it\/moving-to-panama\/\" data-internallinksmanager029f6b8e52c=\"432\" title=\"Trasferirsi a Panama? 2026 Costi di vita e consigli per il trasferimento\">Panama<\/a>.<\/li>\n<li>  Agisce come mediatore per qualsiasi conflitto che potrebbe sorgere tra i suoi membri, o tra un membro e altri non affiliati all'associazione.<\/li>\n<li>  Non richiede che i loro membri siano <a href=\"https:\/\/moverdb.com\/it\/fidi-faim\/\" data-internallinksmanager029f6b8e52c=\"16\" title=\"FIDI e FAIM (FIDI Accredited International Mover) spiegati\">FIDI<\/a> affiliati mentre il LACMA mantiene i suoi criteri di affiliazione indipendenti.<\/li>\n<li>  Il LACMA ha un proprio istituto di formazione che fornisce seminari in loco e virtuali, compreso un corso di formazione per istruttori di Packers.<\/li>\n<li>  Offre un programma di garanzia di pagamento, che fornisce una risorsa per i membri che cercano di raccogliere importi in ritardo da altri membri all'interno dell'associazione.<\/li>\n<li>  I membri della LACMA possono essere Attivi (imprese dell'America Latina o dei Caraibi che si occupano attivamente di traslochi e imballaggi internazionali, con personale proprio, trasporto e strutture di stoccaggio), Associati (imprese al di fuori dell'America Latina e dei Caraibi che si occupano di traslochi e imballaggi internazionali) o Aggiunti (imprese che forniscono beni e servizi utili ai membri).<\/li>\n<li>  L'organizzazione dichiara: \"FIDI America Latina rappresenta 53 societ\u00e0 (FIDI-LACMA e FIDI-Non LACMA) nella nostra regione\".<\/li>\n<\/ol>\n<p><strong>Profilo dell'Associazione dei Traslocatori Internazionali dell'America Latina e dei Caraibi<\/strong><\/p>\n<p>La LACMA \u00e8 stata creata per rappresentare gli interessi dei suoi membri e per stabilire e mantenere gli standard dei servizi nel settore. <\/p>\n<p>\u00c8 l'organizzazione FIDI in America Latina e questo le conferisce una certa credibilit\u00e0 in quanto \u00e8 riconosciuta da FIDI come rappresentante degli interessi delle imprese affiliate a FIDI della regione. <\/p>\n<p>LACMA offre diversi tipi di iscrizione, tra cui attiva e associata. Fornisce inoltre ai membri una vasta gamma di e-learning, informazioni e seminari per aiutare a migliorare la conoscenza e l'efficienza del business - il LACMA Training Institute \u00e8 stato fondato nel 1992 allo scopo di educare meglio i membri. <\/p>\n<p>I membri beneficiano anche di alcune protezioni, come il programma di garanzia di pagamento - progettato per aiutare a inseguire gli importi dovuti da altri membri - e il programma LACMA S.O.S., che fornisce aiuti umanitari ai membri coinvolti nei disastri naturali che colpiscono frequentemente questa parte del mondo.<\/p>\n<p><strong>Criteri per l'adesione:<\/strong><\/p>\n<p><u>Membri attivi<\/u><\/p>\n<ul>\n<li> Completare la domanda di adesione sul modulo ufficiale del LACMA e fornire le informazioni richieste, accettare di rispettare lo statuto del LACMA e i suoi regolamenti, il codice etico e le risoluzioni determinate dal consiglio di amministrazione del LACMA.<\/li>\n<li> Fornire la sponsorizzazione di cinque (5) membri attivi del LACMA.<\/li>\n<li> Fornire i bilanci, con le rispettive note, degli ultimi due anni.<\/li>\n<li> Fornire lo statuto societario della societ\u00e0 (richiesto un minimo di quattro anni di operazioni nel <a href=\"https:\/\/moverdb.com\/it\/aziende-di-traslochi\/\">trasloco internazionale<\/a> industria).<\/li>\n<li> Pagare la quota di ammissione, la quota di iniziazione al PGP, la quota annuale di appartenenza al PGP e al LACMA una volta che il processo di applicazione \u00e8 stato completato e la domanda \u00e8 stata approvata.<\/li>\n<\/ul>\n<p><u>Membri associati<\/u><\/p>\n<ul>\n<li> Completare la domanda di adesione sul modulo ufficiale del LACMA e fornire le informazioni richieste, accettare di rispettare lo statuto del LACMA e i suoi regolamenti, il codice etico e le risoluzioni determinate dal consiglio di amministrazione del LACMA.<\/li>\n<li> Fornire la sponsorizzazione di cinque (5) membri attivi e\/o associati del LACMA, dove almeno due sono membri associati.<\/li>\n<li> Fornire i bilanci, con le rispettive note, degli ultimi due anni.<\/li>\n<li> Fornire la Carta Aziendale della societ\u00e0 (richiesto un minimo di quattro anni di operazioni nel settore dei traslochi intl.)<\/li>\n<li> Pagare la quota di ammissione, la quota di iniziazione al PGP, la quota annuale di iscrizione al PGP e al LACMA una volta che il processo di applicazione \u00e8 stato completato e la domanda \u00e8 stata approvata<\/li>\n<\/ul>\n<p><u>Membri aggiunti<\/u><\/p>\n<ul>\n<li> Completare la domanda di adesione sul modulo ufficiale del LACMA e fornire de informazioni richieste, accettare di rispettare lo Statuto del LACMA e il suo Regolamento, il Codice Etico e le risoluzioni determinate dal Consiglio di Amministrazione del LACMA.<\/li>\n<li> Fornire la sponsorizzazione di (2) membri attivi e\/o associati del LACMA.<\/li>\n<li> Pagare la quota di ammissione e la quota annuale di socio del LACMA una volta che il processo di applicazione \u00e8 stato completato e la domanda \u00e8 stata approvata. Si prega di contattare la Segreteria del LACMA per le quote citate.<\/li>\n<li> Fornire la prova che il prodotto o servizio offerto \u00e8 stato commercializzato da almeno un anno.<\/li>\n<\/ul>\n<p><strong>Esempi di aziende membri<\/strong><\/p>\n<ul>\n<li> <a href=\"https:\/\/moverdb.com\/it\/aires\/\">Aires<\/a><\/li>\n<li> <a href=\"https:\/\/moverdb.com\/it\/arpin-international\/\">Arpin Internazionale<\/a><\/li>\n<li> <a href=\"https:\/\/moverdb.com\/it\/atlas-van-lines-international\/\">Atlas Van Lines<\/a><\/li>\n<li> <a href=\"https:\/\/moverdb.com\/it\/santa-fe-relocation\/\">Servizi di trasferimento di Santa Fe<\/a><\/li>\n<li> <a href=\"https:\/\/moverdb.com\/it\/sterling-relocation\/\">Trasferimento di Sterling<\/a><\/li>\n<li> <a href=\"https:\/\/moverdb.com\/it\/stevens-worldwide-van-lines\/\">Stevens Worldwide Van Lines<\/a><\/li>\n<li> <a href=\"https:\/\/moverdb.com\/it\/amj-campbell-van-lines\/\">AMJ Campbell Van Lines<\/a><\/li>\n<li> <a href=\"https:\/\/moverdb.com\/it\/suddath\/\">Suddath<\/a><\/li>\n<li> <a href=\"https:\/\/moverdb.com\/it\/dt-moving\/\">Spostamento DT<\/a><\/li>\n<li> <a href=\"https:\/\/moverdb.com\/it\/john-mason\/\">John Mason International Movers<\/a><\/li>\n<li> <a href=\"https:\/\/moverdb.com\/it\/mudanzas-gou\/\">Mudanzas Gou<\/a><\/li>\n<li> <a href=\"https:\/\/moverdb.com\/it\/gil-stauffer\/\">Gil Stauffer<\/a><\/li>\n<\/ul>\n<p><strong>Opinioni sul LACMA:<\/strong><\/p>\n<p>Le informazioni online indicano che i membri del LACMA rappresentano il 90% degli spostamenti da e verso la regione dell'America Latina e dei Caraibi. \u00c8 noto come uno dei pi\u00f9 importanti <a href=\"https:\/\/moverdb.com\/it\/organizzazioni-associazioni\/\">organizzazioni di traslochi e spedizioni internazionali<\/a>.<\/p>\n<p>I traslocatori menzionano il LACMA nel contesto di rassicurare i clienti sugli standard di professionalit\u00e0 e sulla copertura geografica. I suoi membri sono citati come alcuni dei migliori traslocatori del mondo e le informazioni online suddividono i membri come rappresentanti delle seguenti aree: <em>\"Europa 31%, Il <a href=\"https:\/\/moverdb.com\/it\/moving-to-the-united-states\/\" data-internallinksmanager029f6b8e52c=\"94\" title=\"Trasferirsi negli Stati Uniti? 2026 Costi di vita e consigli per il trasferimento\">Stati Uniti<\/a> &amp; <a href=\"https:\/\/moverdb.com\/it\/moving-to-canada\/\" data-internallinksmanager029f6b8e52c=\"265\" title=\"Trasferirsi in Canada? 2026 Costi di vita e consigli per il trasferimento\">Canada<\/a> 26%, America Latina e Caraibi 28% e <a href=\"https:\/\/moverdb.com\/it\/moving-to-australia\/living-in-australia\/\" data-internallinksmanager029f6b8e52c=\"240\" title=\"21 segreti su come vivere in Australia da conoscere prima di trasferirsi\">Australia<\/a>, Medio Oriente ed Estremo Oriente 15%\".<\/em> <\/p>\n<p>I traslocatori che includono il LACMA nei loro siti web sono spesso al di fuori della regione, ma dimostrano la loro portata globale con l'appartenenza all'organizzazione.<\/p>\n<blockquote><p>LACMA \u00e8 un'associazione composta dai migliori traslocatori internazionali dell'America Latina e dei Caraibi, che rappresentano oltre il 90% dei traslochi da e per questa regione.<\/p><\/blockquote>\n<p>- <a href=\"http:\/\/www.brytor.ca\/memberships.php\" target=\"_blank\" rel=\"noopener\">Spostamento internazionale Brytor<\/a><\/p>\n<blockquote><p>Il LACMA \u00e8 l'associazione che comprende i migliori 260 <a href=\"https:\/\/moverdb.com\/it\/moving-companies\/\" data-internallinksmanager029f6b8e52c=\"79\" title=\"Le 25 migliori aziende di traslochi internazionali online\">aziende di traslochi<\/a> del mondo, principalmente dall'America Latina e dai Caraibi. Grazie al loro prestigio, generano il 90% delle importazioni ed esportazioni effettuate in America Latina.<\/p><\/blockquote>\n<p>- <a href=\"http:\/\/miglobal.com\/miglobal.com\/httpdocs\/affiliations.html\" target=\"_blank\" rel=\"noopener\">Mudanzas Internacionales Global<\/a><\/p>\n<p><strong>Sito web:<\/strong> <a href=\"http:\/\/www.lacmassoc.org\/\" target=\"_blank\" rel=\"noopener\">http:\/\/www.lacmassoc.org\/<\/a><\/p>","protected":false},"excerpt":{"rendered":"<p>The Latin American and Caribbean International Movers Association (LACIMA) represents a collection of moving and relocation companies with a view to encouraging integration of locally based businesses, as well as others across the world. Key facts about LACMA: a Membership of LACMA is open to moving and relocation companies from Latin America and the rest [&hellip;]<\/p>\n","protected":false},"author":1,"featured_media":0,"parent":0,"menu_order":0,"comment_status":"closed","ping_status":"closed","template":"","meta":{"_genesis_hide_title":false,"_genesis_hide_breadcrumbs":false,"_genesis_hide_singular_image":false,"_genesis_hide_footer_widgets":false,"_genesis_custom_body_class":"","_genesis_custom_post_class":"","_genesis_layout":"","footnotes":""},"class_list":{"0":"post-439","1":"page","2":"type-page","3":"status-publish","5":"entry"},"_links":{"self":[{"href":"https:\/\/moverdb.com\/it\/wp-json\/wp\/v2\/pages\/439","targetHints":{"allow":["GET"]}}],"collection":[{"href":"https:\/\/moverdb.com\/it\/wp-json\/wp\/v2\/pages"}],"about":[{"href":"https:\/\/moverdb.com\/it\/wp-json\/wp\/v2\/types\/page"}],"author":[{"embeddable":true,"href":"https:\/\/moverdb.com\/it\/wp-json\/wp\/v2\/users\/1"}],"replies":[{"embeddable":true,"href":"https:\/\/moverdb.com\/it\/wp-json\/wp\/v2\/comments?post=439"}],"version-history":[{"count":21,"href":"https:\/\/moverdb.com\/it\/wp-json\/wp\/v2\/pages\/439\/revisions"}],"predecessor-version":[{"id":13169,"href":"https:\/\/moverdb.com\/it\/wp-json\/wp\/v2\/pages\/439\/revisions\/13169"}],"wp:attachment":[{"href":"https:\/\/moverdb.com\/it\/wp-json\/wp\/v2\/media?parent=439"}],"curies":[{"name":"wp","href":"https:\/\/api.w.org\/{rel}","templated":true}]}}