{"id":436,"date":"2016-06-12T14:04:20","date_gmt":"2016-06-12T14:04:20","guid":{"rendered":"http:\/\/moverdb.com\/?page_id=436"},"modified":"2026-01-08T14:47:42","modified_gmt":"2026-01-08T14:47:42","slug":"aima","status":"publish","type":"page","link":"https:\/\/moverdb.com\/it\/aima\/","title":{"rendered":"Spiegazione dell'Australian International Movers Association (AIMA)"},"content":{"rendered":"<p>L'Australian International Movers Association (AIMA) si descrive come un forum professionale per la <a href=\"https:\/\/moverdb.com\/it\/international-removals\/\" data-internallinksmanager029f6b8e52c=\"27\" title=\"36 Migliori aziende di traslochi internazionali del Regno Unito\">traslochi internazionali<\/a> industria. I membri devono possedere <a href=\"https:\/\/moverdb.com\/it\/fidi-faim\/\">FIDI\/FAIM<\/a> o soddisfare rigorosi criteri di appartenenza, compresi i requisiti di integrit\u00e0 finanziaria.<\/p>\n<p><strong>Fatti salienti sull'AIMA:<\/strong><\/p>\n<ol>\n<li>  \u00c8 stata fondata nel 1975.<\/li>\n<li>  Ha circa 60 membri in <a href=\"https:\/\/moverdb.com\/it\/moving-to-australia\/living-in-australia\/\" data-internallinksmanager029f6b8e52c=\"240\" title=\"21 segreti su come vivere in Australia da conoscere prima di trasferirsi\">Australia<\/a>.<\/li>\n<li>  L'AIMA rappresenta l'industria dei traslochi in Australia e non attrae membri da fuori del paese. Tuttavia, copre le aziende australiane che fanno <a href=\"https:\/\/moverdb.com\/it\/aziende-di-traslochi\/\">mosse internazionali<\/a>.<\/li>\n<li>  \u00c8 riconosciuto come il <a href=\"https:\/\/moverdb.com\/it\/fidi-faim\/\" data-internallinksmanager029f6b8e52c=\"16\" title=\"FIDI e FAIM (FIDI Accredited International Mover) spiegati\">FIDI<\/a> Associazione in Australia.<\/li>\n<li>  I membri non devono possedere certificazioni FIDI\/FAIM per aderire.<\/li>\n<li>  L'AIMA rappresenta l'affiliato FIDI <a href=\"https:\/\/moverdb.com\/it\/moving-companies\/australia-moving-companies\/\" data-internallinksmanager029f6b8e52c=\"176\" title=\"17 migliori aziende di traslochi internazionali in Australia\">traslochi in Australia<\/a> come \"Associazione FIDI\" e invia delegati al Congresso e all'Assemblea generale della FIDI che si tengono annualmente.<\/li>\n<\/ol>\n<p><strong>Profilo dell'Australian International Movers Association:<\/strong><\/p>\n<p>La missione dell'AIMA \u00e8 di permettere all'industria australiana dei traslochi di governarsi da sola, migliorare i suoi servizi, assicurare che i clienti ricevano servizi migliori, proteggere gli interessi pubblici e dare all'industria un modo di trattare come un tutt'uno con il governo. <\/p>\n<p>L'AIMA fornisce anche un tribunale indipendente per le controversie. \u00c8 l'associazione FIDI riconosciuta in Australia, il che significa che i traslocatori con FIDI\/FAIM sono automaticamente idonei ad aderire all'AIMA. Australiano <a href=\"https:\/\/moverdb.com\/it\/moving-companies\/\" data-internallinksmanager029f6b8e52c=\"79\" title=\"Le 25 migliori aziende di traslochi internazionali online\">aziende di traslochi<\/a> senza FAIM sono ancora ammissibili per l'adesione all'AIMA, ma devono soddisfare criteri che misurano le loro conoscenze specialistiche, risorse, esperienza e posizione finanziaria. <\/p>\n<p>Solo i membri dell'AIMA sono vincolati dal processo del tribunale delle controversie dell'AIMA.<\/p>\n<p><strong>Criteri per l'adesione:<\/strong><\/p>\n<p>I rigorosi criteri di adesione dell'AIMA includono la verifica delle capacit\u00e0 operative e dell'integrit\u00e0 finanziaria. I dettagli di questi criteri non sono condivisi sul sito web.<\/p>\n<p>Le aziende che gi\u00e0 possiedono FIDI\/FAIM hanno automaticamente diritto all'iscrizione.<\/p>\n<p><strong>Aziende membri<\/strong><\/p>\n<ul>\n<li> <a href=\"https:\/\/moverdb.com\/it\/conroy-removals\/\">Traslochi Conroy<\/a><\/li>\n<\/ul>\n<p><strong>Opinioni sull'AIMA:<\/strong><\/p>\n<p>L'AIMA \u00e8 vista come una delle numerose organizzazioni di traslochi internazionali che offre la rassicurazione che un trasloco sar\u00e0 gestito secondo i pi\u00f9 alti standard possibili. \u00c8 un'assicurazione che un'azienda di traslochi ha le qualifiche adeguate ed \u00e8 aggiornata con ci\u00f2 che \u00e8 considerato la migliore pratica locale. <\/p>\n<p>Un certo numero di aziende elencano l'AIMA sui loro siti web come un accreditamento internazionale, un marchio di qualit\u00e0 insieme ad altri come FIDI. Tuttavia, la portata dell'AIMA \u00e8 abbastanza limitata, poich\u00e9 non ha cos\u00ec tanti membri come alcune organizzazioni simili in altri paesi.<\/p>\n<p>C'\u00e8 <a href=\"http:\/\/vandijktrack.com\/mim\/\" target=\"_blank\" rel=\"noopener\">un sito web negativo<\/a> che indica che un cliente \u00e8 in controversia con un membro dell'AIMA e che ricevere un risultato sulla controversia ha richiesto molto tempo. <\/p>\n<p>Questa persona indica che non prenderebbero troppo sul serio un accreditamento AIMA come indicazione di qualit\u00e0. Tuttavia, il sito web afferma anche che l'AIMA ha fornito loro assistenza e la controversia non sembra essere stata aggiornata dal 2010, il che indica che \u00e8 stata trattata.<\/p>\n<blockquote><p>I membri del pubblico che scelgono un membro dell'AIMA per effettuare il loro trasloco internazionale possono quindi farlo con fiducia.<\/p><\/blockquote>\n<p>- <a href=\"http:\/\/www.ossworldwidemovers.com\/australian-international-movers-association\" target=\"_blank\" rel=\"noopener\">OSS World Wide Movers<\/a><\/p>\n<blockquote><p>Australian International Movers Association (AIMA) - Assicura che i membri siano adeguatamente qualificati con le migliori pratiche del settore.<\/p><\/blockquote>\n<p>- <a href=\"http:\/\/www.internationalremovalsaustralia.com.au\/why-choose-us\" target=\"_blank\" rel=\"noopener\">Soluzioni di trasloco KeysBros<\/a><\/p>\n<p><strong>Sito web:<\/strong> <a href=\"http:\/\/aima.com.au\/\" target=\"_blank\" rel=\"noopener\">http:\/\/aima.com.au\/<\/a><\/p>\n<h2>Altre guide utili sull'Australia<\/h2>\n<ul>\n<li> <a href=\"https:\/\/moverdb.com\/it\/container-shipping\/australia\/\">2024 Tariffe di spedizione via mare per container da e per l'Australia<\/a><\/li>\n<li> <a href=\"https:\/\/moverdb.com\/it\/aziende-di-traslochi\/australia-2\/\">17 migliori aziende di traslochi internazionali in Australia<\/a><\/li>\n<li> <a href=\"https:\/\/moverdb.com\/it\/i-migliori-servizi-di-trasferimento-internazionale-di-denaro\/money-transfer-companies-australia\/\">Le 10 migliori societ\u00e0 di trasferimento di denaro in Australia<\/a><\/li>\n<li> <a href=\"https:\/\/moverdb.com\/it\/trasferirsi-in-australia\/\">Trasferirsi in Australia? 2026 Costi di vita e consigli per il trasferimento<\/a><\/li>\n<li> <a href=\"https:\/\/moverdb.com\/it\/trasferirsi-in-australia\/best-places-to-live-australia\/\">I 13 migliori posti in cui vivere in Australia<\/a><\/li>\n<li> <a href=\"https:\/\/moverdb.com\/it\/trasferirsi-in-australia\/vivere-in-australia\/\">21 segreti su come vivere in Australia da conoscere prima di trasferirsi<\/a><\/li>\n<li> <a href=\"https:\/\/moverdb.com\/it\/trasferirsi-in-australia\/moving-to-perth\/\">Trasferirsi a Perth? 2026 Costi di vita e consigli per il trasferimento<\/a><\/li>\n<li> <a href=\"https:\/\/moverdb.com\/it\/trasferirsi-in-australia\/moving-to-australia-from-the-us\/\">Trasferirsi in Australia dagli Stati Uniti<\/a><\/li>\n<li> <a href=\"https:\/\/moverdb.com\/it\/container-shipping\/to-australia-from-the-united-states\/\">Costi di spedizione dei container in Australia dagli Stati Uniti<\/a><\/li>\n<li> <a href=\"https:\/\/moverdb.com\/it\/trasferirsi-in-australia\/moving-to-australia-from-the-uk\/\">Trasferirsi in Australia dal Regno Unito<\/a><\/li>\n<li> <a href=\"https:\/\/moverdb.com\/it\/container-shipping\/to-australia-from-the-uk\/\">Costi e tempi di spedizione dei container in Australia dal Regno Unito<\/a><\/li>\n<li> <a href=\"https:\/\/moverdb.com\/it\/trasferirsi-in-australia\/moving-to-australia-from-bahrain\/\">Trasferirsi in Australia dal Bahrain<\/a><\/li>\n<li> <a href=\"https:\/\/moverdb.com\/it\/trasferirsi-in-australia\/moving-to-australia-from-the-uae\/\">Trasferirsi in Australia da Dubai e dagli Emirati Arabi Uniti<\/a><\/li>\n<li> <a href=\"https:\/\/moverdb.com\/it\/container-shipping\/to-australia-from-dubai\/\">Spedizione di container in Australia da Dubai Costi e tempi<\/a><\/li>\n<li> <a href=\"https:\/\/moverdb.com\/it\/container-shipping\/to-australia-from-uae\/\">Costi e tempi di spedizione dei container in Australia dagli Emirati Arabi Uniti<\/a><\/li>\n<li> <a href=\"https:\/\/moverdb.com\/it\/trasferirsi-in-australia\/moving-to-australia-from-kuwait\/\">Trasferirsi in Australia dal Kuwait<\/a><\/li>\n<li> <a href=\"https:\/\/moverdb.com\/it\/trasferirsi-in-australia\/moving-to-australia-from-qatar\/\">Trasferirsi in Australia dal Qatar<\/a><\/li>\n<li> <a href=\"https:\/\/moverdb.com\/it\/container-shipping\/to-australia-from-qatar\/\">Spedizione di container in Australia dal Qatar Costi e tempi<\/a><\/li>\n<li> <a href=\"https:\/\/moverdb.com\/it\/trasferirsi-in-australia\/moving-to-australia-from-singapore\/\">Trasferirsi in Australia da Singapore<\/a><\/li>\n<li> <a href=\"https:\/\/moverdb.com\/it\/container-shipping\/to-australia-from-singapore\/\">Costi e tempi di spedizione dei container in Australia da Singapore<\/a><\/li>\n<li> <a href=\"https:\/\/moverdb.com\/it\/trasferirsi-in-australia\/moving-to-australia-from-south-africa\/\">Trasferirsi in Australia dal Sudafrica<\/a><\/li>\n<li> <a href=\"https:\/\/moverdb.com\/it\/container-shipping\/to-australia-from-canada\/\">Costi della spedizione di container in Australia dal Canada<\/a><\/li>\n<li> <a href=\"https:\/\/moverdb.com\/it\/container-shipping\/to-australia-from-new-zealand\/\">Costi di spedizione dei container in Australia dalla Nuova Zelanda<\/a><\/li>\n<li> <a href=\"https:\/\/moverdb.com\/it\/trasferirsi-in-australia\/moving-to-hobart\/\">Trasferirsi a Hobart? 2026 Costi della vita e consigli per il trasferimento<\/a><\/li>\n<li> <a href=\"https:\/\/moverdb.com\/it\/trasferirsi-in-australia\/moving-to-gold-coast\/\">Trasferirsi in Gold Coast? 2026 Costi di vita e consigli per il trasferimento<\/a><\/li>\n<li> <a href=\"https:\/\/moverdb.com\/it\/trasferirsi-in-australia\/moving-to-melbourne\/\">Trasferirsi a Melbourne? 2026 Costi di vita e consigli per il trasferimento<\/a><\/li>\n<\/ul>","protected":false},"excerpt":{"rendered":"<p>The Australian International Movers Association (AIMA) describes itself as a professional forum for the international removals industry. Members must hold FIDI\/FAIM or meet strict membership criteria, including requirements for financial integrity. Key facts about AIMA: It was established in 1975. It has around 60 members in Australia. AIMA represents the moving industry in Australia and [&hellip;]<\/p>\n","protected":false},"author":1,"featured_media":0,"parent":0,"menu_order":0,"comment_status":"closed","ping_status":"closed","template":"","meta":{"_genesis_hide_title":false,"_genesis_hide_breadcrumbs":false,"_genesis_hide_singular_image":false,"_genesis_hide_footer_widgets":false,"_genesis_custom_body_class":"","_genesis_custom_post_class":"","_genesis_layout":"","footnotes":""},"class_list":{"0":"post-436","1":"page","2":"type-page","3":"status-publish","5":"entry"},"_links":{"self":[{"href":"https:\/\/moverdb.com\/it\/wp-json\/wp\/v2\/pages\/436","targetHints":{"allow":["GET"]}}],"collection":[{"href":"https:\/\/moverdb.com\/it\/wp-json\/wp\/v2\/pages"}],"about":[{"href":"https:\/\/moverdb.com\/it\/wp-json\/wp\/v2\/types\/page"}],"author":[{"embeddable":true,"href":"https:\/\/moverdb.com\/it\/wp-json\/wp\/v2\/users\/1"}],"replies":[{"embeddable":true,"href":"https:\/\/moverdb.com\/it\/wp-json\/wp\/v2\/comments?post=436"}],"version-history":[{"count":9,"href":"https:\/\/moverdb.com\/it\/wp-json\/wp\/v2\/pages\/436\/revisions"}],"predecessor-version":[{"id":17998,"href":"https:\/\/moverdb.com\/it\/wp-json\/wp\/v2\/pages\/436\/revisions\/17998"}],"wp:attachment":[{"href":"https:\/\/moverdb.com\/it\/wp-json\/wp\/v2\/media?parent=436"}],"curies":[{"name":"wp","href":"https:\/\/api.w.org\/{rel}","templated":true}]}}