{"id":435,"date":"2016-06-12T14:17:13","date_gmt":"2016-06-12T14:17:13","guid":{"rendered":"http:\/\/moverdb.com\/?page_id=435"},"modified":"2026-01-08T14:47:40","modified_gmt":"2026-01-08T14:47:40","slug":"afra","status":"publish","type":"page","link":"https:\/\/moverdb.com\/it\/afra\/","title":{"rendered":"L'Associazione australiana dei traslocatori di mobili (AFRA) spiegata"},"content":{"rendered":"<p>L'Associazione australiana dei traslocatori di mobili (AFRA) si definisce come rappresentante e regolatore del settore dei traslochi in Australia. <a href=\"https:\/\/moverdb.com\/it\/moving-to-australia\/living-in-australia\/\" data-internallinksmanager029f6b8e52c=\"240\" title=\"21 segreti su come vivere in Australia da conoscere prima di trasferirsi\">Australia<\/a>. <\/p>\n<p>Ha un'ampia portata geografica in Australia ed \u00e8 spesso citato come un marchio di qualit\u00e0.<\/p>\n<p><strong>Fatti salienti sull'AFRA:<\/strong><\/p>\n<ol>\n<li>  Attualmente, circa 350 imprese di trasloco di mobili e aziende associate sono membri dell'AFRA.<\/li>\n<li>  I membri dell'AFRA coprono virtualmente ogni regione dell'Australia - ma non le localit\u00e0 internazionali.<\/li>\n<li>  L'audit \u00e8 qualcosa che i membri AFRA devono affrontare regolarmente. C'\u00e8 un audit iniziale che ha luogo con la domanda di adesione, seguito da un audit 12 mesi dopo l'accettazione e poi un audit ogni quattro anni. Se gli audit rivelano che i membri non stanno rispettando i requisiti di base, allora c'\u00e8 un periodo di 21 giorni in cui correggerli prima che AFRA possa prendere provvedimenti disciplinari contro i suoi membri.<\/li>\n<li>  I membri dell'AFRA sono diversi, dalle piccole aziende gestite dal proprietario di un camion, alle grandi aziende multinazionali con molte filiali sia in Australia che in Europa. <a href=\"https:\/\/moverdb.com\/it\/aziende-di-traslochi\/\">all'estero<\/a>.<\/li>\n<li>  AFRA ha alcuni requisiti di base che i membri devono soddisfare e questi sono completi, relativi a tutto, dai locali al personale, ai veicoli, alle attrezzature e all'assicurazione.<\/li>\n<li>  Se i reclami o le rivendicazioni non vengono risolti dai membri, possono essere riferiti dal cliente ad AFRA.<\/li>\n<li>  Tutti i membri dell'AFRA hanno un'assicurazione di responsabilit\u00e0 civile e sono autorizzati a fornire un'assicurazione di transito per tutte le merci e gli effetti che vengono spostati.<\/li>\n<\/ol>\n<p><strong>Profilo dell'Australian Furniture Removers Association:<\/strong><\/p>\n<p>L'AFRA \u00e8 un organismo ufficiale di esperti di traslochi che fornisce l'accreditamento ai membri che cercano un segno affidabile di qualit\u00e0 da mostrare ai consumatori. <\/p>\n<p>Solo i traslocatori che hanno la giusta attrezzatura, i veicoli, i locali e la formazione del personale per completare un trasloco professionale riceveranno l'accreditamento di membro AFRA. Una volta ricevuto l'accreditamento, l'organizzazione continua a valutare i suoi membri per assicurare che gli standard non siano diminuiti. <\/p>\n<p>I requisiti che l'AFRA ha per i suoi membri hanno lo scopo di rendere l'industria dei traslochi un posto migliore per i consumatori in termini di fattori come la protezione finanziaria e il buon servizio. L'AFRA offre l'adesione solo alle aziende australiane, ma esse possono servire clienti che si muovono all'interno dell'Australia o <a href=\"https:\/\/moverdb.com\/it\/international-removals\/\">all'estero<\/a>. <\/p>\n<p>Come parte dei suoi benefici associativi, AFRA offre formazione, informazione e orientamento per i membri, oltre a fornire una risorsa sulle ultime notizie e sui cambiamenti che riguardano l'industria.<\/p>\n<p><strong>Criteri per l'adesione:<\/strong><\/p>\n<p>I criteri di adesione non sono elencati sul sito web ma sul modulo di domanda (che non \u00e8 anche disponibile sul sito web). Un pacchetto di adesione pu\u00f2 essere ottenuto da <a href=\"mailto:admin@afra.com.au\">admin@afra.com.au<\/a>.<\/p>\n<p>Ogni azienda, prima che l'adesione sia concessa, sar\u00e0 sottoposta ad un audit.<\/p>\n<p><strong>Aziende membri<\/strong><\/p>\n<ul>\n<li> <a href=\"https:\/\/moverdb.com\/it\/conroy-removals\/\">Traslochi Conroy<\/a><\/li>\n<\/ul>\n<p><strong>Opinioni su AFRA:<\/strong><\/p>\n<p>AFRA \u00e8 vista come un indicatore di un'azienda di qualit\u00e0 e suggerita dai siti web governativi come un modo per assicurare che un traslocatore abbia le risorse, gli standard e le competenze giuste per portare a termine un trasloco. <\/p>\n<p>Il fatto che AFRA approvi solo coloro che sono in grado di eseguire un trasloco in modo professionale \u00e8 visto come importante, cos\u00ec come i requisiti per i membri AFRA di avere protezione come varie assicurazioni in atto. <\/p>\n<p>Il punto \u00e8 che se un'azienda \u00e8 membro di AFRA, questo d\u00e0 ai suoi clienti la possibilit\u00e0 di accedere alle informazioni AFRA e di avere la rassicurazione del servizio di risoluzione delle controversie. L'opinione online sottolinea che \"tutte le maggiori associazioni nazionali <a href=\"https:\/\/moverdb.com\/it\/international-removals\/\" data-internallinksmanager029f6b8e52c=\"27\" title=\"36 Migliori aziende di traslochi internazionali del Regno Unito\">aziende di trasloco<\/a> sono impegnati nell'ideale AFRA\". <\/p>\n<p>Usare un traslocatore membro AFRA \u00e8 uno dei consigli per il trasloco forniti da un <a href=\"https:\/\/www.allianz.com.au\/home-insurance\/news\/6-tips-on-how-to-hire-the-best-removalists\" target=\"_blank\" rel=\"noopener\">grande societ\u00e0 di servizi finanziari<\/a>che fa notare che la legge australiana non richiede che i traslocatori abbiano un'assicurazione, ma l'AFRA s\u00ec. Apprezza anche il fatto che i membri AFRA saranno aggiornati con gli ultimi sviluppi e tenuti a standard minimi.<\/p>\n<blockquote><p>I traslocatori che sono accreditati dall'AFRA devono soddisfare determinati standard in relazione alle attrezzature, ai veicoli, ai locali e alla formazione del personale necessari per completare un trasloco professionale.<\/p><\/blockquote>\n<p>- <a href=\"http:\/\/www.fairtrading.nsw.gov.au\/ftw\/Consumers\/Buying_services\/Hiring_a_removalist.page\" target=\"_blank\" rel=\"noopener\">Governo del NSW<\/a><\/p>\n<blockquote><p>L'AFRA \u00e8 un organismo ufficiale di esperti di traslochi in Australia che aiuta a regolare l'industria dei traslochi. L'AFRA accredita solo i traslocatori che hanno le attrezzature, i veicoli, i locali e la formazione del personale necessari per completare un trasloco professionale.<\/p><\/blockquote>\n<p>- <a href=\"http:\/\/www.ashtons.com.au\/afra-accreditation.html\" target=\"_blank\" rel=\"noopener\">Traslochi Ashtons<\/a><\/p>\n<p><strong>Sito web:<\/strong> <a href=\"http:\/\/www.afra.com.au\/\" target=\"_blank\" rel=\"noopener\">http:\/\/www.afra.com.au\/<\/a><\/p>\n<h2>Altre guide utili sull'Australia<\/h2>\n<ul>\n<li> <a href=\"https:\/\/moverdb.com\/it\/container-shipping\/australia\/\">2024 Tariffe di spedizione via mare per container da e per l'Australia<\/a><\/li>\n<li> <a href=\"https:\/\/moverdb.com\/it\/aziende-di-traslochi\/australia-2\/\">17 migliori aziende di traslochi internazionali in Australia<\/a><\/li>\n<li> <a href=\"https:\/\/moverdb.com\/it\/i-migliori-servizi-di-trasferimento-internazionale-di-denaro\/money-transfer-companies-australia\/\">Le 10 migliori societ\u00e0 di trasferimento di denaro in Australia<\/a><\/li>\n<li> <a href=\"https:\/\/moverdb.com\/it\/trasferirsi-in-australia\/\">Trasferirsi in Australia? 2026 Costi di vita e consigli per il trasferimento<\/a><\/li>\n<li> <a href=\"https:\/\/moverdb.com\/it\/trasferirsi-in-australia\/best-places-to-live-australia\/\">I 13 migliori posti in cui vivere in Australia<\/a><\/li>\n<li> <a href=\"https:\/\/moverdb.com\/it\/trasferirsi-in-australia\/vivere-in-australia\/\">21 segreti su come vivere in Australia da conoscere prima di trasferirsi<\/a><\/li>\n<li> <a href=\"https:\/\/moverdb.com\/it\/trasferirsi-in-australia\/moving-to-australia-from-the-us\/\">Trasferirsi in Australia dagli Stati Uniti<\/a><\/li>\n<li> <a href=\"https:\/\/moverdb.com\/it\/container-shipping\/to-australia-from-the-united-states\/\">Costi di spedizione dei container in Australia dagli Stati Uniti<\/a><\/li>\n<li> <a href=\"https:\/\/moverdb.com\/it\/trasferirsi-in-australia\/moving-to-australia-from-the-uk\/\">Trasferirsi in Australia dal Regno Unito<\/a><\/li>\n<li> <a href=\"https:\/\/moverdb.com\/it\/container-shipping\/to-australia-from-the-uk\/\">Costi e tempi di spedizione dei container in Australia dal Regno Unito<\/a><\/li>\n<li> <a href=\"https:\/\/moverdb.com\/it\/trasferirsi-in-australia\/moving-to-australia-from-bahrain\/\">Trasferirsi in Australia dal Bahrain<\/a><\/li>\n<li> <a href=\"https:\/\/moverdb.com\/it\/trasferirsi-in-australia\/moving-to-australia-from-the-uae\/\">Trasferirsi in Australia da Dubai e dagli Emirati Arabi Uniti<\/a><\/li>\n<li> <a href=\"https:\/\/moverdb.com\/it\/container-shipping\/to-australia-from-dubai\/\">Spedizione di container in Australia da Dubai Costi e tempi<\/a><\/li>\n<li> <a href=\"https:\/\/moverdb.com\/it\/container-shipping\/to-australia-from-uae\/\">Costi e tempi di spedizione dei container in Australia dagli Emirati Arabi Uniti<\/a><\/li>\n<li> <a href=\"https:\/\/moverdb.com\/it\/trasferirsi-in-australia\/moving-to-australia-from-kuwait\/\">Trasferirsi in Australia dal Kuwait<\/a><\/li>\n<li> <a href=\"https:\/\/moverdb.com\/it\/trasferirsi-in-australia\/moving-to-australia-from-qatar\/\">Trasferirsi in Australia dal Qatar<\/a><\/li>\n<li> <a href=\"https:\/\/moverdb.com\/it\/container-shipping\/to-australia-from-qatar\/\">Spedizione di container in Australia dal Qatar Costi e tempi<\/a><\/li>\n<li> <a href=\"https:\/\/moverdb.com\/it\/trasferirsi-in-australia\/moving-to-perth\/\">Trasferirsi a Perth? 2026 Costi di vita e consigli per il trasferimento<\/a><\/li>\n<li> <a href=\"https:\/\/moverdb.com\/it\/trasferirsi-in-australia\/moving-to-australia-from-singapore\/\">Trasferirsi in Australia da Singapore<\/a><\/li>\n<li> <a href=\"https:\/\/moverdb.com\/it\/container-shipping\/to-australia-from-singapore\/\">Costi e tempi di spedizione dei container in Australia da Singapore<\/a><\/li>\n<li> <a href=\"https:\/\/moverdb.com\/it\/trasferirsi-in-australia\/moving-to-australia-from-south-africa\/\">Trasferirsi in Australia dal Sudafrica<\/a><\/li>\n<li> <a href=\"https:\/\/moverdb.com\/it\/container-shipping\/to-australia-from-canada\/\">Costi della spedizione di container in Australia dal Canada<\/a><\/li>\n<li> <a href=\"https:\/\/moverdb.com\/it\/container-shipping\/to-australia-from-new-zealand\/\">Costi di spedizione dei container in Australia dalla Nuova Zelanda<\/a><\/li>\n<li> <a href=\"https:\/\/moverdb.com\/it\/trasferirsi-in-australia\/moving-to-hobart\/\">Trasferirsi a Hobart? 2026 Costi della vita e consigli per il trasferimento<\/a><\/li>\n<li> <a href=\"https:\/\/moverdb.com\/it\/trasferirsi-in-australia\/moving-to-gold-coast\/\">Trasferirsi in Gold Coast? 2026 Costi di vita e consigli per il trasferimento<\/a><\/li>\n<li> <a href=\"https:\/\/moverdb.com\/it\/trasferirsi-in-australia\/moving-to-melbourne\/\">Trasferirsi a Melbourne? 2026 Costi di vita e consigli per il trasferimento<\/a><\/li>\n<\/ul>","protected":false},"excerpt":{"rendered":"<p>The Australian Furniture Removers Association (AFRA) describes itself both as a representative of, and regulator of, the removals industry in Australia. It has broad geographic reach within Australia and is often cited as a mark of quality. Key facts about the AFRA: Currently, around 350 furniture removal and associated companies are members of AFRA. The [&hellip;]<\/p>\n","protected":false},"author":1,"featured_media":0,"parent":0,"menu_order":0,"comment_status":"closed","ping_status":"closed","template":"","meta":{"_genesis_hide_title":false,"_genesis_hide_breadcrumbs":false,"_genesis_hide_singular_image":false,"_genesis_hide_footer_widgets":false,"_genesis_custom_body_class":"","_genesis_custom_post_class":"","_genesis_layout":"","footnotes":""},"class_list":{"0":"post-435","1":"page","2":"type-page","3":"status-publish","5":"entry"},"_links":{"self":[{"href":"https:\/\/moverdb.com\/it\/wp-json\/wp\/v2\/pages\/435","targetHints":{"allow":["GET"]}}],"collection":[{"href":"https:\/\/moverdb.com\/it\/wp-json\/wp\/v2\/pages"}],"about":[{"href":"https:\/\/moverdb.com\/it\/wp-json\/wp\/v2\/types\/page"}],"author":[{"embeddable":true,"href":"https:\/\/moverdb.com\/it\/wp-json\/wp\/v2\/users\/1"}],"replies":[{"embeddable":true,"href":"https:\/\/moverdb.com\/it\/wp-json\/wp\/v2\/comments?post=435"}],"version-history":[{"count":11,"href":"https:\/\/moverdb.com\/it\/wp-json\/wp\/v2\/pages\/435\/revisions"}],"predecessor-version":[{"id":17997,"href":"https:\/\/moverdb.com\/it\/wp-json\/wp\/v2\/pages\/435\/revisions\/17997"}],"wp:attachment":[{"href":"https:\/\/moverdb.com\/it\/wp-json\/wp\/v2\/media?parent=435"}],"curies":[{"name":"wp","href":"https:\/\/api.w.org\/{rel}","templated":true}]}}