{"id":434,"date":"2016-06-05T06:20:47","date_gmt":"2016-06-05T06:20:47","guid":{"rendered":"http:\/\/moverdb.com\/?page_id=434"},"modified":"2026-01-08T14:48:22","modified_gmt":"2026-01-08T14:48:22","slug":"fidi-faim","status":"publish","type":"page","link":"https:\/\/moverdb.com\/it\/fidi-faim\/","title":{"rendered":"FIDI e FAIM (FIDI Accredited International Mover) spiegati"},"content":{"rendered":"<p>La FIDI (F\u00e9d\u00e9ration Internationale des D\u00e9m\u00e9nageurs Internationaux; La Federazione dei Traslocatori Internazionali) \u00e8 un'organizzazione globale di imprese di traslochi e trasferimenti internazionali. <\/p>\n<p>Si descrive come uno standard industriale mondiale per i traslocatori di alta qualit\u00e0 e ha aperto la strada al FIDI Accredited International Mover (FAIM) Quality Management Programme, un programma di certificazione della qualit\u00e0 dedicato esclusivamente al settore dei traslochi internazionali.<\/p>\n<p><strong>Fatti salienti sull'organizzazione:<\/strong><\/p>\n<ol>\n<li>  FIDI rappresenta oltre <strong>600 indipendente <a href=\"https:\/\/moverdb.com\/it\/aziende-di-traslochi\/\">aziende<\/a><\/strong> in pi\u00f9 di <strong>100 paesi<\/strong>.<\/li>\n<li>  FIDI \u00e8 la pi\u00f9 grande organizzazione ombrello di <a href=\"https:\/\/moverdb.com\/it\/international-removals\/\">traslochi internazionali<\/a> e societ\u00e0 di trasferimento.<\/li>\n<li>  FIDI offre sia il trasferimento personale che quello aziendale.<\/li>\n<li>  Tutti gli affiliati FIDI devono rispettare un rigoroso standard di qualit\u00e0 FIDI-FAIM.<\/li>\n<li>  FIDI offre il programma di gestione della qualit\u00e0 FAIM, che \u00e8 considerato uno degli standard pi\u00f9 rigorosi del settore con pi\u00f9 di <strong>200 requisiti di qualit\u00e0<\/strong> relative sia alle operazioni che ai servizi ai clienti.<\/li>\n<li>  Ogni affiliato FIDI deve passare attraverso una valutazione periodica indipendente delle sue attivit\u00e0 di movimento internazionale. Se non superano la valutazione, vengono eliminati da FIDI.<\/li>\n<li>  Tutti gli affiliati FIDI devono firmare e aderire a una Carta Anticorruzione obbligatoria.<\/li>\n<li>  Tutti i membri FIDI devono anche essere certificati FAIM - questo viene richiesto al momento dell'adesione.<\/li>\n<li>  FAIM Plus \u00e8 disponibile per coloro che hanno la certificazione ISO 9001.<\/li>\n<\/ol>\n<p><strong>Profilo dell'organizzazione FIDI<\/strong><\/p>\n<p>FIDI \u00e8 un'associazione globale di traslocatori che offre ai suoi affiliati un forte e riconosciuto sigillo di approvazione per i servizi, maggiori opportunit\u00e0 di networking e la possibilit\u00e0 di espandere un business. <\/p>\n<p>Tiene regolarmente conferenze e organizza sessioni di formazione per i membri di tutto il mondo e offre ai membri un piano di protezione dei pagamenti, che li aiuta a proteggere fino al 90% del valore delle loro fatture. FIDI si \u00e8 anche posizionata per mantenere i suoi affiliati aggiornati con le ultime notizie del settore e ha un pannello industriale che offre una guida esperta e gestisce le controversie tra i membri. <\/p>\n<p>Il programma di gestione della qualit\u00e0 FIDI Accredited International Mover (FAIM) fa parte dell'offerta FIDI, una certificazione di qualit\u00e0 per l'industria dei traslochi che \u00e8 stata sviluppata attraverso la consultazione e le migliori pratiche dal meglio delle grandi, piccole, private e pubbliche <a href=\"https:\/\/moverdb.com\/it\/moving-companies\/\" data-internallinksmanager029f6b8e52c=\"79\" title=\"Le 25 migliori aziende di traslochi internazionali online\">societ\u00e0 di traslochi internazionali<\/a> da tutto il mondo.<\/p>\n<p><strong>Criteri per l'adesione:<\/strong><\/p>\n<p>Per aderire alla FIDI Global Alliance \u00e8 necessario soddisfare i seguenti requisiti obbligatori:<\/p>\n<ul>\n<li> Rispettare il regolamento della FIDI<\/li>\n<li> Operare in servizi di trasloco intercontinentali per almeno 2 anni prima della domanda<\/li>\n<li> Eseguire un minimo di 10 traslochi intercontinentali all'anno*.<\/li>\n<li> Avere una copertura assicurativa appropriata e adeguata<\/li>\n<li> Firmare la Carta Anticorruzione FIDI (Carta ABC FIDI)<\/li>\n<li> Essere finanziariamente sano (la sua salute finanziaria sar\u00e0 controllata da un revisore indipendente durante la fase di applicazione)<\/li>\n<li> Essere certificato FIDI-FAIM (farai domanda per la certificazione FAIM nello stesso momento in cui fai domanda per l'iscrizione al FIDI)<\/li>\n<\/ul>\n<p><strong>Certificazione FAIM:<\/strong><\/p>\n<p>Il programma di certificazione FIDI-FAIM richiede che i traslocatori internazionali abbiano una valutazione periodica indipendente delle loro attivit\u00e0 di trasloco intercontinentale attraverso un audit indipendente, che viene eseguito ogni tre anni.<\/p>\n<p>Questo assicura che le aziende FIDI lavorino secondo uno standard comune a livello mondiale per la gestione e l'esecuzione di servizi di trasloco internazionale in modo uniforme, orientato alla qualit\u00e0 ed efficace. Fornisce anche un meccanismo trasparente che assicura che gli standard rimangano alti.<\/p>\n<p>Dal punto di vista del cliente finale, un'azienda certificata FAIM d\u00e0 alla persona che trasloca e al dipartimento delle risorse umane che sta organizzando il suo trasloco, la fiducia che l'azienda conosce il settore e ha le risorse e il know-how per fare il lavoro correttamente.<\/p>\n<p>La valutazione in loco \u00e8 eseguita in modo indipendente dai valutatori internazionali Ernst &amp; Young.<\/p>\n<p><strong>Alcune aziende membri<\/strong><\/p>\n<ul>\n<li> <a href=\"https:\/\/moverdb.com\/it\/aires\/\">Aires<\/a><\/li>\n<li> <a href=\"https:\/\/moverdb.com\/it\/cadogan-tate\/\">Cadogan Tate<\/a><\/li>\n<li> <a href=\"https:\/\/moverdb.com\/it\/harrow-green\/\">Harrow Green<\/a><\/li>\n<li> <a href=\"https:\/\/moverdb.com\/it\/santa-fe-relocation\/\">Trasferimento di Santa Fe<\/a><\/li>\n<li> <a href=\"https:\/\/moverdb.com\/it\/team-relocations\/\">Trasferimenti di squadra<\/a><\/li>\n<li> <a href=\"https:\/\/moverdb.com\/it\/nippon-express\/\">Nippon Express<\/a><\/li>\n<li> <a href=\"https:\/\/moverdb.com\/it\/settelen\/\">Settelen<\/a><\/li>\n<li> <a href=\"https:\/\/moverdb.com\/it\/conroy-removals\/\">Traslochi Conroy<\/a><\/li>\n<li> <a href=\"https:\/\/moverdb.com\/it\/bolliger\/\">Bolliger<\/a><\/li>\n<li> <a href=\"https:\/\/moverdb.com\/it\/mudanzas-gou\/\">Mudanzas Gou<\/a><\/li>\n<li> <a href=\"https:\/\/moverdb.com\/it\/gil-stauffer\/\">Gil Stauffer<\/a><\/li>\n<li> <a href=\"https:\/\/moverdb.com\/it\/packimpex\/\">Packimpex<\/a><\/li>\n<\/ul>\n<p><strong>Opinioni sull'organizzazione<\/strong><\/p>\n<p>Il FIDI \u00e8 molto apprezzato dai traslocatori che lo menzionano nei loro siti web, sia per quanto riguarda le notevoli risorse di cui dispone, sia per il fatto che l'audit \u00e8 continuo. <\/p>\n<p>L'indipendenza \u00e8 un altro fattore chiave della reputazione che FIDI ha costruito - ogni azienda in movimento ha una procedura di conformit\u00e0 in loco eseguita da un consulente esterno al suo paese. <\/p>\n<blockquote><p>Per le aziende di traslochi che aspirano ai massimi livelli di qualit\u00e0, la FAIM\/ISO fornisce il pi\u00f9 alto standard di certificazione disponibile nel mondo.<\/p><\/blockquote>\n<p> - <a href=\"http:\/\/www.ossworldwidemovers.com\/fidi-accredited-international-mover\" target=\"_blank\" rel=\"noopener\">OSS World Wide Movers<\/a><\/p>\n<blockquote><p>Ci sono numerose aziende di traslochi in tutto il mondo. Come si fa a distinguere quelle buone da quelle cattive? Si comincia con FIDI\/FAIM, il gold standard per i traslochi internazionali.<\/p><\/blockquote>\n<p>- <a href=\"http:\/\/www.jkmoving.com\/International\/International_Network-_FIDI\/FAIM\/\" target=\"_blank\" rel=\"noopener\">Servizi di trasloco JK<\/a><\/p>\n<p><a href=\"http:\/\/www.jkmoving.com\/International\/International_Network-_FIDI\/FAIM\/\" target=\"_blank\" rel=\"noopener\"><\/a><\/p>\n<blockquote><p>Questo \u00e8 il programma di qualit\u00e0 pi\u00f9 rigoroso e completo per l'industria dei traslochi internazionali e ha pi\u00f9 di 200 requisiti di qualit\u00e0 relativi alle operazioni di un'organizzazione e ai servizi ai clienti. FIDI ora offre un accreditamento chiamato FAIM.<\/p><\/blockquote>\n<p>- <a href=\"http:\/\/www.suddathinternational.com\/news\/2013\/8\/1\/faim-plus.aspx\" target=\"_blank\" rel=\"noopener\">Suddath<\/a><\/p>\n<p><strong>Sito web:<\/strong> <a href=\"https:\/\/www.fidi.org\" target=\"_blank\" rel=\"noopener\">https:\/\/www.fidi.org<\/a><\/p>","protected":false},"excerpt":{"rendered":"<p>FIDI (F\u00e9d\u00e9ration Internationale des D\u00e9m\u00e9nageurs Internationaux; The Federation of International Movers) is a global umbrella organisation of international moving and relocation businesses. It describes itself as a worldwide industry standard for top quality movers and has pioneered the FIDI Accredited International Mover (FAIM) Quality Management Programme, a quality certification programme dedicated exclusively to the international [&hellip;]<\/p>\n","protected":false},"author":1,"featured_media":0,"parent":0,"menu_order":0,"comment_status":"closed","ping_status":"closed","template":"","meta":{"_genesis_hide_title":false,"_genesis_hide_breadcrumbs":false,"_genesis_hide_singular_image":false,"_genesis_hide_footer_widgets":false,"_genesis_custom_body_class":"","_genesis_custom_post_class":"","_genesis_layout":"","footnotes":""},"class_list":{"0":"post-434","1":"page","2":"type-page","3":"status-publish","5":"entry"},"_links":{"self":[{"href":"https:\/\/moverdb.com\/it\/wp-json\/wp\/v2\/pages\/434","targetHints":{"allow":["GET"]}}],"collection":[{"href":"https:\/\/moverdb.com\/it\/wp-json\/wp\/v2\/pages"}],"about":[{"href":"https:\/\/moverdb.com\/it\/wp-json\/wp\/v2\/types\/page"}],"author":[{"embeddable":true,"href":"https:\/\/moverdb.com\/it\/wp-json\/wp\/v2\/users\/1"}],"replies":[{"embeddable":true,"href":"https:\/\/moverdb.com\/it\/wp-json\/wp\/v2\/comments?post=434"}],"version-history":[{"count":28,"href":"https:\/\/moverdb.com\/it\/wp-json\/wp\/v2\/pages\/434\/revisions"}],"predecessor-version":[{"id":6210,"href":"https:\/\/moverdb.com\/it\/wp-json\/wp\/v2\/pages\/434\/revisions\/6210"}],"wp:attachment":[{"href":"https:\/\/moverdb.com\/it\/wp-json\/wp\/v2\/media?parent=434"}],"curies":[{"name":"wp","href":"https:\/\/api.w.org\/{rel}","templated":true}]}}