{"id":433,"date":"2016-06-12T13:45:04","date_gmt":"2016-06-12T13:45:04","guid":{"rendered":"http:\/\/moverdb.com\/?page_id=433"},"modified":"2026-01-08T14:47:29","modified_gmt":"2026-01-08T14:47:29","slug":"amsa","status":"publish","type":"page","link":"https:\/\/moverdb.com\/it\/amsa\/","title":{"rendered":"L'associazione americana di trasloco e stoccaggio (AMSA) spiegata"},"content":{"rendered":"<p>L'American Moving &amp; Storage Association (AMSA) \u00e8 l'associazione commerciale nazionale per l'industria americana dei traslochi. <\/p>\n<p>\u00c8 stata istituita per aiutare a rappresentare gli interessi di coloro che operano nell'industria del trasloco e del deposito, sia nazionale che internazionale, e anche per fornire una fonte di informazioni e assistenza ai clienti che utilizzano le imprese del settore.<\/p>\n<p><strong>Fatti salienti su AMSA:<\/strong><\/p>\n<ol>\n<li>  Ha circa 4.200 membri.<\/li>\n<li>  I membri dell'AMSA sono costituiti da aziende di traslochi e magazzinaggio interstatali, traslocatori locali, <a href=\"https:\/\/moverdb.com\/it\/aziende-di-traslochi\/\">traslochi internazionali<\/a> pi\u00f9 i fornitori dell'industria e i membri delle associazioni statali.<\/li>\n<li>  \u00c8 l'unica associazione nazionale che rappresenta tutti i settori dell'industria del trasloco e del deposito.<\/li>\n<li>  AMSA ha lanciato il <a href=\"https:\/\/moverdb.com\/it\/rim-promover\/\" data-internallinksmanager029f6b8e52c=\"76\" title=\"La certificazione internazionale ProMover di RIM spiegata\">ProMover<\/a> nel 2009, progettato per indirizzare i consumatori verso i traslocatori di qualit\u00e0 che sottoscrivono gli obiettivi dell'AMSA.<\/li>\n<li>  L'adesione non \u00e8 solo aperta ai traslocatori ma anche agli affiliati (coloro che forniscono prodotti o servizi legati all'industria dei traslochi), agli individui e alle associazioni professionali di categoria.<\/li>\n<li>  L'adesione all'AMSA \u00e8 una parte importante del processo di candidatura per <a href=\"https:\/\/moverdb.com\/it\/rim-promover\/\">Certificazione ProMover<\/a> - questo deve essere stato tenuto senza problemi per 18 mesi.<\/li>\n<li>  \u00c8 ben noto ai consumatori per il suo database di \"consigli per il trasloco\", che offre informazioni su tutto, dall'imballaggio a come gestire il giorno del trasloco.<\/li>\n<li>  Offre un programma di risoluzione delle controversie e ha un codice etico che i suoi membri devono rispettare.<\/li>\n<li>  I suoi membri trasportano tra 1,3 e 1,5 milioni di famiglie ogni anno.<\/li>\n<\/ol>\n<p><strong>Profilo dell'American Moving &amp; Storage Association:<\/strong><\/p>\n<p>I membri dell'AMSA beneficiano di una vasta gamma di servizi, da notizie e informazioni su questioni che riguardano l'industria, alla rappresentanza del governo federale, assistenza fiscale, rapporti finanziari e statistici e assistenza legale. <\/p>\n<p>AMSA offre anche un servizio di arbitrato per trattare le controversie su perdite e danni, oltre a programmi di formazione e certificazione professionale, come il ProMover. <\/p>\n<p>L'AMSA ha iniziato la sua vita con la pi\u00f9 antica associazione commerciale per i traslocatori in America - la National Furniture Warehousemen's Association, fondata nel 1920. La sua storia, l'ampiezza della copertura e il suo codice etico ne fanno un'organizzazione molto rispettata. <\/p>\n<p>\u00c8 responsabile della certificazione ProMover, che \u00e8 stata considerata come il marchio di un traslocatore affidabile.<\/p>\n<p><strong>Criteri per l'adesione:<\/strong><\/p>\n<p>I criteri per aderire all'AMSA sembrano essere molto semplici - semplicemente compilando il modulo e pagando una tassa. Tuttavia, \u00e8 richiesto di pi\u00f9 per le imprese che cercano di ottenere <a href=\"https:\/\/moverdb.com\/it\/rim-promover\/\">Certificazione ProMover<\/a>.<\/p>\n<p><strong>Le migliori aziende associate<\/strong><\/p>\n<ol>\n<li> <a href=\"https:\/\/moverdb.com\/it\/united-van-lines\/\">United Van Lines<\/a><\/li>\n<li> <a href=\"https:\/\/moverdb.com\/it\/atlas-van-lines-international\/\">Atlas Van Lines Internazionale<\/a><\/li>\n<li> <a href=\"https:\/\/moverdb.com\/it\/mayflower-transit\/\">Mayflower Transit<\/a><\/li>\n<li> <a href=\"https:\/\/moverdb.com\/it\/allied-van-lines\/\">Allied Van Lines<\/a><\/li>\n<li> <a href=\"https:\/\/moverdb.com\/it\/north-american-van-lines\/\">North American Van Lines<\/a><\/li>\n<li> <a href=\"https:\/\/moverdb.com\/it\/wheaton\/\">Wheaton World Wide Moving<\/a><\/li>\n<li> <a href=\"https:\/\/moverdb.com\/it\/bekins-van-lines\/\">Bekins Van Lines<\/a><\/li>\n<li> <a href=\"https:\/\/moverdb.com\/it\/graebel-van-lines\/\">Graebel Van Lines<\/a><\/li>\n<li> <a href=\"https:\/\/moverdb.com\/it\/arpin-van-lines\/\">Arpin Van Lines<\/a><\/li>\n<li> <a href=\"https:\/\/moverdb.com\/it\/stevens-worldwide-van-lines\/\">Stevens Worldwide Van Lines<\/a><\/li>\n<li> <a href=\"https:\/\/moverdb.com\/it\/vip-trasporti\/\">Trasporto VIP<\/a><\/li>\n<li> <a href=\"https:\/\/moverdb.com\/it\/island-movers\/\">Traslochi sull'isola<\/a><\/li>\n<li> <a href=\"https:\/\/moverdb.com\/it\/mudanzas-gou\/\">Mudanzas Gou<\/a><\/li>\n<li> <a href=\"https:\/\/moverdb.com\/it\/gil-stauffer\/\">Gil Stauffer<\/a><\/li>\n<\/ol>\n<p><strong>Opinioni su American Moving &amp; Storage Association<\/strong><\/p>\n<p>Quando AMSA viene menzionata online \u00e8 spesso in relazione alla certificazione ProMover dell'organizzazione, che \u00e8 diventata un marchio internazionale di qualit\u00e0. <\/p>\n<p>La certificazione \u00e8 vista come una parte della piattaforma AMSA per rappresentare e migliorare le cose per coloro che sono nell'industria - e per coloro che usano le imprese nell'industria - attraverso un'efficace difesa e la costruzione di un marchio rispettato. <\/p>\n<p>Le opinioni online si concentrano sia sul fatto che l'eredit\u00e0 di AMSA la lega alle pi\u00f9 antiche associazioni commerciali in America, sia sulla sua missione di rendere il trasloco pi\u00f9 facile per i consumatori. Le opinioni online menzionano gli eventi organizzati da AMSA - che sono ovviamente ben frequentati e tenuti in grande considerazione, <em>\"Come sempre, la conferenza AMSA di quest'anno ha riunito alcuni dei migliori leader dell'industria del movimento\".<\/em> <\/p>\n<p>I premi AMSA sono anche menzionati e questi sembrano essere considerati come un vero indicatore dei risultati e della qualit\u00e0.<\/p>\n<blockquote><p>La missione dell'AMSA \u00e8 di \"rappresentare l'interesse dell'industria dei traslochi e del deposito nazionale e internazionale e di aiutare i clienti che serve\".\n<\/p><\/blockquote>\n<p>- <a href=\"http:\/\/www.atlasvanlines.com\/pro-mover\/\" target=\"_blank\" rel=\"noopener\">Atlas Van Lines<\/a><\/p>\n<blockquote><p>L'AMSA si dedica a fare in modo che tutti i 40 milioni di americani che si spostano ogni anno e che scelgono un traslocatore professionale possano prendere decisioni informate.<\/p><\/blockquote>\n<p>- <a href=\"http:\/\/www.ossworldwidemovers.com\/american-moving-and-storage-association\" target=\"_blank\" rel=\"noopener\">OSS World Wide Movers<\/a><\/p>\n<blockquote><p>L'AMSA esamina attentamente i suoi membri traslocatori, assicurando che i consumatori siano abbinati a traslocatori che hanno soddisfatto tutti i requisiti di licenza e assicurazione, e provvedendo all'arbitrato delle controversie tra consumatori e traslocatori attraverso il suo \"Household Goods Dispute Settlement Program\". Uno degli obiettivi dell'AMSA \u00e8 un pubblico ben informato che comprenda meglio il valore del servizio professionale di trasloco.<\/p><\/blockquote>\n<p>- <a href=\"http:\/\/www.moving.com\/articles\/amsa\/who-is-amsa.asp\" target=\"_blank\" rel=\"noopener\">Spostamento.com<\/a><\/p>\n<p><strong>Sito web:<\/strong> <a href=\"http:\/\/www.moving.org\/\" target=\"_blank\" rel=\"noopener\">http:\/\/www.moving.org\/<\/a><\/p>","protected":false},"excerpt":{"rendered":"<p>The American Moving &#038; Storage Association (AMSA) is the national trade association for the American moving industry. It has been set up to help represent the interests of those in the moving and storage industry, both domestic and international, and also to provide a source of information and assistance to customers using businesses in the [&hellip;]<\/p>\n","protected":false},"author":1,"featured_media":0,"parent":0,"menu_order":0,"comment_status":"closed","ping_status":"closed","template":"","meta":{"_genesis_hide_title":false,"_genesis_hide_breadcrumbs":false,"_genesis_hide_singular_image":false,"_genesis_hide_footer_widgets":false,"_genesis_custom_body_class":"","_genesis_custom_post_class":"","_genesis_layout":"","footnotes":""},"class_list":{"0":"post-433","1":"page","2":"type-page","3":"status-publish","5":"entry"},"_links":{"self":[{"href":"https:\/\/moverdb.com\/it\/wp-json\/wp\/v2\/pages\/433","targetHints":{"allow":["GET"]}}],"collection":[{"href":"https:\/\/moverdb.com\/it\/wp-json\/wp\/v2\/pages"}],"about":[{"href":"https:\/\/moverdb.com\/it\/wp-json\/wp\/v2\/types\/page"}],"author":[{"embeddable":true,"href":"https:\/\/moverdb.com\/it\/wp-json\/wp\/v2\/users\/1"}],"replies":[{"embeddable":true,"href":"https:\/\/moverdb.com\/it\/wp-json\/wp\/v2\/comments?post=433"}],"version-history":[{"count":25,"href":"https:\/\/moverdb.com\/it\/wp-json\/wp\/v2\/pages\/433\/revisions"}],"predecessor-version":[{"id":6170,"href":"https:\/\/moverdb.com\/it\/wp-json\/wp\/v2\/pages\/433\/revisions\/6170"}],"wp:attachment":[{"href":"https:\/\/moverdb.com\/it\/wp-json\/wp\/v2\/media?parent=433"}],"curies":[{"name":"wp","href":"https:\/\/api.w.org\/{rel}","templated":true}]}}