{"id":431,"date":"2016-06-05T20:02:57","date_gmt":"2016-06-05T20:02:57","guid":{"rendered":"http:\/\/moverdb.com\/?page_id=431"},"modified":"2026-01-08T13:19:02","modified_gmt":"2026-01-08T13:19:02","slug":"sono","status":"publish","type":"page","link":"https:\/\/moverdb.com\/it\/iam\/","title":{"rendered":"Spiegazione dell'Associazione Internazionale dei Traslocatori (IAM)"},"content":{"rendered":"<p>L'International Association of Movers (IAM) \u00e8 un organismo commerciale globale con membri che forniscono servizi di trasloco, spedizione, trasporto, logistica e servizi correlati. <\/p>\n<p>Si tratta della pi\u00f9 grande associazione internazionale di categoria del settore, fondata originariamente da aziende di charter che facevano affari con l'Unione Europea. <a href=\"https:\/\/moverdb.com\/it\/moving-to-the-united-states\/\" data-internallinksmanager029f6b8e52c=\"94\" title=\"Trasferirsi negli Stati Uniti? 2026 Costi di vita e consigli per il trasferimento\">US<\/a> governo.<\/p>\n<p><strong>Fatti salienti della IAM:<\/strong><\/p>\n<ol>\n<li>  Rappresenta pi\u00f9 di <strong>2,000 <a href=\"https:\/\/moverdb.com\/it\/aziende-di-traslochi\/\" target=\"_blank\" rel=\"noopener\">aziende<\/a><\/strong> in oltre <strong>170 paesi<\/strong>.<\/li>\n<li>  La IAM ha un codice etico che richiede la tolleranza delle differenze culturali, un approccio professionale ed evitare la concorrenza sleale con altri membri, tra le altre cose.<\/li>\n<li>  La IAM \u00e8 stata fondata nel 1962 e da allora promuove la crescita dei suoi membri.<\/li>\n<li>  \u00c8 la pi\u00f9 grande associazione commerciale globale dell'industria dei traslochi e delle spedizioni.<\/li>\n<li>  La distinzione nell'industria \u00e8 riconosciuta attraverso la IAM Hall of Honor. Le candidature per la Hall of Honor possono essere presentate da qualsiasi membro, cliente o cliente IAM e sono decise dai membri IAM.<\/li>\n<li>  In precedenza era conosciuta come Household Good Forwarders Association of America - la IAM ha cambiato nome nel 2009.<\/li>\n<li>  La IAM offre un processo di risoluzione delle controversie per i problemi tra i membri - copre le controversie sulle fatture.<\/li>\n<li>  Il programma di protezione dei crediti dello IAM offre una salvaguardia da quei membri dello IAM in difficolt\u00e0 finanziarie, permettendo a un membro di presentare un reclamo e ricevere un rimborso per le fatture commerciali non pagate se sembra che un membro stia per andare in bancarotta.<\/li>\n<\/ol>\n<p><strong>Profilo dell'Associazione Internazionale dei Traslocatori:<\/strong><\/p>\n<p>La IAM \u00e8 stata fondata pi\u00f9 di 50 anni fa e ora conta pi\u00f9 di 2.000 membri in tutto il mondo. La IAM offre una variet\u00e0 di programmi, risorse e protezioni per i membri, cos\u00ec come eventi regolari che sono progettati per incoraggiare il networking e la condivisione delle conoscenze, compresi gli incontri annuali IAM. <\/p>\n<p>Tutto ci\u00f2 che la IAM fa \u00e8 inteso a promuovere la crescita e il successo dei suoi membri. Le protezioni dei membri IAM sono l\u00ec per proteggere il valore dell'appartenenza alla IAM agli occhi dell'industria, dei clienti e delle associazioni dei colleghi - queste includono requisiti rigorosi per diventare un membro IAM, facendo rispettare il codice etico e lavorando su questioni come la supervisione del marchio. <\/p>\n<p>La IAM ha un elenco di membri ricercabili online che i clienti possono usare per trovare un traslocatore che sia membro dell'organizzazione.<\/p>\n<p><strong>Criteri per l'adesione:<\/strong><\/p>\n<ul>\n<li> un minimo di un anno di esperienza<\/li>\n<li> Lettere di sponsorizzazione da parte di due membri attuali dello IAM che dichiarano di raccomandarvi per l'iscrizione, su carta intestata della societ\u00e0 sponsor, firmate da un funzionario della societ\u00e0.<\/li>\n<li> Un PDF o JPG dell'attuale licenza o registrazione commerciale del paese\/stato\/provincia e, se applicabile, il codice fiscale.<\/li>\n<li> Un PDF o JPG di un'identificazione con foto rilasciata dal governo (cio\u00e8, passaporto, patente di guida) per ogni principale della societ\u00e0 che possiede e\/o ha un interesse di controllo nel 5% o pi\u00f9 della societ\u00e0<\/li>\n<li> Pagamento della tassa d'iniziazione e delle quote<\/li>\n<\/ul>\n<p>I potenziali membri sono pubblicati sul sito web della IAM per 30 giorni per i membri attuali della IAM, alla fine dei quali l'adesione \u00e8 confermata.<\/p>\n<p><strong>Alcune aziende membri<\/strong><\/p>\n<ul>\n<li> <a href=\"https:\/\/moverdb.com\/it\/aires\/\">Aires<\/a><\/li>\n<li> <a href=\"https:\/\/moverdb.com\/it\/matthew-james\/\">Matthew James - Trasferimenti globali<\/a><\/li>\n<li> <a href=\"https:\/\/moverdb.com\/it\/santa-fe-relocation\/\">Servizi di trasferimento di Santa Fe<\/a><\/li>\n<li> <a href=\"https:\/\/moverdb.com\/it\/sterling-relocation\/\">Trasferimento di Sterling<\/a><\/li>\n<li> <a href=\"https:\/\/moverdb.com\/it\/cadogan-tate\/\">Cadogan Tate<\/a><\/li>\n<li> <a href=\"https:\/\/moverdb.com\/it\/harrow-green\/\">Harrow Green<\/a><\/li>\n<li> <a href=\"https:\/\/moverdb.com\/it\/team-relocations\/\">Trasferimenti di squadra<\/a><\/li>\n<li> <a href=\"https:\/\/moverdb.com\/it\/mcgimpsey-brothers-removals\/\">Fratelli McGimpsey Traslochi<\/a><\/li>\n<li> <a href=\"https:\/\/moverdb.com\/it\/shore-porters-society\/\">La societ\u00e0 dei portatori di terra<\/a><\/li>\n<li> <a href=\"https:\/\/moverdb.com\/it\/nippon-express\/\">Nippon Express<\/a><\/li>\n<li> <a href=\"https:\/\/moverdb.com\/it\/sirva\/\">Sirva<\/a><\/li>\n<li> <a href=\"https:\/\/moverdb.com\/it\/crown-relocations\/\">Rilocazioni della corona<\/a><\/li>\n<li> <a href=\"https:\/\/moverdb.com\/it\/shipco-transport\/\">Trasporto Shipco<\/a><\/li>\n<li> <a href=\"https:\/\/moverdb.com\/it\/conroy-removals\/\">Traslochi Conroy<\/a><\/li>\n<li> <a href=\"https:\/\/moverdb.com\/it\/bolliger\/\">Bolliger<\/a><\/li>\n<li> <a href=\"https:\/\/moverdb.com\/it\/island-movers\/\">Traslochi sull'isola<\/a><\/li>\n<li> <a href=\"https:\/\/moverdb.com\/it\/gil-stauffer\/\">Gil Stauffer<\/a><\/li>\n<li> <a href=\"https:\/\/moverdb.com\/it\/royal-hawaiian-movers\/\">Traslochi reali delle Hawaii<\/a><\/li>\n<li> <a href=\"https:\/\/moverdb.com\/it\/teletrans\/\">Teletrans<\/a><\/li>\n<\/ul>\n<p><strong>Opinioni dei traslocatori sull'Associazione Internazionale dei Traslocatori:<\/strong><\/p>\n<p>Lo IAM \u00e8 citato su numerosi siti web che citano spesso la sua natura globale e il numero di membri che ha. <\/p>\n<p>Molti si concentrano sul fatto che \u00e8 la pi\u00f9 grande associazione commerciale per l'industria e sulla portata della sua portata - che \u00e8 veramente globale con membri anche negli angoli pi\u00f9 remoti. Un sito web menziona anche che essere un membro IAM aiuta <a href=\"https:\/\/moverdb.com\/it\/moving-companies\/\" data-internallinksmanager029f6b8e52c=\"79\" title=\"Le 25 migliori aziende di traslochi internazionali online\">aziende di traslochi<\/a> essere trovato dai clienti e che \u00e8 un indicatore di un business che \u00e8 in grado di fornire un ottimo servizio. <\/p>\n<p>In generale l'Associazione sembra servire sia come un marchio di qualit\u00e0 che come un utile strumento per espandere gli affari e le reti.<\/p>\n<blockquote><p>I membri di tutto il mondo, che sono coinvolti nel trasporto quotidiano di beni domestici ed effetti personali, sono tanto diversi quanto i componenti di un trasferimento internazionale stesso. Il trasporto e lo scambio di beni e servizi sono la linfa vitale essenziale che guida la crescita economica globale di oggi.\n<\/p><\/blockquote>\n<p>- <a href=\"http:\/\/www.abels.co.uk\/articles\/international-association-of-movers-iam-what-is-this\/\" target=\"_blank\" rel=\"noopener\">Abels<\/a><\/p>\n<blockquote><p>La IAM \u00e8 un'associazione globale di trasportatori e spedizionieri impegnati a fornire ai clienti il pi\u00f9 alto livello di servizio disponibile.<\/p><\/blockquote>\n<p>- <a href=\"http:\/\/www.amjbc.ca\/international-moving-services\/\" target=\"_blank\" rel=\"noopener\">AMJ Campbell in tutto il mondo<\/a><\/p>\n<blockquote><p>L'appartenenza alla IAM \u00e8 veramente globale In tutte le parti del mondo si trovano i traslocatori IAM. Questo ci aiuta a dare ai nostri clienti un servizio veramente porta a porta. Da casa a casa, come ci piace dire.<\/p><\/blockquote>\n<p>- <a href=\"http:\/\/hometohome.nl\/2016\/02\/12\/iam-international-association-of-movers\/\" target=\"_blank\" rel=\"noopener\">Da casa a casa<\/a><\/p>\n<p><strong>Sito web:<\/strong> <a href=\"http:\/\/www.iamovers.org\/\" target=\"_blank\" rel=\"noopener\">http:\/\/www.iamovers.org<\/a><\/p>","protected":false},"excerpt":{"rendered":"<p>The International Association of Movers (IAM) is a global trade body with members who provide moving, forwarding, shipping, logistics, and related services. It is the largest international trade association for the industry, originally founded by charter businesses that were doing business with the US government. Key facts about the IAM: Represents more than 2,000 companies [&hellip;]<\/p>\n","protected":false},"author":1,"featured_media":0,"parent":0,"menu_order":0,"comment_status":"closed","ping_status":"closed","template":"","meta":{"_genesis_hide_title":false,"_genesis_hide_breadcrumbs":false,"_genesis_hide_singular_image":false,"_genesis_hide_footer_widgets":false,"_genesis_custom_body_class":"","_genesis_custom_post_class":"","_genesis_layout":"","footnotes":""},"class_list":{"0":"post-431","1":"page","2":"type-page","3":"status-publish","5":"entry"},"_links":{"self":[{"href":"https:\/\/moverdb.com\/it\/wp-json\/wp\/v2\/pages\/431","targetHints":{"allow":["GET"]}}],"collection":[{"href":"https:\/\/moverdb.com\/it\/wp-json\/wp\/v2\/pages"}],"about":[{"href":"https:\/\/moverdb.com\/it\/wp-json\/wp\/v2\/types\/page"}],"author":[{"embeddable":true,"href":"https:\/\/moverdb.com\/it\/wp-json\/wp\/v2\/users\/1"}],"replies":[{"embeddable":true,"href":"https:\/\/moverdb.com\/it\/wp-json\/wp\/v2\/comments?post=431"}],"version-history":[{"count":24,"href":"https:\/\/moverdb.com\/it\/wp-json\/wp\/v2\/pages\/431\/revisions"}],"predecessor-version":[{"id":13162,"href":"https:\/\/moverdb.com\/it\/wp-json\/wp\/v2\/pages\/431\/revisions\/13162"}],"wp:attachment":[{"href":"https:\/\/moverdb.com\/it\/wp-json\/wp\/v2\/media?parent=431"}],"curies":[{"name":"wp","href":"https:\/\/api.w.org\/{rel}","templated":true}]}}