{"id":430,"date":"2016-06-08T14:50:20","date_gmt":"2016-06-08T14:50:20","guid":{"rendered":"http:\/\/moverdb.com\/?page_id=430"},"modified":"2026-01-08T14:47:52","modified_gmt":"2026-01-08T14:47:52","slug":"bar-overseas","status":"publish","type":"page","link":"https:\/\/moverdb.com\/it\/bar-overseas\/","title":{"rendered":"La British Association of Removers (BAR) Overseas Group spiegata"},"content":{"rendered":"<p><a href=\"https:\/\/moverdb.com\/it\/british-association-of-removers\/\" data-internallinksmanager029f6b8e52c=\"9\" title=\"La British Association of Removers (BAR) spiegata\">BAR<\/a> Overseas Group fa parte del <a href=\"https:\/\/moverdb.com\/it\/british-association-of-removers\/\">Associazione britannica dei traslocatori<\/a> (BAR), un'associazione di categoria. <\/p>\n<p>Proprio come la sua organizzazione madre, \u00e8 dedicata a promuovere l'eccellenza professionale nell'industria dei traslochi e ha una particolare esperienza nel trattare con parti e <a href=\"https:\/\/moverdb.com\/it\/container-shipping\/\">spedizioni a pieno carico di container<\/a> in tutto il mondo e le merci che entrano nel <a href=\"https:\/\/moverdb.com\/it\/moving-to-the-uk\/\" data-internallinksmanager029f6b8e52c=\"93\" title=\"Trasferirsi nel Regno Unito? 2026 Costi di vita e consigli per il trasferimento\">REGNO UNITO<\/a> dall'estero.<\/p>\n<p><strong>Fatti salienti sul gruppo BAR Overseas:<\/strong><\/p>\n<ol>\n<li>  BAR Overseas \u00e8 composta da un gruppo di 50 esperti del Regno Unito <a href=\"https:\/\/moverdb.com\/it\/aziende-di-traslochi\/\">aziende<\/a> che si specializzano in ogni aspetto di <a href=\"https:\/\/moverdb.com\/it\/international-removals\/\">traslochi all'estero e internazionali<\/a> e trasferimenti.<\/li>\n<li>  I membri aderiscono a uno schema di garanzia di pagamento anticipato progettato per proteggere tutti i pre-pagamenti dei clienti.<\/li>\n<li>  I membri sono aziende professionali impegnate nei pi\u00f9 alti standard di servizio e specializzate in trasferimenti all'estero.<\/li>\n<li>  Il BAR Overseas Group esige standard elevati dai suoi membri per quanto riguarda elementi come la formazione del personale, i veicoli e le attrezzature e le visite in loco possono avere luogo in un momento casuale.<\/li>\n<li>  Lo standard di qualit\u00e0 BS 8564 \u00e8 stato sviluppato dal BAR Overseas Group in collaborazione con BSI (British Standards Institution). Tutti i membri devono esserne in possesso.<\/li>\n<li>  La BAR Advanced Payment Guarantee protegge i clienti - se il traslocatore con cui il cliente ha prenotato \u00e8 in difficolt\u00e0 finanziarie, un altro traslocatore subentra per assicurare il completamento del lavoro, senza alcun extra. <a href=\"https:\/\/moverdb.com\/it\/costi-di-trasloco\/\">costo<\/a> al cliente.<\/li>\n<\/ol>\n<p><strong>Profilo dell'organizzazione:<\/strong><\/p>\n<p>La BAR \u00e8 la pi\u00f9 antica associazione di categoria nel settore dei traslochi e la <strong>Gruppo d'oltremare<\/strong> \u00e8 progettato per estendere la sua portata dal Regno Unito a destinazioni in tutto il mondo. <\/p>\n<p>L'adesione \u00e8 aperta solo ai traslocatori che sono gi\u00e0 membri di BAR, ma questo non garantisce l'accettazione come parte del gruppo Overseas. La visione del gruppo \u00e8 quella di rendere i suoi membri il traslocatore di fiducia per il lavoro all'estero nel settore e di promuovere e sviluppare le migliori pratiche professionali per i traslochi all'estero.<\/p>\n<p><strong>Criteri per l'adesione:<\/strong><\/p>\n<ul>\n<li> I membri devono gi\u00e0 appartenere al BAR.<\/li>\n<li> I membri devono appartenere a un sistema di garanzia di pagamento avanzato (APG) approvato.<\/li>\n<li> I membri devono possedere <a href=\"https:\/\/moverdb.com\/it\/fidi-faim\/\">FIDI-FAIM<\/a>, o BS 8564 (The Overseas Moving Standard), o uno standard equivalente o superiore approvato esternamente.<\/li>\n<\/ul>\n<p><strong>Aziende membro campione:<\/strong><\/p>\n<ul>\n<li> <a href=\"https:\/\/moverdb.com\/it\/harrow-green\/\">Harrow Green<\/a><\/li>\n<li> <a href=\"https:\/\/moverdb.com\/it\/anglo-pacifico\/\">Anglo Pacifico<\/a><\/li>\n<li> <a href=\"https:\/\/moverdb.com\/it\/matthew-james\/\">Matteo Giacomo<\/a><\/li>\n<li> <a href=\"https:\/\/moverdb.com\/it\/shore-porters-society\/\">La societ\u00e0 dei portatori di terra<\/a><\/li>\n<li> <a href=\"https:\/\/moverdb.com\/it\/pss-removals\/\">PSS Traslochi internazionali<\/a><\/li>\n<\/ul>\n<p><strong>Opinioni sul gruppo BAR Overseas<\/strong><\/p>\n<p>Si ritiene che BAR Overseas abbia criteri di adesione rigorosi, con membri regolarmente ispezionati per garantire che gli standard non siano diminuiti. La reputazione dell'associazione \u00e8 costruita sulla sua revisione completa dei suoi membri, che include tutto, dalle operazioni alle strutture. <\/p>\n<p>Lo schema di protezione finanziaria \u00e8 visto come una grande risorsa per i membri in quanto sono in grado di offrire un'ulteriore protezione finanziaria ai clienti. BAR Overseas beneficia della reputazione esistente della British Association of Removers ed \u00e8 considerata come uno standard di qualit\u00e0 per i traslochi all'estero. <\/p>\n<p>Un'azienda sottolinea il fatto che ci sono solo 50-60 aziende nel Regno Unito che hanno soddisfatto i criteri per unirsi al BAR Overseas Group e questo \u00e8 uno dei motivi per cui \u00e8 un tale risultato ricevere l'adesione.<\/p>\n<blockquote><p>I membri devono soddisfare standard rigorosi e sono regolarmente ispezionati per assicurarsi che le loro strutture, attrezzature, formazione del personale e procedure operative rimangano al massimo livello.<\/p><\/blockquote>\n<p>- <a href=\"http:\/\/www.abels.co.uk\/european-removals-moving-to-europe\/bar-overseas-group-what-is-this\/\" target=\"_blank\" rel=\"noopener\">Abels<\/a><\/p>\n<blockquote><p>Il BAR Overseas Group ha creato il sistema di pagamento anticipato IMMI (International Movers Mutual Insurance) per proteggere i clienti.<\/p><\/blockquote>\n<p>- <a href=\"http:\/\/www.johnmason.com\/about-us\/accreditations\/bar-overseas-group\/\" target=\"_blank\" rel=\"noopener\">JohnMason<\/a> <\/p>\n<blockquote><p>Il BAR Overseas Group \u00e8 una sezione specializzata della British Association of Removers i cui membri sono esperti in tutti i settori dei traslochi all'estero. Meno di 60 aziende nel Regno Unito soddisfano i rigorosi criteri di adesione e gli elevati standard richiesti ai suoi membri.<\/p><\/blockquote>\n<p>- <a href=\"http:\/\/www.simpsons-uk.com\/removals_accreditations\/overseas_group\" target=\"_blank\" rel=\"noopener\">Simpsons<\/a><\/p>\n<p><strong>Sito web:<\/strong> <a href=\"http:\/\/www.baroverseas.co.uk\/\" target=\"_blank\" rel=\"noopener\">http:\/\/www.baroverseas.co.uk\/<\/a><\/p>","protected":false},"excerpt":{"rendered":"<p>BAR Overseas Group is part of the British Association of Removers (BAR), a Trade Association. Just like its parent organisation, it is dedicated to promoting professional excellence in the removals industry and has particular experience dealing with part and full container load shipments worldwide and goods coming into the UK from abroad. Key facts about [&hellip;]<\/p>\n","protected":false},"author":1,"featured_media":0,"parent":0,"menu_order":0,"comment_status":"closed","ping_status":"closed","template":"","meta":{"_genesis_hide_title":false,"_genesis_hide_breadcrumbs":false,"_genesis_hide_singular_image":false,"_genesis_hide_footer_widgets":false,"_genesis_custom_body_class":"","_genesis_custom_post_class":"","_genesis_layout":"","footnotes":""},"class_list":{"0":"post-430","1":"page","2":"type-page","3":"status-publish","5":"entry"},"_links":{"self":[{"href":"https:\/\/moverdb.com\/it\/wp-json\/wp\/v2\/pages\/430","targetHints":{"allow":["GET"]}}],"collection":[{"href":"https:\/\/moverdb.com\/it\/wp-json\/wp\/v2\/pages"}],"about":[{"href":"https:\/\/moverdb.com\/it\/wp-json\/wp\/v2\/types\/page"}],"author":[{"embeddable":true,"href":"https:\/\/moverdb.com\/it\/wp-json\/wp\/v2\/users\/1"}],"replies":[{"embeddable":true,"href":"https:\/\/moverdb.com\/it\/wp-json\/wp\/v2\/comments?post=430"}],"version-history":[{"count":16,"href":"https:\/\/moverdb.com\/it\/wp-json\/wp\/v2\/pages\/430\/revisions"}],"predecessor-version":[{"id":6187,"href":"https:\/\/moverdb.com\/it\/wp-json\/wp\/v2\/pages\/430\/revisions\/6187"}],"wp:attachment":[{"href":"https:\/\/moverdb.com\/it\/wp-json\/wp\/v2\/media?parent=430"}],"curies":[{"name":"wp","href":"https:\/\/api.w.org\/{rel}","templated":true}]}}