{"id":4298,"date":"2022-07-13T23:27:00","date_gmt":"2022-07-13T23:27:00","guid":{"rendered":"https:\/\/moverdb.com\/?page_id=4298"},"modified":"2026-01-08T13:19:53","modified_gmt":"2026-01-08T13:19:53","slug":"guam-2","status":"publish","type":"page","link":"https:\/\/moverdb.com\/it\/container-shipping\/guam-2\/","title":{"rendered":"2026 Tariffe di spedizione in container via mare da e per Guam"},"content":{"rendered":"<div class=\"wp-block-image\">\n<figure class=\"aligncenter size-full\"><img loading=\"lazy\" decoding=\"async\" width=\"1000\" height=\"664\" src=\"https:\/\/moverdb.com\/wp-content\/uploads\/guam.jpg\" alt=\"Palme su una splendida spiaggia di Guam\" class=\"wp-image-4285\" srcset=\"https:\/\/moverdb.com\/wp-content\/uploads\/guam.jpg 1000w, https:\/\/moverdb.com\/wp-content\/uploads\/guam-300x200.jpg 300w, https:\/\/moverdb.com\/wp-content\/uploads\/guam-18x12.jpg 18w, https:\/\/moverdb.com\/wp-content\/uploads\/guam-600x398.jpg 600w\" sizes=\"auto, (max-width: 1000px) 100vw, 1000px\" \/><\/figure>\n<\/div>\n\n\n<p><strong>Guam<\/strong> \u00e8 uno dei Paesi pi\u00f9 piccoli della regione del Pacifico, nel Sud-Est asiatico. Questo piccolo paradiso \u00e8 un vero e proprio gioiello per gli stranieri alla ricerca di luoghi dove ritirarsi per qualche anno o dove trasferirsi definitivamente e andare in pensione.<\/p>\n\n\n\n<p>Alcuni dei vantaggi di vivere a Guam includono un clima meraviglioso con temperature piacevoli e costanti, spiagge tropicali e acque invitanti, programmi di istruzione eccellenti, leggi fiscali positive e molto altro ancora.<\/p>\n\n\n\n<p>Detto questo, pu\u00f2 essere un po' costoso trasportare tutti i propri effetti personali a Guam, se si decide di trasferirsi l\u00ec. Poich\u00e9 la sua posizione non \u00e8 frequentemente visitata dal trasporto merci, non ci sono molte rotte che collegano l'isola.<\/p>\n\n\n\n<p>Lo si pu\u00f2 vedere nelle tabelle sottostanti. I prezzi sono i pi\u00f9 bassi di Guam <a href=\"https:\/\/moverdb.com\/it\/container-shipping\/\" data-internallinksmanager029f6b8e52c=\"3\" title=\"Grafico delle tariffe di trasporto internazionale dei container: Maggio 2026\">tariffe di spedizione dei container<\/a> che potremmo scoprire. Tuttavia, inserite i vostri dati nel nostro strumento di quotazione e faremo del nostro meglio per aiutarvi a ottenere un preventivo personalizzato per la vostra esatta posizione.<\/p>\n\n\n\n<h2 class=\"wp-block-heading\">Costi di spedizione dei container a Guam<\/h2>\n\n\n<div class=\"wp-block-image\">\n<figure class=\"aligncenter size-large\"><img loading=\"lazy\" decoding=\"async\" width=\"1024\" height=\"539\" src=\"https:\/\/moverdb.com\/wp-content\/uploads\/Shipping-Container-Costs-to-Guam-1024x539.png\" alt=\"Costi di spedizione dei container da Guam\" class=\"wp-image-4289\" srcset=\"https:\/\/moverdb.com\/wp-content\/uploads\/Shipping-Container-Costs-to-Guam-1024x539.png 1024w, https:\/\/moverdb.com\/wp-content\/uploads\/Shipping-Container-Costs-to-Guam-300x158.png 300w, https:\/\/moverdb.com\/wp-content\/uploads\/Shipping-Container-Costs-to-Guam-1536x809.png 1536w, https:\/\/moverdb.com\/wp-content\/uploads\/Shipping-Container-Costs-to-Guam-18x9.png 18w, https:\/\/moverdb.com\/wp-content\/uploads\/Shipping-Container-Costs-to-Guam-600x316.png 600w, https:\/\/moverdb.com\/wp-content\/uploads\/Shipping-Container-Costs-to-Guam.png 2000w\" sizes=\"auto, (max-width: 1024px) 100vw, 1024px\" \/><\/figure>\n<\/div>\n\n\n<table id=\"tablepress-114\" class=\"tablepress tablepress-id-114\">\n<thead>\n<tr class=\"row-1\">\n\t<th class=\"column-1\">Paese di destinazione (<a href=\"https:\/\/moverdb.com\/it\/top-49-container-ports\/\" data-internallinksmanager029f6b8e52c=\"80\" title=\"I 49 porti container pi\u00f9 grandi e trafficati nel 2025\">Porto<\/a>\/Citt\u00e0)<\/th><th class=\"column-2\">20FT<\/th><th class=\"column-3\">40FT<\/th>\n<\/tr>\n<\/thead>\n<tbody class=\"row-striping row-hover\">\n<tr class=\"row-2\">\n\t<td class=\"column-1\"><a href=\"https:\/\/moverdb.com\/it\/container-shipping\/argentina\/\" data-internallinksmanager029f6b8e52c=\"91\" title=\"2026 Tariffe di spedizione del contenitore del trasporto marittimo da e per l&#039;Argentina\">Argentina (Buenos Aires)<\/a><\/td><td class=\"column-2\">$5.591<\/td><td class=\"column-3\">$5.613<\/td>\n<\/tr>\n<tr class=\"row-3\">\n\t<td class=\"column-1\"><a href=\"https:\/\/moverdb.com\/it\/container-shipping\/australia\/\" data-internallinksmanager029f6b8e52c=\"89\" title=\"2026 Tariffe di spedizione dei container da e per l&#039;Australia\">Australia (Sydney)<\/a><\/td><td class=\"column-2\">$1.359<\/td><td class=\"column-3\">$2.612<\/td>\n<\/tr>\n<tr class=\"row-4\">\n\t<td class=\"column-1\"><a href=\"https:\/\/moverdb.com\/it\/container-shipping\/brazil\/\" data-internallinksmanager029f6b8e52c=\"98\" title=\"2026 Tariffe di spedizione via mare per container da e per il Brasile\">Brasile (Santos)<\/a><\/td><td class=\"column-2\">$5.591<\/td><td class=\"column-3\">$5.613<\/td>\n<\/tr>\n<tr class=\"row-5\">\n\t<td class=\"column-1\"><a href=\"https:\/\/moverdb.com\/it\/container-shipping\/canada\/\" data-internallinksmanager029f6b8e52c=\"102\" title=\"2026 Tariffe di spedizione di container marittimi da e per il Canada\">Canada (Toronto)<\/a><\/td><td class=\"column-2\">$2.928<\/td><td class=\"column-3\">$4.016<\/td>\n<\/tr>\n<tr class=\"row-6\">\n\t<td class=\"column-1\">Canada (<a href=\"https:\/\/moverdb.com\/it\/moving-to-canada\/moving-to-vancouver\/\" data-internallinksmanager029f6b8e52c=\"438\" title=\"Trasferirsi a Vancouver? 2026 Costi di vita e consigli per il trasferimento\">Vancouver<\/a>)<\/td><td class=\"column-2\">$2.719<\/td><td class=\"column-3\">$4,404<\/td>\n<\/tr>\n<tr class=\"row-7\">\n\t<td class=\"column-1\"><a href=\"https:\/\/moverdb.com\/it\/container-shipping\/china\/\" data-internallinksmanager029f6b8e52c=\"105\" title=\"2026 Tariffe di spedizione per container marittimi da e per la Cina\">Cina (Pechino)<\/a><\/td><td class=\"column-2\">$6,412<\/td><td class=\"column-3\">$10.710<\/td>\n<\/tr>\n<tr class=\"row-8\">\n\t<td class=\"column-1\">Cina (Shanghai)<\/td><td class=\"column-2\">$6,402<\/td><td class=\"column-3\">$10.700<\/td>\n<\/tr>\n<tr class=\"row-9\">\n\t<td class=\"column-1\"><a href=\"https:\/\/moverdb.com\/it\/container-shipping\/germany\/\" data-internallinksmanager029f6b8e52c=\"118\" title=\"2026 Tariffe di spedizione via mare per container da e per la Germania\">Germania (Amburgo)<\/a><\/td><td class=\"column-2\">$793<\/td><td class=\"column-3\">$944<\/td>\n<\/tr>\n<tr class=\"row-10\">\n\t<td class=\"column-1\"><a href=\"https:\/\/moverdb.com\/it\/container-shipping\/hong-kong\/\" data-internallinksmanager029f6b8e52c=\"123\" title=\"2026 Tariffe di spedizione in container via mare da e per Hong Kong\">Hong Kong (Hong Kong)<\/a><\/td><td class=\"column-2\">$6,402<\/td><td class=\"column-3\">$10.700<\/td>\n<\/tr>\n<tr class=\"row-11\">\n\t<td class=\"column-1\"><a href=\"https:\/\/moverdb.com\/it\/container-shipping\/india\/\" data-internallinksmanager029f6b8e52c=\"125\" title=\"2026 Tariffe di spedizione di container via mare da e per l&#039;India\">India (Mumbai)<\/a><\/td><td class=\"column-2\">$1,174<\/td><td class=\"column-3\">$2,355<\/td>\n<\/tr>\n<tr class=\"row-12\">\n\t<td class=\"column-1\"><a href=\"https:\/\/moverdb.com\/it\/container-shipping\/indonesia\/\" data-internallinksmanager029f6b8e52c=\"126\" title=\"2026 Tariffe di spedizione via mare per container da e per l&#039;Indonesia\">Indonesia (Giacarta)<\/a><\/td><td class=\"column-2\">$4.891<\/td><td class=\"column-3\">$8.046<\/td>\n<\/tr>\n<tr class=\"row-13\">\n\t<td class=\"column-1\"><a href=\"https:\/\/moverdb.com\/it\/container-shipping\/japan\/\" data-internallinksmanager029f6b8e52c=\"131\" title=\"2026 Tariffe di spedizione via mare per container da e per il Giappone\">Giappone (Tokyo)<\/a><\/td><td class=\"column-2\">$3,122<\/td><td class=\"column-3\">$5.866<\/td>\n<\/tr>\n<tr class=\"row-14\">\n\t<td class=\"column-1\"><a href=\"https:\/\/moverdb.com\/it\/container-shipping\/luxembourg\/\" data-internallinksmanager029f6b8e52c=\"146\" title=\"2026 Tariffe di spedizione di container via mare da e per il Lussemburgo\">Lussemburgo (Lussemburgo)<\/a><\/td><td class=\"column-2\">$641<\/td><td class=\"column-3\">$877<\/td>\n<\/tr>\n<tr class=\"row-15\">\n\t<td class=\"column-1\"><a href=\"https:\/\/moverdb.com\/it\/container-shipping\/malaysia\/\" data-internallinksmanager029f6b8e52c=\"148\" title=\"2026 Tariffe di spedizione via mare per container da e per la Malesia\">Malesia (Port Kelang)<\/a><\/td><td class=\"column-2\">$4.891<\/td><td class=\"column-3\">$8.046<\/td>\n<\/tr>\n<tr class=\"row-16\">\n\t<td class=\"column-1\"><a href=\"https:\/\/moverdb.com\/it\/container-shipping\/mexico\/\" data-internallinksmanager029f6b8e52c=\"162\" title=\"2026 Tariffe di spedizione di container via mare da e per il Messico\">Messico (Manzanillo)<\/a><\/td><td class=\"column-2\">$2.419<\/td><td class=\"column-3\">$4.009<\/td>\n<\/tr>\n<tr class=\"row-17\">\n\t<td class=\"column-1\"><a href=\"https:\/\/moverdb.com\/it\/container-shipping\/netherlands\/\" data-internallinksmanager029f6b8e52c=\"151\" title=\"2026 Tariffe di trasporto marittimo in container da e per i Paesi Bassi\">Paesi Bassi (Rotterdam)<\/a><\/td><td class=\"column-2\">$641<\/td><td class=\"column-3\">$877<\/td>\n<\/tr>\n<tr class=\"row-18\">\n\t<td class=\"column-1\"><a href=\"https:\/\/moverdb.com\/it\/container-shipping\/new-zealand\/\" data-internallinksmanager029f6b8e52c=\"163\" title=\"2026 Tariffe di spedizione in container via mare da e per la Nuova Zelanda\">Nuova Zelanda (Auckland)<\/a><\/td><td class=\"column-2\">$1.359<\/td><td class=\"column-3\">$2.612<\/td>\n<\/tr>\n<tr class=\"row-19\">\n\t<td class=\"column-1\"><a href=\"https:\/\/moverdb.com\/it\/container-shipping\/pakistan\/\" data-internallinksmanager029f6b8e52c=\"155\" title=\"2026 Tariffe di spedizione per container marittimi da e per il Pakistan\">Pakistan (Karachi)<\/a><\/td><td class=\"column-2\">$1,174<\/td><td class=\"column-3\">$2,355<\/td>\n<\/tr>\n<tr class=\"row-20\">\n\t<td class=\"column-1\"><a href=\"https:\/\/moverdb.com\/it\/container-shipping\/russia\/\" data-internallinksmanager029f6b8e52c=\"160\" title=\"2026 Tariffe di spedizione via mare per container da e per la Russia\">Russia (San Pietroburgo)<\/a><\/td><td class=\"column-2\">$808<\/td><td class=\"column-3\">$998<\/td>\n<\/tr>\n<tr class=\"row-21\">\n\t<td class=\"column-1\"><a href=\"https:\/\/moverdb.com\/it\/container-shipping\/singapore\/\" data-internallinksmanager029f6b8e52c=\"179\" title=\"2026 Tariffe di spedizione di container via mare da e per Singapore\">Singapore (Singapore)<\/a><\/td><td class=\"column-2\">$7.280<\/td><td class=\"column-3\">$11.350<\/td>\n<\/tr>\n<tr class=\"row-22\">\n\t<td class=\"column-1\"><a href=\"https:\/\/moverdb.com\/it\/container-shipping\/spain\/\" data-internallinksmanager029f6b8e52c=\"182\" title=\"2026 Tariffe di spedizione di container via mare da e per la Spagna\">Spagna (Valencia)<\/a><\/td><td class=\"column-2\">$528<\/td><td class=\"column-3\">$772<\/td>\n<\/tr>\n<tr class=\"row-23\">\n\t<td class=\"column-1\"><a href=\"https:\/\/moverdb.com\/it\/container-shipping\/thailand\/\" data-internallinksmanager029f6b8e52c=\"189\" title=\"2026 Tariffe di spedizione via mare per container da e per la Thailandia\">Thailandia (Laem Chabang)<\/a><\/td><td class=\"column-2\">$4.891<\/td><td class=\"column-3\">$8.046<\/td>\n<\/tr>\n<tr class=\"row-24\">\n\t<td class=\"column-1\"><a href=\"https:\/\/moverdb.com\/it\/container-shipping\/united-kingdom\/\" data-internallinksmanager029f6b8e52c=\"196\" title=\"2026 Tariffe di spedizione dei container da e per il Regno Unito\">Regno Unito (Londra)<\/a><\/td><td class=\"column-2\">$1,111<\/td><td class=\"column-3\">$1,166<\/td>\n<\/tr>\n<tr class=\"row-25\">\n\t<td class=\"column-1\"><a href=\"https:\/\/moverdb.com\/it\/moving-to-the-united-states\/\" data-internallinksmanager029f6b8e52c=\"94\" title=\"Trasferirsi negli Stati Uniti? 2026 Costi di vita e consigli per il trasferimento\">US<\/a> (<a href=\"https:\/\/moverdb.com\/it\/moving-to-los-angeles\/\" data-internallinksmanager029f6b8e52c=\"51\" title=\"Trasferirsi a Los Angeles? 2026 Costi di vita e consigli per il trasferimento a Los Angeles\">Los Angeles<\/a>)<\/td><td class=\"column-2\">$2.719<\/td><td class=\"column-3\">$4,404<\/td>\n<\/tr>\n<tr class=\"row-26\">\n\t<td class=\"column-1\"><a href=\"https:\/\/moverdb.com\/it\/container-shipping\/united-states\/\" data-internallinksmanager029f6b8e52c=\"87\" title=\"2026 Tariffe di spedizione via mare in container da e per gli Stati Uniti\">Stati Uniti (New York)<\/a><\/td><td class=\"column-2\">$2.928<\/td><td class=\"column-3\">$4.016<\/td>\n<\/tr>\n<tr class=\"row-27\">\n\t<td class=\"column-1\"><a href=\"https:\/\/moverdb.com\/it\/container-shipping\/vietnam\/\" data-internallinksmanager029f6b8e52c=\"245\" title=\"2026 Tariffe di trasporto marittimo in container da e per il Vietnam\">Vietnam (Saigon)<\/a><\/td><td class=\"column-2\">$4.891<\/td><td class=\"column-3\">$8.046<\/td>\n<\/tr>\n<\/tbody>\n<\/table>\n<!-- #tablepress-114 from cache -->\n\n\n\n<h2 class=\"wp-block-heading\">Costi di spedizione dei container da Guam<\/h2>\n\n\n<div class=\"wp-block-image\">\n<figure class=\"aligncenter size-large\"><img loading=\"lazy\" decoding=\"async\" width=\"1024\" height=\"539\" src=\"https:\/\/moverdb.com\/wp-content\/uploads\/Shipping-Container-Costs-from-Guam-1024x539.png\" alt=\"Costi di spedizione dei container da Guam\" class=\"wp-image-4287\" srcset=\"https:\/\/moverdb.com\/wp-content\/uploads\/Shipping-Container-Costs-from-Guam-1024x539.png 1024w, https:\/\/moverdb.com\/wp-content\/uploads\/Shipping-Container-Costs-from-Guam-300x158.png 300w, https:\/\/moverdb.com\/wp-content\/uploads\/Shipping-Container-Costs-from-Guam-1536x809.png 1536w, https:\/\/moverdb.com\/wp-content\/uploads\/Shipping-Container-Costs-from-Guam-18x9.png 18w, https:\/\/moverdb.com\/wp-content\/uploads\/Shipping-Container-Costs-from-Guam-600x316.png 600w, https:\/\/moverdb.com\/wp-content\/uploads\/Shipping-Container-Costs-from-Guam.png 2000w\" sizes=\"auto, (max-width: 1024px) 100vw, 1024px\" \/><\/figure>\n<\/div>\n\n\n<table id=\"tablepress-112\" class=\"tablepress tablepress-id-112\">\n<thead>\n<tr class=\"row-1\">\n\t<th class=\"column-1\">Paese di destinazione (porto\/citt\u00e0)<\/th><th class=\"column-2\">20FT<\/th><th class=\"column-3\">40FT<\/th>\n<\/tr>\n<\/thead>\n<tbody class=\"row-striping row-hover\">\n<tr class=\"row-2\">\n\t<td class=\"column-1\"><a href=\"https:\/\/moverdb.com\/it\/container-shipping\/andorra\/\" data-internallinksmanager029f6b8e52c=\"88\" title=\"2026 Tariffe di spedizione via mare in container da e per Andorra\">Andorra (Andorra la Vella)<\/a><\/td><td class=\"column-2\">$3.577<\/td><td class=\"column-3\">$4.574<\/td>\n<\/tr>\n<tr class=\"row-3\">\n\t<td class=\"column-1\"><a href=\"https:\/\/moverdb.com\/it\/container-shipping\/antigua-and-barbuda\/\" data-internallinksmanager029f6b8e52c=\"92\" title=\"2026 Tariffe di spedizione via mare in container da e per Antigua e Barbuda\">Antigua e Barbuda (St John's)<\/a><\/td><td class=\"column-2\">$9.415<\/td><td class=\"column-3\">$11.750<\/td>\n<\/tr>\n<tr class=\"row-4\">\n\t<td class=\"column-1\">Argentina (Buenos Aires)<\/td><td class=\"column-2\">$4,323<\/td><td class=\"column-3\">$6,560<\/td>\n<\/tr>\n<tr class=\"row-5\">\n\t<td class=\"column-1\"><a href=\"https:\/\/moverdb.com\/it\/container-shipping\/aruba\/\" data-internallinksmanager029f6b8e52c=\"90\" title=\"2026 Tariffe di spedizione via mare in container da e per Aruba\">Aruba (Oranjestad)<\/a><\/td><td class=\"column-2\">$9.415<\/td><td class=\"column-3\">$11.750<\/td>\n<\/tr>\n<tr class=\"row-6\">\n\t<td class=\"column-1\">Australia (Sydney)<\/td><td class=\"column-2\">$1.551<\/td><td class=\"column-3\">$2,120<\/td>\n<\/tr>\n<tr class=\"row-7\">\n\t<td class=\"column-1\"><a href=\"https:\/\/moverdb.com\/it\/container-shipping\/austria\/\" data-internallinksmanager029f6b8e52c=\"95\" title=\"2026 Tariffe di spedizione via mare per container da e per l&#039;Austria\">Austria (Vienna)<\/a><\/td><td class=\"column-2\">$1,720<\/td><td class=\"column-3\">$2.450<\/td>\n<\/tr>\n<tr class=\"row-8\">\n\t<td class=\"column-1\"><a href=\"https:\/\/moverdb.com\/it\/container-shipping\/bangladesh\/\" data-internallinksmanager029f6b8e52c=\"97\" title=\"2026 Tariffe di spedizione per container marittimi da e per il Bangladesh\">Bangladesh (Chittagong)<\/a><\/td><td class=\"column-2\">$733<\/td><td class=\"column-3\">$909<\/td>\n<\/tr>\n<tr class=\"row-9\">\n\t<td class=\"column-1\"><a href=\"https:\/\/moverdb.com\/it\/container-shipping\/belgium\/\" data-internallinksmanager029f6b8e52c=\"86\" title=\"2026 Tariffe di spedizione via mare per container da e per il Belgio\">Belgio (Anversa)<\/a><\/td><td class=\"column-2\">$1.413<\/td><td class=\"column-3\">$1.482<\/td>\n<\/tr>\n<tr class=\"row-10\">\n\t<td class=\"column-1\">Brasile (Santos)<\/td><td class=\"column-2\">$4,323<\/td><td class=\"column-3\">$6,560<\/td>\n<\/tr>\n<tr class=\"row-11\">\n\t<td class=\"column-1\">Canada (Toronto)<\/td><td class=\"column-2\">$3.414<\/td><td class=\"column-3\">$5,204<\/td>\n<\/tr>\n<tr class=\"row-12\">\n\t<td class=\"column-1\">Canada (Vancouver)<\/td><td class=\"column-2\">$1.060<\/td><td class=\"column-3\">$2.300<\/td>\n<\/tr>\n<tr class=\"row-13\">\n\t<td class=\"column-1\">Cina (Pechino)<\/td><td class=\"column-2\">$466<\/td><td class=\"column-3\">$614<\/td>\n<\/tr>\n<tr class=\"row-14\">\n\t<td class=\"column-1\">Cina (Shanghai)<\/td><td class=\"column-2\">$219<\/td><td class=\"column-3\">$470<\/td>\n<\/tr>\n<tr class=\"row-15\">\n\t<td class=\"column-1\">Germania (Amburgo)<\/td><td class=\"column-2\">$1.708<\/td><td class=\"column-3\">$1.989<\/td>\n<\/tr>\n<tr class=\"row-16\">\n\t<td class=\"column-1\">Hong Kong (Hong Kong)<\/td><td class=\"column-2\">$219<\/td><td class=\"column-3\">$470<\/td>\n<\/tr>\n<tr class=\"row-17\">\n\t<td class=\"column-1\">India (Mumbai)<\/td><td class=\"column-2\">$949<\/td><td class=\"column-3\">$1.338<\/td>\n<\/tr>\n<tr class=\"row-18\">\n\t<td class=\"column-1\">Indonesia (Giacarta)<\/td><td class=\"column-2\">$672<\/td><td class=\"column-3\">$895<\/td>\n<\/tr>\n<tr class=\"row-19\">\n\t<td class=\"column-1\"><a href=\"https:\/\/moverdb.com\/it\/container-shipping\/italy\/\" data-internallinksmanager029f6b8e52c=\"130\" title=\"2026 Tariffe di spedizione via mare per container da e per l&#039;Italia\">Italia (Trieste)<\/a><\/td><td class=\"column-2\">$1.976<\/td><td class=\"column-3\">$2.422<\/td>\n<\/tr>\n<tr class=\"row-20\">\n\t<td class=\"column-1\">Giappone (Tokyo)<\/td><td class=\"column-2\">$466<\/td><td class=\"column-3\">$614<\/td>\n<\/tr>\n<tr class=\"row-21\">\n\t<td class=\"column-1\">Lussemburgo (Lussemburgo)<\/td><td class=\"column-2\">$1.413<\/td><td class=\"column-3\">$1.482<\/td>\n<\/tr>\n<tr class=\"row-22\">\n\t<td class=\"column-1\">Malesia (Port Kelang)<\/td><td class=\"column-2\">$466<\/td><td class=\"column-3\">$614<\/td>\n<\/tr>\n<tr class=\"row-23\">\n\t<td class=\"column-1\">Messico (Manzanillo)<\/td><td class=\"column-2\">$3,227<\/td><td class=\"column-3\">$3.860<\/td>\n<\/tr>\n<tr class=\"row-24\">\n\t<td class=\"column-1\">Paesi Bassi (Rotterdam)<\/td><td class=\"column-2\">$1.413<\/td><td class=\"column-3\">$1.482<\/td>\n<\/tr>\n<tr class=\"row-25\">\n\t<td class=\"column-1\">Nuova Zelanda (Auckland)<\/td><td class=\"column-2\">$1.551<\/td><td class=\"column-3\">$2,120<\/td>\n<\/tr>\n<tr class=\"row-26\">\n\t<td class=\"column-1\">Pakistan (Karachi)<\/td><td class=\"column-2\">$949<\/td><td class=\"column-3\">$1.338<\/td>\n<\/tr>\n<tr class=\"row-27\">\n\t<td class=\"column-1\"><a href=\"https:\/\/moverdb.com\/it\/container-shipping\/philippines\/\" data-internallinksmanager029f6b8e52c=\"156\" title=\"2026 Tariffe di trasporto marittimo in container da e per le Filippine\">Filippine (Manila)<\/a><\/td><td class=\"column-2\">$466<\/td><td class=\"column-3\">$614<\/td>\n<\/tr>\n<tr class=\"row-28\">\n\t<td class=\"column-1\">Russia (San Pietroburgo)<\/td><td class=\"column-2\">$7.781<\/td><td class=\"column-3\">$13.010<\/td>\n<\/tr>\n<tr class=\"row-29\">\n\t<td class=\"column-1\">Singapore (Singapore)<\/td><td class=\"column-2\">$346<\/td><td class=\"column-3\">$507<\/td>\n<\/tr>\n<tr class=\"row-30\">\n\t<td class=\"column-1\"><a href=\"https:\/\/moverdb.com\/it\/container-shipping\/south-korea\/\" data-internallinksmanager029f6b8e52c=\"180\" title=\"2026 Tariffe di spedizione in container via mare da e per la Corea del Sud\">Corea del Sud (Busan)<\/a><\/td><td class=\"column-2\">$466<\/td><td class=\"column-3\">$614<\/td>\n<\/tr>\n<tr class=\"row-31\">\n\t<td class=\"column-1\">Spagna (Valencia)<\/td><td class=\"column-2\">$4,207<\/td><td class=\"column-3\">$8,470<\/td>\n<\/tr>\n<tr class=\"row-32\">\n\t<td class=\"column-1\">Thailandia (Laem Chabang)<\/td><td class=\"column-2\">$466<\/td><td class=\"column-3\">$614<\/td>\n<\/tr>\n<tr class=\"row-33\">\n\t<td class=\"column-1\">Regno Unito (Londra)<\/td><td class=\"column-2\">$4.612<\/td><td class=\"column-3\">$8.682<\/td>\n<\/tr>\n<tr class=\"row-34\">\n\t<td class=\"column-1\">Stati Uniti (Los Angeles)<\/td><td class=\"column-2\">$1.060<\/td><td class=\"column-3\">$2.300<\/td>\n<\/tr>\n<tr class=\"row-35\">\n\t<td class=\"column-1\">Stati Uniti (New York)<\/td><td class=\"column-2\">$3.414<\/td><td class=\"column-3\">$5,204<\/td>\n<\/tr>\n<tr class=\"row-36\">\n\t<td class=\"column-1\">Vietnam (Saigon)<\/td><td class=\"column-2\">$466<\/td><td class=\"column-3\">$614<\/td>\n<\/tr>\n<\/tbody>\n<\/table>\n<!-- #tablepress-112 from cache -->\n\n\n\n<h3 class=\"wp-block-heading\">Note sui dati:<\/h3>\n\n\n\n<ul class=\"wp-block-list\"><li>Tutte le cifre di $ in dollari statunitensi (USD);<\/li><li>Tariffe precise a partire dalla met\u00e0 del 2022;<\/li><li>Le mappe in questo articolo sono state create usando <a href=\"https:\/\/www.mapchart.net\" target=\"_blank\" rel=\"noreferrer noopener\">https:\/\/www.mapchart.net<\/a>. Siete liberi di condividere le mappe, purch\u00e9 forniate un link di attribuzione che rimanda a <a href=\"https:\/\/moverdb.com\/it\/\" target=\"_blank\" rel=\"noreferrer noopener\">MoverDB<\/a>;<\/li><li>I tassi di cui sopra sono solo stime e possono essere cambiati dal momento in cui questo articolo \u00e8 stato pubblicato (aprile 2022). Si basano sul tasso pi\u00f9 basso stimato da <a href=\"https:\/\/www.icontainers.com\" target=\"_blank\" rel=\"noreferrer noopener\">https:\/\/www.icontainers.com<\/a> o <a href=\"https:\/\/www.freightos.com\" target=\"_blank\" rel=\"noreferrer noopener\">https:\/\/www.freightos.com<\/a>;<\/li><li>Per avere un'idea pi\u00f9 precisa del costo per te, usa il modulo di preventivo in cima a questa pagina;<\/li><li>Vedi anche la nostra guida su <a href=\"https:\/\/moverdb.com\/it\/container-shipping\/\" target=\"_blank\" rel=\"noreferrer noopener\">spedizione internazionale in container<\/a>.<\/li><\/ul>","protected":false},"excerpt":{"rendered":"<p>Guam is one of the tiniest countries in the Pacific region of South-East Asia. This small paradise is a real gem for foreigners scouting for locations to take a few years to retreat or permanently relocate and retire. Some of the pros of living in Guam include a wonderful climate of constant pleasant temperatures, tropical [&hellip;]<\/p>\n","protected":false},"author":2,"featured_media":4285,"parent":44,"menu_order":0,"comment_status":"open","ping_status":"closed","template":"","meta":{"_genesis_hide_title":false,"_genesis_hide_breadcrumbs":false,"_genesis_hide_singular_image":false,"_genesis_hide_footer_widgets":false,"_genesis_custom_body_class":"","_genesis_custom_post_class":"","_genesis_layout":"","footnotes":""},"class_list":{"0":"post-4298","1":"page","2":"type-page","3":"status-publish","4":"has-post-thumbnail","6":"entry"},"_links":{"self":[{"href":"https:\/\/moverdb.com\/it\/wp-json\/wp\/v2\/pages\/4298","targetHints":{"allow":["GET"]}}],"collection":[{"href":"https:\/\/moverdb.com\/it\/wp-json\/wp\/v2\/pages"}],"about":[{"href":"https:\/\/moverdb.com\/it\/wp-json\/wp\/v2\/types\/page"}],"author":[{"embeddable":true,"href":"https:\/\/moverdb.com\/it\/wp-json\/wp\/v2\/users\/2"}],"replies":[{"embeddable":true,"href":"https:\/\/moverdb.com\/it\/wp-json\/wp\/v2\/comments?post=4298"}],"version-history":[{"count":1,"href":"https:\/\/moverdb.com\/it\/wp-json\/wp\/v2\/pages\/4298\/revisions"}],"predecessor-version":[{"id":4303,"href":"https:\/\/moverdb.com\/it\/wp-json\/wp\/v2\/pages\/4298\/revisions\/4303"}],"up":[{"embeddable":true,"href":"https:\/\/moverdb.com\/it\/wp-json\/wp\/v2\/pages\/44"}],"wp:featuredmedia":[{"embeddable":true,"href":"https:\/\/moverdb.com\/it\/wp-json\/wp\/v2\/media\/4285"}],"wp:attachment":[{"href":"https:\/\/moverdb.com\/it\/wp-json\/wp\/v2\/media?parent=4298"}],"curies":[{"name":"wp","href":"https:\/\/api.w.org\/{rel}","templated":true}]}}