{"id":429,"date":"2016-06-06T14:44:52","date_gmt":"2016-06-06T14:44:52","guid":{"rendered":"http:\/\/moverdb.com\/?page_id=429"},"modified":"2026-01-08T14:47:51","modified_gmt":"2026-01-08T14:47:51","slug":"british-association-of-removers","status":"publish","type":"page","link":"https:\/\/moverdb.com\/it\/british-association-of-removers\/","title":{"rendered":"La British Association of Removers (BAR) spiegata"},"content":{"rendered":"<p>L'Associazione Britannica dei Traslocatori (BAR) si definisce \"la voce riconosciuta dell'industria professionale dei traslochi\" ed \u00e8 un organismo chiave nel settore dei traslochi. <a href=\"https:\/\/moverdb.com\/it\/moving-to-the-uk\/\" data-internallinksmanager029f6b8e52c=\"93\" title=\"Trasferirsi nel Regno Unito? 2026 Costi di vita e consigli per il trasferimento\">REGNO UNITO<\/a> industria del movimento. <\/p>\n<p>La formazione, gli standard professionali e la fornitura di informazioni e consigli ai clienti sono inclusi nel mandato del BAR, cos\u00ec come un servizio di risoluzione delle controversie.<\/p>\n<p><strong>Fatti salienti su BAR:<\/strong><\/p>\n<ol>\n<li>  Il BAR ha diversi tipi di affiliazione: Membri del Regno Unito, <a href=\"https:\/\/moverdb.com\/it\/bar-overseas\/\">Membri del gruppo d'oltremare<\/a>, iscrizione al gruppo di traslochi commerciali, iscrizione al gruppo di interesse per il self storage. <a href=\"https:\/\/moverdb.com\/it\/international-removals\/\">Aziende<\/a> possono anche essere Affiliati Internazionali (imprese non britanniche che commerciano nell'industria del trasloco) e Affiliati (aziende che non sono impegnate in attivit\u00e0 di trasloco e stoccaggio ma che forniscono beni e servizi all'industria).<\/li>\n<li>  La BAR ha l'unico codice di condotta nel settore dei traslochi che \u00e8 approvato e controllato dal Trading Standards Institute.<\/li>\n<li>  Il Trading Standards Institute controlla la performance di tutti i membri BAR.<\/li>\n<li>  BAR copre sia il Regno Unito che <a href=\"https:\/\/moverdb.com\/it\/aziende-di-traslochi\/\">mosse internazionali<\/a>.<\/li>\n<li>  BAR ha una propria divisione di formazione - BAR Training Services, che offre corsi di formazione professionale per il business che stabiliscono lo standard nella formazione specifica del settore.<\/li>\n<li>  I membri della BAR sono soggetti a continue ispezioni del sito durante la loro adesione.<\/li>\n<li> BAR gestisce anche il <a href=\"https:\/\/www.trustedmover.org\" target=\"_blank\" rel=\"noopener\">Traslocatore di fiducia<\/a> sito web per aiutarvi a trovare i rimorchiatori BAR.<\/li>\n<\/ol>\n<p><strong>Profilo dell'organizzazione:<\/strong><\/p>\n<p>La BAR si \u00e8 affermata come un ente industriale con la missione di sostenere gli standard professionali nel settore dei traslochi a beneficio dei suoi membri e anche dei loro clienti. Ha un codice di pratica che stabilisce gli standard di servizio, materiali, veicoli e magazzini, formazione del personale e come affrontare una situazione se qualcosa va storto. <\/p>\n<p>Fornisce anche una protezione finanziaria per i clienti, per esempio quando un lavoro viene cancellato dal traslocatore. I clienti possono reclamare al BAR riguardo a un membro e c'\u00e8 anche un servizio alternativo di risoluzione delle controversie. <\/p>\n<p>La formazione \u00e8 una parte fondamentale del programma di affiliazione BAR e i membri hanno accesso a moduli di ELearning su argomenti come la leadership, la finanza, le vendite e la vendita, il servizio clienti, il marketing, il coaching, la gestione e lo sviluppo delle competenze di supervisione.<\/p>\n<p><strong>Alcune aziende membri<\/strong><\/p>\n<ul>\n<li> <a href=\"https:\/\/moverdb.com\/it\/cadogan-tate\/\">Cadogan Tate<\/a><\/li>\n<li> <a href=\"https:\/\/moverdb.com\/it\/anglo-pacifico\/\">Anglo Pacifico<\/a><\/li>\n<li> <a href=\"https:\/\/moverdb.com\/it\/shore-porters-society\/\">La societ\u00e0 dei portatori di terra<\/a><\/li>\n<li> <a href=\"https:\/\/moverdb.com\/it\/matthew-james\/\">Matteo Giacomo<\/a><\/li>\n<li> <a href=\"https:\/\/moverdb.com\/it\/robinsons\/\">Robinsons Relocation<\/a><\/li>\n<li> <a href=\"https:\/\/moverdb.com\/it\/conroy-removals\/\">Traslochi Conroy<\/a><\/li>\n<\/ul>\n<p><strong>Criteri per l'adesione:<\/strong><\/p>\n<p>Nessun criterio di adesione \u00e8 disponibile tramite il sito web, che dice: \"Se siete interessati a diventare un membro di BAR, e per i criteri di adesione e un modulo di domanda, si prega di contattare BAR fornendo le informazioni della vostra azienda e i dettagli di contatto\".<\/p>\n<p><strong>Opinioni dell'industria sulla British Association of Removers:<\/strong><\/p>\n<p>BAR appare spesso sui siti web dei traslocatori britannici e molti di quelli che la elencano si concentrano sulla sua longevit\u00e0 come una delle pi\u00f9 antiche associazioni commerciali nel settore dei traslochi e la sua storia di pi\u00f9 di un secolo. <\/p>\n<p>Il fatto che il Trading Standards abbia approvato il suo Codice di Pratica \u00e8 visto come un altro importante vantaggio, in quanto questo garantisce ai consumatori che i loro interessi sono protetti oltre i requisiti di base della legge. <\/p>\n<p>Il fatto che l'associazione effettui continue ispezioni del sito \u00e8 visto come importante, cos\u00ec come il fatto che i membri devono fornire la prova della continua soddisfazione del cliente. <\/p>\n<p>L'opinione generale \u00e8 che <em>\"Scegliendo un membro di BAR vi assicurerete che il vostro trasloco avvenga nel modo pi\u00f9 semplice possibile\".<\/em> Il BAR \u00e8 ritenuto uno standard per i traslocatori dai siti web di propriet\u00e0, che lo descrivono come un requisito di base per un buon traslocatore, che sar\u00e0 tenuto a standard minimi di professionalit\u00e0 e offrir\u00e0 una certa protezione finanziaria.<\/p>\n<blockquote><p>Scegliere una ditta di traslochi che si \u00e8 impegnata a far parte dei BAR \u00e8 un buon punto di partenza perch\u00e9 mostra che sono disposti a essere tenuti a uno standard minimo. I membri della BAR hanno degli standard minimi di condotta per l'adesione che saranno nel vostro interesse, come veicoli legali e autorizzati, protezione per il vostro deposito e arbitrato o conciliazione gratuita nel caso improbabile che qualcosa vada storto.<\/p><\/blockquote>\n<p>- <a href=\"http:\/\/www.rightmove.co.uk\/choosing-a-removal-company.html\" target=\"_blank\" rel=\"noopener\">rightmove<\/a><\/p>\n<blockquote><p>Ogni membro BAR lavora secondo il codice di pratica BAR che \u00e8 approvato dai Trading Standards. Questo codice rigoroso protegge e promuove gli interessi dei consumatori al di l\u00e0 dei requisiti di base della legge.<\/p><\/blockquote>\n<p>- <a href=\"http:\/\/www.pickfords.co.uk\/british-association-of-removers\" target=\"_blank\" rel=\"noopener\">Pickfords<\/a><\/p>\n<blockquote><p>Pi\u00f9 di 97% dei consumatori raccomandano il loro rimuovitore BAR.<\/p><\/blockquote>\n<p>- <a href=\"http:\/\/www.comparemymove.com\/blog\/our-partners\/a-guide-to-joining-the-british-association-of-removers\/\" target=\"_blank\" rel=\"noopener\">Confronta il mio movimento<\/a><\/p>\n<p><strong>Sito web:<\/strong> <a href=\"http:\/\/www.bar.co.uk\/\" target=\"_blank\" rel=\"noopener\">http:\/\/www.bar.co.uk\/<\/a><\/p>","protected":false},"excerpt":{"rendered":"<p>The British Association of Removers (BAR) describes itself as the &#8220;recognised voice of the professional moving industry&#8221; and it is a key body in the UK moving industry. Training, professional standards and providing information and advice to customers are included in the BAR&#8217;s remit, as well as a dispute resolution service. Key facts about BAR: [&hellip;]<\/p>\n","protected":false},"author":1,"featured_media":0,"parent":0,"menu_order":0,"comment_status":"closed","ping_status":"closed","template":"","meta":{"_genesis_hide_title":false,"_genesis_hide_breadcrumbs":false,"_genesis_hide_singular_image":false,"_genesis_hide_footer_widgets":false,"_genesis_custom_body_class":"","_genesis_custom_post_class":"","_genesis_layout":"","footnotes":""},"class_list":{"0":"post-429","1":"page","2":"type-page","3":"status-publish","5":"entry"},"_links":{"self":[{"href":"https:\/\/moverdb.com\/it\/wp-json\/wp\/v2\/pages\/429","targetHints":{"allow":["GET"]}}],"collection":[{"href":"https:\/\/moverdb.com\/it\/wp-json\/wp\/v2\/pages"}],"about":[{"href":"https:\/\/moverdb.com\/it\/wp-json\/wp\/v2\/types\/page"}],"author":[{"embeddable":true,"href":"https:\/\/moverdb.com\/it\/wp-json\/wp\/v2\/users\/1"}],"replies":[{"embeddable":true,"href":"https:\/\/moverdb.com\/it\/wp-json\/wp\/v2\/comments?post=429"}],"version-history":[{"count":18,"href":"https:\/\/moverdb.com\/it\/wp-json\/wp\/v2\/pages\/429\/revisions"}],"predecessor-version":[{"id":6186,"href":"https:\/\/moverdb.com\/it\/wp-json\/wp\/v2\/pages\/429\/revisions\/6186"}],"wp:attachment":[{"href":"https:\/\/moverdb.com\/it\/wp-json\/wp\/v2\/media?parent=429"}],"curies":[{"name":"wp","href":"https:\/\/api.w.org\/{rel}","templated":true}]}}