{"id":42,"date":"2016-03-19T18:09:36","date_gmt":"2016-03-19T18:09:36","guid":{"rendered":"http:\/\/moverdb.com\/?page_id=42"},"modified":"2026-01-08T15:20:50","modified_gmt":"2026-01-08T15:20:50","slug":"termini-duso","status":"publish","type":"page","link":"https:\/\/moverdb.com\/it\/terms-of-use\/","title":{"rendered":"Condizioni d'uso"},"content":{"rendered":"<p><strong>SI PREGA DI LEGGERE ATTENTAMENTE PRIMA DI UTILIZZARE QUESTO SITO WEB.<\/strong><\/p>\n<p>Benvenuto su MoverDB.com. Se continui a navigare e utilizzare questo sito web, accetti di rispettare e di essere vincolato dai seguenti termini e condizioni d'uso, che insieme al nostro <a href=\"https:\/\/MoverDB.com\/privacy-policy\/\" target=\"_blank\" rel=\"noopener\">informativa sulla privacy<\/a> regolano la relazione di MoverDB.com con te in relazione a questo sito web. Se non sei d'accordo con qualsiasi parte di questi termini e condizioni, per favore non utilizzare il nostro sito web.<\/p>\n<p>Le presenti Condizioni d'uso, insieme agli altri documenti cui si fa riferimento di seguito, stabiliscono i termini e le condizioni in base ai quali si pu\u00f2 fare uso di https:\/\/MoverDB.com\/ (\"il nostro sito\"). <\/p>\n<p>Altri documenti importanti <\/p>\n<p>I termini di utilizzo si riferiscono al nostro <a href=\"https:\/\/MoverDB.com\/privacy-policy\/\" target=\"_blank\" rel=\"noopener\">Politica sulla privacy<\/a>che stabiliscono i termini del trattamento dei dati personali forniti dall'utente a <a href=\"https:\/\/moverdb.com\/it\/moving-to-the-united-states\/\" data-internallinksmanager029f6b8e52c=\"94\" title=\"Trasferirsi negli Stati Uniti? 2026 Costi di vita e consigli per il trasferimento\">noi<\/a>o che raccogliamo da voi. \u00c8 inoltre possibile leggere la nostra versione completa <a href=\"https:\/\/moverdb.com\/it\/data-processing-policy\/\">Politica di trattamento dei dati<\/a>. Utilizzando il nostro sito, si acconsente a tale trattamento.<\/p>\n<p>L'uso di questo sito web \u00e8 soggetto alle seguenti condizioni d'uso:<\/p>\n<ul>\n<li>Il contenuto delle pagine di questo sito web \u00e8 solo per vostra informazione generale e uso. \u00c8 soggetto a modifiche senza preavviso.<\/li>\n<li> Compilando un modulo di preventivo, accetti di permetterci di condividere queste informazioni con terze parti per aiutarti a ottenere il miglior preventivo di confronto dei prezzi per il tuo trasloco internazionale.<\/li>\n<li>Questo sito web utilizza i cookie per monitorare le preferenze di navigazione. Se si consente l'uso dei cookie, le informazioni personali possono essere memorizzate da noi per l'uso da parte di terzi.<\/li>\n<li> N\u00e9 noi n\u00e9 terzi forniamo alcuna garanzia per quanto riguarda l'accuratezza, la tempestivit\u00e0, le prestazioni, la completezza o l'idoneit\u00e0 delle informazioni e dei materiali trovati o offerti su questo sito web per qualsiasi scopo particolare. Lei riconosce che tali informazioni e materiali possono contenere imprecisioni o errori e noi escludiamo espressamente la responsabilit\u00e0 per qualsiasi imprecisione o errore nella misura massima consentita dalla legge.<\/li>\n<li> Il vostro uso di qualsiasi informazione o materiale su questo sito web \u00e8 interamente a vostro rischio e pericolo, per il quale non saremo responsabili. Sar\u00e0 vostra responsabilit\u00e0 assicurare che qualsiasi prodotto, servizio o informazione disponibile attraverso questo sito web soddisfi le vostre esigenze specifiche.<\/li>\n<li> Questo sito web contiene materiale che \u00e8 di propriet\u00e0 o concesso in licenza a noi. Questo materiale include, ma non \u00e8 limitato a, il design, il layout, il look, l'aspetto e la grafica. La riproduzione \u00e8 vietata se non in conformit\u00e0 con l'avviso di copyright, che fa parte di questi termini e condizioni.<\/li>\n<li> L'uso non autorizzato di questo sito web pu\u00f2 dar luogo a una richiesta di risarcimento danni e\/o essere un reato penale.<\/li>\n<li> Di tanto in tanto questo sito web pu\u00f2 anche includere link ad altri siti web. Questi link sono forniti per vostra comodit\u00e0 per fornire ulteriori informazioni. Essi non significano che approviamo i siti web. Non siamo responsabili del contenuto dei siti web collegati.<\/li>\n<\/ul>","protected":false},"excerpt":{"rendered":"<p>PLEASE READ THESE CAREFULLY BEFORE USING THIS WEBSITE. Welcome to MoverDB.com. If you continue to browse and use this website, you are agreeing to comply with and be bound by the following terms and conditions of use, which together with our privacy policy govern MoverDB.com&#8217;s relationship with you in relation to this website. If you [&hellip;]<\/p>\n","protected":false},"author":1,"featured_media":0,"parent":0,"menu_order":0,"comment_status":"closed","ping_status":"closed","template":"","meta":{"_genesis_hide_title":false,"_genesis_hide_breadcrumbs":false,"_genesis_hide_singular_image":false,"_genesis_hide_footer_widgets":false,"_genesis_custom_body_class":"","_genesis_custom_post_class":"","_genesis_layout":"","footnotes":""},"class_list":{"0":"post-42","1":"page","2":"type-page","3":"status-publish","5":"entry"},"_links":{"self":[{"href":"https:\/\/moverdb.com\/it\/wp-json\/wp\/v2\/pages\/42","targetHints":{"allow":["GET"]}}],"collection":[{"href":"https:\/\/moverdb.com\/it\/wp-json\/wp\/v2\/pages"}],"about":[{"href":"https:\/\/moverdb.com\/it\/wp-json\/wp\/v2\/types\/page"}],"author":[{"embeddable":true,"href":"https:\/\/moverdb.com\/it\/wp-json\/wp\/v2\/users\/1"}],"replies":[{"embeddable":true,"href":"https:\/\/moverdb.com\/it\/wp-json\/wp\/v2\/comments?post=42"}],"version-history":[{"count":5,"href":"https:\/\/moverdb.com\/it\/wp-json\/wp\/v2\/pages\/42\/revisions"}],"predecessor-version":[{"id":3243,"href":"https:\/\/moverdb.com\/it\/wp-json\/wp\/v2\/pages\/42\/revisions\/3243"}],"wp:attachment":[{"href":"https:\/\/moverdb.com\/it\/wp-json\/wp\/v2\/media?parent=42"}],"curies":[{"name":"wp","href":"https:\/\/api.w.org\/{rel}","templated":true}]}}