{"id":4126,"date":"2022-06-07T21:11:54","date_gmt":"2022-06-07T21:11:54","guid":{"rendered":"https:\/\/moverdb.com\/?page_id=4126"},"modified":"2026-01-08T14:38:32","modified_gmt":"2026-01-08T14:38:32","slug":"isole-cayman","status":"publish","type":"page","link":"https:\/\/moverdb.com\/it\/container-shipping\/cayman-islands\/","title":{"rendered":"2026 Tariffe di trasporto marittimo in container da e per le Isole Cayman"},"content":{"rendered":"<div class=\"wp-block-image\">\n<figure class=\"aligncenter size-full\"><img loading=\"lazy\" decoding=\"async\" width=\"1000\" height=\"668\" src=\"https:\/\/moverdb.com\/wp-content\/uploads\/cayman-islands.jpg\" alt=\"Propriet\u00e0 sulla spiaggia e palme alle Isole Cayman\" class=\"wp-image-4095\" srcset=\"https:\/\/moverdb.com\/wp-content\/uploads\/cayman-islands.jpg 1000w, https:\/\/moverdb.com\/wp-content\/uploads\/cayman-islands-300x200.jpg 300w, https:\/\/moverdb.com\/wp-content\/uploads\/cayman-islands-18x12.jpg 18w, https:\/\/moverdb.com\/wp-content\/uploads\/cayman-islands-600x401.jpg 600w\" sizes=\"auto, (max-width: 1000px) 100vw, 1000px\" \/><\/figure>\n<\/div>\n\n\n<p>Il <strong><a href=\"https:\/\/moverdb.com\/it\/moving-to-cayman-islands\/\" data-internallinksmanager029f6b8e52c=\"425\" title=\"Trasferirsi alle Isole Cayman? 2026 Costi di vita e consigli per il trasferimento\">Isole Cayman<\/a><\/strong> sono un paradiso facilmente accessibile, proprio come il resto degli splendidi paesi dei Caraibi. Ci sono infatti tre isole Cayman, tutte decorate con spiagge mozzafiato, palme e lagune incontaminate.<\/p>\n\n\n\n<p>Questo piccolo Paese \u00e8 perfetto per chi vuole godersi la vita pur continuando a lavorare, poich\u00e9 \u00e8 noto per la sua cultura del lavoro flessibile e per l'assenza di imposte sul reddito personale. L'eccellente qualit\u00e0 della vita e la vicinanza ai principali centri di transito sono altri vantaggi del risiedere nelle Isole Cayman.<\/p>\n\n\n\n<p>Detto questo, se state pianificando il vostro grande trasferimento in questo Paese, trarreste un grande beneficio dal conoscere i costi di trasporto dei vostri beni personali e della vostra casa.<\/p>\n\n\n\n<p>Isole Cayman <a href=\"https:\/\/moverdb.com\/it\/container-shipping\/\" data-internallinksmanager029f6b8e52c=\"3\" title=\"Grafico delle tariffe di trasporto internazionale dei container: Aprile 2026\">tariffe di spedizione dei container<\/a> che sono stati compilati in questo articolo sono i pi\u00f9 bassi che si possano trovare in circolazione, quindi assicuratevi di esaminare i grafici sottostanti e di individuare le <a href=\"https:\/\/moverdb.com\/it\/top-49-container-ports\/\" data-internallinksmanager029f6b8e52c=\"80\" title=\"I 49 porti container pi\u00f9 grandi e trafficati nel 2025\">porto<\/a> citt\u00e0 pi\u00f9 vicina a voi. Se avete bisogno di un prezzo preciso per il trasporto a domicilio, utilizzate lo strumento di preventivo personalizzato fornito da <a href=\"https:\/\/moverdb.com\/it\/\">MoverDB<\/a>.<\/p>\n\n\n\n<h2 class=\"wp-block-heading\">Costi di spedizione dei container alle Isole Cayman (George Town)<\/h2>\n\n\n<div class=\"wp-block-image\">\n<figure class=\"aligncenter size-large\"><img loading=\"lazy\" decoding=\"async\" width=\"1024\" height=\"539\" src=\"https:\/\/moverdb.com\/wp-content\/uploads\/Shipping-Container-Costs-to-Cayman-Islands-1024x539.png\" alt=\"Costi di spedizione dei container alle Isole Cayman (George Town)\" class=\"wp-image-4097\" srcset=\"https:\/\/moverdb.com\/wp-content\/uploads\/Shipping-Container-Costs-to-Cayman-Islands-1024x539.png 1024w, https:\/\/moverdb.com\/wp-content\/uploads\/Shipping-Container-Costs-to-Cayman-Islands-300x158.png 300w, https:\/\/moverdb.com\/wp-content\/uploads\/Shipping-Container-Costs-to-Cayman-Islands-1536x809.png 1536w, https:\/\/moverdb.com\/wp-content\/uploads\/Shipping-Container-Costs-to-Cayman-Islands-18x9.png 18w, https:\/\/moverdb.com\/wp-content\/uploads\/Shipping-Container-Costs-to-Cayman-Islands-600x316.png 600w, https:\/\/moverdb.com\/wp-content\/uploads\/Shipping-Container-Costs-to-Cayman-Islands.png 2000w\" sizes=\"auto, (max-width: 1024px) 100vw, 1024px\" \/><\/figure>\n<\/div>\n\n\n<table id=\"tablepress-79\" class=\"tablepress tablepress-id-79\">\n<thead>\n<tr class=\"row-1\">\n\t<th class=\"column-1\">Paese di destinazione (porto\/citt\u00e0)<\/th><th class=\"column-2\">20FT<\/th><th class=\"column-3\">40FT<\/th>\n<\/tr>\n<\/thead>\n<tbody class=\"row-striping row-hover\">\n<tr class=\"row-2\">\n\t<td class=\"column-1\"><a href=\"https:\/\/moverdb.com\/it\/container-shipping\/andorra\/\" data-internallinksmanager029f6b8e52c=\"88\" title=\"2026 Tariffe di spedizione via mare in container da e per Andorra\">Andorra (Andorra la Vella)<\/a><\/td><td class=\"column-2\">1868<\/td><td class=\"column-3\">3171<\/td>\n<\/tr>\n<tr class=\"row-3\">\n\t<td class=\"column-1\"><a href=\"https:\/\/moverdb.com\/it\/container-shipping\/argentina\/\" data-internallinksmanager029f6b8e52c=\"91\" title=\"2026 Tariffe di spedizione del contenitore del trasporto marittimo da e per l&#039;Argentina\">Argentina (Buenos Aires)<\/a><\/td><td class=\"column-2\">3728<\/td><td class=\"column-3\">4313<\/td>\n<\/tr>\n<tr class=\"row-4\">\n\t<td class=\"column-1\"><a href=\"https:\/\/moverdb.com\/it\/container-shipping\/australia\/\" data-internallinksmanager029f6b8e52c=\"89\" title=\"2026 Tariffe di spedizione dei container da e per l&#039;Australia\">Australia (Sydney)<\/a><\/td><td class=\"column-2\">N\/A<\/td><td class=\"column-3\">12406<\/td>\n<\/tr>\n<tr class=\"row-5\">\n\t<td class=\"column-1\"><a href=\"https:\/\/moverdb.com\/it\/container-shipping\/austria\/\" data-internallinksmanager029f6b8e52c=\"95\" title=\"2026 Tariffe di spedizione via mare per container da e per l&#039;Austria\">Austria (Vienna)<\/a><\/td><td class=\"column-2\">N\/A<\/td><td class=\"column-3\">3739<\/td>\n<\/tr>\n<tr class=\"row-6\">\n\t<td class=\"column-1\"><a href=\"https:\/\/moverdb.com\/it\/container-shipping\/bahrain\/\" data-internallinksmanager029f6b8e52c=\"96\" title=\"2026 Tariffe di spedizione di container via mare da e per il Bahrain\">Bahrain (Manama)<\/a><\/td><td class=\"column-2\">N\/A<\/td><td class=\"column-3\">12306<\/td>\n<\/tr>\n<tr class=\"row-7\">\n\t<td class=\"column-1\"><a href=\"https:\/\/moverdb.com\/it\/container-shipping\/belgium\/\" data-internallinksmanager029f6b8e52c=\"86\" title=\"2026 Tariffe di spedizione via mare per container da e per il Belgio\">Belgio (Anversa)<\/a><\/td><td class=\"column-2\">2643<\/td><td class=\"column-3\">4077<\/td>\n<\/tr>\n<tr class=\"row-8\">\n\t<td class=\"column-1\"><a href=\"https:\/\/moverdb.com\/it\/container-shipping\/belize\/\" data-internallinksmanager029f6b8e52c=\"137\" title=\"2026 Tariffe di spedizione via mare in container da e per il Belize\">Belize (Belize City)<\/a><\/td><td class=\"column-2\">2448<\/td><td class=\"column-3\">2804<\/td>\n<\/tr>\n<tr class=\"row-9\">\n\t<td class=\"column-1\"><a href=\"https:\/\/moverdb.com\/it\/container-shipping\/brazil\/\" data-internallinksmanager029f6b8e52c=\"98\" title=\"2026 Tariffe di spedizione via mare per container da e per il Brasile\">Brasile (Santos)<\/a><\/td><td class=\"column-2\">3728<\/td><td class=\"column-3\">4327<\/td>\n<\/tr>\n<tr class=\"row-10\">\n\t<td class=\"column-1\"><a href=\"https:\/\/moverdb.com\/it\/container-shipping\/cambodia\/\" data-internallinksmanager029f6b8e52c=\"101\" title=\"2026 Tariffe di spedizione via mare per container da e per la Cambogia\">Cambogia (Sihanoukville)<\/a><\/td><td class=\"column-2\">7606<\/td><td class=\"column-3\">8276<\/td>\n<\/tr>\n<tr class=\"row-11\">\n\t<td class=\"column-1\"><a href=\"https:\/\/moverdb.com\/it\/container-shipping\/china\/\" data-internallinksmanager029f6b8e52c=\"105\" title=\"2026 Tariffe di spedizione per container marittimi da e per la Cina\">Cina (Pechino)<\/a><\/td><td class=\"column-2\">6757<\/td><td class=\"column-3\">7134<\/td>\n<\/tr>\n<tr class=\"row-12\">\n\t<td class=\"column-1\">Cina (Shanghai)<\/td><td class=\"column-2\">6696<\/td><td class=\"column-3\">7077<\/td>\n<\/tr>\n<tr class=\"row-13\">\n\t<td class=\"column-1\"><a href=\"https:\/\/moverdb.com\/it\/container-shipping\/germany\/\" data-internallinksmanager029f6b8e52c=\"118\" title=\"2026 Tariffe di spedizione via mare per container da e per la Germania\">Germania (Amburgo)<\/a><\/td><td class=\"column-2\">2643<\/td><td class=\"column-3\">4077<\/td>\n<\/tr>\n<tr class=\"row-14\">\n\t<td class=\"column-1\"><a href=\"https:\/\/moverdb.com\/it\/container-shipping\/greece\/\" data-internallinksmanager029f6b8e52c=\"120\" title=\"2026 Tariffe di spedizione di container via mare da e per la Grecia\">Grecia (Pireo)<\/a><\/td><td class=\"column-2\">4664<\/td><td class=\"column-3\">8058<\/td>\n<\/tr>\n<tr class=\"row-15\">\n\t<td class=\"column-1\"><a href=\"https:\/\/moverdb.com\/it\/container-shipping\/guernsey\/\" data-internallinksmanager029f6b8e52c=\"121\" title=\"2026 Tariffe di trasporto marittimo in container da e per Guernsey\">Guernsey (St Peter Port)<\/a><\/td><td class=\"column-2\">3704<\/td><td class=\"column-3\">5620<\/td>\n<\/tr>\n<tr class=\"row-16\">\n\t<td class=\"column-1\"><a href=\"https:\/\/moverdb.com\/it\/container-shipping\/hong-kong\/\" data-internallinksmanager029f6b8e52c=\"123\" title=\"2026 Tariffe di spedizione in container via mare da e per Hong Kong\">Hong Kong (Hong Kong)<\/a><\/td><td class=\"column-2\">6696<\/td><td class=\"column-3\">7077<\/td>\n<\/tr>\n<tr class=\"row-17\">\n\t<td class=\"column-1\"><a href=\"https:\/\/moverdb.com\/it\/container-shipping\/indonesia\/\" data-internallinksmanager029f6b8e52c=\"126\" title=\"2026 Tariffe di spedizione via mare per container da e per l&#039;Indonesia\">Indonesia (Giacarta)<\/a><\/td><td class=\"column-2\">7295<\/td><td class=\"column-3\">7762<\/td>\n<\/tr>\n<tr class=\"row-18\">\n\t<td class=\"column-1\"><a href=\"https:\/\/moverdb.com\/it\/container-shipping\/isle-of-man\/\" data-internallinksmanager029f6b8e52c=\"128\" title=\"2026 Tariffe di trasporto marittimo in container da e per l&#039;Isola di Man\">Isola di Man (Douglas)<\/a><\/td><td class=\"column-2\">3718<\/td><td class=\"column-3\">5641<\/td>\n<\/tr>\n<tr class=\"row-19\">\n\t<td class=\"column-1\"><a href=\"https:\/\/moverdb.com\/it\/container-shipping\/jersey\/\" data-internallinksmanager029f6b8e52c=\"132\" title=\"2026 Tariffe di spedizione di container via mare da e per Jersey\">Jersey (St Helier)<\/a><\/td><td class=\"column-2\">3704<\/td><td class=\"column-3\">5620<\/td>\n<\/tr>\n<tr class=\"row-20\">\n\t<td class=\"column-1\"><a href=\"https:\/\/moverdb.com\/it\/container-shipping\/luxembourg\/\" data-internallinksmanager029f6b8e52c=\"146\" title=\"2026 Tariffe di spedizione di container via mare da e per il Lussemburgo\">Lussemburgo (Lussemburgo)<\/a><\/td><td class=\"column-2\">2639<\/td><td class=\"column-3\">4071<\/td>\n<\/tr>\n<tr class=\"row-21\">\n\t<td class=\"column-1\"><a href=\"https:\/\/moverdb.com\/it\/container-shipping\/malaysia\/\" data-internallinksmanager029f6b8e52c=\"148\" title=\"2026 Tariffe di spedizione via mare per container da e per la Malesia\">Malesia (Port Kelang)<\/a><\/td><td class=\"column-2\">7354<\/td><td class=\"column-3\">7762<\/td>\n<\/tr>\n<tr class=\"row-22\">\n\t<td class=\"column-1\"><a href=\"https:\/\/moverdb.com\/it\/container-shipping\/netherlands\/\" data-internallinksmanager029f6b8e52c=\"151\" title=\"2026 Tariffe di trasporto marittimo in container da e per i Paesi Bassi\">Paesi Bassi (Rotterdam)<\/a><\/td><td class=\"column-2\">2643<\/td><td class=\"column-3\">4077<\/td>\n<\/tr>\n<tr class=\"row-23\">\n\t<td class=\"column-1\"><a href=\"https:\/\/moverdb.com\/it\/container-shipping\/philippines\/\" data-internallinksmanager029f6b8e52c=\"156\" title=\"2026 Tariffe di trasporto marittimo in container da e per le Filippine\">Filippine (Manila)<\/a><\/td><td class=\"column-2\">7438<\/td><td class=\"column-3\">7933<\/td>\n<\/tr>\n<tr class=\"row-24\">\n\t<td class=\"column-1\"><a href=\"https:\/\/moverdb.com\/it\/container-shipping\/russia\/\" data-internallinksmanager029f6b8e52c=\"160\" title=\"2026 Tariffe di spedizione via mare per container da e per la Russia\">Russia (San Pietroburgo)<\/a><\/td><td class=\"column-2\">2087<\/td><td class=\"column-3\">3243<\/td>\n<\/tr>\n<tr class=\"row-25\">\n\t<td class=\"column-1\"><a href=\"https:\/\/moverdb.com\/it\/container-shipping\/saudi-arabia\/\" data-internallinksmanager029f6b8e52c=\"178\" title=\"2026 Tariffe di spedizione via mare per container da e per l&#039;Arabia Saudita\">Arabia Saudita (Jeddah)<\/a><\/td><td class=\"column-2\">4098<\/td><td class=\"column-3\">5198<\/td>\n<\/tr>\n<tr class=\"row-26\">\n\t<td class=\"column-1\"><a href=\"https:\/\/moverdb.com\/it\/container-shipping\/singapore\/\" data-internallinksmanager029f6b8e52c=\"179\" title=\"2026 Tariffe di spedizione di container via mare da e per Singapore\">Singapore (Singapore)<\/a><\/td><td class=\"column-2\">7295<\/td><td class=\"column-3\">7704<\/td>\n<\/tr>\n<tr class=\"row-27\">\n\t<td class=\"column-1\"><a href=\"https:\/\/moverdb.com\/it\/container-shipping\/south-korea\/\" data-internallinksmanager029f6b8e52c=\"180\" title=\"2026 Tariffe di spedizione in container via mare da e per la Corea del Sud\">Corea del Sud (Busan)<\/a><\/td><td class=\"column-2\">7295<\/td><td class=\"column-3\">7704<\/td>\n<\/tr>\n<tr class=\"row-28\">\n\t<td class=\"column-1\"><a href=\"https:\/\/moverdb.com\/it\/container-shipping\/spain\/\" data-internallinksmanager029f6b8e52c=\"182\" title=\"2026 Tariffe di spedizione di container via mare da e per la Spagna\">Spagna (Valencia)<\/a><\/td><td class=\"column-2\">12974<\/td><td class=\"column-3\">17177<\/td>\n<\/tr>\n<tr class=\"row-29\">\n\t<td class=\"column-1\"><a href=\"https:\/\/moverdb.com\/it\/container-shipping\/taiwan\/\" data-internallinksmanager029f6b8e52c=\"183\" title=\"2026 Tariffe di spedizione per container marittimi da e per Taiwan\">Taiwan (Kaohsiung)<\/a><\/td><td class=\"column-2\">6696<\/td><td class=\"column-3\">7077<\/td>\n<\/tr>\n<tr class=\"row-30\">\n\t<td class=\"column-1\"><a href=\"https:\/\/moverdb.com\/it\/container-shipping\/thailand\/\" data-internallinksmanager029f6b8e52c=\"189\" title=\"2026 Tariffe di spedizione via mare per container da e per la Thailandia\">Thailandia (Laem Chabang)<\/a><\/td><td class=\"column-2\">7295<\/td><td class=\"column-3\">7933<\/td>\n<\/tr>\n<tr class=\"row-31\">\n\t<td class=\"column-1\"><a href=\"https:\/\/moverdb.com\/it\/container-shipping\/united-arab-emirates\/\" data-internallinksmanager029f6b8e52c=\"188\" title=\"2026 Tariffe di spedizione dei container da e per gli Emirati Arabi Uniti\">Emirati Arabi Uniti (Jebel Ali)<\/a><\/td><td class=\"column-2\">4098<\/td><td class=\"column-3\">5198<\/td>\n<\/tr>\n<tr class=\"row-32\">\n\t<td class=\"column-1\"><a href=\"https:\/\/moverdb.com\/it\/container-shipping\/united-kingdom\/\" data-internallinksmanager029f6b8e52c=\"196\" title=\"2026 Tariffe di spedizione dei container da e per il Regno Unito\">Regno Unito (Londra)<\/a><\/td><td class=\"column-2\">2756<\/td><td class=\"column-3\">2774<\/td>\n<\/tr>\n<tr class=\"row-33\">\n\t<td class=\"column-1\"><a href=\"https:\/\/moverdb.com\/it\/moving-to-the-united-states\/\" data-internallinksmanager029f6b8e52c=\"94\" title=\"Trasferirsi negli Stati Uniti? 2026 Costi di vita e consigli per il trasferimento\">US<\/a> (<a href=\"https:\/\/moverdb.com\/it\/moving-to-los-angeles\/\" data-internallinksmanager029f6b8e52c=\"51\" title=\"Trasferirsi a Los Angeles? 2026 Costi di vita e consigli per il trasferimento a Los Angeles\">Los Angeles<\/a>)<\/td><td class=\"column-2\">912<\/td><td class=\"column-3\">1309<\/td>\n<\/tr>\n<tr class=\"row-34\">\n\t<td class=\"column-1\"><a href=\"https:\/\/moverdb.com\/it\/container-shipping\/united-states\/\" data-internallinksmanager029f6b8e52c=\"87\" title=\"2026 Tariffe di spedizione via mare in container da e per gli Stati Uniti\">Stati Uniti (New York)<\/a><\/td><td class=\"column-2\">2624<\/td><td class=\"column-3\">1937<\/td>\n<\/tr>\n<tr class=\"row-35\">\n\t<td class=\"column-1\"><a href=\"https:\/\/moverdb.com\/it\/container-shipping\/vietnam\/\" data-internallinksmanager029f6b8e52c=\"245\" title=\"2026 Tariffe di trasporto marittimo in container da e per il Vietnam\">Vietnam (Saigon)<\/a><\/td><td class=\"column-2\">7295<\/td><td class=\"column-3\">7704<\/td>\n<\/tr>\n<\/tbody>\n<\/table>\n<!-- #tablepress-79 from cache -->\n\n\n\n<h2 class=\"wp-block-heading\">Costi di spedizione dei container dalle Isole Cayman (George Town)<\/h2>\n\n\n<div class=\"wp-block-image\">\n<figure class=\"aligncenter size-large\"><img loading=\"lazy\" decoding=\"async\" width=\"1024\" height=\"539\" src=\"https:\/\/moverdb.com\/wp-content\/uploads\/Shipping-Container-Costs-from-Cayman-Islands-1024x539.png\" alt=\"Costi di spedizione dei container dalle Isole Cayman (George Town)\" class=\"wp-image-4096\" srcset=\"https:\/\/moverdb.com\/wp-content\/uploads\/Shipping-Container-Costs-from-Cayman-Islands-1024x539.png 1024w, https:\/\/moverdb.com\/wp-content\/uploads\/Shipping-Container-Costs-from-Cayman-Islands-300x158.png 300w, https:\/\/moverdb.com\/wp-content\/uploads\/Shipping-Container-Costs-from-Cayman-Islands-1536x809.png 1536w, https:\/\/moverdb.com\/wp-content\/uploads\/Shipping-Container-Costs-from-Cayman-Islands-18x9.png 18w, https:\/\/moverdb.com\/wp-content\/uploads\/Shipping-Container-Costs-from-Cayman-Islands-600x316.png 600w, https:\/\/moverdb.com\/wp-content\/uploads\/Shipping-Container-Costs-from-Cayman-Islands.png 2000w\" sizes=\"auto, (max-width: 1024px) 100vw, 1024px\" \/><\/figure>\n<\/div>\n\n\n<table id=\"tablepress-75\" class=\"tablepress tablepress-id-75\">\n<thead>\n<tr class=\"row-1\">\n\t<th class=\"column-1\">Paese di destinazione (porto\/citt\u00e0)<\/th><th class=\"column-2\">20FT<\/th><th class=\"column-3\">40FT<\/th>\n<\/tr>\n<\/thead>\n<tbody class=\"row-striping row-hover\">\n<tr class=\"row-2\">\n\t<td class=\"column-1\">Andorra (Andorra la Vella)<\/td><td class=\"column-2\">346<\/td><td class=\"column-3\">355<\/td>\n<\/tr>\n<tr class=\"row-3\">\n\t<td class=\"column-1\"><a href=\"https:\/\/moverdb.com\/it\/container-shipping\/antigua-and-barbuda\/\" data-internallinksmanager029f6b8e52c=\"92\" title=\"2026 Tariffe di spedizione via mare in container da e per Antigua e Barbuda\">Antigua e Barbuda (St John's)<\/a><\/td><td class=\"column-2\">600<\/td><td class=\"column-3\">801<\/td>\n<\/tr>\n<tr class=\"row-4\">\n\t<td class=\"column-1\">Argentina (Buenos Aires)<\/td><td class=\"column-2\">928<\/td><td class=\"column-3\">1416<\/td>\n<\/tr>\n<tr class=\"row-5\">\n\t<td class=\"column-1\">Australia (Sydney)<\/td><td class=\"column-2\">6430<\/td><td class=\"column-3\">8027<\/td>\n<\/tr>\n<tr class=\"row-6\">\n\t<td class=\"column-1\">Brasile (Santos)<\/td><td class=\"column-2\">928<\/td><td class=\"column-3\">1416<\/td>\n<\/tr>\n<tr class=\"row-7\">\n\t<td class=\"column-1\"><a href=\"https:\/\/moverdb.com\/it\/container-shipping\/canada\/\" data-internallinksmanager029f6b8e52c=\"102\" title=\"2026 Tariffe di spedizione di container marittimi da e per il Canada\">Canada (Toronto)<\/a><\/td><td class=\"column-2\">2331<\/td><td class=\"column-3\">3074<\/td>\n<\/tr>\n<tr class=\"row-8\">\n\t<td class=\"column-1\">Canada (<a href=\"https:\/\/moverdb.com\/it\/moving-to-canada\/moving-to-vancouver\/\" data-internallinksmanager029f6b8e52c=\"438\" title=\"Trasferirsi a Vancouver? 2026 Costi di vita e consigli per il trasferimento\">Vancouver<\/a>)<\/td><td class=\"column-2\">2842<\/td><td class=\"column-3\">3664<\/td>\n<\/tr>\n<tr class=\"row-9\">\n\t<td class=\"column-1\">Cina (Pechino)<\/td><td class=\"column-2\">3737<\/td><td class=\"column-3\">4102<\/td>\n<\/tr>\n<tr class=\"row-10\">\n\t<td class=\"column-1\">Cina (Shanghai)<\/td><td class=\"column-2\">3449<\/td><td class=\"column-3\">4010<\/td>\n<\/tr>\n<tr class=\"row-11\">\n\t<td class=\"column-1\"><a href=\"https:\/\/moverdb.com\/it\/container-shipping\/colombia\/\" data-internallinksmanager029f6b8e52c=\"106\" title=\"2026 Tariffe di spedizione via mare per container da e per la Colombia\">Colombia (Barranquilla)<\/a><\/td><td class=\"column-2\">638<\/td><td class=\"column-3\">870<\/td>\n<\/tr>\n<tr class=\"row-12\">\n\t<td class=\"column-1\">Indonesia (Giacarta)<\/td><td class=\"column-2\">6307<\/td><td class=\"column-3\">7267<\/td>\n<\/tr>\n<tr class=\"row-13\">\n\t<td class=\"column-1\">Malesia (Port Kelang)<\/td><td class=\"column-2\">6307<\/td><td class=\"column-3\">7267<\/td>\n<\/tr>\n<tr class=\"row-14\">\n\t<td class=\"column-1\"><a href=\"https:\/\/moverdb.com\/it\/container-shipping\/new-zealand\/\" data-internallinksmanager029f6b8e52c=\"163\" title=\"2026 Tariffe di spedizione in container via mare da e per la Nuova Zelanda\">Nuova Zelanda (Auckland)<\/a><\/td><td class=\"column-2\">6430<\/td><td class=\"column-3\">8027<\/td>\n<\/tr>\n<tr class=\"row-15\">\n\t<td class=\"column-1\"><a href=\"https:\/\/moverdb.com\/it\/container-shipping\/papua-new-guinea\/\" data-internallinksmanager029f6b8e52c=\"165\" title=\"2026 Tariffe di trasporto marittimo in container da e per la Papua Nuova Guinea\">Papua Nuova Guinea (Port Moresby)<\/a><\/td><td class=\"column-2\">6430<\/td><td class=\"column-3\">8027<\/td>\n<\/tr>\n<tr class=\"row-16\">\n\t<td class=\"column-1\">Singapore (Singapore)<\/td><td class=\"column-2\">6307<\/td><td class=\"column-3\">7267<\/td>\n<\/tr>\n<tr class=\"row-17\">\n\t<td class=\"column-1\"><a href=\"https:\/\/moverdb.com\/it\/container-shipping\/south-africa\/\" data-internallinksmanager029f6b8e52c=\"185\" title=\"2026 Tariffe di trasporto marittimo in container da e per il Sudafrica\">Sudafrica (Durban)<\/a><\/td><td class=\"column-2\">4806<\/td><td class=\"column-3\">5277<\/td>\n<\/tr>\n<tr class=\"row-18\">\n\t<td class=\"column-1\">Stati Uniti (Los Angeles)<\/td><td class=\"column-2\">729<\/td><td class=\"column-3\">905<\/td>\n<\/tr>\n<tr class=\"row-19\">\n\t<td class=\"column-1\">Stati Uniti (New York)<\/td><td class=\"column-2\">363<\/td><td class=\"column-3\">363<\/td>\n<\/tr>\n<\/tbody>\n<\/table>\n<!-- #tablepress-75 from cache -->\n\n\n\n<h3 class=\"wp-block-heading\">Note sui dati:<\/h3>\n\n\n\n<ul class=\"wp-block-list\"><li>Tutte le cifre di $ in dollari statunitensi (USD);<\/li><li>Tariffe precise a partire dalla met\u00e0 del 2022;<\/li><li>Le mappe in questo articolo sono state create usando <a href=\"https:\/\/www.mapchart.net\" target=\"_blank\" rel=\"noreferrer noopener\">https:\/\/www.mapchart.net<\/a>. Siete liberi di condividere le mappe, purch\u00e9 forniate un link di attribuzione che rimanda a <a href=\"https:\/\/moverdb.com\/it\/\" target=\"_blank\" rel=\"noreferrer noopener\">MoverDB<\/a>;<\/li><li>I tassi di cui sopra sono solo stime e possono essere cambiati dal momento in cui questo articolo \u00e8 stato pubblicato (aprile 2022). Si basano sul tasso pi\u00f9 basso stimato da <a href=\"https:\/\/www.icontainers.com\" target=\"_blank\" rel=\"noreferrer noopener\">https:\/\/www.icontainers.com<\/a> o <a href=\"https:\/\/www.freightos.com\" target=\"_blank\" rel=\"noreferrer noopener\">https:\/\/www.freightos.com<\/a>;<\/li><li>Per avere un'idea pi\u00f9 precisa del costo per te, usa il modulo di preventivo in cima a questa pagina;<\/li><li>Vedi anche la nostra guida su <a href=\"https:\/\/moverdb.com\/it\/container-shipping\/\" target=\"_blank\" rel=\"noreferrer noopener\">spedizione internazionale in container<\/a><\/li><\/ul>","protected":false},"excerpt":{"rendered":"<p>The Cayman Islands are an easily-accessible paradise just like the rest of the beautiful countries in the Caribbean. There are, in fact, three Cayman islands that are all decorated with breathtaking beaches, palm trees, and pristine lagoons. This small country is perfect for anyone willing to enjoy their life while still working as the place [&hellip;]<\/p>\n","protected":false},"author":2,"featured_media":4095,"parent":44,"menu_order":0,"comment_status":"open","ping_status":"closed","template":"","meta":{"_genesis_hide_title":false,"_genesis_hide_breadcrumbs":false,"_genesis_hide_singular_image":false,"_genesis_hide_footer_widgets":false,"_genesis_custom_body_class":"","_genesis_custom_post_class":"","_genesis_layout":"","footnotes":""},"class_list":{"0":"post-4126","1":"page","2":"type-page","3":"status-publish","4":"has-post-thumbnail","6":"entry"},"_links":{"self":[{"href":"https:\/\/moverdb.com\/it\/wp-json\/wp\/v2\/pages\/4126","targetHints":{"allow":["GET"]}}],"collection":[{"href":"https:\/\/moverdb.com\/it\/wp-json\/wp\/v2\/pages"}],"about":[{"href":"https:\/\/moverdb.com\/it\/wp-json\/wp\/v2\/types\/page"}],"author":[{"embeddable":true,"href":"https:\/\/moverdb.com\/it\/wp-json\/wp\/v2\/users\/2"}],"replies":[{"embeddable":true,"href":"https:\/\/moverdb.com\/it\/wp-json\/wp\/v2\/comments?post=4126"}],"version-history":[{"count":1,"href":"https:\/\/moverdb.com\/it\/wp-json\/wp\/v2\/pages\/4126\/revisions"}],"predecessor-version":[{"id":4127,"href":"https:\/\/moverdb.com\/it\/wp-json\/wp\/v2\/pages\/4126\/revisions\/4127"}],"up":[{"embeddable":true,"href":"https:\/\/moverdb.com\/it\/wp-json\/wp\/v2\/pages\/44"}],"wp:featuredmedia":[{"embeddable":true,"href":"https:\/\/moverdb.com\/it\/wp-json\/wp\/v2\/media\/4095"}],"wp:attachment":[{"href":"https:\/\/moverdb.com\/it\/wp-json\/wp\/v2\/media?parent=4126"}],"curies":[{"name":"wp","href":"https:\/\/api.w.org\/{rel}","templated":true}]}}