{"id":3842,"date":"2022-04-06T13:40:09","date_gmt":"2022-04-06T13:40:09","guid":{"rendered":"https:\/\/moverdb.com\/?page_id=3842"},"modified":"2026-01-08T14:47:23","modified_gmt":"2026-01-08T14:47:23","slug":"relocation-agents","status":"publish","type":"page","link":"https:\/\/moverdb.com\/it\/relocation-agents\/","title":{"rendered":"7 motivi per cui dovresti usare un agente di trasferimento?"},"content":{"rendered":"<p>Hai appena firmato per una nuova fantastica posizione in una localit\u00e0 internazionale glamour. Non vedi l'ora di alzare i tacchi e trasferirti in un nuovo paese sembra eccitante all'inizio, ma una volta che ti rendi conto esattamente di quanto devi fare per arrivarci, tutto pu\u00f2 sembrare piuttosto scoraggiante.<\/p>\n<p><img loading=\"lazy\" decoding=\"async\" src=\"https:\/\/moverdb.com\/wp-content\/uploads\/relocation-agent.jpg\" alt=\"\" width=\"1000\" height=\"563\" class=\"aligncenter size-full wp-image-3845\" data-wp-pid=\"3845\" srcset=\"https:\/\/moverdb.com\/wp-content\/uploads\/relocation-agent.jpg 1000w, https:\/\/moverdb.com\/wp-content\/uploads\/relocation-agent-300x169.jpg 300w, https:\/\/moverdb.com\/wp-content\/uploads\/relocation-agent-18x10.jpg 18w, https:\/\/moverdb.com\/wp-content\/uploads\/relocation-agent-600x338.jpg 600w\" sizes=\"auto, (max-width: 1000px) 100vw, 1000px\" \/><\/p>\n<p>Diamo un'occhiata ad alcune delle cose che potresti dover affrontare se ti sposti da solo o se usi un <a href=\"https:\/\/www.cornerstonelondon.com\/\" target=\"_blank\" rel=\"noopener\">agente di trasferimento<\/a>.<\/p>\n<div id=\"ez-toc-container\" class=\"ez-toc-v2_0_82_2 ez-toc-wrap-left counter-hierarchy ez-toc-counter ez-toc-transparent ez-toc-container-direction\">\n<div class=\"ez-toc-title-container\">\n<p class=\"ez-toc-title\" style=\"cursor:inherit\">Sezioni<\/p>\n<span class=\"ez-toc-title-toggle\"><a href=\"#\" class=\"ez-toc-pull-right ez-toc-btn ez-toc-btn-xs ez-toc-btn-default ez-toc-toggle\" aria-label=\"Allinea la tabella dei contenuti\"><span class=\"ez-toc-js-icon-con\"><span class=\"\"><span class=\"eztoc-hide\" style=\"display:none;\">Toggle<\/span><span class=\"ez-toc-icon-toggle-span\"><svg style=\"fill: #999;color:#999\" xmlns=\"http:\/\/www.w3.org\/2000\/svg\" class=\"list-377408\" width=\"20px\" height=\"20px\" viewbox=\"0 0 24 24\" fill=\"none\"><path d=\"M6 6H4v2h2V6zm14 0H8v2h12V6zM4 11h2v2H4v-2zm16 0H8v2h12v-2zM4 16h2v2H4v-2zm16 0H8v2h12v-2z\" fill=\"currentColor\"><\/path><\/svg><svg style=\"fill: #999;color:#999\" class=\"arrow-unsorted-368013\" xmlns=\"http:\/\/www.w3.org\/2000\/svg\" width=\"10px\" height=\"10px\" viewbox=\"0 0 24 24\" version=\"1.2\" baseprofile=\"tiny\"><path d=\"M18.2 9.3l-6.2-6.3-6.2 6.3c-.2.2-.3.4-.3.7s.1.5.3.7c.2.2.4.3.7.3h11c.3 0 .5-.1.7-.3.2-.2.3-.5.3-.7s-.1-.5-.3-.7zM5.8 14.7l6.2 6.3 6.2-6.3c.2-.2.3-.5.3-.7s-.1-.5-.3-.7c-.2-.2-.4-.3-.7-.3h-11c-.3 0-.5.1-.7.3-.2.2-.3.5-.3.7s.1.5.3.7z\"\/><\/svg><\/span><\/span><\/span><\/a><\/span><\/div>\n<nav><ul class='ez-toc-list ez-toc-list-level-1 eztoc-toggle-hide-by-default' ><li class='ez-toc-page-1 ez-toc-heading-level-2'><a class=\"ez-toc-link ez-toc-heading-1\" href=\"https:\/\/moverdb.com\/it\/relocation-agents\/#1_Do_What_Needs_To_Be_Done\" >1. Fare ci\u00f2 che deve essere fatto<\/a><\/li><li class='ez-toc-page-1 ez-toc-heading-level-2'><a class=\"ez-toc-link ez-toc-heading-2\" href=\"https:\/\/moverdb.com\/it\/relocation-agents\/#2_Shipping_Your_Household_Goods\" >2. Spedire le sue cose di casa<\/a><\/li><li class='ez-toc-page-1 ez-toc-heading-level-2'><a class=\"ez-toc-link ez-toc-heading-3\" href=\"https:\/\/moverdb.com\/it\/relocation-agents\/#3_Where_To_Stay\" >3. Dove alloggiare<\/a><\/li><li class='ez-toc-page-1 ez-toc-heading-level-2'><a class=\"ez-toc-link ez-toc-heading-4\" href=\"https:\/\/moverdb.com\/it\/relocation-agents\/#4_Finding_A_Home\" >4. Trovare una casa<\/a><\/li><li class='ez-toc-page-1 ez-toc-heading-level-2'><a class=\"ez-toc-link ez-toc-heading-5\" href=\"https:\/\/moverdb.com\/it\/relocation-agents\/#5_School_Search\" >5. Ricerca della scuola<\/a><\/li><li class='ez-toc-page-1 ez-toc-heading-level-2'><a class=\"ez-toc-link ez-toc-heading-6\" href=\"https:\/\/moverdb.com\/it\/relocation-agents\/#6_Pet_Travel\" >6. Viaggio di animali domestici<\/a><\/li><li class='ez-toc-page-1 ez-toc-heading-level-2'><a class=\"ez-toc-link ez-toc-heading-7\" href=\"https:\/\/moverdb.com\/it\/relocation-agents\/#7_And_what_else\" >7. E cos'altro?<\/a><\/li><li class='ez-toc-page-1 ez-toc-heading-level-2'><a class=\"ez-toc-link ez-toc-heading-8\" href=\"https:\/\/moverdb.com\/it\/relocation-agents\/#In_conclusion\" >In conclusione<\/a><\/li><\/ul><\/nav><\/div>\n<h2><span class=\"ez-toc-section\" id=\"1_Do_What_Needs_To_Be_Done\"><\/span>1. Fare ci\u00f2 che deve essere fatto<span class=\"ez-toc-section-end\"><\/span><\/h2>\n<p>Se stai 'andando da solo', avrai bisogno di trovare aziende che si occupino di tutto. Cosa devi fare, chi lo far\u00e0 e come fai a sapere se sono bravi sono le domande principali a cui dovrai rispondere. <\/p>\n<p>Potresti passare ore a cercare tra le recensioni su internet e comunque non saresti pi\u00f9 vicino a capire se un'azienda con cui ti impegni \u00e8 veramente rispettabile (ci sono alcune recensioni false l\u00e0 fuori) e far\u00e0 effettivamente il lavoro. <\/p>\n<p>Non solo, potreste anche non essere consapevoli di ci\u00f2 che \u00e8 necessario sapere e organizzare, per cui la mancanza di dettagli apparentemente piccoli potrebbe causare grandi disastri nel grande schema del vostro trasferimento.<\/p>\n<p>Una volta che hai trovato le persone che si occupano dei lavori che devi fare, avrai poi il mal di testa di coordinare tutto al momento giusto. <\/p>\n<p>Certo, puoi far ritirare tutte le tue cose di casa il giorno prima di partire, ma dove andrai a dormire quando i tuoi letti saranno in un container in attesa di essere spediti? <\/p>\n<p>Questo \u00e8 solo un esempio di dove usare un agente di trasferimento potrebbe davvero aiutare. Sono professionisti esperti, quindi conosceranno tutte le insidie che probabilmente affronterete e saranno in grado di pianificarle molto prima che diventino un problema. Le cose vanno molto pi\u00f9 lisce quando sono coinvolti degli esperti!<\/p>\n<p>Un agente di trasloco avr\u00e0 tutta una serie di contatti gestiti e controllati su cui sanno di poter contare per garantire che tutto sia fatto correttamente. Invariabilmente li avranno usati per innumerevoli traslochi e sapranno di poter dipendere da loro per un servizio affidabile e senza soluzione di continuit\u00e0.<\/p>\n<p>Se stai usando un'agenzia di trasferimento, vale ancora la pena di tenere traccia di quali contatti sono responsabili per ogni compito, in modo da sapere a chi rivolgersi in caso di domande. <\/p>\n<p>Fate una lista o un foglio di calcolo di tutti i contatti che avete, compresi i loro nomi, indirizzi e-mail, numeri di telefono e, soprattutto, la parte del vostro trasferimento di cui sono responsabili.<\/p>\n<p>Vediamo ora alcuni dei servizi che potresti aver bisogno di usare...<\/p>\n<h2><span class=\"ez-toc-section\" id=\"2_Shipping_Your_Household_Goods\"><\/span>2. Spedire le sue cose di casa<span class=\"ez-toc-section-end\"><\/span><\/h2>\n<p>Tutti arrivano con un sacco di bagagli, letteralmente. Quindi, come fanno tutte le tue cose a raggiungere la tua nuova casa?<\/p>\n<p>Se hai solo poche cose da portare, vestiti e qualche oggetto personale, potresti riuscire a cavartela portando tutto come bagaglio in eccesso quando viaggi. <\/p>\n<p>Se si tratta di qualcosa di pi\u00f9 grande, come mobili o una TV massiccia, avrete bisogno di usare una sorta di articoli per la casa <a href=\"https:\/\/moverdb.com\/it\/container-shipping\/\">servizio di spedizione<\/a>. <\/p>\n<p>Tuttavia, di che tipo di servizio avete bisogno? Andr\u00e0 bene una spedizione aerea o avrete bisogno di una spedizione di superficie? Di che tipo di contenitore avr\u00e0 bisogno, un 20 piedi? Un 40 piedi? Forse entrambi!<\/p>\n<p>Tutto questo sembra profondamente scoraggiante, ma \u00e8 qui che entra in gioco un servizio di spedizione di articoli casalinghi (HHG). Il tuo consulente di trasferimento ti metter\u00e0 in contatto con il <a href=\"https:\/\/moverdb.com\/it\/compagnie-di-navigazione\/\">societ\u00e0 di spedizione di beni per la casa<\/a>. <\/p>\n<p>In genere, il primo passo \u00e8 quello di organizzare un sopralluogo dei vostri beni domestici per capire esattamente cosa <a href=\"https:\/\/moverdb.com\/it\/shipping-container-sizes-and-dimensions\/\" data-internallinksmanager029f6b8e52c=\"247\" title=\"La guida definitiva alle misure e alle dimensioni dei container marittimi\">dimensioni del contenitore<\/a> o le dimensioni di cui avete bisogno. Organizzeranno un giorno per imballare tutti i vostri oggetti da un lato e poi, una volta assicurata la vostra propriet\u00e0 a lungo termine, organizzeranno un giorno per consegnarvi i vostri beni pi\u00f9 preziosi.<\/p>\n<h2><span class=\"ez-toc-section\" id=\"3_Where_To_Stay\"><\/span>3. Dove alloggiare<span class=\"ez-toc-section-end\"><\/span><\/h2>\n<p>Siccome \u00e8 una buona pratica vedere una propriet\u00e0 di persona prima di impegnarsi in un contratto d'affitto di un anno o pi\u00f9, a meno che non abbiate fatto un viaggio speciale di ricerca della casa prima di trasferirvi e stiate andando in una propriet\u00e0 completamente ammobiliata, avrete bisogno di un posto dove stare al vostro arrivo.<\/p>\n<p>Ora, potreste prenotare un hotel, ma se vi state trasferendo con tutta la famiglia, a meno che non abbiate prenotato in una suite di lusso, le cose diventeranno piuttosto claustrofobiche nel periodo medio di 4 o 5 settimane che vi serviranno per trasferirvi in una propriet\u00e0 a lungo termine. Potrebbe anche non essere l'opzione pi\u00f9 economica.<\/p>\n<p><a href=\"https:\/\/www.airbnb.co.uk\/\" target=\"_blank\" rel=\"noopener\">Airbnb<\/a> potrebbe anche essere un'opzione, cos\u00ec come un appartamento con servizi. Entrambi hanno il vantaggio di darti il tipo di spazio e servizi che potrebbero essere paragonabili a quelli che ti aspetteresti in casa tua. <\/p>\n<p>Per coloro che non conoscono gli appartamenti serviti, sono una specie di bella via di mezzo tra un hotel e una propriet\u00e0 a lungo termine. Di solito c'\u00e8 qualcuno che pulisce l'appartamento, forse una volta alla settimana. <\/p>\n<p>Ti cambieranno anche le lenzuola e gli asciugamani. Inoltre, si ottiene il vantaggio di soggiornare in una casa completamente arredata e attrezzata con tutte le attrezzature da cucina e servizi, come TV e internet, di cui avrete bisogno.<\/p>\n<p>Tuttavia, proprio come per molte altre cose, come fai a sapere se l'appartamento servito in cui andrai a stare sar\u00e0 buono? Le compagnie di trasferimento avranno usato i loro fornitori per molti traslochi, cos\u00ec sai che stai lavorando con qualcuno di cui ti puoi fidare, e nove volte su dieci, dato il loro rapporto con il fornitore dell'alloggio, in caso di problemi, i fornitori saranno pi\u00f9 motivati ad aiutarti!<\/p>\n<h2><span class=\"ez-toc-section\" id=\"4_Finding_A_Home\"><\/span>4. Trovare una casa<span class=\"ez-toc-section-end\"><\/span><\/h2>\n<p><img loading=\"lazy\" decoding=\"async\" width=\"1000\" height=\"665\" src=\"https:\/\/moverdb.com\/wp-content\/uploads\/findding-a-home.jpg\" alt=\"Trovare una casa\" class=\"aligncenter size-full wp-image-3847\" data-wp-pid=\"3847\" srcset=\"https:\/\/moverdb.com\/wp-content\/uploads\/findding-a-home.jpg 1000w, https:\/\/moverdb.com\/wp-content\/uploads\/findding-a-home-300x200.jpg 300w, https:\/\/moverdb.com\/wp-content\/uploads\/findding-a-home-18x12.jpg 18w, https:\/\/moverdb.com\/wp-content\/uploads\/findding-a-home-600x399.jpg 600w\" sizes=\"auto, (max-width: 1000px) 100vw, 1000px\" \/><\/p>\n<p>Se lo stai facendo da solo, potresti dover cercare tra infinite inserzioni su siti web come <a href=\"https:\/\/www.rightmove.co.uk\/\" target=\"_blank\" rel=\"noopener\">Rightmove<\/a> e <a href=\"https:\/\/www.zoopla.co.uk\/\" target=\"_blank\" rel=\"noopener\">Zoopla<\/a> solo per scoprire che ogni propriet\u00e0 \u00e8 sparita! <\/p>\n<p>Anche se trovi una propriet\u00e0 da affittare, non avrai alcuna guida su come tutto dovrebbe funzionare, quindi \u00e8 pi\u00f9 facile essere truffati o cadere nella trappola di firmare un contratto d'affitto che non \u00e8 favorevole per te. Anche se hai gi\u00e0 affittato nel tuo paese, le regole e le norme in un altro paese non saranno necessariamente le stesse. <\/p>\n<p>A titolo di esempio, nella sezione <a href=\"https:\/\/moverdb.com\/it\/moving-to-the-uk\/\" data-internallinksmanager029f6b8e52c=\"93\" title=\"Trasferirsi nel Regno Unito? 2026 Costi di vita e consigli per il trasferimento\">REGNO UNITO<\/a>\u00c8 normale che gli immobili, anche quelli non ammobiliati, abbiano una cucina completamente attrezzata con tutti gli elettrodomestici pi\u00f9 grandi, come forno, piano cottura e frigorifero, tutti forniti. <\/p>\n<p>Tuttavia, in <a href=\"https:\/\/moverdb.com\/it\/moving-to-germany\/\" data-internallinksmanager029f6b8e52c=\"321\" title=\"Trasferirsi in Germania? 2026 Costi di vita e consigli per il trasferimento\">Germania<\/a>Potreste dovervi procurare la vostra cucina quando vi trasferite! Nella maggior parte dei paesi \u00e8 normale che gli agenti verifichino se potete permettervi di affittare una propriet\u00e0, ma in <a href=\"https:\/\/moverdb.com\/it\/moving-to-switzerland\/moving-to-geneva\/\" data-internallinksmanager029f6b8e52c=\"416\" title=\"Trasferirsi a Ginevra? 2026 Costi della vita e consigli per il trasferimento\">Ginevra<\/a>Ci sono limiti rigorosi alla spesa per l'affitto che dipendono dal vostro stipendio, un sistema che serve a garantire che gli inquilini non affittino al di sotto delle loro possibilit\u00e0 e a tenere le propriet\u00e0 pi\u00f9 economiche lontane da coloro che potrebbero solo permettersele.<\/p>\n<p>Ancora una volta, questo \u00e8 dove avere un agente di trasferimento che ha consulenti locali di Home Search sul terreno paga dividendi. Conosceranno il mercato locale e sapranno tutte le stranezze e le sfumature che incontrerete. <\/p>\n<p>Faranno la ricerca per voi, stabiliranno un itinerario per la vostra giornata di ricerca della casa e poi vi accompagneranno in ogni propriet\u00e0. Non si baseranno solo sui siti web di propriet\u00e0 per trovare la vostra nuova casa! <\/p>\n<p>Di solito hanno dei contatti con cui hanno lavorato prima nelle varie agenzie locali, e lavorano con loro per scoprire quali agenti hanno effettivamente disponibili che funzionano per i vostri criteri, o che sono almeno il pi\u00f9 vicino possibile a quello che state cercando. <\/p>\n<p>Su quest'ultimo punto, sapranno se il tuo budget e i tuoi desideri sono realistici e ti consiglieranno di conseguenza, o ti guideranno verso aree dove potresti avere pi\u00f9 possibilit\u00e0 di trovare la propriet\u00e0 dei tuoi sogni.<\/p>\n<p>Puoi, naturalmente, andare direttamente dagli agenti, ma quello che dovresti ricordare \u00e8 che gli agenti lavorano per i proprietari e la loro priorit\u00e0 numero uno sar\u00e0 guardare fuori per i loro interessi. I proprietari sono, dopo tutto, quelli che pagano gli agenti. <\/p>\n<p>D'altra parte, i consulenti per la ricerca della casa lavorano per voi e solo per voi. Non saranno interessati a spingervi verso una propriet\u00e0 in particolare a meno che non pensino che sia nel vostro migliore interesse, principalmente perch\u00e9 non vengono mai pagati di commissione. Essenzialmente, sono dalla tua parte e puoi contare su di loro per guidarti nella giusta direzione.<\/p>\n<p>Con un consulente per la ricerca di una casa, riceverai aiuto e consigli sulla presentazione della tua offerta e poi riceverai assistenza per tutto ci\u00f2 che viene dopo, compresa la revisione del contratto d'affitto per assicurarti che non stai firmando per qualcosa che non \u00e8 giusto per te. Fondamentalmente, avrete qualcuno a disposizione per assistervi fino a quando l'intero processo sar\u00e0 completato e sarete tutti sistemati!<\/p>\n<h2><span class=\"ez-toc-section\" id=\"5_School_Search\"><\/span>5. Ricerca della scuola<span class=\"ez-toc-section-end\"><\/span><\/h2>\n<p>Se avete figli in et\u00e0 scolare, uno dei principali fattori che determinano il trasferimento sar\u00e0 la loro istruzione. Dove sono le buone scuole, come si fa a fare domanda e dove si sceglie sar\u00e0 in grado di soddisfare le esigenze specifiche di vostro figlio o dei vostri figli?<\/p>\n<p>\u00c8 un'altra di quelle cose che si possono ricercare online fino a un certo punto, ma senza avere un esperto che interpreti i dati e dia un effettivo feedback del mondo reale, \u00e8 del tutto possibile raggiungere una conclusione completamente sbagliata su un'istituzione. <\/p>\n<p>Con la potenziale felicit\u00e0 e il benessere di tuo figlio in gioco, avere qualcuno che pu\u00f2 guidarti con competenza attraverso il processo di scelta e poi di applicazione per le scuole \u00e8 sicuramente inestimabile? <\/p>\n<p>Gli esperti di scolarizzazione possono non solo fornire una visione vitale, ma anche un supporto per capire le differenze nei programmi di studio da un paese all'altro, l'etica di certi tipi di istruzione e istituzioni, e il supporto, se necessario, per i bambini che richiedono un'istruzione specializzata.<\/p>\n<h2><span class=\"ez-toc-section\" id=\"6_Pet_Travel\"><\/span>6. Viaggio di animali domestici<span class=\"ez-toc-section-end\"><\/span><\/h2>\n<p><img loading=\"lazy\" decoding=\"async\" width=\"1000\" height=\"667\" src=\"https:\/\/moverdb.com\/wp-content\/uploads\/pet-travel.jpg\" alt=\"Viaggi per animali domestici\" class=\"aligncenter size-full wp-image-3848\" data-wp-pid=\"3848\" srcset=\"https:\/\/moverdb.com\/wp-content\/uploads\/pet-travel.jpg 1000w, https:\/\/moverdb.com\/wp-content\/uploads\/pet-travel-300x200.jpg 300w, https:\/\/moverdb.com\/wp-content\/uploads\/pet-travel-18x12.jpg 18w, https:\/\/moverdb.com\/wp-content\/uploads\/pet-travel-600x400.jpg 600w\" sizes=\"auto, (max-width: 1000px) 100vw, 1000px\" \/><\/p>\n<p>Anche portare i membri pi\u00f9 pelosi della tua famiglia nel tuo nuovo paese \u00e8 una considerazione. Sempre meno compagnie aeree in questi giorni permettono agli animali di viaggiare in cabina, quindi dovrai sempre pi\u00f9 spesso spedirli nella stiva. <\/p>\n<p>Potresti anche aver bisogno di fargli fare diverse vaccinazioni e i documenti necessari, oltre ad altre pratiche burocratiche che dipendono dalla destinazione, prima che possano trasferirsi con te nella tua nuova casa. <\/p>\n<p>Ancora una volta, puoi fare la ricerca da solo e organizzare il tuo viaggio, ma avere un'agenzia dedicata che se ne occupa ti dar\u00e0 la tranquillit\u00e0 di sapere che il tuo animale domestico arriver\u00e0 con te sano e salvo. <\/p>\n<p>Le compagnie di viaggio per animali sono composte da amanti degli animali che si assicureranno che il tuo animale sia curato come se fosse il loro. Ti terranno aggiornato sui loro progressi e spesso ti invieranno anche fotografie del tuo animale mentre \u00e8 lontano da te, in modo che tu sappia che viene trattato bene.<\/p>\n<h2><span class=\"ez-toc-section\" id=\"7_And_what_else\"><\/span>7. E cos'altro?<span class=\"ez-toc-section-end\"><\/span><\/h2>\n<p>Questi sono solo alcuni degli aspetti principali del tuo trasloco che dovranno essere organizzati. Potresti anche aver bisogno di aiuto per la tua situazione fiscale o forse avrai bisogno di mobili a noleggio per colmare il divario tra l'inizio del tuo contratto d'affitto e l'arrivo dei tuoi mobili. <\/p>\n<p>Avrai certamente bisogno di supporto per l'immigrazione per sistemare il tuo visto, i permessi di lavoro e le registrazioni locali. Anche un consiglio o un riferimento per l'apertura di un conto bancario sar\u00e0 essenziale, in modo che ci sia un posto dove pagare il tuo stipendio e un posto dove addebitare l'affitto e le bollette. <\/p>\n<p>Parlando di servizi pubblici, come si fa a configurarli nel tuo nuovo paese, quali fornitori dovresti usare e come puoi ottenere le migliori offerte? <\/p>\n<p>Tutte queste cose possono portare a una seccatura enorme dopo l'altra, ma quando si utilizza un agente di trasferimento tutto \u00e8 semplice. Alcune di esse potrebbero anche sfuggirti del tutto, ed \u00e8 per questo che un professionista esperto a disposizione per coprire tutte le basi \u00e8 inestimabile!<\/p>\n<h2><span class=\"ez-toc-section\" id=\"In_conclusion\"><\/span>In conclusione<span class=\"ez-toc-section-end\"><\/span><\/h2>\n<p>Anche se \u00e8 possibile organizzare tutto da soli senza un agente di trasferimento, \u00e8 molto pi\u00f9 stressante, molto pi\u00f9 lungo e molto meno probabile che vada tutto liscio che se si utilizza uno. Anche se spesso sembra un grande costo iniziale per investire nei servizi di una societ\u00e0 di trasloco, vi accorgerete che alla fine del trasferimento vi far\u00e0 risparmiare tempo, denaro e stress!<\/p>\n<p>Trasferirsi in una nuova casa in una nuova citt\u00e0 in un nuovo paese causer\u00e0 naturalmente un sacco di ansia anche per il traslocatore esperto, quindi tutto ci\u00f2 che si pu\u00f2 fare per ridurre, per non parlare di tutto il duro lavoro e il tempo che si dovrebbe spendere, vale i soldi. <\/p>\n<p>In parole povere, se volete che il vostro trasferimento sia il pi\u00f9 facile possibile, un'agenzia di trasferimento \u00e8 la via da seguire!<\/p>\n<p><em>Questo articolo \u00e8 stato fornito da Cornerstone, una societ\u00e0 con sede a Londra. <a href=\"https:\/\/www.cornerstonelondon.com\/\" target=\"_blank\" rel=\"noopener\">agenzia di trasferimento<\/a> aiutando chi si trasferisce in tutto il mondo.<\/em><\/p>","protected":false},"excerpt":{"rendered":"<p>You&#8217;ve just signed up for a fantastic new position in a glamourous international location. You&#8217;re looking forward to upping sticks, and moving to a new country seems exciting at first, but once you realise exactly how much you have to do in order to get there, it can all seem quite daunting. Let&#8217;s have a [&hellip;]<\/p>\n","protected":false},"author":1,"featured_media":3845,"parent":0,"menu_order":0,"comment_status":"closed","ping_status":"closed","template":"","meta":{"_genesis_hide_title":false,"_genesis_hide_breadcrumbs":false,"_genesis_hide_singular_image":false,"_genesis_hide_footer_widgets":false,"_genesis_custom_body_class":"","_genesis_custom_post_class":"","_genesis_layout":"","footnotes":""},"class_list":{"0":"post-3842","1":"page","2":"type-page","3":"status-publish","4":"has-post-thumbnail","6":"entry"},"_links":{"self":[{"href":"https:\/\/moverdb.com\/it\/wp-json\/wp\/v2\/pages\/3842","targetHints":{"allow":["GET"]}}],"collection":[{"href":"https:\/\/moverdb.com\/it\/wp-json\/wp\/v2\/pages"}],"about":[{"href":"https:\/\/moverdb.com\/it\/wp-json\/wp\/v2\/types\/page"}],"author":[{"embeddable":true,"href":"https:\/\/moverdb.com\/it\/wp-json\/wp\/v2\/users\/1"}],"replies":[{"embeddable":true,"href":"https:\/\/moverdb.com\/it\/wp-json\/wp\/v2\/comments?post=3842"}],"version-history":[{"count":4,"href":"https:\/\/moverdb.com\/it\/wp-json\/wp\/v2\/pages\/3842\/revisions"}],"predecessor-version":[{"id":3849,"href":"https:\/\/moverdb.com\/it\/wp-json\/wp\/v2\/pages\/3842\/revisions\/3849"}],"wp:featuredmedia":[{"embeddable":true,"href":"https:\/\/moverdb.com\/it\/wp-json\/wp\/v2\/media\/3845"}],"wp:attachment":[{"href":"https:\/\/moverdb.com\/it\/wp-json\/wp\/v2\/media?parent=3842"}],"curies":[{"name":"wp","href":"https:\/\/api.w.org\/{rel}","templated":true}]}}