{"id":353,"date":"2016-05-22T20:42:36","date_gmt":"2016-05-22T20:42:36","guid":{"rendered":"http:\/\/moverdb.com\/?page_id=353"},"modified":"2026-01-08T15:20:35","modified_gmt":"2026-01-08T15:20:35","slug":"rim-promover","status":"publish","type":"page","link":"https:\/\/moverdb.com\/it\/rim-promover\/","title":{"rendered":"La certificazione internazionale ProMover di RIM spiegata"},"content":{"rendered":"<p>La certificazione International ProMover fa parte del programma Registered International Mover (RIM) creato dal <a href=\"https:\/\/moverdb.com\/it\/amsa\/\">Associazione americana di trasloco e stoccaggio<\/a> (<a href=\"https:\/\/moverdb.com\/it\/amsa\/\" data-internallinksmanager029f6b8e52c=\"5\" title=\"L&#039;associazione americana di trasloco e stoccaggio (AMSA) spiegata\">AMSA<\/a>). <\/p>\n<p>Ha lo scopo di assistere i clienti che utilizzano i servizi di trasferimento internazionale di merci per la casa ed \u00e8 destinato a facilitare le scelte, rendendo pi\u00f9 semplice differenziare tra le opzioni e trovare il traslocatore giusto.<\/p>\n<p><strong>Fatti salienti sull'organizzazione:<\/strong><\/p>\n<ol>\n<li> Pi\u00f9 di 200 aziende e pi\u00f9 di 1000 individui detengono attualmente la certificazione RIM aziendale o individuale.<\/li>\n<li> Il Registered International Mover \u00e8 una delle certificazioni professionali per specialisti amministrate da AMSA.<\/li>\n<li> L'AMSA \u00e8 l'associazione commerciale nazionale per l'industria americana dei traslochi e del deposito. Tuttavia la certificazione ha una portata globale e le aziende di tutto il mondo possono richiederla.<\/li>\n<li> Il programma Registered International Mover \u00e8 progettato per fissare standard universali per <a href=\"https:\/\/moverdb.com\/it\/moving-companies\/\" data-internallinksmanager029f6b8e52c=\"79\" title=\"Le 25 migliori aziende di traslochi internazionali online\">societ\u00e0 di traslochi internazionali<\/a> e il loro personale.<\/li>\n<li> Le aziende certificate RIM che soddisfano i requisiti ProMover diventeranno \"International ProMovers\".<\/li>\n<li> RIM \u00e8 abbastanza unico in quanto \u00e8 stato creato nel 1994 da rappresentanti della <a href=\"https:\/\/moverdb.com\/it\/hgfaa\/\">HHGFAA<\/a>, NMSA (AMSA), <a href=\"https:\/\/moverdb.com\/it\/employee-relocation-council\/\" data-internallinksmanager029f6b8e52c=\"83\" title=\"Spiegazione del Worldwide Employee Relocation Council (ERC)\">ERC<\/a>, OMNI, <a href=\"https:\/\/moverdb.com\/it\/fidi-faim\/\">FIDI<\/a> e le prime 10 linee di furgoni, un mix di acquirenti e venditori competitivi.<\/li>\n<p><strong>Profilo dell'organizzazione RIM<\/strong><\/p>\n<p>Il processo per diventare un membro RIM implica una formazione rigorosa, verifiche e test, incentrati sul fatto che gli standard di gestione delle attrezzature siano in atto e che un'azienda abbia le risorse per gestire un trasloco internazionale a un livello elevato. <\/p>\n<p>L'idea dietro la certificazione ProMover \u00e8 che viene data solo a quelle imprese che possono dimostrare di soddisfare i pi\u00f9 alti principi etici e le pratiche dell'industria dei traslochi e dello stoccaggio. <\/p>\n<p>Ci\u00f2 che rende diversa la certificazione ProMover \u00e8 che fornisce un modo standardizzato e indipendente per i clienti di differenziare le opzioni e scegliere un'azienda qualificata per un trasloco internazionale, ovunque l'azienda abbia sede.<\/p>\n<p><strong>Criteri per l'adesione <\/strong><\/p>\n<ul>\n<li> Almeno un anno di esperienza nei servizi di trasferimento internazionale di beni di famiglia<\/li>\n<li> Iscrizione irreprensibile all'AMSA per almeno 18 mesi<\/li>\n<li> Avere l'autorit\u00e0 operativa necessaria per svolgere legalmente l'attivit\u00e0, sia in <a href=\"https:\/\/moverdb.com\/it\/moving-to-the-united-states\/\" data-internallinksmanager029f6b8e52c=\"94\" title=\"Trasferirsi negli Stati Uniti? 2026 Costi di vita e consigli per il trasferimento\">US<\/a> o altrove.<\/li>\n<li> Superare un esame scritto (individuale per conto dell'azienda)<\/li>\n<li> Soddisfare gli standard RIM per le attrezzature, le strutture e la documentazione di sicurezza - questi sono verificati a sorpresa durante le visite in loco.<\/li>\n<li> Iscriviti al Codice Etico Internazionale di ProMover<\/li>\n<li> Per la ricertificazione, almeno tre dipendenti devono essere certificati (personale d'ufficio, imballatori o membri dell'equipaggio)<\/li>\n<li> Rating BBB di \"C\" o superiore, per le societ\u00e0 valutate dalla BBB, nei paesi in cui sono disponibili i rating BBB<\/li>\n<li> Revisione da parte dello staff di AMSA di qualsiasi reclamo<\/li>\n<li> Le referenze dei partner commerciali sono essenziali<\/li>\n<\/ul>\n<p><strong>Top 10 delle aziende associate<\/strong> (per dimensione)<\/p>\n<ol>\n<li> <a href=\"https:\/\/moverdb.com\/it\/united-van-lines\/\">United Van Lines<\/a><\/li>\n<li> <a href=\"https:\/\/moverdb.com\/it\/atlas-van-lines-international\/\">Atlas Van Lines Internazionale<\/a><\/li>\n<li> <a href=\"https:\/\/moverdb.com\/it\/mayflower-transit\/\">Mayflower Transit<\/a><\/li>\n<li> <a href=\"https:\/\/moverdb.com\/it\/north-american-van-lines\/\">North American Van Lines<\/a><\/li>\n<li> <a href=\"https:\/\/moverdb.com\/it\/wheaton\/\">Wheaton World Wide Moving<\/a><\/li>\n<li> <a href=\"https:\/\/moverdb.com\/it\/bekins-van-lines\/\">Bekins Van Lines<\/a><\/li>\n<li> <a href=\"https:\/\/moverdb.com\/it\/graebel-van-lines\/\">Graebel Van Lines<\/a><\/li>\n<li> <a href=\"https:\/\/moverdb.com\/it\/arpin-van-lines\/\">Arpin Van Lines<\/a><\/li>\n<li> <a href=\"https:\/\/moverdb.com\/it\/stevens-worldwide-van-lines\/\">Stevens Worldwide Van Lines<\/a><\/li>\n<li> <a href=\"https:\/\/moverdb.com\/it\/suddath\/\">Suddath<\/a><\/li>\n<li> <a href=\"https:\/\/moverdb.com\/it\/vip-trasporti\/\">Trasporto VIP<\/a><\/li>\n<li> <a href=\"https:\/\/moverdb.com\/it\/royal-hawaiian-movers\/\">Traslochi reali delle Hawaii<\/a><\/li>\n<\/ol>\n<p><strong>Opinioni sull'organizzazione<\/strong><\/p>\n<p>Un certo numero di traslocatori includono la certificazione RIM sui loro siti web e diversi siti di consulenza si riferiscono ad essa come il segno di un'organizzazione professionale di traslochi. Ogni sito che la include fa riferimento alla rigorosa formazione e verifica che \u00e8 necessaria per ottenere la certificazione - e per mantenerla. <\/p>\n<p>La solidit\u00e0 finanziaria e la reputazione di fornire un servizio di alta qualit\u00e0 sono due delle altre qualit\u00e0 legate alla certificazione RIM dai traslocatori che la menzionano sui loro siti web. La maggior parte fa un punto di sottolineare come la certificazione richiede un'azione continua - formazione e istruzione su base continua, cos\u00ec come essere in grado di superare le visite in loco casuali. <\/p>\n<p>Viene anche menzionato il fatto che \u00e8 richiesto il rispetto di un rigoroso codice di condotta.<\/p>\n<p>Diversi traslocatori citano anche la qualifica ProMover - questo \u00e8 importante perch\u00e9 \"Questo risultato dar\u00e0 ai nostri clienti la certezza di avere a che fare con un traslocatore legittimo e professionale e non con un artista della truffa che vuole fregarli. Diventare un ProMover \u00e8 coerente con la lunga storia della nostra azienda di trattare i nostri clienti in modo giusto e onesto\". <\/p>\n<p>Si sottolinea che la qualifica permette a un'impresa di traslochi di mostrare il logo con la \"M\" maiuscola in grassetto che \u00e8 il marchio di un ProMover nel suo materiale pubblicitario e di marketing cos\u00ec come sul suo sito web.<\/p>\n<p>Come viene ritratto dai traslocatori:<\/p>\n<blockquote><p>La certificazione dell'agenzia stabilisce che un'agenzia ha sufficienti attrezzature, strutture e personale certificato RIM\u00ae per soddisfare gli standard minimi RIM\u00ae. Richiede inoltre che un direttore o un dirigente superi un esame basato sul manuale RIM\u00ae e che possieda le conoscenze necessarie per condurre affari internazionali. Inoltre, entro un periodo di tre anni dalla certificazione iniziale, un agente certificato RIM\u00ae deve impiegare un ispettore, un coordinatore e almeno tre imballatori internazionali certificati RIM\u00ae.<\/p><\/blockquote>\n<p> - <a href=\"http:\/\/www.castinemovers.com\/category\/RIM\/c70\" target=\"_blank\" rel=\"noopener\">Castine Movers<\/a><\/p>\n<blockquote><p>La certificazione Registered International Mover (RIM) \u00e8 volontaria. Per ottenere la certificazione, un'azienda di traslochi deve passare attraverso un rigoroso addestramento e test. La certificazione assicura che il titolare sia a conoscenza di tutti gli aspetti di un trasloco internazionale.<\/p><\/blockquote>\n<p> - <a href=\"http:\/\/www.newworldvanlines.com\/international.html\" target=\"_blank\" rel=\"noopener\">Nuovo mondo Van Lines<\/a><\/p>\n<blockquote><p>Per rimanere certificati il management e il personale, entro tre anni, devono completare un minimo di 15 ore di formazione continua approvata dal RIM e le strutture e le attrezzature dell'azienda devono essere soggette a una nuova ispezione ogni tre anni. Ad oggi ci sono oltre 142 aziende di trasloco e stoccaggio che hanno completato la fase iniziale del programma RIM.<\/p><\/blockquote>\n<p> - <a href=\"http:\/\/www.movingscam.com\/articles\/planning-an-international-move\" target=\"_blank\" rel=\"noopener\">Truffa del trasloco<\/a><\/p>\n<blockquote><p>Per la certificazione sotto il programma RIM (Registered International Mover), un traslocatore deve essere finanziariamente solido, avere una reputazione per un servizio di qualit\u00e0 e accettare un rigoroso codice di pratica progettato per garantire la vostra totale soddisfazione.<\/p><\/blockquote>\n<p> - <a href=\"http:\/\/taylorinternational.ca\/international-moving-relocation\" target=\"_blank\" rel=\"noopener\">Traslochi internazionali di Taylor<\/a><\/p>","protected":false},"excerpt":{"rendered":"<p>The International ProMover certification is part of the Registered International Mover (RIM) program created by the American Moving &#038; Storage Association (AMSA). It is aimed to assist customers using international household goods relocation services and is intended to facilitate easier choices, making it simpler to differentiate between the options and find the right mover. Key [&hellip;]<\/p>\n","protected":false},"author":1,"featured_media":0,"parent":0,"menu_order":0,"comment_status":"closed","ping_status":"closed","template":"","meta":{"_genesis_hide_title":false,"_genesis_hide_breadcrumbs":false,"_genesis_hide_singular_image":false,"_genesis_hide_footer_widgets":false,"_genesis_custom_body_class":"","_genesis_custom_post_class":"","_genesis_layout":"","footnotes":""},"class_list":{"0":"post-353","1":"page","2":"type-page","3":"status-publish","5":"entry"},"_links":{"self":[{"href":"https:\/\/moverdb.com\/it\/wp-json\/wp\/v2\/pages\/353","targetHints":{"allow":["GET"]}}],"collection":[{"href":"https:\/\/moverdb.com\/it\/wp-json\/wp\/v2\/pages"}],"about":[{"href":"https:\/\/moverdb.com\/it\/wp-json\/wp\/v2\/types\/page"}],"author":[{"embeddable":true,"href":"https:\/\/moverdb.com\/it\/wp-json\/wp\/v2\/users\/1"}],"replies":[{"embeddable":true,"href":"https:\/\/moverdb.com\/it\/wp-json\/wp\/v2\/comments?post=353"}],"version-history":[{"count":22,"href":"https:\/\/moverdb.com\/it\/wp-json\/wp\/v2\/pages\/353\/revisions"}],"predecessor-version":[{"id":6232,"href":"https:\/\/moverdb.com\/it\/wp-json\/wp\/v2\/pages\/353\/revisions\/6232"}],"wp:attachment":[{"href":"https:\/\/moverdb.com\/it\/wp-json\/wp\/v2\/media?parent=353"}],"curies":[{"name":"wp","href":"https:\/\/api.w.org\/{rel}","templated":true}]}}