{"id":350,"date":"2016-05-22T20:57:46","date_gmt":"2016-05-22T20:57:46","guid":{"rendered":"http:\/\/moverdb.com\/?page_id=350"},"modified":"2026-01-08T15:20:55","modified_gmt":"2026-01-08T15:20:55","slug":"shore-porters-society","status":"publish","type":"page","link":"https:\/\/moverdb.com\/it\/shore-porters-society\/","title":{"rendered":"The Shore Porters Society International Moving &amp; Removals Recensioni"},"content":{"rendered":"<p>La Shore Porters Society offre i seguenti servizi per le persone che si trasferiscono all'estero, a livello regionale e locale. C'\u00e8 anche un profilo aziendale e recensioni di servizi da consultare.<\/p>\n<p><strong>Traslochi aziendali e personali all'estero<\/strong><\/p>\n<ul>\n<li> Sondaggio pre-spostamento<\/li>\n<li> Servizio porta a porta<\/li>\n<li> Trasporto marittimo o aereo<\/li>\n<li> Varie opzioni di imballaggio<\/li>\n<li> Opzioni di stoccaggio<\/li>\n<li> Assistenza con la documentazione per il paese di destinazione<\/li>\n<li> Conoscenza approfondita delle norme e dei regolamenti del paese di destinazione<\/li>\n<li> Apparecchiature IT scollegate e ricollegate a destinazione<\/li>\n<li> Assicurazione<\/li>\n<\/ul>\n<p><strong>Belle Arti e Antiquariato<\/strong><\/p>\n<ul>\n<li> Conoscenza specialistica di imballaggio e spedizione<\/li>\n<li> Accompagnare i clienti nei viaggi d'acquisto per assicurare il corretto imballaggio<\/li>\n<li> Consigli sulla documentazione<\/li>\n<li> Sdoganamento nel paese di destinazione<\/li>\n<\/ul>\n<p><strong>Stoccaggio<\/strong><\/p>\n<ul>\n<li> Stoccaggio in container<\/li>\n<li> Stoccaggio convenzionale<\/li>\n<li> Stoccaggio commerciale<\/li>\n<li> Archiviazione<\/li>\n<li> Lock 'n' Leave - accesso gratuito durante le ore d'ufficio<\/li>\n<li> Noleggio casse<\/li>\n<li> Stoccaggio di pallet<\/li>\n<\/ul>\n<p><strong>Spostamenti locali<\/strong><\/p>\n<ul>\n<li> Servizio porta a porta<\/li>\n<li> Varie opzioni di imballaggio<\/li>\n<li> Assicurazione organizzata<\/li>\n<\/ul>\n<h2>Profilo dell'azienda The Shore Porters Society<\/h2>\n<p>La Shore Porters Society \u00e8 stata fondata nel 1498, oltre 500 anni fa. Si vanta orgogliosamente di essere la pi\u00f9 antica societ\u00e0 di trasporto del mondo, le loro origini erano una cooperativa di facchini che esercitavano il loro mestiere al porto di Aberdeen. <\/p>\n<p>L'azienda era sotto gli auspici del Consiglio Comunale di Aberdeen fino alla met\u00e0 del XIX secolo. Ora \u00e8 una societ\u00e0 privata con trasporto, traslochi, propriet\u00e0 e magazzinaggio tra i suoi servizi.<\/p>\n<p>L'azienda dispone di una flotta di 30 camion e furgoni che operano da Aberdeen e Richmond on Thames e di 11 magazzini in tutto il mondo. <a href=\"https:\/\/moverdb.com\/it\/moving-to-the-uk\/\" data-internallinksmanager029f6b8e52c=\"93\" title=\"Trasferirsi nel Regno Unito? 2026 Costi di vita e consigli per il trasferimento\">REGNO UNITO<\/a>. <\/p>\n<p>L'azienda ha buoni rapporti con le principali case d'asta di tutto il mondo e si vanta della sua esperienza quando si tratta di spedire opere d'arte e antichit\u00e0.<\/p>\n<p>Di seguito \u00e8 riportato un elenco degli accreditamenti e delle affiliazioni della Shore Porters Society:<\/p>\n<ul>\n<li> <a href=\"https:\/\/moverdb.com\/it\/british-association-of-removers\/\">L'associazione britannica dei traslocatori (BAR)<\/a><\/li>\n<li> Legato finanziariamente a <a href=\"https:\/\/moverdb.com\/it\/bar-overseas\/\">Gruppo BAR Overseas<\/a><\/li>\n<li> <a href=\"https:\/\/moverdb.com\/it\/fidi-faim\/\">FIDI<\/a><\/li>\n<li> <a href=\"https:\/\/moverdb.com\/it\/sono\/\">L'Associazione Internazionale dei Traslocatori (IAM)<\/a><\/li>\n<li> Certificazione del sistema qualit\u00e0 ISO9001<\/li>\n<li> <a href=\"https:\/\/moverdb.com\/it\/freight-transport-association\/\">Membro FTA<\/a><\/li>\n<\/ul>\n<h2>The Shore Porters Society Recensioni<\/h2>\n<p>Si prega di notare che non ci sono state nuove recensioni per The Shore Porters Society pubblicate online negli ultimi 12 mesi.<\/p>\n<div itemprop=\"review\" itemscope itemtype=\"http:\/\/schema.org\/Review\">\n<span itemprop=\"author\" itemscope=\"\" itemtype=\"http:\/\/schema.org\/Organization\"><span itemprop=\"name\">MoverDB.com<\/span><\/span> Recensione del sito web online per <span itemprop=\"itemreviewed\" itemscope=\"\" itemtype=\"http:\/\/schema.org\/Brand\"><span itemprop=\"name\">La societ\u00e0 dei portatori di terra<\/span><\/span>:<\/p>\n<ol>\n<li> Dettagli di contatto chiari sul sito web (compreso il numero di telefono): <strong>S\u00ec<\/strong><\/li>\n<li> Facile da ottenere <a href=\"https:\/\/moverdb.com\/it\/citazioni\/\">preventivi di traslochi internazionali<\/a>? (Modulo di richiesta di preventivo online): <strong>S\u00ec<\/strong><\/li>\n<li> Informazioni chiare sul sito web: <strong>Parziale<\/strong>. Il sito web contiene informazioni vaghe che una richiesta di contattare l'azienda per maggiori dettagli.<\/li>\n<li> Appartenenza a organizzazioni internazionali riconosciute per il movimento: <strong>S\u00ec<\/strong>, vedi sopra.<\/li>\n<li> Elenco di clienti e\/o testimonianze di clienti precedenti: <strong>No.<\/strong><\/li>\n<\/ol>\n<div itemprop=\"reviewRating\" itemscope itemtype=\"http:\/\/schema.org\/Rating\"><meta itemprop=\"worstRating\" content = \"0\" \/><meta itemprop=\"bestRating\" content=\"5\" \/><meta itemprop=\"ratingValue\" content=\"4\"><\/div>\n<p><strong>Punteggio complessivo: 4\/5<\/strong><br \/>\n<strong>Data di revisione:<\/strong> <span itemprop=\"datePublished\" content=\"2016-05-22\">22\/05\/2016<\/span><\/p>\n<\/div>\n<p>Pi\u00f9 su <a href=\"https:\/\/moverdb.com\/it\/international-removals\/\">Aziende di traslochi del Regno Unito<\/a> e il nostro <a href=\"https:\/\/moverdb.com\/it\/recensioni\/\">processo di revisione spiegato<\/a>.<\/p>\n<p><strong>Sito web:<\/strong> <a href=\"https:\/\/www.shoreporters.com\/\" target=\"_blank\" rel=\"noopener\">https:\/\/www.shoreporters.com<\/a><\/p>","protected":false},"excerpt":{"rendered":"<p>The Shore Porters Society offers the following services for people moving abroad, regionally and locally. There is also a company profile and service reviews to peruse. Corporate and Personal Moves Abroad Pre-Move survey Door to door service Ocean or Air Freight Various packing options Storage options Assistance with documentation for destination country In depth knowledge [&hellip;]<\/p>\n","protected":false},"author":1,"featured_media":0,"parent":0,"menu_order":0,"comment_status":"closed","ping_status":"closed","template":"","meta":{"_genesis_hide_title":false,"_genesis_hide_breadcrumbs":false,"_genesis_hide_singular_image":false,"_genesis_hide_footer_widgets":false,"_genesis_custom_body_class":"","_genesis_custom_post_class":"","_genesis_layout":"","footnotes":""},"class_list":{"0":"post-350","1":"page","2":"type-page","3":"status-publish","5":"entry"},"_links":{"self":[{"href":"https:\/\/moverdb.com\/it\/wp-json\/wp\/v2\/pages\/350","targetHints":{"allow":["GET"]}}],"collection":[{"href":"https:\/\/moverdb.com\/it\/wp-json\/wp\/v2\/pages"}],"about":[{"href":"https:\/\/moverdb.com\/it\/wp-json\/wp\/v2\/types\/page"}],"author":[{"embeddable":true,"href":"https:\/\/moverdb.com\/it\/wp-json\/wp\/v2\/users\/1"}],"replies":[{"embeddable":true,"href":"https:\/\/moverdb.com\/it\/wp-json\/wp\/v2\/comments?post=350"}],"version-history":[{"count":12,"href":"https:\/\/moverdb.com\/it\/wp-json\/wp\/v2\/pages\/350\/revisions"}],"predecessor-version":[{"id":6246,"href":"https:\/\/moverdb.com\/it\/wp-json\/wp\/v2\/pages\/350\/revisions\/6246"}],"wp:attachment":[{"href":"https:\/\/moverdb.com\/it\/wp-json\/wp\/v2\/media?parent=350"}],"curies":[{"name":"wp","href":"https:\/\/api.w.org\/{rel}","templated":true}]}}