{"id":349,"date":"2016-05-22T20:51:02","date_gmt":"2016-05-22T20:51:02","guid":{"rendered":"http:\/\/moverdb.com\/?page_id=349"},"modified":"2026-01-08T15:20:48","modified_gmt":"2026-01-08T15:20:48","slug":"team-relocations","status":"publish","type":"page","link":"https:\/\/moverdb.com\/it\/team-relocations\/","title":{"rendered":"Team Relocations International Moving &amp; Removals Recensioni"},"content":{"rendered":"<p>Team Relocations offre i seguenti servizi di trasloco per individui e aziende che spostano personale o interi uffici all'estero. Leggi il profilo aziendale di Team Relocations e le recensioni qui sotto.<\/p>\n<p><strong>Traslochi personali e aziendali<\/strong><\/p>\n<ul>\n<li> Servizio di consulenza che offre soluzioni individuali per il trasloco<\/li>\n<li> Gestione strategica dei trasferimenti<\/li>\n<li> Tecnologia webZone avanzata<\/li>\n<li> Imballaggio e spedizione<\/li>\n<li> Assicurazione organizzata<\/li>\n<\/ul>\n<p><strong>Servizi di propriet\u00e0<\/strong><\/p>\n<ul>\n<li> Ricerca della casa<\/li>\n<li> Negoziazioni e rinnovi d'affitto<\/li>\n<li> Inventario Check-in\/out<\/li>\n<li> Noleggio di mobili ed elettrodomestici<\/li>\n<li> Alloggio temporaneo<\/li>\n<li> Programmi di partenza<\/li>\n<li> Gestione della vendita della casa<\/li>\n<li> Gestione della propriet\u00e0 <\/li>\n<li> Programma di vendita garantita della casa<\/li>\n<\/ul>\n<p><strong>Sistemarsi<\/strong><\/p>\n<ul>\n<li> Orientamento<\/li>\n<li> Informazioni sulla destinazione<\/li>\n<li> Briefing culturali<\/li>\n<li> Formazione linguistica<\/li>\n<li> Gestione degli spostamenti<\/li>\n<li> Servizi di tuttofare\/aiuto domestico<\/li>\n<\/ul>\n<p><strong>Programmi per la famiglia<\/strong><\/p>\n<ul>\n<li> Ricerca e registrazione dell'educazione<\/li>\n<li> Trasferimento di animali domestici<\/li>\n<li> Sostegno ai partner<\/li>\n<\/ul>\n<p><strong>Servizi di stoccaggio<\/strong><\/p>\n<ul>\n<li> Stoccaggio specializzato<\/li>\n<li> Archiviazione e conservazione dei documenti<\/li>\n<li> Archiviazione tradizionale<\/li>\n<\/ul>\n<p><strong>Servizi specializzati<\/strong><\/p>\n<ul>\n<li> Traslochi globali per lo spedizioniere privato<\/li>\n<li> Traslochi e trasferimenti commerciali e d'ufficio<\/li>\n<li> Spostamento dell'ospedale<\/li>\n<li> Stoccaggio domestico<\/li>\n<li> Conservazione di documenti e archivi<\/li>\n<\/ul>\n<p><strong>Servizi aggiuntivi<\/strong><\/p>\n<ul>\n<li> Ascensori a scala per l'accesso difficile<\/li>\n<li> Imballaggio di oggetti d'arte e d'antiquariato<\/li>\n<li> Servizi di elettricista, tra cui<\/li>\n<li> Cambiare le spine per adattarle alle prese locali<\/li>\n<li> Ricablaggio di lampade ed elettrodomestici<\/li>\n<li> Fornitura di trasformatori<\/li>\n<li> Tuttofare<\/li>\n<li> Servizio di pulizia<\/li>\n<li> Accordatura del pianoforte<\/li>\n<li> Installazione\/rimozione della parabola satellitare<\/li>\n<li> Squadre di pulizia<\/li>\n<li> Ritiro dall'ufficio<\/li>\n<li> Scatole di beneficenza<\/li>\n<li> <a href=\"https:\/\/moverdb.com\/it\/auto-trasporto-spedizione\/\">Spedizione di veicoli<\/a> e stoccaggio<\/li>\n<\/ul>\n<h2>Profilo aziendale del Team Relocation<\/h2>\n<p>Team Relocation \u00e8 stato fondato nel 1977 e ora \u00e8 uno dei pi\u00f9 grandi relocation e <a href=\"https:\/\/moverdb.com\/it\/international-removals\/\" data-internallinksmanager029f6b8e52c=\"27\" title=\"36 Migliori aziende di traslochi internazionali del Regno Unito\">aziende di trasloco<\/a> nel mondo. Team Location ha uffici in 13 paesi e molte persone importanti, societ\u00e0 multinazionali e agenzie governative usano l'azienda per i trasferimenti di personale e societ\u00e0 all'estero e a livello regionale. <\/p>\n<p>Team Relocation lavora solo con partner che condividono i suoi stessi valori fondamentali: eccellenza, integrit\u00e0, responsabilit\u00e0 e sicurezza. L'azienda si concentra su trasferimenti, traslochi e servizi specializzati. <\/p>\n<p>L'azienda crede anche fortemente nei diritti umani internazionali e sostiene molti enti di beneficenza in tutto il mondo.<\/p>\n<p>Gli accreditamenti e le affiliazioni di Team Locations sono elencati di seguito:<\/p>\n<ul>\n<li> <a href=\"https:\/\/moverdb.com\/it\/british-association-of-removers\/\">L'associazione britannica dei traslocatori (BAR)<\/a><\/li>\n<li> DBA<\/li>\n<li> Il <a href=\"https:\/\/moverdb.com\/it\/mtc\/\">Movers Trading Club<\/a> (<a href=\"https:\/\/moverdb.com\/it\/mtc\/\" data-internallinksmanager029f6b8e52c=\"30\" title=\"Movers Trading Club (MTC) spiegato\">MTC<\/a>)<\/li>\n<li> <a href=\"https:\/\/moverdb.com\/it\/fidi-faim\/\">FAIM<\/a><\/li>\n<li> <a href=\"https:\/\/moverdb.com\/it\/fidi-faim\/\">FIDI<\/a><\/li>\n<li> L'associazione mondiale della mobilit\u00e0 <\/li>\n<li> <a href=\"https:\/\/moverdb.com\/it\/sono\/\">Associazione internazionale dei traslocatori (IAM)<\/a><\/li>\n<li> OMNI<\/li>\n<\/ul>\n<h2>Team Relocations Recensioni<\/h2>\n<p><em>In questo momento non abbiamo trovato nessuna recensione per Team Relocations pubblicata da nessun'altra parte online.<\/em><\/p>\n<div itemprop=\"review\" itemscope itemtype=\"http:\/\/schema.org\/Review\">\n<span itemprop=\"author\" itemscope=\"\" itemtype=\"http:\/\/schema.org\/Organization\"><span itemprop=\"name\">MoverDB.com<\/span><\/span> Recensione del sito web online per <span itemprop=\"itemreviewed\" itemscope=\"\" itemtype=\"http:\/\/schema.org\/Brand\"><span itemprop=\"name\">Trasferimenti di squadra<\/span><\/span>:<\/p>\n<ol>\n<li> Dettagli di contatto chiari sul sito web (compreso il numero di telefono): <strong>S\u00ec<\/strong><\/li>\n<li> Facile da ottenere <a href=\"https:\/\/moverdb.com\/it\/citazioni\/\">preventivi di traslochi internazionali<\/a>? (Modulo di richiesta di preventivo online): <strong>S\u00ec<\/strong><\/li>\n<li> Informazioni chiare sul sito web: <strong>S\u00ec<\/strong>. Un sito web informativo, ma le informazioni dettagliate devono essere cercate direttamente presso l'azienda.<\/li>\n<li> Appartenenza a organizzazioni internazionali riconosciute per il movimento: <strong>S\u00ec<\/strong>, vedi sopra.<\/li>\n<li> Elenco di clienti e\/o testimonianze di clienti precedenti: <strong>No.<\/strong><\/li>\n<\/ol>\n<div itemprop=\"reviewRating\" itemscope itemtype=\"http:\/\/schema.org\/Rating\"><meta itemprop=\"worstRating\" content = \"0\" \/><meta itemprop=\"bestRating\" content=\"5\" \/><meta itemprop=\"ratingValue\" content=\"4\"><\/div>\n<p><strong>Punteggio complessivo: 4\/5<\/strong><br \/>\n<strong>Data di revisione:<\/strong> <span itemprop=\"datePublished\" content=\"2016-05-22\">22\/05\/2016<\/span><\/p>\n<\/div>\n<p>Pi\u00f9 su <a href=\"https:\/\/moverdb.com\/it\/aziende-di-traslochi\/\">societ\u00e0 di traslochi internazionali<\/a> e il nostro <a href=\"https:\/\/moverdb.com\/it\/recensioni\/\">processo di revisione spiegato<\/a>.<\/p>\n<p><strong>Sito web:<\/strong> <a href=\"http:\/\/www.teamrelocations.com\/\" target=\"_blank\" rel=\"noopener\">http:\/\/www.teamrelocations.com<\/a><\/p>","protected":false},"excerpt":{"rendered":"<p>Team Relocations offers the following moving services for individuals and corporates moving personnel or whole offices abroad. Read Team Locations&#8217; company profile and reviews below. Personal and Corporate Moves Consultancy service offering individual solutions to moving Strategic relocation management Advanced webZone technology Packing and shipping Insurance arranged Property Services Home Search Tenancy Negotiations &#038; Renewals [&hellip;]<\/p>\n","protected":false},"author":1,"featured_media":0,"parent":0,"menu_order":0,"comment_status":"closed","ping_status":"closed","template":"","meta":{"_genesis_hide_title":false,"_genesis_hide_breadcrumbs":false,"_genesis_hide_singular_image":false,"_genesis_hide_footer_widgets":false,"_genesis_custom_body_class":"","_genesis_custom_post_class":"","_genesis_layout":"","footnotes":""},"class_list":{"0":"post-349","1":"page","2":"type-page","3":"status-publish","5":"entry"},"_links":{"self":[{"href":"https:\/\/moverdb.com\/it\/wp-json\/wp\/v2\/pages\/349","targetHints":{"allow":["GET"]}}],"collection":[{"href":"https:\/\/moverdb.com\/it\/wp-json\/wp\/v2\/pages"}],"about":[{"href":"https:\/\/moverdb.com\/it\/wp-json\/wp\/v2\/types\/page"}],"author":[{"embeddable":true,"href":"https:\/\/moverdb.com\/it\/wp-json\/wp\/v2\/users\/1"}],"replies":[{"embeddable":true,"href":"https:\/\/moverdb.com\/it\/wp-json\/wp\/v2\/comments?post=349"}],"version-history":[{"count":12,"href":"https:\/\/moverdb.com\/it\/wp-json\/wp\/v2\/pages\/349\/revisions"}],"predecessor-version":[{"id":6243,"href":"https:\/\/moverdb.com\/it\/wp-json\/wp\/v2\/pages\/349\/revisions\/6243"}],"wp:attachment":[{"href":"https:\/\/moverdb.com\/it\/wp-json\/wp\/v2\/media?parent=349"}],"curies":[{"name":"wp","href":"https:\/\/api.w.org\/{rel}","templated":true}]}}