{"id":347,"date":"2016-05-22T19:43:53","date_gmt":"2016-05-22T19:43:53","guid":{"rendered":"http:\/\/moverdb.com\/?page_id=347"},"modified":"2026-01-08T15:20:38","modified_gmt":"2026-01-08T15:20:38","slug":"santa-fe-relocation","status":"publish","type":"page","link":"https:\/\/moverdb.com\/it\/santa-fe-relocation\/","title":{"rendered":"Santa Fe Relocation Services International Moving &amp; Removals Recensioni"},"content":{"rendered":"<p>Santa Fe Relocation Services \u00e8 un'azienda di traslochi di alto livello. I suoi numerosi servizi di trasloco sono elencati di seguito, insieme a un profilo aziendale e alle recensioni dei clienti.<\/p>\n<p><strong>Servizi di mobilit\u00e0 globale<\/strong><\/p>\n<ul>\n<li> Trasferimento globale e gestione DSP in tutto il mondo<\/li>\n<li> Gestione dei visti e dell'immigrazione<\/li>\n<li> Gestione dei movimenti per individui e dipendenti aziendali<\/li>\n<\/ul>\n<p><strong>Servizi di trasloco e stoccaggio<\/strong><\/p>\n<ul>\n<li> Trasloco internazionale<\/li>\n<li> Trasloco nazionale e locale<\/li>\n<li> Stoccaggio<\/li>\n<li> Trasferimento di animali<\/li>\n<li> <a href=\"https:\/\/moverdb.com\/it\/auto-trasporto-spedizione\/\">Spedizione di veicoli<\/a><\/li>\n<li> Link alla copertura di protezione<\/li>\n<li> Servizi di tuttofare e parcheggiatore<\/li>\n<li> Noleggio di mobili<\/li>\n<li> Eccellenza nei servizi di trasloco e stoccaggio<\/li>\n<\/ul>\n<p><strong>Servizi di trasferimento<\/strong><\/p>\n<ul>\n<li> Assegnazione forfettaria<\/li>\n<li> Incarichi a breve termine<\/li>\n<li> Ricerca della casa<\/li>\n<li> Ricerca della scuola<\/li>\n<li> Servizi di ambientamento<\/li>\n<li> Lista di controllo e trasferimento in un colpo d'occhio<\/li>\n<li> Visto e immigrazione<\/li>\n<li> Guide delle destinazioni<\/li>\n<\/ul>\n<p><strong>Servizi commerciali<\/strong><\/p>\n<ul>\n<li> Spostamento di uffici<\/li>\n<li> Installazioni alberghiere<\/li>\n<li> Mostre in tutto il mondo<\/li>\n<li> Traslochi d'arte e d'antiquariato<\/li>\n<li> Progetti speciali come traslochi di ospedali, strutture militari, strutture educative<\/li>\n<\/ul>\n<h2>Profilo dell'azienda Santa Fe Relocation Services<\/h2>\n<p>Santa Fe fornisce servizi di mobilit\u00e0 globale ai dipendenti delle aziende espatriate. L'azienda \u00e8 orgogliosa di eliminare lo stress dai trasferimenti dei dipendenti e si vanta dei suoi clienti Fortune 500. L'azienda gestisce circa 60.000 traslochi internazionali e 15.000 traslochi nazionali ogni anno. <\/p>\n<p>Santa Fe ha iniziato la sua vita in <a href=\"https:\/\/moverdb.com\/it\/moving-to-hong-kong\/\" data-internallinksmanager029f6b8e52c=\"350\" title=\"Trasferirsi a Hong Kong? 2026 Costi di vita e consigli per il trasferimento\">Hong Kong<\/a> nel 1980. Il Gruppo Santa Fe ha acquisito aziende in tutto il mondo, la pi\u00f9 antica delle quali \u00e8 Wridgways of <a href=\"https:\/\/moverdb.com\/it\/moving-to-australia\/living-in-australia\/\" data-internallinksmanager029f6b8e52c=\"240\" title=\"21 segreti su come vivere in Australia da conoscere prima di trasferirsi\">Australia<\/a> fondata nel 1892. Santa Fe ha uffici in sei continenti, con la sede centrale a <a href=\"https:\/\/moverdb.com\/it\/moving-to-london\/\">Londra<\/a> e offre trasferimenti globali, regionali e locali ai suoi clienti. <\/p>\n<p>Associazioni e accreditamenti di Santa Fe Relocation Services:<\/p>\n<ul>\n<li> <a href=\"https:\/\/moverdb.com\/it\/employee-relocation-council\/\">Il CER mondiale<\/a><\/li>\n<li> <a href=\"https:\/\/moverdb.com\/it\/eura\/\">Associazione europea per la ricollocazione<\/a> (<a href=\"https:\/\/moverdb.com\/it\/eura\/\" data-internallinksmanager029f6b8e52c=\"13\" title=\"L&#039;Associazione europea per la ricollocazione (EuRA) spiegata\">EuRA<\/a>)<\/li>\n<li> <a href=\"https:\/\/moverdb.com\/it\/fidi-faim\/\">Federazione globale delle societ\u00e0 di traslochi internazionali<\/a> (<a href=\"https:\/\/moverdb.com\/it\/fidi-faim\/\" data-internallinksmanager029f6b8e52c=\"16\" title=\"FIDI e FAIM (FIDI Accredited International Mover) spiegati\">FIDI<\/a>)<\/li>\n<li> <a href=\"https:\/\/moverdb.com\/it\/fidi-faim\/\">Accreditato FIDI-FAIM e FAIM Plus<\/a><\/li>\n<li> <a href=\"https:\/\/moverdb.com\/it\/sono\/\">L'Associazione Internazionale dei Traslocatori (IAM)<\/a><\/li>\n<li> <a href=\"https:\/\/moverdb.com\/it\/lacma\/\">LACMA<\/a><\/li>\n<li> Gestione della qualit\u00e0 ISO9001<\/li>\n<li> Gestione ambientale ISO14001<\/li>\n<li> OHSAS18001 Gestione della salute e della sicurezza<\/li>\n<li> Sicurezza dei dati ISO27001<\/li>\n<\/ul>\n<h2>Recensioni sui servizi di trasferimento di Santa Fe<\/h2>\n<p><strong>Positivo<\/strong><\/p>\n<p><em>\"Santa Fe ha una squadra di Berlino (<a href=\"https:\/\/moverdb.com\/it\/moving-to-germany\/\" data-internallinksmanager029f6b8e52c=\"321\" title=\"Trasferirsi in Germania? 2026 Costi di vita e consigli per il trasferimento\">Germania<\/a>) e mi hanno davvero stupito per il servizio offerto. Il signor H Schulz e la signora A. Hoenow hanno eseguito il mio trasloco in modo fluido, efficiente e sempre con un atteggiamento amichevole\".<\/em> Dot Stein via <a href=\"http:\/\/www.mymovingreviews.com\/movingreviews\/simply-the-best-51520\" target=\"_blank\" rel=\"noopener\">MyMovingReviews<\/a><\/p>\n<p><em>\"Dall'inizio alla fine del processo, il servizio fornito \u00e8 stato professionale, disponibile e la squadra si \u00e8 fatta in quattro per assicurarsi che il trasloco fosse fatto in modo di qualit\u00e0\".<\/em> Linda, Melbourne via <a href=\"http:\/\/www.productreview.com.au\/p\/santa-fe-wridgways.html\" target=\"_blank\" rel=\"noopener\">Recensione del prodotto<\/a><\/p>\n<p><strong>Negativo<\/strong><\/p>\n<p><em>\"NON UTILIZZARE. L'azienda con cui hanno stipulato il contratto (Roy Trevor Removals) ha completamente distrutto i miei pavimenti in legno nuovi di zecca e ha tentato di dare la colpa a un'altra azienda. <a href=\"https:\/\/moverdb.com\/it\/moving-to-the-united-states\/\" data-internallinksmanager029f6b8e52c=\"94\" title=\"Trasferirsi negli Stati Uniti? 2026 Costi di vita e consigli per il trasferimento\">noi<\/a> per i danni\".<\/em> Pamela Rollins via <a href=\"http:\/\/www.mymovingreviews.com\/movingreviews\/horrible-damage-to-floors-51782\" target=\"_blank\" rel=\"noopener\">MyMovingReviews<\/a><\/p>\n<p><em>\"Questo \u00e8 stato un trasloco internazionale dalla PNG a Perth. Abbiamo fatto le valigie entro ottobre 2015, pi\u00f9 di 5 mesi dopo e non abbiamo ancora tutta la nostra roba\". <\/em>Liz via <a href=\"http:\/\/www.productreview.com.au\/p\/santa-fe-wridgways.html\" target=\"_blank\" rel=\"noopener\">Recensione del prodotto<\/a><\/p>\n<div itemprop=\"review\" itemscope itemtype=\"http:\/\/schema.org\/Review\">\n<span itemprop=\"author\" itemscope=\"\" itemtype=\"http:\/\/schema.org\/Organization\"><span itemprop=\"name\">MoverDB.com<\/span><\/span> Recensione del sito web online per <span itemprop=\"itemreviewed\" itemscope=\"\" itemtype=\"http:\/\/schema.org\/Brand\"><span itemprop=\"name\">Servizi di trasferimento di Santa Fe<\/span><\/span>:<\/p>\n<ol>\n<li> Dettagli di contatto chiari sul sito web (compreso il numero di telefono): <strong>S\u00ec<\/strong><\/li>\n<li> Facile da ottenere <a href=\"https:\/\/moverdb.com\/it\/citazioni\/\">preventivi di traslochi internazionali<\/a>? (Modulo di richiesta di preventivo online): <strong>S\u00ec<\/strong><\/li>\n<li> Informazioni chiare sul sito web: <strong>S\u00ec<\/strong>. Un sito web estremamente informativo.<\/li>\n<li> Appartenenza a organizzazioni internazionali riconosciute per il movimento: <strong>S\u00ec<\/strong>, vedi sopra.<\/li>\n<li> Elenco di clienti e\/o testimonianze di clienti precedenti: <strong>S\u00ec<\/strong>Anche se non c'\u00e8 una lista di clienti, ci sono molte testimonianze positive di clienti.<\/li>\n<\/ol>\n<div itemprop=\"reviewRating\" itemscope itemtype=\"http:\/\/schema.org\/Rating\"><meta itemprop=\"worstRating\" content = \"0\" \/><meta itemprop=\"bestRating\" content=\"5\" \/><meta itemprop=\"ratingValue\" content=\"5\"><\/div>\n<p><strong>Punteggio complessivo: 5\/5<\/strong><br \/>\n<strong>Data di revisione:<\/strong> <span itemprop=\"datePublished\" content=\"2016-05-22\">22\/05\/2016<\/span>\n<\/div>\n<p>Pi\u00f9 su <a href=\"https:\/\/moverdb.com\/it\/international-removals\/\">Aziende di traslochi del Regno Unito<\/a> e il nostro <a href=\"https:\/\/moverdb.com\/it\/recensioni\/\">processo di revisione spiegato<\/a>.<\/p>\n<p><strong>Sito web:<\/strong> <a href=\"http:\/\/www.santaferelo.com\/\" target=\"_blank\" rel=\"noopener\">http:\/\/www.santaferelo.com\/<\/a><\/p>","protected":false},"excerpt":{"rendered":"<p>Santa Fe Relocation Services is a high-end relocation company. It&#8217;s many removal services are listed below, together with a company profile and customer reviews. Global Mobility Services Global relocation and DSP management worldwide Visa and immigration management Move management for individuals and corporate employees Moving and Storage Services International Moving Domestic and Local Moving Storage [&hellip;]<\/p>\n","protected":false},"author":1,"featured_media":0,"parent":0,"menu_order":0,"comment_status":"closed","ping_status":"closed","template":"","meta":{"_genesis_hide_title":false,"_genesis_hide_breadcrumbs":false,"_genesis_hide_singular_image":false,"_genesis_hide_footer_widgets":false,"_genesis_custom_body_class":"","_genesis_custom_post_class":"","_genesis_layout":"","footnotes":""},"class_list":{"0":"post-347","1":"page","2":"type-page","3":"status-publish","5":"entry"},"_links":{"self":[{"href":"https:\/\/moverdb.com\/it\/wp-json\/wp\/v2\/pages\/347","targetHints":{"allow":["GET"]}}],"collection":[{"href":"https:\/\/moverdb.com\/it\/wp-json\/wp\/v2\/pages"}],"about":[{"href":"https:\/\/moverdb.com\/it\/wp-json\/wp\/v2\/types\/page"}],"author":[{"embeddable":true,"href":"https:\/\/moverdb.com\/it\/wp-json\/wp\/v2\/users\/1"}],"replies":[{"embeddable":true,"href":"https:\/\/moverdb.com\/it\/wp-json\/wp\/v2\/comments?post=347"}],"version-history":[{"count":14,"href":"https:\/\/moverdb.com\/it\/wp-json\/wp\/v2\/pages\/347\/revisions"}],"predecessor-version":[{"id":6235,"href":"https:\/\/moverdb.com\/it\/wp-json\/wp\/v2\/pages\/347\/revisions\/6235"}],"wp:attachment":[{"href":"https:\/\/moverdb.com\/it\/wp-json\/wp\/v2\/media?parent=347"}],"curies":[{"name":"wp","href":"https:\/\/api.w.org\/{rel}","templated":true}]}}