{"id":3392,"date":"2019-09-20T11:37:54","date_gmt":"2019-09-20T11:37:54","guid":{"rendered":"https:\/\/moverdb.com\/?page_id=3392"},"modified":"2026-01-08T14:39:59","modified_gmt":"2026-01-08T14:39:59","slug":"international-van-lines","status":"publish","type":"page","link":"https:\/\/moverdb.com\/it\/international-van-lines\/","title":{"rendered":"International Van Lines (IVL): Trasloco e recensioni di traslochi"},"content":{"rendered":"<p><img loading=\"lazy\" decoding=\"async\" width=\"700\" height=\"158\" src=\"https:\/\/moverdb.com\/wp-content\/uploads\/International-Van-Lines-Logo.png\" alt=\"Logo International Van Lines\" class=\"aligncenter size-full wp-image-3389\" data-wp-pid=\"3389\" srcset=\"https:\/\/moverdb.com\/wp-content\/uploads\/International-Van-Lines-Logo.png 700w, https:\/\/moverdb.com\/wp-content\/uploads\/International-Van-Lines-Logo-300x68.png 300w, https:\/\/moverdb.com\/wp-content\/uploads\/International-Van-Lines-Logo-600x135.png 600w\" sizes=\"auto, (max-width: 700px) 100vw, 700px\" \/><\/p>\n<p>International Van Lines \u00e8 un traslocatore americano fondato nel 2000 e ora \u00e8 uno dei pi\u00f9 grandi <a href=\"https:\/\/moverdb.com\/it\/moving-companies\/\" data-internallinksmanager029f6b8e52c=\"79\" title=\"Le 25 migliori aziende di traslochi internazionali online\">societ\u00e0 di traslochi internazionali<\/a> nel mondo. Sono stati valutati come The Best Moving Company da Consumer Advocate nel 2017, 2018 e 2019.<\/p>\n<p>Ecco alcuni dei servizi che forniscono:<\/p>\n<p><a href=\"https:\/\/moverdb.com\/it\/container-shipping\/\"><strong>Spedizione a pieno carico di container (FCL)<\/strong><\/a><\/p>\n<ul>\n<li> Contenitori asciutti<\/li>\n<li> Opzioni 20\u2032 e 40\u2032 disponibili<\/li>\n<li> Servizio porta a porta o carico vivo (fai da te)<\/li>\n<li> Licenziato dalla Commissione Marittima Federale come <a href=\"https:\/\/moverdb.com\/it\/freight-forwarder\/\" data-internallinksmanager029f6b8e52c=\"17\" title=\"Spedizioniere e NVOCC Guida ai costi e alle societ\u00e0 internazionali\">spedizioniere<\/a>.<\/li>\n<\/ul>\n<p><strong>Spedizione via mare<\/strong><\/p>\n<ul>\n<li> Porta a porta<\/li>\n<li> Porta a <a href=\"https:\/\/moverdb.com\/it\/top-49-container-ports\/\" data-internallinksmanager029f6b8e52c=\"80\" title=\"I 49 porti container pi\u00f9 grandi e trafficati nel 2025\">Porto<\/a><\/li>\n<li> Da porta a porta<\/li>\n<li> Da porto a porto<\/li>\n<\/ul>\n<p><strong>Servizi di trasporto aereo<\/strong><\/p>\n<ul>\n<li> Gestire sia il trasporto aereo che la spedizione espressa<\/li>\n<li> Pu\u00f2 un paio di scatole per la spedizione o un'intera famiglia<\/li>\n<li> Offrire servizi door to door, door to terminal, terminal to door o terminal to terminal<\/li>\n<li> Tutte le merci per la casa saranno avvolte in un involucro termoretraibile e collocate su pallet prima di essere caricate<\/li>\n<li> Occuparsi di tutte le pratiche necessarie per lo sdoganamento<\/li>\n<\/ul>\n<p><a href=\"https:\/\/moverdb.com\/it\/auto-trasporto-spedizione\/\"><strong>Spedizione auto<\/strong><\/a><\/p>\n<ul>\n<li> <a href=\"https:\/\/moverdb.com\/it\/container-shipping\/\" data-internallinksmanager029f6b8e52c=\"3\" title=\"Grafico delle tariffe di trasporto internazionale dei container: Maggio 2026\">Spedizione in container<\/a><\/li>\n<li> Servizio di consolidamento<\/li>\n<li> Roll on Roll off (RO\/RO)<\/li>\n<li> Documentazione di sdoganamento<\/li>\n<li> Opzioni di assicurazione<\/li>\n<\/ul>\n<p><strong>Servizi di trasloco a lunga distanza<\/strong><\/p>\n<ul>\n<li> Per gli spostamenti all'interno del <a href=\"https:\/\/moverdb.com\/it\/moving-to-the-united-states\/\" data-internallinksmanager029f6b8e52c=\"94\" title=\"Trasferirsi negli Stati Uniti? 2026 Costi di vita e consigli per il trasferimento\">Stati Uniti<\/a><\/li>\n<li> Imballaggio<\/li>\n<li> Stoccaggio<\/li>\n<li> Imballaggio<\/li>\n<li> Servizi specializzati<\/li>\n<\/ul>\n<p><strong>Altri servizi<\/strong><\/p>\n<ul>\n<li> Trasferimento aziendale<\/li>\n<li> Spostamenti d'ufficio<\/li>\n<li> Movimenti governativi e militari<\/li>\n<li> Servizi di vettori e broker<\/li>\n<\/ul>\n<h2>Profilo dell'azienda International Van Lines<\/h2>\n<p>International Van Lines sostiene di gestire oltre 10.000 traslochi all'anno con un tasso di reclami inferiore all'1%. Coprono tutti gli Stati Uniti e oltre 180 paesi. Sono nel settore dei traslochi internazionali dal 2000 e si sono espansi per offrire traslochi nazionali a lunga distanza nel 2004. Attualmente impiegano oltre 200 persone e sono stati sulla lista INC 5000 delle aziende in pi\u00f9 rapida crescita negli Stati Uniti nel 2012. <\/p>\n<p>International Van Lines ha anche ottime recensioni di <a href=\"https:\/\/uk.trustpilot.com\/review\/www.internationalvanlines.com\" rel=\"noopener noreferrer\" target=\"_blank\">Trustpilot<\/a> (4.3 su 5), <a href=\"https:\/\/www.move.org\/international-van-lines-review\/\" rel=\"noopener noreferrer\" target=\"_blank\">Spostare.org<\/a> (4,7 su 5) e <a href=\"https:\/\/www.consumeraffairs.com\/homeowners\/international-van-lines.html\" rel=\"noopener noreferrer\" target=\"_blank\">Affari dei consumatori<\/a> (4 su 5). Quindi, se ti stai muovendo da o verso gli Stati Uniti, \u00e8 qualcuno da cui vale la pena ottenere un preventivo.<\/p>\n<p>Sono accreditati come:<\/p>\n<ul>\n<li> Licenza <a href=\"https:\/\/safer.fmcsa.dot.gov\/query.asp?searchtype=ANY&#038;query_type=queryCarrierSnapshot&#038;query_param=USDOT&#038;query_string=2293832\" rel=\"noopener noreferrer\" target=\"_blank\">Vettore DOT<\/a><\/li>\n<li> <a href=\"https:\/\/moverdb.com\/it\/spedizioniere\/\">NVOCC<\/a> (licenza di vettore comune non marittimo)<\/li>\n<li> FMC (Commissione marittima federale) <\/li>\n<li> <a href=\"https:\/\/moverdb.com\/it\/rim-promover\/\">ProMover<\/a><\/li>\n<\/ul>\n<h2>Recensioni su International Van Lines<\/h2>\n<p><strong>Positivo:<\/strong><\/p>\n<ul>\n<li> <em>\"IVL ha fatto un ottimo lavoro con il mio trasloco a lunga distanza. La squadra \u00e8 stata puntuale, ha imballato bene e ha fatto quello che ha detto che avrebbe fatto. Li userei di nuovo se necessario\".<\/em> - Martha B. tramite il sito web dell'azienda<\/li>\n<li> <em>\"International Van Lines ha recentemente consegnato le mie cose. Dopo l'ispezione, non ho avuto nessun danno o perdita, il che \u00e8 eccellente\".<\/em> - IVY Powers via Move.org <\/li>\n<li> <em>\"Sono stato contento dell'esperienza con IVL e li prenderei in considerazione se dovessi spedire o trasferirmi all'estero\".<\/em> - Jeff attraverso i problemi dei consumatori<\/li>\n<li> <em>\"Tutto sommato la mia esperienza \u00e8 stata fantastica! Lavorerei di nuovo con loro se necessario\".<\/em> - Sade via Trustpliot<\/li>\n<\/ul>\n<p><strong>Negativo:<\/strong><\/p>\n<ul>\n<li> <em>\"Sono oltremodo deluso e non raccomanderei mai International Van Lines a nessuno\".<\/em> - Ezeibe via Trustpilot<\/li>\n<li> <em>\"Hanno perso un tappeto e altre cose\".<\/em> - Maritini Dog via Move.org<\/li>\n<li> <em>\"Cattiva comunicazione sul fronte di quando avrebbero effettivamente spostato la nostra roba nella nostra nuova casa\".<\/em> - Erin attraverso il Dipartimento del Consumo<\/li>\n<\/ul>\n<div itemprop=\"review\" itemscope itemtype=\"http:\/\/schema.org\/Review\">\n<span itemprop=\"author\" itemscope=\"\" itemtype=\"http:\/\/schema.org\/Organization\"><span itemprop=\"name\">MoverDB.com<\/span><\/span> Recensione del sito web online per <span itemprop=\"itemreviewed\" itemscope=\"\" itemtype=\"http:\/\/schema.org\/Brand\"><span itemprop=\"name\">Linee di furgoni internazionali<\/span><\/span>:<\/p>\n<ol>\n<li> Dettagli di contatto chiari sul sito web (compreso il numero di telefono): <strong>S\u00ec<\/strong><\/li>\n<li> Facile da ottenere <a href=\"https:\/\/moverdb.com\/it\/citazioni\/\">preventivi di trasloco internazionale<\/a>? (Modulo di richiesta di preventivo online): <strong>S\u00ec<\/strong><\/li>\n<li> Informazioni chiare sul sito web: <strong>S\u00ec.<\/strong> Il sito web espone chiaramente tutti i servizi che l'azienda offre.<\/li>\n<li> Appartenenza a organizzazioni internazionali riconosciute per il movimento: <strong>S\u00ec<\/strong>, (vedi sopra)<\/li>\n<li> Elenco di clienti e\/o testimonianze di clienti precedenti. <strong>S\u00ec,<\/strong> Hanno recensioni online sul loro sito e hanno anche molte recensioni positive online.<\/li>\n<\/ol>\n<div itemprop=\"reviewRating\" itemscope itemtype=\"http:\/\/schema.org\/Rating\"><meta itemprop=\"worstRating\" content = \"0\" \/><meta itemprop=\"bestRating\" content=\"5\" \/><meta itemprop=\"ratingValue\" content=\"5\"><\/div>\n<p><strong>Punteggio complessivo: 5\/5<\/strong><br \/>\n<strong>Data di revisione:<\/strong> <span itemprop=\"datePublished\" content=\"2019-09-20\">20\/09\/2019<\/span>\n<\/div>\n<p>Per saperne di pi\u00f9 <a href=\"https:\/\/moverdb.com\/it\/aziende-di-traslochi\/\">societ\u00e0 di traslochi internazionali<\/a>, <a href=\"https:\/\/moverdb.com\/it\/us-canada-movers\/\">aziende di traslochi nazionali<\/a> e il nostro <a href=\"https:\/\/moverdb.com\/it\/recensioni\/\">processo di revisione spiegato<\/a>.<\/p>\n<p><strong>Sito web:<\/strong> <a href=\"https:\/\/internationalvanlines.com\/\" target=\"_blank\" rel=\"noopener noreferrer\">https:\/\/internationalvanlines.com\/<\/a><\/p>","protected":false},"excerpt":{"rendered":"<p>International Van Lines is an American based mover founded in 2000 and is now one the largest international moving companies in the world. They have been rated as The Best Moving Company by Consumer Advocate in 2017, 2018 and 2019. Here are some of the services they provide: Full Container Load (FCL) Shipping Dry Containers [&hellip;]<\/p>\n","protected":false},"author":1,"featured_media":0,"parent":0,"menu_order":0,"comment_status":"closed","ping_status":"closed","template":"","meta":{"_genesis_hide_title":false,"_genesis_hide_breadcrumbs":false,"_genesis_hide_singular_image":false,"_genesis_hide_footer_widgets":false,"_genesis_custom_body_class":"","_genesis_custom_post_class":"","_genesis_layout":"","footnotes":""},"class_list":{"0":"post-3392","1":"page","2":"type-page","3":"status-publish","5":"entry","6":"has-post-thumbnail"},"_links":{"self":[{"href":"https:\/\/moverdb.com\/it\/wp-json\/wp\/v2\/pages\/3392","targetHints":{"allow":["GET"]}}],"collection":[{"href":"https:\/\/moverdb.com\/it\/wp-json\/wp\/v2\/pages"}],"about":[{"href":"https:\/\/moverdb.com\/it\/wp-json\/wp\/v2\/types\/page"}],"author":[{"embeddable":true,"href":"https:\/\/moverdb.com\/it\/wp-json\/wp\/v2\/users\/1"}],"replies":[{"embeddable":true,"href":"https:\/\/moverdb.com\/it\/wp-json\/wp\/v2\/comments?post=3392"}],"version-history":[{"count":3,"href":"https:\/\/moverdb.com\/it\/wp-json\/wp\/v2\/pages\/3392\/revisions"}],"predecessor-version":[{"id":3396,"href":"https:\/\/moverdb.com\/it\/wp-json\/wp\/v2\/pages\/3392\/revisions\/3396"}],"wp:attachment":[{"href":"https:\/\/moverdb.com\/it\/wp-json\/wp\/v2\/media?parent=3392"}],"curies":[{"name":"wp","href":"https:\/\/api.w.org\/{rel}","templated":true}]}}