{"id":2804,"date":"2018-05-18T20:05:25","date_gmt":"2018-05-18T20:05:25","guid":{"rendered":"https:\/\/moverdb.com\/?page_id=2804"},"modified":"2026-01-08T14:48:10","modified_gmt":"2026-01-08T14:48:10","slug":"data-processing-policy","status":"publish","type":"page","link":"https:\/\/moverdb.com\/it\/data-processing-policy\/","title":{"rendered":"Politica di trattamento dei dati"},"content":{"rendered":"<p>Questa politica di trattamento dei dati spiega in parole povere come MoverDB.com tratta i dati in modo che tu possa fare una scelta informata sull'utilizzo o meno dei nostri servizi. L'abbiamo creata come risposta al GDPR. Si tratta di un'aggiunta in inglese semplice e dettagliata al nostro <a href=\"https:\/\/moverdb.com\/it\/privacy-policy\/\">Politica sulla privacy<\/a> e <a href=\"https:\/\/moverdb.com\/it\/termini-duso\/\">Termini e condizioni<\/a>.<\/p>\n<p>MoverDB.com \u00e8 un sito web di libero utilizzo e non vi \u00e8 alcun obbligo di registrarsi e\/o inserire alcun dettaglio personale per utilizzarlo. Tutte le informazioni sono offerte gratuitamente a chiunque possa accedervi.<\/p>\n<p>Tuttavia, noi raccogliamo ed elaboriamo attivamente e passivamente dei dati di cui riteniamo che lei debba essere consapevole. Tutte le pagine del sito web e i dati sono inviati utilizzando la tecnologia sicura SSL.<\/p>\n<p>Tutte le nostre attivit\u00e0 di trattamento attivo dei dati (vedi sotto) sono fatte su un <strong>base del consenso<\/strong> e le nostre attivit\u00e0 di elaborazione passiva dei dati (vedi sotto) sono eseguite su un <strong>base di interesse legittimo<\/strong>. <\/p>\n<p>MoverDB.com elabora diversi tipi di dati per diversi scopi, utilizzando diversi partner e piattaforme di terze parti.<\/p>\n<p><strong>Attivit\u00e0 di elaborazione dati attiva <\/strong><\/p>\n<p>La nostra principale attivit\u00e0 di trattamento dei dati \u00e8 aiutare le persone a ottenere preventivi per il trasloco internazionale tramite un servizio di preventivi gratuito e senza impegno. \u00c8 destinato ad essere utilizzato da persone sia all'interno che all'esterno dell'UE.<\/p>\n<p>Per favore, sappiate anche che MoverDB.com non fornisce direttamente i preventivi, ma ha invece collaborato con <a href=\"https:\/\/moverdb.com\/it\/international-removals\/\" data-internallinksmanager029f6b8e52c=\"27\" title=\"36 Migliori aziende di traslochi internazionali del Regno Unito\">Traslochi internazionali<\/a> Direct, TriGlobal B.V. e MyMovingLoads per fornire i preventivi. Ognuno di loro a sua volta lavora direttamente con il proprio set di <a href=\"https:\/\/moverdb.com\/it\/moving-companies\/\" data-internallinksmanager029f6b8e52c=\"79\" title=\"Le 25 migliori aziende di traslochi internazionali online\">aziende di traslochi<\/a>. <\/p>\n<p>Pertanto, agiamo sia come controllore dei dati (dal momento che inviamo loro i dati) che come elaboratore dei dati (dal momento che informano l'uso di quali dati hanno bisogno e decidono come elaborarli). Tutti i dati che raccogliamo per loro conto sono necessari per aiutare a filtrare i fornitori che potrebbero essere giusti per voi. Se preferisci non condividere certe informazioni, sei libero di farlo, e puoi comunque trovare generici <a href=\"https:\/\/moverdb.com\/it\/container-shipping\/\">informazioni sui prezzi qui<\/a>.<\/p>\n<p>La societ\u00e0 con cui trattate il trattamento dei vostri dati dipender\u00e0 sia dal modulo che usate sia da dove vi muovete.  <\/p>\n<p><strong>Modulo principale (in cima alla pagina)<\/strong><\/p>\n<p>Il nostro modulo principale si presenta cos\u00ec:<\/p>\n<p><img loading=\"lazy\" decoding=\"async\" width=\"833\" height=\"365\" src=\"https:\/\/moverdb.com\/wp-content\/uploads\/Top-page-form.png\" alt=\"\" class=\"aligncenter size-full wp-image-3236\" srcset=\"https:\/\/moverdb.com\/wp-content\/uploads\/Top-page-form.png 833w, https:\/\/moverdb.com\/wp-content\/uploads\/Top-page-form-300x131.png 300w\" sizes=\"auto, (max-width: 833px) 100vw, 833px\" \/><\/p>\n<p>Noi stessi raccogliamo i dati di questo modulo e poi decidiamo dove inviarli.  <\/p>\n<p>Ecco i dati che vengono raccolti e il motivo per cui vengono raccolti:<\/p>\n<ul>\n<li> Dove ti stai trasferendo: Questo aiuta a ottenere preventivi accurati e filtra le potenziali compagnie di traslochi.<\/li>\n<li> Indirizzo attuale\/codice postale\/codice postale\/citt\u00e0\/paese: Questo aiuta a ottenere preventivi accurati e filtra le potenziali compagnie di traslochi.<\/li>\n<li> In quale citt\u00e0 ti stai trasferendo: Questo aiuta a ottenere preventivi accurati e filtra le potenziali compagnie di traslochi.<\/li>\n<li> Dimensione stimata del trasloco: questo aiuta a ottenere preventivi accurati e filtra le potenziali aziende di traslochi.<\/li>\n<li> Articoli da spedire: Questo aiuta a ottenere preventivi accurati, filtra le potenziali compagnie di traslochi e assicura che non stai cercando di trasportare qualcosa di illegale.<\/li>\n<li> Data stimata del trasloco: Questo aiuta a ottenere preventivi accurati, inoltre siate consapevoli che la maggior parte delle aziende non pu\u00f2 dare preventivi per traslochi con pi\u00f9 di 3 mesi di anticipo.<\/li>\n<li> Il tuo nome: Cos\u00ec le aziende sanno con chi hanno a che fare.<\/li>\n<li> Il tuo indirizzo e-mail: Dove possono essere inviati i preventivi e un modo per mettersi in contatto con te sulla tua richiesta.<\/li>\n<li> Il tuo numero di telefono: Richiesto affinch\u00e9 le aziende possano mettersi in contatto con te per il tuo preventivo.<\/li>\n<\/ul>\n<p>Una volta inseriti tutti i dati e inviato il modulo, si verificheranno le seguenti azioni:<\/p>\n<ul>\n<li> Verr\u00e0 visualizzato il nostro messaggio di ringraziamento, che include anche uno strumento di <a href=\"https:\/\/moverdb.com\/it\/international-money-transfer-services\/currencies-direct-review\/\" data-internallinksmanager029f6b8e52c=\"237\" title=\"Rassegna dei trasferimenti internazionali di denaro di Currencies Direct 2023\">Valute dirette<\/a> che pu\u00f2 aiutare a capire come cambiare la valuta estera.<\/li>\n<li> I dati del modulo vengono poi inviati tramite un webhook SSL sicuro a Zapier.com, che aiuta <a href=\"https:\/\/moverdb.com\/it\/moving-to-the-united-states\/\" data-internallinksmanager029f6b8e52c=\"94\" title=\"Trasferirsi negli Stati Uniti? 2026 Costi di vita e consigli per il trasferimento\">noi<\/a> per elaborare i dati attraverso quello che chiamano Zap.<\/li>\n<li> Una volta ricevuti i dati da Zapier.com, lo Zap filtra tutti i dati raccolti verso International Removals Direct (trasloco dall'Italia). <a href=\"https:\/\/moverdb.com\/it\/moving-to-the-uk\/\" data-internallinksmanager029f6b8e52c=\"93\" title=\"Trasferirsi nel Regno Unito? 2026 Costi di vita e consigli per il trasferimento\">REGNO UNITO<\/a>) o TriGlobal B.V. (per i traslochi da qualsiasi altra parte del mondo) tramite un webhook SSL sicuro. Questi verificheranno i vostri dati e invieranno la vostra richiesta a un massimo di 6 aziende di traslochi interessate, che potranno a loro volta contattarvi per telefono e\/o via e-mail. Non siete obbligati ad acquistare nulla e potete comunicare loro che non volete procedere. Inoltre, potete anche chiederci di annullare la vostra richiesta utilizzando il nostro sito web <a href=\"https:\/\/moverdb.com\/it\/contact-us\/\">modulo di contatto<\/a>.<\/li>\n<li> Dopo l'invio dei dati, lo Zap invier\u00e0 l'indirizzo e-mail inserito nel modulo a Mailchimp tramite un'integrazione Zapier. Questo attiver\u00e0 poi un'e-mail automatica che conferma la tua richiesta e spiega di nuovo cosa aspettarsi. Poi invier\u00e0 1 e-mail di follow-up circa 5 giorni dopo la tua richiesta, dandoti ulteriori informazioni sul trasferimento di denaro all'estero insieme ai tuoi beni. Questo viene inviato perch\u00e9 abbiamo scoperto che molte persone sono confuse sulle loro varie opzioni quando si tratta di inviare denaro all'estero. Puoi facilmente cancellarti da tutte le e-mail cliccando sul link di cancellazione in cima o in fondo ad ogni e-mail, che canceller\u00e0 tutte le e-mail future. Inoltre, cancelliamo regolarmente le e-mail almeno una volta all'anno.<\/li>\n<li> A questo punto lo Zap \u00e8 completo e Zapier canceller\u00e0 automaticamente tutti i dati entro 90 giorni. Questo ci d\u00e0 il tempo di aiutare a risolvere eventuali problemi, ma significa che i dati non vengono conservati pi\u00f9 a lungo del necessario.<\/li>\n<li> Conserveremo il tuo indirizzo e-mail (e nient'altro) pfr fino a 1 anno tramite Mailchimp.<\/li>\n<li> International Removals Direct e TriGlobal B.V. conserveranno le informazioni per il tempo garantito dalle loro politiche interne. Se hai qualche preoccupazione riguardo ai dati che potrebbero conservare, per favore contattaci e faremo del nostro meglio per aiutarti.<\/li>\n<\/ul>\n<p><strong>Modulo secondario #1 (centro della pagina)<\/strong><\/p>\n<p>La nostra forma secondaria #1 si presenta cos\u00ec.<\/p>\n<p><img loading=\"lazy\" decoding=\"async\" width=\"907\" height=\"512\" src=\"https:\/\/moverdb.com\/wp-content\/uploads\/bottom-page-form.png\" alt=\"\" class=\"aligncenter size-full wp-image-3235\" srcset=\"https:\/\/moverdb.com\/wp-content\/uploads\/bottom-page-form.png 907w, https:\/\/moverdb.com\/wp-content\/uploads\/bottom-page-form-300x169.png 300w\" sizes=\"auto, (max-width: 907px) 100vw, 907px\" \/><\/p>\n<p>Questo modulo \u00e8 fornito da MyMovingLoads e noi non controlliamo come viene inviato o elaborato. <\/p>\n<p>Ecco i dati che raccolgono:<\/p>\n<ul>\n<li> Paese\/Citt\u00e0 d'origine e Paese e Citt\u00e0 di consegna: Questo aiuta a ottenere preventivi accurati e filtra le potenziali compagnie di traslochi.<\/li>\n<li> Data del trasloco: Questo aiuta a ottenere preventivi accurati, inoltre siate consapevoli che la maggior parte delle aziende non pu\u00f2 dare preventivi per traslochi con pi\u00f9 di 3 mesi di anticipo.<\/li>\n<li> Seleziona le dimensioni della casa: Questo aiuta a ottenere preventivi accurati e filtra le potenziali compagnie di traslochi.<<\/li>\n<li> Nome e cognome: Cos\u00ec le aziende sanno con chi hanno a che fare.<\/li>\n<li> Il tuo telefono: Richiesto affinch\u00e9 le aziende possano mettersi in contatto con te per il tuo preventivo.<\/li>\n<li> La tua e-mail: Dove possono essere inviati i preventivi e un modo per mettersi in contatto con te riguardo alla tua richiesta.<\/li>\n<\/ul>\n<p>Una volta inseriti tutti i dati e inviato il modulo, si verificheranno le seguenti azioni:<\/p>\n<ul>\n<li> Vedrete un messaggio di ringraziamento.<\/li>\n<li> I dati saranno inviati a MyMovingLoads che li tratter\u00e0 in accordo con i loro termini di servizio che dovrai accettare quando invierai il modulo.<\/li>\n<\/ul>\n<p><strong>Modulo secondario #2 (in fondo alla pagina)<\/strong><\/p>\n<p>La nostra forma secondaria #2 si presenta cos\u00ec:<\/p>\n<p><img loading=\"lazy\" decoding=\"async\" src=\"https:\/\/moverdb.com\/wp-content\/uploads\/Triglobal-form.png\" alt=\"\" width=\"597\" height=\"795\" class=\"aligncenter size-full wp-image-3269\" srcset=\"https:\/\/moverdb.com\/wp-content\/uploads\/Triglobal-form.png 597w, https:\/\/moverdb.com\/wp-content\/uploads\/Triglobal-form-225x300.png 225w\" sizes=\"auto, (max-width: 597px) 100vw, 597px\" \/><\/p>\n<p>Questo modulo \u00e8 fornito da TriGlobal B.V. e noi non controlliamo come viene inviato o elaborato.<\/p>\n<p>Ecco i dati che raccolgono:<\/p>\n<ul>\n<li> Dettagli relativi all'indirizzo attuale e all'indirizzo di consegna (via, codice postale, citt\u00e0 e paese): Questo aiuta a ottenere preventivi accurati e filtra le potenziali compagnie di traslochi.<\/li>\n<li> Dimensione dello spostamento: Gli aiuti generano preventivi accurati<\/li>\n<li> Data del trasloco: Questo aiuta a ottenere preventivi accurati, inoltre siate consapevoli che la maggior parte delle aziende non pu\u00f2 dare preventivi per traslochi con pi\u00f9 di 3 mesi di anticipo.<\/li>\n<li> Est. volume in ft3 (opzionale): aiuta a generare un preventivo pi\u00f9 accurato<\/li>\n<li> Imballaggio\/assemblaggio (opzionale): aiuta a fornire un preventivo pi\u00f9 accurato<\/li>\n<li> Osservazioni (opzionale): Qui \u00e8 dove puoi aggiungere richieste speciali, domande, ecc.<\/li>\n<li> Tipo di trasloco: Questo aiuta a inviare il tuo preventivo al giusto dipartimento delle societ\u00e0 di traslochi<\/li>\n<li> Nome e cognome: Cos\u00ec le aziende sanno con chi hanno a che fare.<\/li>\n<li> Telefono #1: Richiesto affinch\u00e9 le aziende possano mettersi in contatto con te per il tuo preventivo.<\/li>\n<li> Email: Dove possono essere inviati i preventivi e un modo per mettersi in contatto con voi sulla vostra richiesta.<\/li>\n<\/ul>\n<p>Una volta inseriti tutti i dati e inviato il modulo, si verificheranno le seguenti azioni:<\/p>\n<ul>\n<li> Vedrete un messaggio di ringraziamento.<\/li>\n<li> I dati saranno inviati a TriGlobal B.V. che li tratter\u00e0 in conformit\u00e0 con i loro termini di servizio.<\/li>\n<\/ul>\n<p><strong>Attivit\u00e0 di elaborazione passiva dei dati <\/strong><\/p>\n<p>Utilizziamo i seguenti strumenti di terze parti per aiutarci a gestire un sito web utilizzabile. Essi non condividono alcuna informazione personale su di te con noi, ma possono comunque raccogliere informazioni su di te e\/o sul tuo computer che possono essere considerate informazioni personali.<\/p>\n<p>Qui di seguito vi spieghiamo per cosa usiamo ciascuno di essi e dove potete trovare maggiori informazioni su come possono raccogliere e utilizzare i dati personali:<\/p>\n<p><strong>Google Analytics:<\/strong> Lo usiamo per tracciare come le persone usano il nostro sito web in forma aggregata. Non lo usiamo per tenere traccia dei singoli utenti. Qui ci sono le impostazioni chiave che stiamo attualmente utilizzando:<\/p>\n<ul>\n<li>Remarketing: OFF<\/li>\n<li>Caratteristiche del rapporto pubblicitario: OFF<\/li>\n<li>Conservazione dei dati degli utenti e degli eventi: Impostato per scadere dopo 14 mesi (opzione pi\u00f9 breve offerta)<\/li>\n<li>Reset su nuova attivit\u00e0: ON<\/li>\n<li>ID utente: OFF<\/li>\n<li>Modifica del trattamento dei dati GDPR accettata<\/li>\n<\/ul>\n<p>Google offre attualmente un opt-out di Analytics <a href=\"https:\/\/support.google.com\/analytics\/answer\/181881?hl=en\" rel=\"noopener\" target=\"_blank\">qui<\/a> oppure potete usare uno strumento di terze parti come <a href=\"https:\/\/www.ghostery.com\/\" rel=\"noopener\" target=\"_blank\">Ghostery<\/a>.<\/p>\n<p><strong>Facebook Social Graph:<\/strong> Questo \u00e8 usato per rendere pi\u00f9 facile la condivisione di contenuti dal nostro sito web e blog su Facebook e per le persone per vedere quanto spesso il contenuto \u00e8 stato tagliato. Non lo usiamo per alcun remarketing o retargeting. Vedi Facebook <a href=\"https:\/\/www.facebook.com\/help\/1701730696756992\/?helpref=hc_fnav\" rel=\"noopener\" target=\"_blank\">Pagina dei dati<\/a> per saperne di pi\u00f9 su come usano i tuoi dati.<\/p>\n<p><strong>Condivisione sui social media:<\/strong> Oltre al Social Graph di Facebook, abbiamo anche i pulsanti di condivisione di G+, Twitter e LinkedIn sul nostro sito per rendere pi\u00f9 facile la condivisione dei nostri contenuti su queste piattaforme. Potete vedere <a href=\"https:\/\/policies.google.com\/privacy\" rel=\"noopener\" target=\"_blank\">Informativa sulla privacy di G+ qui<\/a>, Twitter's <a href=\"https:\/\/twitter.com\/en\/privacy\" rel=\"noopener\" target=\"_blank\">Politica sulla privacy<\/a> qui e <a href=\"https:\/\/www.linkedin.com\/legal\/privacy-policy\" rel=\"noopener\" target=\"_blank\">Informativa sulla privacy di LinkedIn qui<\/a>.<\/p>\n<p><strong>Link esterni \/ di affiliazione:<\/strong> A volte tracciamo i link esterni tramite Google Analytics e\/o piattaforme di tracciamento di terzi affiliati. Qualsiasi tipo di tracciamento avviene solo se clicchi su un link esterno. Nella parte inferiore di ogni pagina in cui questo avviene, riveliamo quali link sono link di affiliazione, ma se sei preoccupato di questo, l'opzione pi\u00f9 semplice \u00e8 quella di non cliccare su link esterni dal nostro sito.<\/p>\n<p><strong>Webhosting:<\/strong> Usiamo StudioPress Sites per ospitare il nostro sito web. Come la maggior parte delle societ\u00e0 di webhosting mantengono i log del sito web, anche se non abbiamo accesso diretto ad essi. \u00c8 possibile saperne di pi\u00f9 sui dati che possono avere sul loro <a href=\"https:\/\/www.studiopress.com\/privacy-policy\/\" rel=\"noopener\" target=\"_blank\">informativa sulla privacy<\/a>.<\/p>","protected":false},"excerpt":{"rendered":"<p>This Data Processing Policy explains in plain English how MoverDB.com processes data so you can make an informed choice about whether or not you&#8217;d like to use our services. We&#8217;ve created it as a response to GDPR. It is a plain English, detailed, addition to our Privacy Policy and Terms and Conditions. MoverDB.com is a [&hellip;]<\/p>\n","protected":false},"author":1,"featured_media":0,"parent":0,"menu_order":0,"comment_status":"closed","ping_status":"closed","template":"","meta":{"_genesis_hide_title":false,"_genesis_hide_breadcrumbs":false,"_genesis_hide_singular_image":false,"_genesis_hide_footer_widgets":false,"_genesis_custom_body_class":"","_genesis_custom_post_class":"","_genesis_layout":"","footnotes":""},"class_list":{"0":"post-2804","1":"page","2":"type-page","3":"status-publish","5":"entry","6":"has-post-thumbnail"},"_links":{"self":[{"href":"https:\/\/moverdb.com\/it\/wp-json\/wp\/v2\/pages\/2804","targetHints":{"allow":["GET"]}}],"collection":[{"href":"https:\/\/moverdb.com\/it\/wp-json\/wp\/v2\/pages"}],"about":[{"href":"https:\/\/moverdb.com\/it\/wp-json\/wp\/v2\/types\/page"}],"author":[{"embeddable":true,"href":"https:\/\/moverdb.com\/it\/wp-json\/wp\/v2\/users\/1"}],"replies":[{"embeddable":true,"href":"https:\/\/moverdb.com\/it\/wp-json\/wp\/v2\/comments?post=2804"}],"version-history":[{"count":16,"href":"https:\/\/moverdb.com\/it\/wp-json\/wp\/v2\/pages\/2804\/revisions"}],"predecessor-version":[{"id":3270,"href":"https:\/\/moverdb.com\/it\/wp-json\/wp\/v2\/pages\/2804\/revisions\/3270"}],"wp:attachment":[{"href":"https:\/\/moverdb.com\/it\/wp-json\/wp\/v2\/media?parent=2804"}],"curies":[{"name":"wp","href":"https:\/\/api.w.org\/{rel}","templated":true}]}}