{"id":270,"date":"2016-05-01T17:06:39","date_gmt":"2016-05-01T17:06:39","guid":{"rendered":"http:\/\/moverdb.com\/?page_id=270"},"modified":"2026-01-08T14:47:32","modified_gmt":"2026-01-08T14:47:32","slug":"anglo-pacifico","status":"publish","type":"page","link":"https:\/\/moverdb.com\/it\/anglo-pacific\/","title":{"rendered":"Anglo Pacific: recensioni su traslochi e trasferimenti internazionali"},"content":{"rendered":"<p>Anglo Pacific offre una variet\u00e0 di servizi di trasloco per aiutare le persone a trasferirsi all'estero. Qui ci sono le loro offerte di servizi principali insieme al profilo aziendale e alle recensioni.<\/p>\n<p><strong>Servizi<\/strong> <\/p>\n<p><strong>Servizi di rimozione<\/strong> <\/p>\n<ul>\n<li> Importazioni<\/li>\n<li> Trasferimento internazionale<\/li>\n<li> Fornitura di <a href=\"https:\/\/moverdb.com\/it\/container-shipping\/\">contenitori per la spedizione<\/a><\/li>\n<li> Traslochi teatrali<\/li>\n<li> <a href=\"https:\/\/moverdb.com\/it\/uk-removals\/man-and-van-cost\/\" data-internallinksmanager029f6b8e52c=\"380\" title=\"Quanto costa un furgone e un uomo nel Regno Unito? Guida 2026\">Uomo e furgone<\/a> noleggio in <a href=\"https:\/\/moverdb.com\/it\/moving-to-london\/\">Londra<\/a><\/li>\n<\/ul>\n<p><strong>Servizi di spedizione<\/strong><\/p>\n<ul>\n<li> Bagaglio<\/li>\n<li> <a href=\"https:\/\/moverdb.com\/it\/auto-trasporto-spedizione\/\">Auto<\/a><\/li>\n<li> Belle Arti<\/li>\n<li> Trasporto<\/li>\n<li> Importazioni<\/li>\n<li> Moto<\/li>\n<li> Bagagli<\/li>\n<li> Commercio<\/li>\n<li> Studente<\/li>\n<\/ul>\n<h2>Profilo dell'azienda Anglo Pacific<\/h2>\n<p>Nata oltre 30 anni fa, Anglo Pacific \u00e8 la pi\u00f9 grande societ\u00e0 di spedizioni e traslochi del mondo. <a href=\"https:\/\/moverdb.com\/it\/moving-to-the-uk\/\" data-internallinksmanager029f6b8e52c=\"93\" title=\"Trasferirsi nel Regno Unito? 2026 Costi di vita e consigli per il trasferimento\">REGNO UNITO<\/a>elaborando oltre 20.000 spedizioni di singoli bagagli e innumerevoli <a href=\"https:\/\/moverdb.com\/it\/international-removals\/\" data-internallinksmanager029f6b8e52c=\"27\" title=\"36 Migliori aziende di traslochi internazionali del Regno Unito\">traslochi internazionali<\/a> ogni anno. <\/p>\n<p>L'azienda \u00e8 orgogliosa di fornire un servizio di trasloco di prima classe, amichevole e professionale, sia che si tratti del contenuto di un'intera propriet\u00e0 che di oggetti delicati come le belle arti. <\/p>\n<p>Anglo Pacific presta molta attenzione nel selezionare i professionisti di pi\u00f9 alto livello che entrano a far parte del suo team, nominando solo personale che si impegner\u00e0 al massimo per i clienti e personale in grado di gestire con competenza lo spostamento sicuro ed efficiente degli effetti personali. <\/p>\n<p>Inoltre, il servizio di tracciamento su tutte le spedizioni permette al personale di individuare con precisione la posizione esatta e lo stato della rimozione, in modo che i clienti possano essere certi che i loro articoli siano in viaggio verso la loro destinazione.<\/p>\n<p>Anglo Pacific stabilisce e mantiene standard eccezionalmente elevati e come membri della <a href=\"https:\/\/moverdb.com\/it\/bar-overseas\/\">Gruppo d'oltremare<\/a> del <a href=\"https:\/\/moverdb.com\/it\/british-association-of-removers\/\">Associazione britannica dei traslocatori<\/a> (<a href=\"https:\/\/moverdb.com\/it\/british-association-of-removers\/\" data-internallinksmanager029f6b8e52c=\"9\" title=\"La British Association of Removers (BAR) spiegata\">BAR<\/a>) mirano a fornire solo il meglio. <\/p>\n<p>Inoltre aderiscono alla garanzia di pagamento anticipato della International Movers Mutual Insurance Company Ltd, offrendo un maggior grado di fiducia ai clienti. <\/p>\n<h2>Anglo Pacific Recensioni<\/h2>\n<p><strong>Positivo<\/strong><\/p>\n<ul>\n<li> <em>\"Un enorme grazie a tutti alla Anglo Pacific e a Keys Brothers. Hanno reso il nostro trasloco da Londra a Perth cos\u00ec facile, abbiamo davvero apprezzato tutto il vostro aiuto. Molto professionali ed efficienti e tutto fatto ad un ottimo prezzo!<\/em> - Via <a href=\"http:\/\/www.reviewcentre.com\/reviews252735.html?ratingfilter=5#refineYourSearch\" target=\"_blank\" rel=\"noopener\">Centro recensioni<\/a><\/li>\n<li> <em>\"Avevo bisogno di inviare un bagaglio in eccesso a <a href=\"https:\/\/moverdb.com\/it\/moving-to-australia\/living-in-australia\/\" data-internallinksmanager029f6b8e52c=\"240\" title=\"21 segreti su come vivere in Australia da conoscere prima di trasferirsi\">Australia<\/a>. Ho contattato molte persone su internet e alla fine mi sono imbattuto in Anglo Pacific. Il mio bagaglio \u00e8 stato ritirato in tempo e mi sono state fornite informazioni lungo il percorso\".<\/em> - Via <a href=\"http:\/\/www.reviewcentre.com\/Removal-Companies\/Anglo-Pacific-Removals-Company-www-anglopacific-co-uk-review_1596555\" target=\"_blank\" rel=\"noopener\">Centro recensioni<\/a><\/li>\n<li> <em>\"Raccomanderei Anglo Pacific a chiunque voglia trasportare i propri beni in modo sicuro ed efficace\".<\/em> - tramite <a href=\"https:\/\/uk.trustpilot.com\/review\/anglopacific.co.uk\" target=\"_blank\" rel=\"noopener\">TrustPilot<\/a><\/li>\n<\/ul>\n<p><strong>Negativo<\/strong><\/p>\n<ul>\n<li> <em>\"Vi prego di non prendere pi\u00f9 in considerazione Anglo Pacific! La mia spedizione \u00e8 arrivata con tutte le mie stoviglie completamente distrutte e la scatola degli articoli elettrici consegnata sottosopra!\"<\/em> - tramite <a href=\"http:\/\/www.reviewcentre.com\/Removal-Companies\/Anglo-Pacific-Removals-Company-www-anglopacific-co-uk-review_3741459\" target=\"_blank\" rel=\"noopener\">Centro recensioni<\/a><\/li>\n<li> <em>\"Riesco a malapena a esprimere il mio sgomento quando ho aperto l'ultima delle mie scatole in <a href=\"https:\/\/moverdb.com\/it\/moving-to-nyc\/\" data-internallinksmanager029f6b8e52c=\"57\" title=\"Trasferirsi a New York? 2026 Costi della vita a New York e consigli per il trasferimento\">NYC<\/a> solo per rendermi conto che i miei oggetti pi\u00f9 preziosi e la maggior parte delle mie costose stoviglie erano scomparsi\".<\/em> - tramite <a href=\"http:\/\/www.mymovingreviews.com\/movers\/anglo-pacific-international-1790\" target=\"_blank\" rel=\"noopener\">Le mie recensioni di trasloco<\/a><\/li>\n<li> <em>\"Evitare - esperienza terribile con totale mancanza di cura e il peggior servizio dopo\"<\/em> - tramite <a href=\"https:\/\/uk.trustpilot.com\/reviews\/56d595280000ff000940e229\" target=\"_blank\" rel=\"noopener\">Trustpilot<\/a><\/li>\n<\/ul>\n<div itemprop=\"review\" itemscope itemtype=\"http:\/\/schema.org\/Review\">\n<span itemprop=\"author\" itemscope=\"\" itemtype=\"http:\/\/schema.org\/Organization\"><span itemprop=\"name\">MoverDB.com<\/span><\/span> Recensione del sito web online per <span itemprop=\"itemreviewed\" itemscope=\"\" itemtype=\"http:\/\/schema.org\/Brand\"><span itemprop=\"name\">Anglo Pacifico<\/span><\/span>:<\/p>\n<ol>\n<li> Dettagli di contatto chiari sul sito web (compreso il numero di telefono)? <strong>S\u00ec<\/strong><\/li>\n<li> Facile da ottenere <a href=\"https:\/\/moverdb.com\/it\/citazioni\/\">preventivi di traslochi internazionali<\/a>? (Modulo di richiesta di preventivo online): <strong>S\u00ec<\/strong><\/li>\n<li> Informazioni chiare sul sito web: <strong>S\u00ec<\/strong>Le pagine sono facili da navigare ed \u00e8 chiaro vedere quali servizi offrono.<\/li>\n<li> Appartenenza a organizzazioni internazionali riconosciute per il movimento: <strong>S\u00ec<\/strong><\/li>\n<li> Elenco di clienti e\/o testimonianze di clienti precedenti: <strong>S\u00ec <\/strong><\/li>\n<\/ol>\n<div itemprop=\"reviewRating\" itemscope itemtype=\"http:\/\/schema.org\/Rating\"><meta itemprop=\"worstRating\" content = \"0\" \/><meta itemprop=\"bestRating\" content=\"5\" \/><meta itemprop=\"ratingValue\" content=\"5\"><\/div>\n<p><strong>Punteggio complessivo: 5\/5<\/strong><br \/>\n<strong>Data di revisione:<\/strong> <span itemprop=\"datePublished\" content=\"2016-05-01\">01\/05\/2016<\/span>\n<\/div>\n<p>Pi\u00f9 su <a href=\"https:\/\/moverdb.com\/it\/international-removals\/\">Aziende di traslochi del Regno Unito<\/a> e il nostro <a href=\"https:\/\/moverdb.com\/it\/recensioni\/\">processo di revisione spiegato<\/a>.<\/p>\n<p><strong>Sito web:<\/strong> <a href=\"http:\/\/www.anglopacific.co.uk\" target=\"_blank\" rel=\"noopener\">http:\/\/www.anglopacific.co.uk<\/a><\/p>","protected":false},"excerpt":{"rendered":"<p>Anglo Pacific offers a variety of removal services to help people move overseas. Here are their core service offerings along with company profile and reviews. Services Removal Services Imports International Relocation Provision of shipping containers Theatrical removals Man and Van hire in London Shipping Services Baggage Cars Fine Art Freight Imports Motorbike Luggage Trade Student [&hellip;]<\/p>\n","protected":false},"author":1,"featured_media":0,"parent":0,"menu_order":0,"comment_status":"closed","ping_status":"closed","template":"","meta":{"_genesis_hide_title":false,"_genesis_hide_breadcrumbs":false,"_genesis_hide_singular_image":false,"_genesis_hide_footer_widgets":false,"_genesis_custom_body_class":"","_genesis_custom_post_class":"","_genesis_layout":"","footnotes":""},"class_list":{"0":"post-270","1":"page","2":"type-page","3":"status-publish","5":"entry"},"_links":{"self":[{"href":"https:\/\/moverdb.com\/it\/wp-json\/wp\/v2\/pages\/270","targetHints":{"allow":["GET"]}}],"collection":[{"href":"https:\/\/moverdb.com\/it\/wp-json\/wp\/v2\/pages"}],"about":[{"href":"https:\/\/moverdb.com\/it\/wp-json\/wp\/v2\/types\/page"}],"author":[{"embeddable":true,"href":"https:\/\/moverdb.com\/it\/wp-json\/wp\/v2\/users\/1"}],"replies":[{"embeddable":true,"href":"https:\/\/moverdb.com\/it\/wp-json\/wp\/v2\/comments?post=270"}],"version-history":[{"count":12,"href":"https:\/\/moverdb.com\/it\/wp-json\/wp\/v2\/pages\/270\/revisions"}],"predecessor-version":[{"id":6173,"href":"https:\/\/moverdb.com\/it\/wp-json\/wp\/v2\/pages\/270\/revisions\/6173"}],"wp:attachment":[{"href":"https:\/\/moverdb.com\/it\/wp-json\/wp\/v2\/media?parent=270"}],"curies":[{"name":"wp","href":"https:\/\/api.w.org\/{rel}","templated":true}]}}