{"id":17400,"date":"2024-07-03T09:12:02","date_gmt":"2024-07-03T09:12:02","guid":{"rendered":"https:\/\/moverdb.com\/?page_id=17400"},"modified":"2026-05-15T14:59:06","modified_gmt":"2026-05-15T14:59:06","slug":"ubox-cost","status":"publish","type":"page","link":"https:\/\/moverdb.com\/it\/ubox-cost\/","title":{"rendered":"Quanto costa Ubox? Guida al risparmio 2024"},"content":{"rendered":"<figure class=\"wp-block-image size-full\"><img loading=\"lazy\" decoding=\"async\" width=\"1000\" height=\"667\" class=\"wp-image-11037\" src=\"https:\/\/moverdb.com\/wp-content\/uploads\/u-box-moving-1.jpg\" alt=\"\" srcset=\"https:\/\/moverdb.com\/wp-content\/uploads\/u-box-moving-1.jpg 1000w, https:\/\/moverdb.com\/wp-content\/uploads\/u-box-moving-1-300x200.jpg 300w, https:\/\/moverdb.com\/wp-content\/uploads\/u-box-moving-1-18x12.jpg 18w, https:\/\/moverdb.com\/wp-content\/uploads\/u-box-moving-1-600x400.jpg 600w\" sizes=\"auto, (max-width: 1000px) 100vw, 1000px\" \/><\/figure>\r\n\r\n\r\n\r\n<p>U-Box \u00e8 la soluzione di stoccaggio versatile e conveniente di U-Haul, progettata per semplificare le vostre esigenze di trasloco e stoccaggio. Con U-Box, avrete la flessibilit\u00e0 di immagazzinare i vostri effetti personali su <em>il tuo<\/em> Se state traslocando, se state facendo decluttering o semplicemente se avete bisogno di un deposito temporaneo.\u00a0<\/p>\r\n\r\n\r\n\r\n\r\n\r\n<p>La nostra guida tratta i seguenti argomenti:<\/p>\r\n\r\n\r\n\r\n<ul class=\"wp-block-list\">\r\n<li>Quanto costa U-Box<\/li>\r\n\r\n\r\n\r\n<li>Cosa incide sul costo di U-Box<\/li>\r\n\r\n\r\n\r\n<li>Come risparmiare su U-Box<\/li>\r\n\r\n\r\n\r\n<li>Cosa comporta l'utilizzo di U-Box<\/li>\r\n\r\n\r\n\r\n<li>Come sapere se U-Box \u00e8 la scelta migliore per voi<\/li>\r\n\r\n\r\n\r\n<li>Come trovare e assumere U-Box<\/li>\r\n<\/ul>\r\n\r\n\r\n\r\n<p>I contenitori U-Box sono portatili, sicuri e consegnati direttamente a casa vostra, rendendo il processo di trasloco e stoccaggio dei vostri oggetti privo di problemi. Se pensate che U-Box possa essere la soluzione che fa per voi, continuate a leggere per scoprire i nostri migliori consigli per risparmiare durante il vostro trasloco.<\/p>\r\n\r\n\r\n\r\n<div id=\"ez-toc-container\" class=\"ez-toc-v2_0_83 ez-toc-wrap-left counter-hierarchy ez-toc-counter ez-toc-transparent ez-toc-container-direction\">\n<div class=\"ez-toc-title-container\">\n<p class=\"ez-toc-title\" style=\"cursor:inherit\">Sezioni<\/p>\n<span class=\"ez-toc-title-toggle\"><a href=\"#\" class=\"ez-toc-pull-right ez-toc-btn ez-toc-btn-xs ez-toc-btn-default ez-toc-toggle\" aria-label=\"Allinea la tabella dei contenuti\"><span class=\"ez-toc-js-icon-con\"><span class=\"\"><span class=\"eztoc-hide\" style=\"display:none;\">Toggle<\/span><span class=\"ez-toc-icon-toggle-span\"><svg style=\"fill: #999;color:#999\" xmlns=\"http:\/\/www.w3.org\/2000\/svg\" class=\"list-377408\" width=\"20px\" height=\"20px\" viewbox=\"0 0 24 24\" fill=\"none\"><path d=\"M6 6H4v2h2V6zm14 0H8v2h12V6zM4 11h2v2H4v-2zm16 0H8v2h12v-2zM4 16h2v2H4v-2zm16 0H8v2h12v-2z\" fill=\"currentColor\"><\/path><\/svg><svg style=\"fill: #999;color:#999\" class=\"arrow-unsorted-368013\" xmlns=\"http:\/\/www.w3.org\/2000\/svg\" width=\"10px\" height=\"10px\" viewbox=\"0 0 24 24\" version=\"1.2\" baseprofile=\"tiny\"><path d=\"M18.2 9.3l-6.2-6.3-6.2 6.3c-.2.2-.3.4-.3.7s.1.5.3.7c.2.2.4.3.7.3h11c.3 0 .5-.1.7-.3.2-.2.3-.5.3-.7s-.1-.5-.3-.7zM5.8 14.7l6.2 6.3 6.2-6.3c.2-.2.3-.5.3-.7s-.1-.5-.3-.7c-.2-.2-.4-.3-.7-.3h-11c-.3 0-.5.1-.7.3-.2.2-.3.5-.3.7s.1.5.3.7z\"\/><\/svg><\/span><\/span><\/span><\/a><\/span><\/div>\n<nav><ul class='ez-toc-list ez-toc-list-level-1 eztoc-toggle-hide-by-default' ><li class='ez-toc-page-1 ez-toc-heading-level-2'><a class=\"ez-toc-link ez-toc-heading-1\" href=\"https:\/\/moverdb.com\/it\/ubox-cost\/#How_Much_Does_U-Box_Cost\" >Quanto costa U-Box?<\/a><\/li><li class='ez-toc-page-1 ez-toc-heading-level-2'><a class=\"ez-toc-link ez-toc-heading-2\" href=\"https:\/\/moverdb.com\/it\/ubox-cost\/#What_Affects_the_Cost_of_U-Box\" >Cosa incide sul costo di U-Box?<\/a><\/li><li class='ez-toc-page-1 ez-toc-heading-level-2'><a class=\"ez-toc-link ez-toc-heading-3\" href=\"https:\/\/moverdb.com\/it\/ubox-cost\/#How_Can_I_Save_Money_on_U-Box\" >Come posso risparmiare su U-Box?<\/a><\/li><li class='ez-toc-page-1 ez-toc-heading-level-2'><a class=\"ez-toc-link ez-toc-heading-4\" href=\"https:\/\/moverdb.com\/it\/ubox-cost\/#Whats_Involved_in_Hiring_U-Box\" >Cosa comporta l'assunzione di U-Box?<\/a><\/li><li class='ez-toc-page-1 ez-toc-heading-level-2'><a class=\"ez-toc-link ez-toc-heading-5\" href=\"https:\/\/moverdb.com\/it\/ubox-cost\/#Is_U-Box_the_Best_Choice_for_Me\" >U-Box \u00e8 la scelta migliore per me?<\/a><\/li><li class='ez-toc-page-1 ez-toc-heading-level-2'><a class=\"ez-toc-link ez-toc-heading-6\" href=\"https:\/\/moverdb.com\/it\/ubox-cost\/#How_Do_I_Find_and_Hire_a_U-Box\" >Come trovare e assumere un U-Box?<\/a><\/li><li class='ez-toc-page-1 ez-toc-heading-level-2'><a class=\"ez-toc-link ez-toc-heading-7\" href=\"https:\/\/moverdb.com\/it\/ubox-cost\/#Final_Checklist\" >Lista di controllo finale<\/a><\/li><li class='ez-toc-page-1 ez-toc-heading-level-2'><a class=\"ez-toc-link ez-toc-heading-8\" href=\"https:\/\/moverdb.com\/it\/ubox-cost\/#Frequently_Asked_Questions\" >Domande frequenti<\/a><ul class='ez-toc-list-level-3' ><li class='ez-toc-heading-level-3'><a class=\"ez-toc-link ez-toc-heading-9\" href=\"https:\/\/moverdb.com\/it\/ubox-cost\/#What_is_U-Box_and_How_Does_It_Work\" >Che cos'\u00e8 U-Box e come funziona?<\/a><\/li><li class='ez-toc-page-1 ez-toc-heading-level-3'><a class=\"ez-toc-link ez-toc-heading-10\" href=\"https:\/\/moverdb.com\/it\/ubox-cost\/#How_Do_I_Reserve_a_U-Box_Container\" >Come si prenota un contenitore U-Box?<\/a><\/li><li class='ez-toc-page-1 ez-toc-heading-level-3'><a class=\"ez-toc-link ez-toc-heading-11\" href=\"https:\/\/moverdb.com\/it\/ubox-cost\/#Can_U-Box_Containers_Be_Used_for_Long-Distance_Moves\" >I contenitori U-Box possono essere utilizzati per i traslochi a lunga distanza?<\/a><\/li><li class='ez-toc-page-1 ez-toc-heading-level-3'><a class=\"ez-toc-link ez-toc-heading-12\" href=\"https:\/\/moverdb.com\/it\/ubox-cost\/#Can_I_Access_My_U-Box_While_Its_in_Storage\" >Posso accedere al mio U-Box mentre \u00e8 in deposito?<\/a><\/li><li class='ez-toc-page-1 ez-toc-heading-level-3'><a class=\"ez-toc-link ez-toc-heading-13\" href=\"https:\/\/moverdb.com\/it\/ubox-cost\/#Can_U-Haul_Help_with_Loading_and_Unloading_My_U-Box\" >U-Haul pu\u00f2 aiutarvi a caricare e scaricare il mio U-Box?<\/a><\/li><\/ul><\/li><\/ul><\/nav><\/div>\n<h2 class=\"wp-block-heading\"><span class=\"ez-toc-section\" id=\"How_Much_Does_U-Box_Cost\"><\/span><b>Quanto costa U-Box?<\/b><span class=\"ez-toc-section-end\"><\/span><\/h2>\r\n\r\n\r\n\r\n<p>U-Box si rivolge ai clienti che apprezzano una soluzione all-in-one e sono disposti a investire nella convenienza.<\/p>\r\n\r\n\r\n\r\n<p>U-Box offre un pacchetto completo con un prezzo medio del container di $3.700+, che comprende non solo il container ma anche il noleggio del veicolo e il box stesso. L'inclusione di questi elementi contribuisce al prezzo pi\u00f9 elevato.<\/p>\r\n\r\n\r\n\n<table id=\"tablepress-361\" class=\"tablepress tablepress-id-361\">\n<thead>\n<tr class=\"row-1\">\n\t<th class=\"column-1\">Servizio<\/th><th class=\"column-2\">Costo stimato<\/th>\n<\/tr>\n<\/thead>\n<tbody class=\"row-striping row-hover\">\n<tr class=\"row-2\">\n\t<td class=\"column-1\">Prezzo per scatola\/contenitore<\/td><td class=\"column-2\">$100<\/td>\n<\/tr>\n<tr class=\"row-3\">\n\t<td class=\"column-1\">Spese di consegna per scatola\/contenitore<\/td><td class=\"column-2\">$99<\/td>\n<\/tr>\n<tr class=\"row-4\">\n\t<td class=\"column-1\">Aiuto per il trasloco<\/td><td class=\"column-2\">$40<\/td>\n<\/tr>\n<tr class=\"row-5\">\n\t<td class=\"column-1\">Copertura assicurativa<\/td><td class=\"column-2\">$20<\/td>\n<\/tr>\n<\/tbody>\n<\/table>\n<!-- #tablepress-361 from cache -->\n\r\n\r\n\r\n<p>Il costo base per scatola \u00e8 di $100, mentre il costo di consegna per scatola\/contenitore \u00e8 di $99. Se desiderate un aiuto per il trasloco (imballaggio e carico), questo pu\u00f2 costare $40, mentre l'assicurazione per i vostri beni mentre sono in deposito costa $20.<\/p>\r\n\r\n\r\n\r\n<p>Per il nostro confronto dei costi, esamineremo diversi fornitori di noleggio di veicoli fai da te e di unit\u00e0 di stoccaggio per confrontare i loro prezzi e darvi un'idea completa del tipo di costi che incontrerete quando cercherete di noleggiare servizi di trasloco.<\/p>\r\n\r\n\r\n\r\n\n<table id=\"tablepress-359\" class=\"tablepress tablepress-id-359\">\n<thead>\n<tr class=\"row-1\">\n\t<th class=\"column-1\">Fornitore di servizi<\/th><th class=\"column-2\">Prezzo medio del noleggio di container\/veicoli<\/th>\n<\/tr>\n<\/thead>\n<tbody class=\"row-striping row-hover\">\n<tr class=\"row-2\">\n\t<td class=\"column-1\">PODS<\/td><td class=\"column-2\">$6,100+<\/td>\n<\/tr>\n<tr class=\"row-3\">\n\t<td class=\"column-1\">U-Pack<\/td><td class=\"column-2\">$3,000+<\/td>\n<\/tr>\n<tr class=\"row-4\">\n\t<td class=\"column-1\">1-800-PACK-RAT<\/td><td class=\"column-2\">$3,000+<\/td>\n<\/tr>\n<tr class=\"row-5\">\n\t<td class=\"column-1\">zippyshell<\/td><td class=\"column-2\">$2.900+<\/td>\n<\/tr>\n<tr class=\"row-6\">\n\t<td class=\"column-1\">U-Haul<\/td><td class=\"column-2\">$3.500+<\/td>\n<\/tr>\n<tr class=\"row-7\">\n\t<td class=\"column-1\">SMARTBOX<\/td><td class=\"column-2\">$3,100+<\/td>\n<\/tr>\n<tr class=\"row-8\">\n\t<td class=\"column-1\">U-Box<\/td><td class=\"column-2\">$3.700+ (incluso noleggio veicolo e box)<\/td>\n<\/tr>\n<\/tbody>\n<\/table>\n<!-- #tablepress-359 from cache -->\r\n\r\n\r\n\r\n<p>La gamma di prezzi degli altri fornitori \u00e8 compresa tra $2.900 al minimo e $6.100+ al massimo.<\/p>\r\n\r\n\r\n\r\n<h2 class=\"wp-block-heading\"><span class=\"ez-toc-section\" id=\"What_Affects_the_Cost_of_U-Box\"><\/span><b>Cosa incide sul costo di U-Box?<\/b><span class=\"ez-toc-section-end\"><\/span><\/h2>\r\n\r\n\r\n\r\n<p>Ci sono quattro fattori principali che possono influenzare il costo dello stoccaggio U-Box: vediamo di seguito i principali:<\/p>\r\n\r\n\r\n\r\n<p><strong><a href=\"https:\/\/moverdb.com\/it\/shipping-container-sizes-and-dimensions\/\" data-internallinksmanager029f6b8e52c=\"247\" title=\"La guida definitiva alle misure e alle dimensioni dei container marittimi\">Dimensioni del contenitore<\/a><\/strong><\/p>\r\n\r\n\r\n\r\n<p>Le dimensioni del container U-Box scelto influiscono direttamente sul costo. I container pi\u00f9 grandi offrono pi\u00f9 spazio e capacit\u00e0 di stoccaggio, ma possono avere un prezzo pi\u00f9 alto rispetto alle opzioni pi\u00f9 piccole.<\/p>\r\n\r\n\r\n\r\n<p>Per ottenere il miglior rapporto qualit\u00e0-prezzo, assicuratevi di scegliere la dimensione del container pi\u00f9 adatta alle vostre cose.<\/p>\r\n\r\n\r\n\r\n<p><strong>Durata della conservazione<\/strong><\/p>\r\n\r\n\r\n\r\n<p>La durata dell'utilizzo del deposito U-Box pu\u00f2 influenzare il costo: i periodi di deposito pi\u00f9 lunghi comportano costi pi\u00f9 elevati rispetto ai noleggi a breve termine. Per trarne il massimo vantaggio, scegliete un piano che corrisponda alla vostra tempistica, ma non siate troppo ottimisti, perch\u00e9 i supplementi di durata possono essere costosi.<\/p>\r\n\r\n\r\n\r\n<p><strong>Luogo di consegna<\/strong><\/p>\r\n\r\n\r\n\r\n<p>La distanza tra il deposito U-Box e il luogo di consegna pu\u00f2 influire sul costo e, a seconda della distanza, le spese di consegna possono variare. Quando si calcola il costo complessivo del noleggio, assicurarsi di considerare la posizione della struttura U-Box rispetto alla destinazione finale.\u00a0<\/p>\r\n\r\n\r\n\r\n<p><strong>Servizi aggiuntivi<\/strong><\/p>\r\n\r\n\r\n\r\n<p>U-Box offre diversi servizi aggiuntivi, come l'assistenza professionale per il carico e lo scarico, il deposito a temperatura controllata e la copertura assicurativa. La scelta di questi servizi pu\u00f2 incidere sul costo totale della vostra esperienza con U-Box, quindi \u00e8 meglio valutare quali sono i servizi essenziali per le vostre esigenze e preventivare di conseguenza.<\/p>\r\n\r\n\r\n\r\n\r\n\r\n<h2 class=\"wp-block-heading\"><span class=\"ez-toc-section\" id=\"How_Can_I_Save_Money_on_U-Box\"><\/span><strong>Come posso risparmiare su U-Box?<\/strong><span class=\"ez-toc-section-end\"><\/span><\/h2>\r\n\r\n\r\n\r\n<figure class=\"wp-block-image size-full\"><img loading=\"lazy\" decoding=\"async\" width=\"1000\" height=\"667\" class=\"wp-image-11038\" src=\"https:\/\/moverdb.com\/wp-content\/uploads\/u-box-moving-2.jpg\" alt=\"\" srcset=\"https:\/\/moverdb.com\/wp-content\/uploads\/u-box-moving-2.jpg 1000w, https:\/\/moverdb.com\/wp-content\/uploads\/u-box-moving-2-300x200.jpg 300w, https:\/\/moverdb.com\/wp-content\/uploads\/u-box-moving-2-18x12.jpg 18w, https:\/\/moverdb.com\/wp-content\/uploads\/u-box-moving-2-600x400.jpg 600w\" sizes=\"auto, (max-width: 1000px) 100vw, 1000px\" \/><\/figure>\r\n\r\n\r\n\r\n<p>Essere strategici nelle scelte e personalizzare l'esperienza U-Box in base alle proprie esigenze specifiche pu\u00f2 aiutarvi a risparmiare. Diamo un'occhiata pi\u00f9 da vicino.<\/p>\r\n\r\n\r\n\r\n<p>Il fattore numero uno per aiutarvi a risparmiare \u00e8 quello di scegliere un container U-Box di dimensioni adeguate alle vostre esigenze di stoccaggio. Ci\u00f2 significa che dovreste evitare di noleggiare un container pi\u00f9 grande del necessario, perch\u00e9 ci\u00f2 pu\u00f2 comportare spese inutili.\u00a0<\/p>\r\n\r\n\r\n\r\n<p>Se possibile, scegliete una durata di stoccaggio il pi\u00f9 breve possibile, poich\u00e9 periodi di stoccaggio pi\u00f9 brevi possono aiutarvi a evitare i costi aggiuntivi associati a noleggi pi\u00f9 lunghi. Pianificate in anticipo e stimate per quanto tempo avrete bisogno di un deposito per ottimizzare i costi, ma assicuratevi di non sovrastimare la vostra efficienza, perch\u00e9 i giorni di noleggio aggiuntivi possono facilmente sommarsi.<\/p>\r\n\r\n\r\n\r\n<p>Se possibile, scegliete un deposito U-Box situato in una posizione comoda per ridurre le spese di consegna. La scelta di una struttura vicina a casa o alla destinazione pu\u00f2 ridurre al minimo i costi di trasporto e rendere l'esperienza complessiva di stoccaggio pi\u00f9 conveniente.<\/p>\r\n\r\n\r\n\r\n<p>Infine, sebbene U-Box offra diversi servizi aggiuntivi, valutate attentamente quali sono essenziali per la vostra situazione. Scegliere solo i servizi veramente necessari pu\u00f2 aiutarvi a evitare spese inutili e a tenere sotto controllo i costi complessivi.<\/p>\r\n\r\n\r\n\r\n<h2 class=\"wp-block-heading\"><span class=\"ez-toc-section\" id=\"Whats_Involved_in_Hiring_U-Box\"><\/span><strong>Cosa comporta l'assunzione di U-Box?<\/strong><span class=\"ez-toc-section-end\"><\/span><\/h2>\r\n\r\n\r\n\r\n<p>Per cominciare, dovrete selezionare le dimensioni del container U-Box pi\u00f9 adatte alle vostre esigenze di stoccaggio e prenotarlo online o per telefono. Una volta confermata la prenotazione, U-Haul consegner\u00e0 il container U-Box direttamente alla vostra sede.\u00a0<\/p>\r\n\r\n\r\n\r\n<p>Una volta arrivato a casa vostra, potrete caricare i vostri effetti personali nel container con calma e a vostro piacimento. Dopo aver caricato l'U-Box, U-Haul lo ritirer\u00e0 e lo trasporter\u00e0 al deposito scelto o alla destinazione specificata.\u00a0<\/p>\r\n\r\n\r\n\r\n<p>Se avete bisogno di assistenza per il carico e lo scarico, U-Haul offre servizi di manodopera professionale per garantire un processo senza intoppi. Durante l'intero viaggio, i vostri beni rimangono al sicuro all'interno del container U-Box.\u00a0<\/p>\r\n\r\n\r\n\r\n<h2 class=\"wp-block-heading\"><span class=\"ez-toc-section\" id=\"Is_U-Box_the_Best_Choice_for_Me\"><\/span><strong>U-Box \u00e8 la scelta migliore per me?<\/strong><span class=\"ez-toc-section-end\"><\/span><\/h2>\r\n\r\n\r\n\r\n<p>Quando si tratta di soluzioni per il trasloco e lo stoccaggio, le opzioni disponibili sul mercato sono davvero tante e pu\u00f2 essere difficile capire quale sia quella giusta per voi. Vediamo i principali pro e contro del noleggio di U-Box.<\/p>\r\n\r\n\r\n\n<table id=\"tablepress-345\" class=\"tablepress tablepress-id-345\">\n<thead>\n<tr class=\"row-1\">\n\t<th class=\"column-1\">Vantaggi di U-Box<\/th><th class=\"column-2\">Svantaggi di U-Box<\/th>\n<\/tr>\n<\/thead>\n<tbody class=\"row-striping row-hover\">\n<tr class=\"row-2\">\n\t<td class=\"column-1\">Flessibilit\u00e0 sui tempi e sugli orari del trasloco<\/td><td class=\"column-2\">Ad alta intensit\u00e0 di manodopera: \u00e8 necessario caricare e scaricare da soli, a meno che non si aggiunga un componente aggiuntivo di manodopera.<\/td>\n<\/tr>\n<tr class=\"row-3\">\n\t<td class=\"column-1\">Pi\u00f9 economico rispetto alle tradizionali opzioni di trasloco con servizi completi<\/td><td class=\"column-2\">Disponibilit\u00e0: i periodi di maggiore affluenza possono comportare una minore disponibilit\u00e0 <\/td>\n<\/tr>\n<tr class=\"row-4\">\n\t<td class=\"column-1\">Potete tenere d'occhio i vostri oggetti durante il trasloco.<\/td><td class=\"column-2\">I tempi di noleggio pi\u00f9 lunghi possono diventare costosi<\/td>\n<\/tr>\n<\/tbody>\n<\/table>\n<!-- #tablepress-345 from cache -->\n\r\n\r\n\r\n<p>Il vantaggio principale \u00e8 la comodit\u00e0 che vi offre: con i traslochi tradizionali dovrete caricare e scaricare lo stesso giorno, mentre U-Box vi d\u00e0 la flessibilit\u00e0 di imballare e disimballare secondo i vostri ritmi.<\/p>\r\n\r\n\r\n\r\n<p>Tuttavia, possono esserci costi aggiuntivi a seconda della distanza tra le vostre sedi e i periodi di stoccaggio pi\u00f9 lunghi possono diventare molto pi\u00f9 costosi di quanto si possa pensare.<\/p>\r\n\r\n\r\n\r\n<h2 class=\"wp-block-heading\"><span class=\"ez-toc-section\" id=\"How_Do_I_Find_and_Hire_a_U-Box\"><\/span><strong>Come trovare e assumere un U-Box?<\/strong><span class=\"ez-toc-section-end\"><\/span><\/h2>\r\n\r\n\r\n\r\n<figure class=\"wp-block-image size-full\"><img loading=\"lazy\" decoding=\"async\" width=\"1000\" height=\"562\" class=\"wp-image-11039\" src=\"https:\/\/moverdb.com\/wp-content\/uploads\/u-box-moving-3.jpg\" alt=\"\" srcset=\"https:\/\/moverdb.com\/wp-content\/uploads\/u-box-moving-3.jpg 1000w, https:\/\/moverdb.com\/wp-content\/uploads\/u-box-moving-3-300x169.jpg 300w, https:\/\/moverdb.com\/wp-content\/uploads\/u-box-moving-3-18x10.jpg 18w, https:\/\/moverdb.com\/wp-content\/uploads\/u-box-moving-3-600x337.jpg 600w\" sizes=\"auto, (max-width: 1000px) 100vw, 1000px\" \/><\/figure>\r\n\r\n\r\n\r\n<p>Per iniziare, visitate il sito web di U-Haul per cercare le sedi U-Box pi\u00f9 vicine a voi, inserendo la vostra localit\u00e0 e le date di deposito desiderate per visualizzare le opzioni disponibili. In alternativa, potete chiamare il servizio clienti di U-Haul per informarvi sulla disponibilit\u00e0 di U-Box ed effettuare una prenotazione telefonica.<\/p>\r\n\r\n\r\n\r\n<p>Una volta selezionata una sede U-Box e confermata la disponibilit\u00e0, \u00e8 necessario scegliere la dimensione del container pi\u00f9 adatta alle proprie esigenze di stoccaggio. Completate il processo di prenotazione fornendo le vostre informazioni di contatto, i dettagli di pagamento e gli eventuali servizi aggiuntivi richiesti.<\/p>\r\n\r\n\r\n\r\n<p>Una volta completata l'operazione, U-Haul vi invier\u00e0 una conferma con i dettagli della vostra prenotazione U-Box e poi, il giorno previsto per la consegna, U-Haul consegner\u00e0 il container U-Box nel luogo da voi indicato. Potrete quindi caricare i vostri effetti personali a vostro piacimento.\u00a0<\/p>\r\n\r\n\r\n\r\n<p>Una volta terminato il carico, U-Haul preleva l'U-Box e lo trasporta al deposito designato o alla nuova destinazione.<\/p>\r\n\r\n\r\n\r\n<h2 class=\"wp-block-heading\"><span class=\"ez-toc-section\" id=\"Final_Checklist\"><\/span><strong>Lista di controllo finale<\/strong><span class=\"ez-toc-section-end\"><\/span><\/h2>\r\n\r\n\r\n\r\n<p>Se pensate che il noleggio di U-Box sia la soluzione giusta, assicuratevi di utilizzare la nostra lista di controllo finale per assicurarvi che non manchi nulla dalla vostra lista di cose da fare quando arriver\u00e0 il grande giorno.<\/p>\r\n\r\n\r\n\r\n<ul class=\"wp-block-list\">\r\n<li>Considerate i pro e i contro di U-Box: la convenienza vale la potenziale inflessibilit\u00e0 delle date disponibili?<\/li>\r\n\r\n\r\n\r\n<li>Date un'occhiata ai loro componenti aggiuntivi e decidete se sono adatti a voi. Volete un aiuto per il lavoro manuale e per il carico\/scarico?<\/li>\r\n\r\n\r\n\r\n<li>Verificate se le due sedi comportano costi aggiuntivi.<\/li>\r\n\r\n\r\n\r\n<li>Scegliete un contenitore delle dimensioni giuste per i vostri oggetti.<\/li>\r\n\r\n\r\n\r\n<li>Prenotate e preparate tutto per il grande giorno!<\/li>\r\n<\/ul>\r\n\r\n\r\n\r\n<h2 class=\"wp-block-heading\"><span class=\"ez-toc-section\" id=\"Frequently_Asked_Questions\"><\/span><strong>Domande frequenti<\/strong><span class=\"ez-toc-section-end\"><\/span><\/h2>\r\n\r\n\r\n<div id=\"rank-math-faq\" class=\"rank-math-block\">\n<div class=\"rank-math-list\">\n<div id=\"faq-question-1692269790738\" class=\"rank-math-list-item\">\n<h3 class=\"rank-math-question\"><span class=\"ez-toc-section\" id=\"What_is_U-Box_and_How_Does_It_Work\"><\/span><strong>Che cos'\u00e8 U-Box e come funziona?<\/strong><span class=\"ez-toc-section-end\"><\/span><\/h3>\n<div class=\"rank-math-answer\">\n\n<p>U-Box \u00e8 una soluzione di stoccaggio portatile che offre la comodit\u00e0 dei container consegnati. Si sceglie la dimensione del container, U-Haul lo consegna alla propria sede e si caricano i propri effetti personali. <\/p>\n<p>U-Haul ritira poi il container per lo stoccaggio o il trasporto.<\/p>\n\n<\/div>\n<\/div>\n<div id=\"faq-question-1692269827309\" class=\"rank-math-list-item\">\n<h3 class=\"rank-math-question\"><span class=\"ez-toc-section\" id=\"How_Do_I_Reserve_a_U-Box_Container\"><\/span><strong>Come si prenota un contenitore U-Box?<\/strong><span class=\"ez-toc-section-end\"><\/span><\/h3>\n<div class=\"rank-math-answer\">\n\n<p>\u00c8 possibile farlo online attraverso il sito web o l'app di U-Haul, inserendo la localit\u00e0 e le date preferite. In alternativa, potete chiamare il servizio clienti di U-Haul per effettuare una prenotazione telefonica.<\/p>\n\n<\/div>\n<\/div>\n<div id=\"faq-question-1692269843670\" class=\"rank-math-list-item\">\n<h3 class=\"rank-math-question\"><span class=\"ez-toc-section\" id=\"Can_U-Box_Containers_Be_Used_for_Long-Distance_Moves\"><\/span><strong>I contenitori U-Box possono essere utilizzati per i traslochi a lunga distanza?<\/strong><span class=\"ez-toc-section-end\"><\/span><\/h3>\n<div class=\"rank-math-answer\">\n\n<p>S\u00ec, i container U-Box sono progettati per traslochi sia locali che a lunga distanza. Potete caricare le vostre cose nell'U-Box nella vostra sede attuale e U-Haul le trasporter\u00e0 a destinazione, che sia dall'altra parte della citt\u00e0 o del Paese.<\/p>\n\n<\/div>\n<\/div>\n<div id=\"faq-question-1692269860435\" class=\"rank-math-list-item\">\n<h3 class=\"rank-math-question\"><span class=\"ez-toc-section\" id=\"Can_I_Access_My_U-Box_While_Its_in_Storage\"><\/span><strong>Posso accedere al mio U-Box mentre \u00e8 in deposito?<\/strong><span class=\"ez-toc-section-end\"><\/span><\/h3>\n<div class=\"rank-math-answer\">\n\n<p>S\u00ec, \u00e8 possibile accedere al proprio U-Box mentre \u00e8 in deposito. \u00c8 sufficiente contattare la struttura U-Box per concordare l'accesso. <\/p>\n<p>Tenete presente che potrebbero esserci alcune procedure e tariffe associate all'accesso al container durante il deposito.<\/p>\n\n<\/div>\n<\/div>\n<div id=\"faq-question-1692269875232\" class=\"rank-math-list-item\">\n<h3 class=\"rank-math-question\"><span class=\"ez-toc-section\" id=\"Can_U-Haul_Help_with_Loading_and_Unloading_My_U-Box\"><\/span><strong>U-Haul pu\u00f2 aiutarvi a caricare e scaricare il mio U-Box?<\/strong><span class=\"ez-toc-section-end\"><\/span><\/h3>\n<div class=\"rank-math-answer\">\n\n<p>S\u00ec, U-Haul offre servizi di carico e scarico per i container U-Box. Se avete bisogno di assistenza per il sollevamento di carichi pesanti o per l'imballaggio, potete assumere manodopera professionale tramite U-Haul per rendere pi\u00f9 agevole il processo.<\/p>\n\n<\/div>\n<\/div>\n<\/div>\n<\/div>","protected":false},"excerpt":{"rendered":"<p>U-Box is U-Haul&#8217;s versatile and convenient storage solution designed to simplify your moving and storage needs. With U-Box, you get the flexibility to store your belongings on your terms, whether you&#8217;re relocating, decluttering, or simply in need of temporary storage.\u00a0 Our guide will cover the following: U-Box containers are portable, secure, and delivered right to [&hellip;]<\/p>\n","protected":false},"author":1,"featured_media":0,"parent":0,"menu_order":0,"comment_status":"closed","ping_status":"closed","template":"","meta":{"_genesis_hide_title":false,"_genesis_hide_breadcrumbs":false,"_genesis_hide_singular_image":false,"_genesis_hide_footer_widgets":false,"_genesis_custom_body_class":"","_genesis_custom_post_class":"","_genesis_layout":"","footnotes":""},"class_list":{"0":"post-17400","1":"page","2":"type-page","3":"status-publish","5":"entry"},"_links":{"self":[{"href":"https:\/\/moverdb.com\/it\/wp-json\/wp\/v2\/pages\/17400","targetHints":{"allow":["GET"]}}],"collection":[{"href":"https:\/\/moverdb.com\/it\/wp-json\/wp\/v2\/pages"}],"about":[{"href":"https:\/\/moverdb.com\/it\/wp-json\/wp\/v2\/types\/page"}],"author":[{"embeddable":true,"href":"https:\/\/moverdb.com\/it\/wp-json\/wp\/v2\/users\/1"}],"replies":[{"embeddable":true,"href":"https:\/\/moverdb.com\/it\/wp-json\/wp\/v2\/comments?post=17400"}],"version-history":[{"count":1,"href":"https:\/\/moverdb.com\/it\/wp-json\/wp\/v2\/pages\/17400\/revisions"}],"predecessor-version":[{"id":17401,"href":"https:\/\/moverdb.com\/it\/wp-json\/wp\/v2\/pages\/17400\/revisions\/17401"}],"wp:attachment":[{"href":"https:\/\/moverdb.com\/it\/wp-json\/wp\/v2\/media?parent=17400"}],"curies":[{"name":"wp","href":"https:\/\/api.w.org\/{rel}","templated":true}]}}