{"id":17398,"date":"2024-07-03T09:10:49","date_gmt":"2024-07-03T09:10:49","guid":{"rendered":"https:\/\/moverdb.com\/?page_id=17398"},"modified":"2026-01-08T13:18:45","modified_gmt":"2026-01-08T13:18:45","slug":"u-haul-cost","status":"publish","type":"page","link":"https:\/\/moverdb.com\/it\/u-haul-cost\/","title":{"rendered":"Quanto costa U-Haul? Guida al risparmio 2024"},"content":{"rendered":"<figure class=\"wp-block-image size-full\"><img loading=\"lazy\" decoding=\"async\" width=\"1000\" height=\"667\" src=\"https:\/\/moverdb.com\/wp-content\/uploads\/u-haul-moving-1.jpg\" alt=\"\" class=\"wp-image-11040\" srcset=\"https:\/\/moverdb.com\/wp-content\/uploads\/u-haul-moving-1.jpg 1000w, https:\/\/moverdb.com\/wp-content\/uploads\/u-haul-moving-1-300x200.jpg 300w, https:\/\/moverdb.com\/wp-content\/uploads\/u-haul-moving-1-18x12.jpg 18w, https:\/\/moverdb.com\/wp-content\/uploads\/u-haul-moving-1-600x400.jpg 600w\" sizes=\"auto, (max-width: 1000px) 100vw, 1000px\" \/><\/figure>\r\n\r\n\r\n\r\n<p>U-Haul rimane una scelta popolare tra i traslocatori fai-da-te, ma quanto costa effettivamente? In questo articolo analizzeremo i modelli di prezzo di U-Haul, esaminando i vari fattori che contribuiscono al costo complessivo, e vi forniremo i consigli pi\u00f9 importanti per un trasloco conveniente.<\/p>\r\n\r\n\r\n\r\n<p>La nostra guida tratta i seguenti argomenti:<\/p>\r\n\r\n\r\n\r\n<ul class=\"wp-block-list\">\r\n<li>Quanto costa U-Haul<\/li>\r\n\r\n\r\n\r\n<li>Cosa incide sul costo di U-Haul<\/li>\r\n\r\n\r\n\r\n<li>Come risparmiare su U-Haul<\/li>\r\n\r\n\r\n\r\n<li>Cosa comporta l'utilizzo di U-Haul<\/li>\r\n\r\n\r\n\r\n<li>Come sapere se U-Haul \u00e8 la scelta migliore per voi<\/li>\r\n\r\n\r\n\r\n<li>Come trovare e noleggiare U-Haul<\/li>\r\n<\/ul>\r\n\r\n\r\n\r\n<p>Se volete contenere i costi e scegliere il fai-da-te per il vostro trasloco, l'utilizzo di U-Haul pu\u00f2 essere un'ottima soluzione. Cominciamo.<\/p>\r\n\r\n\r\n\r\n<div id=\"ez-toc-container\" class=\"ez-toc-v2_0_82_2 ez-toc-wrap-left counter-hierarchy ez-toc-counter ez-toc-transparent ez-toc-container-direction\">\n<div class=\"ez-toc-title-container\">\n<p class=\"ez-toc-title\" style=\"cursor:inherit\">Sezioni<\/p>\n<span class=\"ez-toc-title-toggle\"><a href=\"#\" class=\"ez-toc-pull-right ez-toc-btn ez-toc-btn-xs ez-toc-btn-default ez-toc-toggle\" aria-label=\"Allinea la tabella dei contenuti\"><span class=\"ez-toc-js-icon-con\"><span class=\"\"><span class=\"eztoc-hide\" style=\"display:none;\">Toggle<\/span><span class=\"ez-toc-icon-toggle-span\"><svg style=\"fill: #999;color:#999\" xmlns=\"http:\/\/www.w3.org\/2000\/svg\" class=\"list-377408\" width=\"20px\" height=\"20px\" viewbox=\"0 0 24 24\" fill=\"none\"><path d=\"M6 6H4v2h2V6zm14 0H8v2h12V6zM4 11h2v2H4v-2zm16 0H8v2h12v-2zM4 16h2v2H4v-2zm16 0H8v2h12v-2z\" fill=\"currentColor\"><\/path><\/svg><svg style=\"fill: #999;color:#999\" class=\"arrow-unsorted-368013\" xmlns=\"http:\/\/www.w3.org\/2000\/svg\" width=\"10px\" height=\"10px\" viewbox=\"0 0 24 24\" version=\"1.2\" baseprofile=\"tiny\"><path d=\"M18.2 9.3l-6.2-6.3-6.2 6.3c-.2.2-.3.4-.3.7s.1.5.3.7c.2.2.4.3.7.3h11c.3 0 .5-.1.7-.3.2-.2.3-.5.3-.7s-.1-.5-.3-.7zM5.8 14.7l6.2 6.3 6.2-6.3c.2-.2.3-.5.3-.7s-.1-.5-.3-.7c-.2-.2-.4-.3-.7-.3h-11c-.3 0-.5.1-.7.3-.2.2-.3.5-.3.7s.1.5.3.7z\"\/><\/svg><\/span><\/span><\/span><\/a><\/span><\/div>\n<nav><ul class='ez-toc-list ez-toc-list-level-1 eztoc-toggle-hide-by-default' ><li class='ez-toc-page-1 ez-toc-heading-level-2'><a class=\"ez-toc-link ez-toc-heading-1\" href=\"https:\/\/moverdb.com\/it\/u-haul-cost\/#How_Much_Does_U-Haul_Cost\" >Quanto costa U-Haul?<\/a><\/li><li class='ez-toc-page-1 ez-toc-heading-level-2'><a class=\"ez-toc-link ez-toc-heading-2\" href=\"https:\/\/moverdb.com\/it\/u-haul-cost\/#What_Affects_the_Cost_of_U-Haul\" >Cosa incide sul costo di U-Haul?<\/a><\/li><li class='ez-toc-page-1 ez-toc-heading-level-2'><a class=\"ez-toc-link ez-toc-heading-3\" href=\"https:\/\/moverdb.com\/it\/u-haul-cost\/#How_Can_I_Save_Money_on_U-Haul\" >Come posso risparmiare su U-Haul?<\/a><\/li><li class='ez-toc-page-1 ez-toc-heading-level-2'><a class=\"ez-toc-link ez-toc-heading-4\" href=\"https:\/\/moverdb.com\/it\/u-haul-cost\/#Whats_Involved_in_Hiring_a_U-Haul\" >Cosa comporta il noleggio di un U-Haul?<\/a><\/li><li class='ez-toc-page-1 ez-toc-heading-level-2'><a class=\"ez-toc-link ez-toc-heading-5\" href=\"https:\/\/moverdb.com\/it\/u-haul-cost\/#Is_a_U-Haul_the_Best_Choice_for_Me\" >Un U-Haul \u00e8 la scelta migliore per me?<\/a><\/li><li class='ez-toc-page-1 ez-toc-heading-level-2'><a class=\"ez-toc-link ez-toc-heading-6\" href=\"https:\/\/moverdb.com\/it\/u-haul-cost\/#Final_Checklist\" >Lista di controllo finale<\/a><\/li><li class='ez-toc-page-1 ez-toc-heading-level-2'><a class=\"ez-toc-link ez-toc-heading-7\" href=\"https:\/\/moverdb.com\/it\/u-haul-cost\/#Frequently_Asked_Questions\" >Domande frequenti<\/a><ul class='ez-toc-list-level-3' ><li class='ez-toc-heading-level-3'><a class=\"ez-toc-link ez-toc-heading-8\" href=\"https:\/\/moverdb.com\/it\/u-haul-cost\/#How_Do_I_Reserve_a_U-Haul_Truck\" >Come si prenota un camion U-Haul?<\/a><\/li><li class='ez-toc-page-1 ez-toc-heading-level-3'><a class=\"ez-toc-link ez-toc-heading-9\" href=\"https:\/\/moverdb.com\/it\/u-haul-cost\/#What_Do_I_Need_to_Bring_for_Pickup\" >Cosa devo portare per il ritiro?<\/a><\/li><li class='ez-toc-page-1 ez-toc-heading-level-3'><a class=\"ez-toc-link ez-toc-heading-10\" href=\"https:\/\/moverdb.com\/it\/u-haul-cost\/#Can_I_Extend_My_Rental_Period\" >Posso prolungare il periodo di locazione?<\/a><\/li><li class='ez-toc-page-1 ez-toc-heading-level-3'><a class=\"ez-toc-link ez-toc-heading-11\" href=\"https:\/\/moverdb.com\/it\/u-haul-cost\/#What_Should_I_Do_if_I_Encounter_Issues_During_the_Rental\" >Cosa devo fare se riscontro problemi durante il noleggio?<\/a><\/li><\/ul><\/li><\/ul><\/nav><\/div>\n<h2 class=\"wp-block-heading\"><span class=\"ez-toc-section\" id=\"How_Much_Does_U-Haul_Cost\"><\/span><strong>Quanto costa U-Haul?<\/strong><span class=\"ez-toc-section-end\"><\/span><\/h2>\r\n\r\n\r\n\r\n<p>U-Haul, un nome noto nel settore dei traslochi, offre servizi di trasloco con container e di noleggio di veicoli. Sebbene possa essere associato al tradizionale noleggio di camion, il suo servizio di container offre una soluzione alternativa al trasloco.<\/p>\r\n\r\n\r\n\r\n<p>La notoriet\u00e0 del marchio U-Haul e la disponibilit\u00e0 su tutto il territorio nazionale contribuiscono al suo prezzo pi\u00f9 elevato rispetto alla concorrenza. Per cominciare, diamo un'occhiata al costo medio del noleggio di U-Haul.<\/p>\r\n\r\n\r\n\n<table id=\"tablepress-360\" class=\"tablepress tablepress-id-360\">\n<thead>\n<tr class=\"row-1\">\n\t<th class=\"column-1\">Distanza<\/th><th class=\"column-2\">Costo stimato<\/th>\n<\/tr>\n<\/thead>\n<tbody class=\"row-striping row-hover\">\n<tr class=\"row-2\">\n\t<td class=\"column-1\">50 miglia<\/td><td class=\"column-2\">$25 + $0,99 per miglio<\/td>\n<\/tr>\n<tr class=\"row-3\">\n\t<td class=\"column-1\">450 miglia<\/td><td class=\"column-2\">$600+<\/td>\n<\/tr>\n<tr class=\"row-4\">\n\t<td class=\"column-1\">Oltre 1.000 miglia<\/td><td class=\"column-2\">Da $1.600 a $2.300+<\/td>\n<\/tr>\n<\/tbody>\n<\/table>\n<!-- #tablepress-360 from cache -->\n\r\n\r\n\r\n<p>Per un breve viaggio di 50 miglia, il costo \u00e8 di circa $25 per il noleggio e $0,99 per miglio. I viaggi pi\u00f9 lunghi, superiori a 1.000 miglia, possono comportare costi compresi tra $1.600 e $2.300, a seconda della distanza totale percorsa.<\/p>\r\n\r\n\r\n\r\n<p>Per il nostro confronto dei costi, esamineremo diversi fornitori di noleggio di veicoli fai da te e di unit\u00e0 di stoccaggio per confrontare i loro prezzi e darvi un'idea completa del tipo di costi che incontrerete quando cercherete di noleggiare servizi di trasloco.<\/p>\r\n\r\n\r\n\n<table id=\"tablepress-359\" class=\"tablepress tablepress-id-359\">\n<thead>\n<tr class=\"row-1\">\n\t<th class=\"column-1\">Fornitore di servizi<\/th><th class=\"column-2\">Prezzo medio del noleggio di container\/veicoli<\/th>\n<\/tr>\n<\/thead>\n<tbody class=\"row-striping row-hover\">\n<tr class=\"row-2\">\n\t<td class=\"column-1\">PODS<\/td><td class=\"column-2\">$6,100+<\/td>\n<\/tr>\n<tr class=\"row-3\">\n\t<td class=\"column-1\">U-Pack<\/td><td class=\"column-2\">$3,000+<\/td>\n<\/tr>\n<tr class=\"row-4\">\n\t<td class=\"column-1\">1-800-PACK-RAT<\/td><td class=\"column-2\">$3,000+<\/td>\n<\/tr>\n<tr class=\"row-5\">\n\t<td class=\"column-1\">zippyshell<\/td><td class=\"column-2\">$2.900+<\/td>\n<\/tr>\n<tr class=\"row-6\">\n\t<td class=\"column-1\">U-Haul<\/td><td class=\"column-2\">$3.500+<\/td>\n<\/tr>\n<tr class=\"row-7\">\n\t<td class=\"column-1\">SMARTBOX<\/td><td class=\"column-2\">$3,100+<\/td>\n<\/tr>\n<tr class=\"row-8\">\n\t<td class=\"column-1\">U-Box<\/td><td class=\"column-2\">$3.700+ (incluso noleggio veicolo e box)<\/td>\n<\/tr>\n<\/tbody>\n<\/table>\n<!-- #tablepress-359 from cache -->\n\r\n\r\n\r\n<p>La gamma di prezzi degli altri fornitori \u00e8 compresa tra $2.900 e $6.100 all'estremit\u00e0 superiore dello spettro.<\/p>\r\n\r\n\r\n\r\n<h2 class=\"wp-block-heading\"><span class=\"ez-toc-section\" id=\"What_Affects_the_Cost_of_U-Haul\"><\/span><strong>Cosa incide sul costo di U-Haul?<\/strong><span class=\"ez-toc-section-end\"><\/span><\/h2>\r\n\r\n\r\n\r\n<p>Ora che conosciamo alcuni dei prezzi associati al noleggio di U-Haul, analizziamo i modi in cui \u00e8 possibile incidere sui costi, in modo da essere consapevoli dei fatti prima di mettersi in gioco.<\/p>\r\n\r\n\r\n\r\n<p><strong>Distanza dello spostamento<\/strong><\/p>\r\n\r\n\r\n\r\n<p>Come prevedibile, la distanza che si intende percorrere con il camion U-Haul noleggiato influisce in modo significativo sul costo. Le distanze pi\u00f9 lunghe comportano generalmente tariffe di noleggio pi\u00f9 elevate a causa del maggiore consumo di gas e dell'usura del veicolo.<\/p>\r\n\r\n\r\n\r\n<p><strong>Dimensioni e tipo di camion<\/strong><\/p>\r\n\r\n\r\n\r\n<p>Le dimensioni e il tipo di camion U-Haul scelto influiscono sul costo del noleggio. I camion pi\u00f9 grandi e con maggiore spazio di carico hanno in genere un prezzo di noleggio pi\u00f9 alto rispetto alle opzioni pi\u00f9 piccole.<\/p>\r\n\r\n\r\n\r\n<p><strong>Durata del noleggio<\/strong><\/p>\r\n\r\n\r\n\r\n<p>La durata del noleggio del camion U-Haul influisce sui costi associati, in quanto periodi di noleggio pi\u00f9 lunghi comportano costi complessivi pi\u00f9 elevati. U-Haul offre opzioni di noleggio per varie durate, da poche ore a pi\u00f9 giorni, aiutandovi a trovare un servizio adatto alla vostra situazione individuale.<\/p>\r\n\r\n\r\n\r\n<p><strong>Accessori per il trasloco e componenti aggiuntivi<\/strong><\/p>\r\n\r\n\r\n\r\n<p>La scelta di servizi aggiuntivi e di accessori per il trasloco, come materiale da imballaggio, carrelli e tappetini per mobili, pu\u00f2 far aumentare il costo del noleggio. Questi extra possono aiutare a semplificare il trasloco, ma possono contribuire ad aumentare le spese.<\/p>\r\n\r\n\r\n\r\n<p><strong>Luoghi di ritiro e consegna<\/strong><\/p>\r\n\r\n\r\n\r\n<p>Le localit\u00e0 di ritiro e riconsegna per il noleggio U-Haul influenzano il costo, in quanto le tariffe di noleggio possono variare in base alla domanda e alla disponibilit\u00e0 di camion in localit\u00e0 specifiche. Le tariffe possono variare anche tra i noleggi di sola andata e quelli locali, il che \u00e8 importante da considerare.<\/p>\r\n\r\n\r\n\r\n<h2 class=\"wp-block-heading\"><span class=\"ez-toc-section\" id=\"How_Can_I_Save_Money_on_U-Haul\"><\/span><strong>Come posso risparmiare su U-Haul?<\/strong><span class=\"ez-toc-section-end\"><\/span><\/h2>\r\n\r\n\r\n\r\n<figure class=\"wp-block-image size-full\"><img loading=\"lazy\" decoding=\"async\" width=\"1000\" height=\"667\" src=\"https:\/\/moverdb.com\/wp-content\/uploads\/u-haul-moving-2.jpg\" alt=\"\" class=\"wp-image-11041\" srcset=\"https:\/\/moverdb.com\/wp-content\/uploads\/u-haul-moving-2.jpg 1000w, https:\/\/moverdb.com\/wp-content\/uploads\/u-haul-moving-2-300x200.jpg 300w, https:\/\/moverdb.com\/wp-content\/uploads\/u-haul-moving-2-18x12.jpg 18w, https:\/\/moverdb.com\/wp-content\/uploads\/u-haul-moving-2-600x400.jpg 600w\" sizes=\"auto, (max-width: 1000px) 100vw, 1000px\" \/><\/figure>\r\n\r\n\r\n\r\n<p>Ora conosciamo i modi in cui i prezzi degli autocarri possono aumentare, quindi cerchiamo di contrastare questo fenomeno con alcuni accorgimenti per tenere sotto controllo le spese.<\/p>\r\n\r\n\r\n\r\n<p>Ove possibile, optate per un camion pi\u00f9 piccolo, poich\u00e9 la scelta di un camion di dimensioni adatte ai vostri effetti personali, senza eccessivo ingombro, pu\u00f2 portare a una riduzione dei costi di noleggio. I camion pi\u00f9 piccoli hanno generalmente tariffe di noleggio pi\u00f9 convenienti.<\/p>\r\n\r\n\r\n\r\n<p>Se il noleggio \u00e8 basato sul chilometraggio, pianificate il percorso pi\u00f9 efficiente per raggiungere la vostra destinazione per ridurre al minimo la distanza percorsa. Evitate le deviazioni e i chilometri inutili per tenere sotto controllo i costi.<\/p>\r\n\r\n\r\n\r\n<p>Allo stesso modo, scegliete la durata del noleggio pi\u00f9 adatta alle vostre esigenze. Se riuscite a completare il trasloco in tempi pi\u00f9 brevi, pagherete meno di noleggio, ma fate attenzione ai vostri orari e a qualsiasi ottimismo eccessivo, perch\u00e9 le spese di ritardo possono essere dannose quanto un periodo di noleggio prolungato.<\/p>\r\n\r\n\r\n\r\n<p>I traslochi in periodi di bassa stagione o nei giorni feriali possono comportare tariffe di noleggio pi\u00f9 basse. Se possibile, cercate di evitare i fine settimana e i mesi di punta del trasloco, come l'estate, per approfittare di tariffe potenzialmente scontate.<\/p>\r\n\r\n\r\n\r\n<p>Infine, sebbene U-Haul offra diversi accessori e supplementi per il trasloco, scegliete solo ci\u00f2 che vi interessa. <em>veramente<\/em> necessit\u00e0. Rinunciare agli extra non necessari, come le attrezzature speciali, pu\u00f2 contribuire a ridurre i costi complessivi.<\/p>\r\n\r\n\r\n\r\n<h2 class=\"wp-block-heading\"><span class=\"ez-toc-section\" id=\"Whats_Involved_in_Hiring_a_U-Haul\"><\/span><strong>Cosa comporta<\/strong> Noleggiare un U-Haul?<span class=\"ez-toc-section-end\"><\/span><\/h2>\r\n\r\n\r\n\r\n<figure class=\"wp-block-image size-full\"><img loading=\"lazy\" decoding=\"async\" width=\"1000\" height=\"654\" src=\"https:\/\/moverdb.com\/wp-content\/uploads\/u-haul-moving-3.jpg\" alt=\"\" class=\"wp-image-11042\" srcset=\"https:\/\/moverdb.com\/wp-content\/uploads\/u-haul-moving-3.jpg 1000w, https:\/\/moverdb.com\/wp-content\/uploads\/u-haul-moving-3-300x196.jpg 300w, https:\/\/moverdb.com\/wp-content\/uploads\/u-haul-moving-3-18x12.jpg 18w, https:\/\/moverdb.com\/wp-content\/uploads\/u-haul-moving-3-600x392.jpg 600w\" sizes=\"auto, (max-width: 1000px) 100vw, 1000px\" \/><\/figure>\r\n\r\n\r\n\r\n<p>Il primo passo per noleggiare un U-Haul \u00e8 forse il pi\u00f9 difficile: dovete determinare le dimensioni del camion pi\u00f9 adatte alle vostre cose e calcolare la distanza che dovrete percorrere.<\/p>\r\n\r\n\r\n\r\n<p>Una volta effettuata la scelta, potete prenotare il camion U-Haul online o per telefono, specificando il luogo di ritiro, la durata del noleggio e il luogo di consegna.<\/p>\r\n\r\n\r\n\r\n<p>Il giorno previsto per il ritiro, recatevi presso la sede U-Haul prescelta per ritirare il camion a noleggio, assicurandovi di portare con voi una patente di guida valida e il metodo di pagamento utilizzato per la prenotazione. Dopo aver completato le pratiche burocratiche, vi verranno consegnate le chiavi del vostro camion U-Haul.<\/p>\r\n\r\n\r\n\r\n<p>Da qui, potete caricare i vostri effetti personali, guidare fino a destinazione e poi scaricare a vostro piacimento. Una volta terminato l'utilizzo del camion, \u00e8 sufficiente restituirlo al punto di consegna designato entro il periodo di noleggio concordato.<\/p>\r\n\r\n\r\n\r\n<h2 class=\"wp-block-heading\"><span class=\"ez-toc-section\" id=\"Is_a_U-Haul_the_Best_Choice_for_Me\"><\/span><strong>Un U-Haul \u00e8 la scelta migliore per me?<\/strong><span class=\"ez-toc-section-end\"><\/span><\/h2>\r\n\r\n\r\n\r\n<p>Si pu\u00f2 essere tentati di scegliere un trasloco completamente assistito per evitare il sollevamento di carichi pesanti e la guida da e verso la nuova e la vecchia casa, ma se si vuole essere pi\u00f9 pratici, il noleggio di un U-Haul pu\u00f2 essere un'ottima opzione per voi.<\/p>\r\n\r\n\r\n\n<table id=\"tablepress-344\" class=\"tablepress tablepress-id-344\">\n<thead>\n<tr class=\"row-1\">\n\t<th class=\"column-1\">Vantaggi di U-Haul<\/th><th class=\"column-2\">Svantaggi di U-Haul<\/th>\n<\/tr>\n<\/thead>\n<tbody class=\"row-striping row-hover\">\n<tr class=\"row-2\">\n\t<td class=\"column-1\">Flessibilit\u00e0 sui tempi e sugli orari del trasloco<\/td><td class=\"column-2\">Ad alta intensit\u00e0 di lavoro: \u00e8 necessario guidare, caricare e scaricare da soli.<\/td>\n<\/tr>\n<tr class=\"row-3\">\n\t<td class=\"column-1\">Pi\u00f9 economico rispetto alle tradizionali opzioni di trasloco con servizi completi<\/td><td class=\"column-2\">Il viaggiatore \u00e8 responsabile dell'assicurazione durante il viaggio<\/td>\n<\/tr>\n<tr class=\"row-4\">\n\t<td class=\"column-1\">Potete tenere d'occhio i vostri oggetti durante il trasloco.<\/td><td class=\"column-2\">Durante il trasloco possono verificarsi danni al veicolo che dovranno essere riparati.<\/td>\n<\/tr>\n<\/tbody>\n<\/table>\n<!-- #tablepress-344 from cache -->\n\r\n\r\n\r\n<p>Il vantaggio principale del noleggio U-Haul \u00e8 semplicemente il maggior controllo che vi offre sulla spesa. Potete scegliere le dimensioni dell'autocarro pi\u00f9 adatte alle vostre cose, selezionare la durata del noleggio e decidere se aggiungere servizi o accessori extra.<\/p>\r\n\r\n\r\n\r\n<p>Tuttavia, caricare e scaricare mobili e oggetti pesanti pu\u00f2 essere fisicamente impegnativo. Se non vi sentite a vostro agio con il sollevamento e il trasporto, o se avete bisogno di un'assistenza professionale, potreste aver bisogno di un aiuto supplementare.<\/p>\r\n\r\n\r\n\r\n<h2 class=\"wp-block-heading\"><span class=\"ez-toc-section\" id=\"Final_Checklist\"><\/span><strong>Lista di controllo finale<\/strong><span class=\"ez-toc-section-end\"><\/span><\/h2>\r\n\r\n\r\n\r\n<p>Se pensate che fare da soli con un U-Haul sia la soluzione migliore, assicuratevi di prendere nota della nostra lista di controllo finale per garantire che tutto sia in ordine quando si tratta del vostro grande trasloco.<\/p>\r\n\r\n\r\n\r\n<ul class=\"wp-block-list\">\r\n<li>Valutate se desiderate l'aiuto di una squadra di traslocatori con servizi completi o se invece potete scegliere il fai-da-te.<\/li>\r\n\r\n\r\n\r\n<li>Esaminate le vostre cose: potete ridimensionarle prima di prenotare l'U-Haul per risparmiare?<\/li>\r\n\r\n\r\n\r\n<li>Scoprite la gamma di veicoli e sceglietene uno adatto al vostro volume di carico e alle vostre esigenze.<\/li>\r\n\r\n\r\n\r\n<li>Avete bisogno di servizi extra? Ricordatevi di aggiungerli prima di prenotare<\/li>\r\n\r\n\r\n\r\n<li>Ricontrollate le date e prenotate il vostro trasloco!<\/li>\r\n<\/ul>\r\n\r\n\r\n\r\n<h2 class=\"wp-block-heading\"><span class=\"ez-toc-section\" id=\"Frequently_Asked_Questions\"><\/span><strong>Domande frequenti<\/strong><span class=\"ez-toc-section-end\"><\/span><\/h2>\r\n\r\n\r\n<div id=\"rank-math-faq\" class=\"rank-math-block\">\n<div class=\"rank-math-list\">\n<div id=\"faq-question-1692200957678\" class=\"rank-math-list-item\">\n<h3 class=\"rank-math-question\"><span class=\"ez-toc-section\" id=\"How_Do_I_Reserve_a_U-Haul_Truck\"><\/span><strong>Come si prenota un camion U-Haul?<\/strong><span class=\"ez-toc-section-end\"><\/span><\/h3>\n<div class=\"rank-math-answer\">\n\n<p>Potete prenotare facilmente un camion U-Haul online visitando il sito web di U-Haul o utilizzando la sua app. \u00c8 sufficiente inserire la localit\u00e0, la data di noleggio e le dimensioni del camion per iniziare. <\/p>\n<p>In alternativa, potete chiamare il servizio clienti di U-Haul per effettuare una prenotazione telefonica e per discutere di tutte le specifiche della prenotazione.<\/p>\n\n<\/div>\n<\/div>\n<div id=\"faq-question-1692201036551\" class=\"rank-math-list-item\">\n<h3 class=\"rank-math-question\"><span class=\"ez-toc-section\" id=\"What_Do_I_Need_to_Bring_for_Pickup\"><\/span><strong>Cosa devo portare per il ritiro?<\/strong><span class=\"ez-toc-section-end\"><\/span><\/h3>\n<div class=\"rank-math-answer\">\n\n<p>Quando ritirate il vostro camion U-Haul, portate con voi una patente di guida valida e il metodo di pagamento utilizzato per la prenotazione. L'unit\u00e0 di noleggio potrebbe richiedere un documento di identit\u00e0 aggiuntivo, quindi \u00e8 meglio verificare caso per caso con il fornitore.<\/p>\n\n<\/div>\n<\/div>\n<div id=\"faq-question-1692201050762\" class=\"rank-math-list-item\">\n<h3 class=\"rank-math-question\"><span class=\"ez-toc-section\" id=\"Can_I_Extend_My_Rental_Period\"><\/span><strong>Posso prolungare il periodo di locazione?<\/strong><span class=\"ez-toc-section-end\"><\/span><\/h3>\n<div class=\"rank-math-answer\">\n\n<p>S\u00ec, \u00e8 possibile prolungare il periodo di noleggio se necessario. Contattate il servizio clienti U-Haul o visitate una sede di noleggio locale per discutere della proroga e prendere gli accordi necessari. <\/p>\n<p>Tenete presente che per il periodo prolungato potrebbero essere applicati costi di noleggio aggiuntivi.<\/p>\n\n<\/div>\n<\/div>\n<div id=\"faq-question-1692201063702\" class=\"rank-math-list-item\">\n<h3 class=\"rank-math-question\"><span class=\"ez-toc-section\" id=\"What_Should_I_Do_if_I_Encounter_Issues_During_the_Rental\"><\/span><strong>Cosa devo fare se riscontro problemi durante il noleggio?<\/strong><span class=\"ez-toc-section-end\"><\/span><\/h3>\n<div class=\"rank-math-answer\">\n\n<p>Se durante il noleggio si verificano problemi con il camion U-Haul, come ad esempio problemi meccanici o domande sull'attrezzatura, contattare l'assistenza stradale o il servizio clienti di U-Haul per ricevere assistenza e supporto.<\/p>\n<p>Forniranno assistenza per risolvere qualsiasi problema durante l'utilizzo del carrello a noleggio.<\/p>\n\n<\/div>\n<\/div>\n<\/div>\n<\/div>","protected":false},"excerpt":{"rendered":"<p>U-Haul remains a popular choice among DIY movers, but how much does it actually cost? In this article, we\u2019ll dissect the pricing models of U-Haul, looking at the various factors that contribute to the overall cost &#8211; and leave you with all-important, cost-effective moving tips. Our guide will cover the following: If you fancy keeping [&hellip;]<\/p>\n","protected":false},"author":1,"featured_media":0,"parent":0,"menu_order":0,"comment_status":"closed","ping_status":"closed","template":"","meta":{"_genesis_hide_title":false,"_genesis_hide_breadcrumbs":false,"_genesis_hide_singular_image":false,"_genesis_hide_footer_widgets":false,"_genesis_custom_body_class":"","_genesis_custom_post_class":"","_genesis_layout":"","footnotes":""},"class_list":{"0":"post-17398","1":"page","2":"type-page","3":"status-publish","5":"entry"},"_links":{"self":[{"href":"https:\/\/moverdb.com\/it\/wp-json\/wp\/v2\/pages\/17398","targetHints":{"allow":["GET"]}}],"collection":[{"href":"https:\/\/moverdb.com\/it\/wp-json\/wp\/v2\/pages"}],"about":[{"href":"https:\/\/moverdb.com\/it\/wp-json\/wp\/v2\/types\/page"}],"author":[{"embeddable":true,"href":"https:\/\/moverdb.com\/it\/wp-json\/wp\/v2\/users\/1"}],"replies":[{"embeddable":true,"href":"https:\/\/moverdb.com\/it\/wp-json\/wp\/v2\/comments?post=17398"}],"version-history":[{"count":1,"href":"https:\/\/moverdb.com\/it\/wp-json\/wp\/v2\/pages\/17398\/revisions"}],"predecessor-version":[{"id":17399,"href":"https:\/\/moverdb.com\/it\/wp-json\/wp\/v2\/pages\/17398\/revisions\/17399"}],"wp:attachment":[{"href":"https:\/\/moverdb.com\/it\/wp-json\/wp\/v2\/media?parent=17398"}],"curies":[{"name":"wp","href":"https:\/\/api.w.org\/{rel}","templated":true}]}}