{"id":17394,"date":"2024-07-03T09:08:10","date_gmt":"2024-07-03T09:08:10","guid":{"rendered":"https:\/\/moverdb.com\/?page_id=17394"},"modified":"2026-01-08T13:18:36","modified_gmt":"2026-01-08T13:18:36","slug":"pods-cost","status":"publish","type":"page","link":"https:\/\/moverdb.com\/it\/pods-cost\/","title":{"rendered":"Quanto costano i PODS? Guida al risparmio 2024"},"content":{"rendered":"<figure class=\"wp-block-image size-full\"><img loading=\"lazy\" decoding=\"async\" width=\"1000\" height=\"667\" class=\"wp-image-11007\" src=\"https:\/\/moverdb.com\/wp-content\/uploads\/PODS-storage-unit-costs-1.jpg\" alt=\"\" srcset=\"https:\/\/moverdb.com\/wp-content\/uploads\/PODS-storage-unit-costs-1.jpg 1000w, https:\/\/moverdb.com\/wp-content\/uploads\/PODS-storage-unit-costs-1-300x200.jpg 300w, https:\/\/moverdb.com\/wp-content\/uploads\/PODS-storage-unit-costs-1-18x12.jpg 18w, https:\/\/moverdb.com\/wp-content\/uploads\/PODS-storage-unit-costs-1-600x400.jpg 600w\" sizes=\"auto, (max-width: 1000px) 100vw, 1000px\" \/><\/figure>\r\n\r\n\r\n\r\n<p><span style=\"font-weight: 400;\">Lo stress del trasloco pu\u00f2 essere esasperato dalla necessit\u00e0 di caricare e scaricare un veicolo nello stesso giorno, lasciando la nuova casa piena di scatoloni e rendendo difficile distinguere il legno dagli alberi. Un metodo alternativo di spedizione \u00e8 l'utilizzo dei PODS, contenitori portatili che possono essere caricati e scaricati a proprio piacimento.<\/span><\/p>\r\n\r\n\r\n\r\n<p><span style=\"font-weight: 400;\">Se non avete mai utilizzato unit\u00e0 di stoccaggio portatili prima d'ora, l'idea pu\u00f2 essere scoraggiante: la nostra guida vi spiegher\u00e0 come fare:<\/span><\/p>\r\n\r\n\r\n\r\n<ul class=\"wp-block-list\">\r\n<li><span style=\"font-weight: 400;\">Quanto costa il noleggio dei PODS<\/span><\/li>\r\n\r\n\r\n\r\n<li><span style=\"font-weight: 400;\">Cosa incide sul costo del noleggio dei PODS<\/span><\/li>\r\n\r\n\r\n\r\n<li><span style=\"font-weight: 400;\">Come risparmiare sul noleggio di PODS<\/span><\/li>\r\n\r\n\r\n\r\n<li><span style=\"font-weight: 400;\">Cosa comporta il noleggio di PODS\u00a0<\/span><\/li>\r\n\r\n\r\n\r\n<li><span style=\"font-weight: 400;\">Come sapere se il noleggio di PODS \u00e8 la scelta migliore per voi<\/span><\/li>\r\n\r\n\r\n\r\n<li><span style=\"font-weight: 400;\">Come avviare il processo di assunzione dei PODS<\/span><\/li>\r\n<\/ul>\r\n\r\n\r\n\r\n<p><span style=\"font-weight: 400;\">Se il metodo convenzionale di trasloco non ha funzionato in passato, potrebbe essere il momento di provare qualcosa di nuovo con l'assistenza dei PODS. Continuate a leggere per scoprire come farlo nel modo migliore.\u00a0<\/span><\/p>\r\n\r\n\r\n\r\n<div id=\"ez-toc-container\" class=\"ez-toc-v2_0_82_2 ez-toc-wrap-left counter-hierarchy ez-toc-counter ez-toc-transparent ez-toc-container-direction\">\n<div class=\"ez-toc-title-container\">\n<p class=\"ez-toc-title\" style=\"cursor:inherit\">Sezioni<\/p>\n<span class=\"ez-toc-title-toggle\"><a href=\"#\" class=\"ez-toc-pull-right ez-toc-btn ez-toc-btn-xs ez-toc-btn-default ez-toc-toggle\" aria-label=\"Allinea la tabella dei contenuti\"><span class=\"ez-toc-js-icon-con\"><span class=\"\"><span class=\"eztoc-hide\" style=\"display:none;\">Toggle<\/span><span class=\"ez-toc-icon-toggle-span\"><svg style=\"fill: #999;color:#999\" xmlns=\"http:\/\/www.w3.org\/2000\/svg\" class=\"list-377408\" width=\"20px\" height=\"20px\" viewbox=\"0 0 24 24\" fill=\"none\"><path d=\"M6 6H4v2h2V6zm14 0H8v2h12V6zM4 11h2v2H4v-2zm16 0H8v2h12v-2zM4 16h2v2H4v-2zm16 0H8v2h12v-2z\" fill=\"currentColor\"><\/path><\/svg><svg style=\"fill: #999;color:#999\" class=\"arrow-unsorted-368013\" xmlns=\"http:\/\/www.w3.org\/2000\/svg\" width=\"10px\" height=\"10px\" viewbox=\"0 0 24 24\" version=\"1.2\" baseprofile=\"tiny\"><path d=\"M18.2 9.3l-6.2-6.3-6.2 6.3c-.2.2-.3.4-.3.7s.1.5.3.7c.2.2.4.3.7.3h11c.3 0 .5-.1.7-.3.2-.2.3-.5.3-.7s-.1-.5-.3-.7zM5.8 14.7l6.2 6.3 6.2-6.3c.2-.2.3-.5.3-.7s-.1-.5-.3-.7c-.2-.2-.4-.3-.7-.3h-11c-.3 0-.5.1-.7.3-.2.2-.3.5-.3.7s.1.5.3.7z\"\/><\/svg><\/span><\/span><\/span><\/a><\/span><\/div>\n<nav><ul class='ez-toc-list ez-toc-list-level-1 eztoc-toggle-hide-by-default' ><li class='ez-toc-page-1 ez-toc-heading-level-2'><a class=\"ez-toc-link ez-toc-heading-1\" href=\"https:\/\/moverdb.com\/it\/pods-cost\/#How_Much_Do_PODS_Cost\" >Quanto costano i PODS?<\/a><\/li><li class='ez-toc-page-1 ez-toc-heading-level-2'><a class=\"ez-toc-link ez-toc-heading-2\" href=\"https:\/\/moverdb.com\/it\/pods-cost\/#What_Affects_the_Cost_of_PODS\" >Cosa incide sul costo dei PODS?<\/a><\/li><li class='ez-toc-page-1 ez-toc-heading-level-2'><a class=\"ez-toc-link ez-toc-heading-3\" href=\"https:\/\/moverdb.com\/it\/pods-cost\/#How_Can_I_Save_Money_on_PODS\" >Come posso risparmiare sui PODS?<\/a><\/li><li class='ez-toc-page-1 ez-toc-heading-level-2'><a class=\"ez-toc-link ez-toc-heading-4\" href=\"https:\/\/moverdb.com\/it\/pods-cost\/#Whats_Involved_in_Hiring_PODS\" >Cosa comporta il noleggio di PODS?<\/a><\/li><li class='ez-toc-page-1 ez-toc-heading-level-2'><a class=\"ez-toc-link ez-toc-heading-5\" href=\"https:\/\/moverdb.com\/it\/pods-cost\/#Are_PODS_the_Best_Choice_for_My_Home_Move\" >I PODS sono la scelta migliore per il mio trasloco?<\/a><\/li><li class='ez-toc-page-1 ez-toc-heading-level-2'><a class=\"ez-toc-link ez-toc-heading-6\" href=\"https:\/\/moverdb.com\/it\/pods-cost\/#How_Do_I_Find_and_Hire_PODS\" >Come trovare e noleggiare i PODS?<\/a><\/li><li class='ez-toc-page-1 ez-toc-heading-level-2'><a class=\"ez-toc-link ez-toc-heading-7\" href=\"https:\/\/moverdb.com\/it\/pods-cost\/#Finding_the_Best_Container_Shipping_Service_For_Your_Needs\" >Trovare il miglior servizio di spedizione container per le vostre esigenze<\/a><\/li><li class='ez-toc-page-1 ez-toc-heading-level-2'><a class=\"ez-toc-link ez-toc-heading-8\" href=\"https:\/\/moverdb.com\/it\/pods-cost\/#Final_Checklist\" >Lista di controllo finale<\/a><\/li><li class='ez-toc-page-1 ez-toc-heading-level-2'><a class=\"ez-toc-link ez-toc-heading-9\" href=\"https:\/\/moverdb.com\/it\/pods-cost\/#Frequently_Asked_Questions\" >Domande frequenti<\/a><ul class='ez-toc-list-level-3' ><li class='ez-toc-heading-level-3'><a class=\"ez-toc-link ez-toc-heading-10\" href=\"https:\/\/moverdb.com\/it\/pods-cost\/#What_Is_PODS_and_How_Does_It_Work\" >Che cos'\u00e8 il PODS e come funziona?<\/a><\/li><li class='ez-toc-page-1 ez-toc-heading-level-3'><a class=\"ez-toc-link ez-toc-heading-11\" href=\"https:\/\/moverdb.com\/it\/pods-cost\/#How_Much_Does_PODS_Cost\" >Quanto costano i PODS?<\/a><\/li><li class='ez-toc-page-1 ez-toc-heading-level-3'><a class=\"ez-toc-link ez-toc-heading-12\" href=\"https:\/\/moverdb.com\/it\/pods-cost\/#Can_I_Use_PODS_for_Both_Moving_and_Storage\" >Posso utilizzare i PODS sia per il trasloco che per lo stoccaggio?<\/a><\/li><li class='ez-toc-page-1 ez-toc-heading-level-3'><a class=\"ez-toc-link ez-toc-heading-13\" href=\"https:\/\/moverdb.com\/it\/pods-cost\/#Do_I_Need_to_Load_the_PODS_Container_Myself\" >Devo caricare il container PODS da solo?<\/a><\/li><\/ul><\/li><\/ul><\/nav><\/div>\n<h2 class=\"wp-block-heading\"><span class=\"ez-toc-section\" id=\"How_Much_Do_PODS_Cost\"><\/span><b>Quanto costano i PODS?<\/b><span class=\"ez-toc-section-end\"><\/span><\/h2>\r\n\r\n\r\n\r\n<p>PODS \u00e8 l'acronimo di \"Portable On Demand Storage\" (deposito portatile su richiesta) ed \u00e8 un servizio che offre un modo comodo e flessibile di conservare e spostare i propri effetti personali. Il concetto ruota attorno all'utilizzo di container portatili che possono essere consegnati a casa vostra, consentendovi di caricare e scaricare i vostri effetti personali al vostro ritmo - e poi, una volta imballato, il container viene immagazzinato in una struttura sicura o trasportato alla vostra nuova destinazione.<\/p>\r\n\r\n\r\n\r\n<p>Vediamo alcuni esempi di costi.<\/p>\r\n\r\n\r\n\n<table id=\"tablepress-354\" class=\"tablepress tablepress-id-354\">\n<thead>\n<tr class=\"row-1\">\n\t<th class=\"column-1\">Distanza dello spostamento<\/th><th class=\"column-2\">Costo per camera da letto<\/th><th class=\"column-3\">Costo totale per casa a 3 letti<\/th>\n<\/tr>\n<\/thead>\n<tbody class=\"row-striping row-hover\">\n<tr class=\"row-2\">\n\t<td class=\"column-1\">Locale (entro 250 miglia)<\/td><td class=\"column-2\">Da $200 a $225<\/td><td class=\"column-3\">Da $600 a $675<\/td>\n<\/tr>\n<tr class=\"row-3\">\n\t<td class=\"column-1\">Pi\u00f9 di 250 miglia<\/td><td class=\"column-2\">Da $400 a $460<\/td><td class=\"column-3\">Da $1.200 a $1.380<\/td>\n<\/tr>\n<tr class=\"row-4\">\n\t<td class=\"column-1\">Sci di fondo<\/td><td class=\"column-2\">Da $2.000 a $2.250<\/td><td class=\"column-3\">Da $6.000 a $6.750<\/td>\n<\/tr>\n<\/tbody>\n<\/table>\n<!-- #tablepress-354 from cache -->\n\r\n\r\n\r\n<p>Sebbene sia necessario ottenere preventivi precisi direttamente da PODS, tenendo conto delle disposizioni effettive e del volume degli articoli, come stima approssimativa, un trasloco locale inferiore a 250 miglia pu\u00f2 costare circa $200 - $225 per stanza. Per una casa standard con tre letti, il costo totale pu\u00f2 aggirarsi tra $600 e $675.<\/p>\r\n\r\n\r\n\r\n<p>Le propriet\u00e0 pi\u00f9 grandi e le distanze maggiori comportano prezzi pi\u00f9 elevati: un trasloco di oltre 500 miglia costa circa $2.000 per stanza, per un totale di $6.000-$6.750 per un trasloco di una casa con tre letti.<\/p>\r\n\r\n\r\n\r\n<h2 class=\"wp-block-heading\"><span class=\"ez-toc-section\" id=\"What_Affects_the_Cost_of_PODS\"><\/span><b>Cosa incide sul costo dei PODS?<\/b><span class=\"ez-toc-section-end\"><\/span><\/h2>\r\n\r\n\r\n\r\n<p>I PODS offrono una soluzione su misura per le vostre esigenze di stoccaggio e trasloco, il che significa che sono disponibili diversi prezzi per i vari servizi. Parliamo dei punti principali che possono incidere sul costo del noleggio di PODS.<\/p>\r\n\r\n\r\n\r\n<p><strong><a href=\"https:\/\/moverdb.com\/it\/shipping-container-sizes-and-dimensions\/\" data-internallinksmanager029f6b8e52c=\"247\" title=\"La guida definitiva alle misure e alle dimensioni dei container marittimi\">Dimensioni del contenitore<\/a><\/strong><\/p>\r\n\r\n\r\n\r\n<p>Le dimensioni del container scelto influiscono direttamente sul costo. I container pi\u00f9 grandi offrono pi\u00f9 spazio ma hanno un prezzo pi\u00f9 alto, quindi \u00e8 meglio scegliere una dimensione adatta ai vostri effetti personali per ottimizzare il valore.<\/p>\r\n<p>Allo stesso modo, la scelta di un contenitore troppo piccolo \u00e8 controproducente, poich\u00e9 dovrete riempire e riempire nuovamente il contenitore per completare il trasloco.\u00a0<\/p>\r\n\r\n\r\n\r\n<p><strong>Distanza e posizione<\/strong><\/p>\r\n\r\n\r\n\r\n<p>La distanza tra la vostra sede e la struttura di stoccaggio PODS pu\u00f2 influire sul costo, comprese le spese di consegna e di trasporto. Lo spostamento del container pi\u00f9 lontano pu\u00f2 comportare spese leggermente superiori, come indicato nella tabella precedente.<\/p>\r\n<p>Quando si prende in considerazione l'uso dei PODS, si deve confrontare il costo di un servizio di trasloco tradizionale per capire se \u00e8 un investimento conveniente per la comodit\u00e0 che offre.<\/p>\r\n\r\n\r\n\r\n<p><strong>Durata dell'utilizzo<\/strong><\/p>\r\n\r\n\r\n\r\n<p>Pi\u00f9 a lungo si ha bisogno del container, pi\u00f9 il costo potrebbe essere elevato. I prezzi tengono conto del periodo di noleggio, quindi fate attenzione a quanto tempo vi serve, perch\u00e9 l'aggiunta di altri giorni o settimane pu\u00f2 incidere notevolmente sui costi.<\/p>\r\n\r\n\r\n\r\n<p><strong>Servizi aggiuntivi<\/strong><\/p>\r\n\r\n\r\n\r\n<p>PODS offre diversi servizi, come l'assistenza al carico o il deposito. La scelta di questi servizi pu\u00f2 far lievitare il costo, quindi \u00e8 bene non aggiungerli a meno che non siano necessari per facilitare il trasloco.<\/p>\r\n\r\n\r\n\r\n<h2 class=\"wp-block-heading\"><span class=\"ez-toc-section\" id=\"How_Can_I_Save_Money_on_PODS\"><\/span><strong>Come posso risparmiare sui PODS?<\/strong><span class=\"ez-toc-section-end\"><\/span><\/h2>\r\n\r\n\r\n\r\n<figure class=\"wp-block-image size-full\"><img loading=\"lazy\" decoding=\"async\" width=\"1000\" height=\"667\" class=\"wp-image-11008\" src=\"https:\/\/moverdb.com\/wp-content\/uploads\/PODS-storage-unit-costs-2.jpg\" alt=\"\" srcset=\"https:\/\/moverdb.com\/wp-content\/uploads\/PODS-storage-unit-costs-2.jpg 1000w, https:\/\/moverdb.com\/wp-content\/uploads\/PODS-storage-unit-costs-2-300x200.jpg 300w, https:\/\/moverdb.com\/wp-content\/uploads\/PODS-storage-unit-costs-2-18x12.jpg 18w, https:\/\/moverdb.com\/wp-content\/uploads\/PODS-storage-unit-costs-2-600x400.jpg 600w\" sizes=\"auto, (max-width: 1000px) 100vw, 1000px\" \/><\/figure>\r\n\r\n\r\n\r\n<p>Ora che abbiamo capito cosa incide sul costo del noleggio di PODS, vediamo quali sono i modi in cui potete cercare di risparmiare quando utilizzate il servizio.<\/p>\r\n\r\n\r\n\r\n<p>Innanzitutto, assicuratevi di scegliere le dimensioni giuste del container, ossia di scegliere un container che corrisponda alle vostre esigenze, senza eccedere nello spazio. I container pi\u00f9 grandi costano di pi\u00f9, quindi optate per la dimensione pi\u00f9 piccola che possa ospitare comodamente i vostri beni, ma assicuratevi che sia abbastanza grande, perch\u00e9 il noleggio di un container extra aggiunger\u00e0 senza dubbio altri zeri al vostro conto.<\/p>\r\n\r\n\r\n\r\n<p>Se possibile, prendete in considerazione la possibilit\u00e0 di prenotare il vostro container PODS durante le stagioni non di punta, quando la domanda \u00e8 pi\u00f9 bassa. Questo pu\u00f2 portare a potenziali sconti sulle tariffe di noleggio, facendovi risparmiare sul processo di trasloco, poich\u00e9 le aziende di container vorranno riempire i loro programmi durante queste pause stagionali.<\/p>\r\n\r\n\r\n\r\n<p>Anche se pu\u00f2 essere noioso, \u00e8 una buona idea sfruttare al meglio lo spazio del container imballando gli oggetti in modo efficiente. Assicuratevi di utilizzare lo spazio verticale, smontate i mobili se possibile e utilizzate scatole che si adattino perfettamente per ridurre al minimo lo spazio sprecato: non buttate le cose dentro e sperate per il meglio!<\/p>\r\n\r\n\r\n\r\n<p>Se siete in grado di farlo, caricare e scaricare il container da soli pu\u00f2 farvi risparmiare rispetto all'assunzione di manodopera. Per rendere pi\u00f9 agevole il processo, chiedete l'aiuto di amici e parenti, ma ricordate che, se non ne avete la possibilit\u00e0, \u00e8 possibile assumere personale.<\/p>\r\n\r\n\r\n\r\n<p>Infine, considerate la possibilit\u00e0 di ridurre il periodo di noleggio. Pi\u00f9 a lungo si tiene il container, pi\u00f9 i costi aumentano: avere un piano chiaro e rimanere organizzati pu\u00f2 aiutarvi a completare il processo pi\u00f9 velocemente.<\/p>\r\n\r\n\r\n\r\n<h2 class=\"wp-block-heading\"><span class=\"ez-toc-section\" id=\"Whats_Involved_in_Hiring_PODS\"><\/span><strong>Cosa comporta il noleggio di PODS?<\/strong><span class=\"ez-toc-section-end\"><\/span><\/h2>\r\n\r\n\r\n\r\n<p>In poche parole, quando si affida un servizio PODS, viene consegnato un container di stoccaggio portatile presso la propria sede. Il container viene imballato a vostro piacimento, quindi l'azienda lo ritira e pu\u00f2 stoccarlo presso la propria struttura o trasferirlo nella nuova destinazione, il che lo rende un modo flessibile e conveniente di gestire il trasloco senza la fretta di doverlo caricare e scaricare in un solo giorno.<\/p>\r\n\r\n\r\n\r\n<p>Per contattare PODS e organizzare il noleggio, visitate il sito web o chiamate il numero del servizio clienti. Potrete fornire dettagli sulle vostre esigenze, ottenere un preventivo e programmare la consegna di un container portatile presso la vostra sede.<\/p>\r\n\r\n\r\n\r\n<h2 class=\"wp-block-heading\"><span class=\"ez-toc-section\" id=\"Are_PODS_the_Best_Choice_for_My_Home_Move\"><\/span><strong>I PODS sono la scelta migliore per il mio trasloco?<\/strong><span class=\"ez-toc-section-end\"><\/span><\/h2>\r\n\r\n\r\n\r\n<p>Pur non essendo un metodo di trasloco convenzionale, i PODS stanno diventando sempre pi\u00f9 popolari per snellire il processo di trasloco, eliminando parte della fretta che normalmente si prova durante un trasloco. Vediamo i principali vantaggi e svantaggi dell'utilizzo di questo servizio rispetto ai metodi di trasloco tradizionali.<\/p>\r\n\r\n\r\n\n<table id=\"tablepress-341\" class=\"tablepress tablepress-id-341\">\n<thead>\n<tr class=\"row-1\">\n\t<th class=\"column-1\">Vantaggi dei PODS<\/th><th class=\"column-2\">Svantaggi dei PODS<\/th>\n<\/tr>\n<\/thead>\n<tbody class=\"row-striping row-hover\">\n<tr class=\"row-2\">\n\t<td class=\"column-1\">Flessibilit\u00e0 - il principale vantaggio dell'utilizzo dei PODS durante il trasloco \u00e8 la flessibilit\u00e0 che offre rispetto ai metodi di trasloco tradizionali in cui \u00e8 necessario caricare e scaricare i propri beni nello stesso giorno.<\/td><td class=\"column-2\">Autocaricamento: i PODS sono gestiti da voi, quindi dovrete caricarli e scaricarli senza l'ausilio di manodopera.<\/td>\n<\/tr>\n<tr class=\"row-3\">\n\t<td class=\"column-1\">Costo fisso - I PODS sono addebitati a una tariffa fissa, per un maggiore controllo delle vostre finanze.<\/td><td class=\"column-2\">Assicurazione: i traslocatori tradizionali hanno un'assicurazione che copre i vostri beni durante il trasporto; con i PODS dovrete organizzarla voi stessi.<\/td>\n<\/tr>\n<tr class=\"row-4\">\n\t<td class=\"column-1\">Opzioni: \u00e8 possibile scegliere tra un'ampia gamma di dimensioni dei container e di durata del noleggio, per avere un'ampia gamma di opzioni.<\/td><td class=\"column-2\">Potenziale di ritardi: la disponibilit\u00e0 e la domanda possono influenzare il programma, il che significa che le date potrebbero cambiare con breve preavviso.<\/td>\n<\/tr>\n<\/tbody>\n<\/table>\n<!-- #tablepress-341 from cache -->\n\r\n\r\n\r\n<p>Il vantaggio principale \u00e8 una maggiore flessibilit\u00e0 per voi traslocatori per quanto riguarda il carico e lo scarico dei vostri beni, poich\u00e9 non \u00e8 necessario che avvenga il giorno stesso come nel caso dei traslochi tradizionali. Tuttavia, gli svantaggi sono analoghi: dovete occuparvi voi stessi delle operazioni di carico e scarico, che possono richiedere tempo e lavoro.<\/p>\r\n\r\n\r\n\r\n<h2 class=\"wp-block-heading\"><span class=\"ez-toc-section\" id=\"How_Do_I_Find_and_Hire_PODS\"><\/span><strong>Come trovare e noleggiare i PODS?<\/strong><span class=\"ez-toc-section-end\"><\/span><\/h2>\r\n\r\n\r\n\r\n<figure class=\"wp-block-image size-full\"><img loading=\"lazy\" decoding=\"async\" width=\"1000\" height=\"667\" class=\"wp-image-11009\" src=\"https:\/\/moverdb.com\/wp-content\/uploads\/PODS-storage-unit-costs-3.jpg\" alt=\"\" srcset=\"https:\/\/moverdb.com\/wp-content\/uploads\/PODS-storage-unit-costs-3.jpg 1000w, https:\/\/moverdb.com\/wp-content\/uploads\/PODS-storage-unit-costs-3-300x200.jpg 300w, https:\/\/moverdb.com\/wp-content\/uploads\/PODS-storage-unit-costs-3-18x12.jpg 18w, https:\/\/moverdb.com\/wp-content\/uploads\/PODS-storage-unit-costs-3-600x400.jpg 600w\" sizes=\"auto, (max-width: 1000px) 100vw, 1000px\" \/><\/figure>\r\n\r\n\r\n\r\n<p>Trovare e assumere PODS \u00e8 un processo semplice.<\/p>\r\n\r\n\r\n\r\n<p>Per prima cosa, dovrete visitare il sito web e richiedere un preventivo, inserendo i dettagli della vostra posizione e le vostre esigenze per ottenere un preventivo per i servizi di cui avete bisogno. A questo punto, dovrete selezionare le dimensioni del container pi\u00f9 adatte alle vostre esigenze e gli eventuali servizi aggiuntivi che desiderate, come la durata del deposito del container o l'assistenza al carico.<\/p>\r\n\r\n\r\n\r\n\r\n\r\n<p>Si pu\u00f2 quindi fissare una data per la consegna del container PODS presso la vostra sede. Una volta che il container PODS \u00e8 arrivato, potete prendervi tutto il tempo necessario per imballare i vostri effetti personali nel container secondo i vostri ritmi.<\/p>\r\n\r\n\r\n\r\n<p>Una volta pronti, programmate il ritiro del container per il trasporto o lo stoccaggio presso una struttura PODS.<\/p>\r\n\r\n\r\n\r\n<h2 class=\"wp-block-heading\"><span class=\"ez-toc-section\" id=\"Finding_the_Best_Container_Shipping_Service_For_Your_Needs\"><\/span><strong>Trovare il miglior servizio di spedizione container per le vostre esigenze<\/strong><span class=\"ez-toc-section-end\"><\/span><\/h2>\r\n\r\n\r\n\r\n<p>Per stabilire se i PODS sono la scelta giusta per voi, dovete considerare le vostre esigenze e preferenze specifiche. Se preferite imballare e caricare i vostri beni al vostro ritmo e avete una tempistica flessibile, i PODS possono offrirvi la comodit\u00e0 che cercate.<\/p>\r\n\r\n\r\n\r\n<p>Inoltre, se avete bisogno di un deposito temporaneo tra un trasloco e l'altro, le opzioni di deposito PODS potrebbero essere ideali, in quanto offrono sia servizi di trasloco che di deposito. Soprattutto, se siete a vostro agio con le operazioni di carico e scarico in autonomia, PODS pu\u00f2 essere un'opzione adatta.<\/p>\r\n\r\n\r\n\r\n<p>Tuttavia, se desiderate qualcosa di pi\u00f9 standardizzato, i traslocatori tradizionali spesso forniscono orari fissi per la consegna e il ritiro, il che pu\u00f2 essere vantaggioso se state lavorando con date di trasloco e di arrivo specifiche. Questo \u00e8 particolarmente importante se avete tempi stretti e dovete traslocare in fretta, perch\u00e9 l'esperienza dei traslocatori tradizionali nell'imballaggio e nel trasporto efficiente potrebbe aiutarvi pi\u00f9 di quanto potrebbero fare i PODS.<\/p>\r\n\r\n\r\n\r\n<h2 class=\"wp-block-heading\"><span class=\"ez-toc-section\" id=\"Final_Checklist\"><\/span><strong>Lista di controllo finale<\/strong><span class=\"ez-toc-section-end\"><\/span><\/h2>\r\n\r\n\r\n\r\n<p>Quando arriva il momento di traslocare, \u00e8 bene eliminare il pi\u00f9 possibile le incertezze, e scegliere con largo anticipo le opzioni di deposito e trasloco pu\u00f2 essere un ottimo modo per raggiungere la tranquillit\u00e0.<\/p>\r\n\r\n\r\n\r\n<ul class=\"wp-block-list\">\r\n<li>Valutate se i PODS fanno al caso vostro: date un'occhiata alla nostra tabella dei vantaggi e degli svantaggi per confrontare il servizio con i traslochi tradizionali.<\/li>\r\n\r\n\r\n\r\n<li>Se vi accontentate del lavoro manuale (carico e scarico del container), PODS pu\u00f2 essere una soluzione flessibile per il vostro trasloco.<\/li>\r\n\r\n\r\n\r\n<li>Parlate con un addetto alle vendite PODS e parlate delle vostre esigenze, assicurandovi di scegliere un contenitore di dimensioni adatte a voi (senza optare per qualcosa di pi\u00f9 grande del necessario)<\/li>\r\n\r\n\r\n\r\n<li>Discutere le tempistiche e il momento in cui la consegna pu\u00f2 essere effettuata.<\/li>\r\n\r\n\r\n\r\n<li>Confermate tutto e preparatevi al grande trasloco!<\/li>\r\n<\/ul>\r\n\r\n\r\n\r\n<h2 class=\"wp-block-heading\"><span class=\"ez-toc-section\" id=\"Frequently_Asked_Questions\"><\/span><strong>Domande frequenti<\/strong><span class=\"ez-toc-section-end\"><\/span><\/h2>\r\n\r\n\r\n<div id=\"rank-math-faq\" class=\"rank-math-block\">\n<div class=\"rank-math-list\">\n<div id=\"faq-question-1692186207327\" class=\"rank-math-list-item\">\n<h3 class=\"rank-math-question\"><span class=\"ez-toc-section\" id=\"What_Is_PODS_and_How_Does_It_Work\"><\/span><strong>Che cos'\u00e8 il PODS e come funziona?<\/strong><span class=\"ez-toc-section-end\"><\/span><\/h3>\n<div class=\"rank-math-answer\">\n\n<p>PODS \u00e8 l'acronimo di \"Portable On Demand Storage\". \u00c8 un servizio che fornisce container di stoccaggio portatili consegnati presso la vostra sede. L'utente impacchetta il container a suo piacimento, poi PODS lo preleva e lo deposita presso la propria struttura o lo trasporta verso la nuova destinazione.<\/p>\n\n<\/div>\n<\/div>\n<div id=\"faq-question-1692186261517\" class=\"rank-math-list-item\">\n<h3 class=\"rank-math-question\"><span class=\"ez-toc-section\" id=\"How_Much_Does_PODS_Cost\"><\/span><strong>Quanto costano i PODS?<\/strong><span class=\"ez-toc-section-end\"><\/span><\/h3>\n<div class=\"rank-math-answer\">\n\n<p>Il costo di PODS dipende da fattori quali le dimensioni del container, la durata dell'utilizzo, la distanza e gli eventuali servizi aggiuntivi scelti. Per ottenere una stima accurata, \u00e8 possibile richiedere un preventivo sul sito web di PODS.<\/p>\n\n<\/div>\n<\/div>\n<div id=\"faq-question-1692186274267\" class=\"rank-math-list-item\">\n<h3 class=\"rank-math-question\"><span class=\"ez-toc-section\" id=\"Can_I_Use_PODS_for_Both_Moving_and_Storage\"><\/span><strong>Posso utilizzare i PODS sia per il trasloco che per lo stoccaggio?<\/strong><span class=\"ez-toc-section-end\"><\/span><\/h3>\n<div class=\"rank-math-answer\">\n\n<p>S\u00ec, assolutamente! PODS offre soluzioni di trasloco e di stoccaggio. \u00c8 possibile utilizzare i container PODS per lo stoccaggio temporaneo durante un trasloco o per esigenze di stoccaggio a lungo termine.<\/p>\n\n<\/div>\n<\/div>\n<div id=\"faq-question-1692186288599\" class=\"rank-math-list-item\">\n<h3 class=\"rank-math-question\"><span class=\"ez-toc-section\" id=\"Do_I_Need_to_Load_the_PODS_Container_Myself\"><\/span><strong>Devo caricare il container PODS da solo?<\/strong><span class=\"ez-toc-section-end\"><\/span><\/h3>\n<div class=\"rank-math-answer\">\n\n<p>S\u00ec, siete voi a caricare i vostri effetti personali nel container PODS. Questo aspetto di autocaricamento vi permette di imballare secondo i vostri ritmi e vi assicura che i vostri oggetti siano imballati esattamente come volete voi.<\/p>\n\n<\/div>\n<\/div>\n<\/div>\n<\/div>","protected":false},"excerpt":{"rendered":"<p>The stress of moving house can be exasperated by the need to load and unload a vehicle in the same day, leaving your new home full of boxes, making it hard for you to see the wood from the trees. An alternative method of shipment is to use PODS, portable containers that can be loaded [&hellip;]<\/p>\n","protected":false},"author":1,"featured_media":0,"parent":0,"menu_order":0,"comment_status":"closed","ping_status":"closed","template":"","meta":{"_genesis_hide_title":false,"_genesis_hide_breadcrumbs":false,"_genesis_hide_singular_image":false,"_genesis_hide_footer_widgets":false,"_genesis_custom_body_class":"","_genesis_custom_post_class":"","_genesis_layout":"","footnotes":""},"class_list":{"0":"post-17394","1":"page","2":"type-page","3":"status-publish","5":"entry"},"_links":{"self":[{"href":"https:\/\/moverdb.com\/it\/wp-json\/wp\/v2\/pages\/17394","targetHints":{"allow":["GET"]}}],"collection":[{"href":"https:\/\/moverdb.com\/it\/wp-json\/wp\/v2\/pages"}],"about":[{"href":"https:\/\/moverdb.com\/it\/wp-json\/wp\/v2\/types\/page"}],"author":[{"embeddable":true,"href":"https:\/\/moverdb.com\/it\/wp-json\/wp\/v2\/users\/1"}],"replies":[{"embeddable":true,"href":"https:\/\/moverdb.com\/it\/wp-json\/wp\/v2\/comments?post=17394"}],"version-history":[{"count":1,"href":"https:\/\/moverdb.com\/it\/wp-json\/wp\/v2\/pages\/17394\/revisions"}],"predecessor-version":[{"id":17395,"href":"https:\/\/moverdb.com\/it\/wp-json\/wp\/v2\/pages\/17394\/revisions\/17395"}],"wp:attachment":[{"href":"https:\/\/moverdb.com\/it\/wp-json\/wp\/v2\/media?parent=17394"}],"curies":[{"name":"wp","href":"https:\/\/api.w.org\/{rel}","templated":true}]}}