{"id":1684,"date":"2017-02-23T19:16:05","date_gmt":"2017-02-23T19:16:05","guid":{"rendered":"http:\/\/moverdb.com\/?page_id=1684"},"modified":"2026-01-08T14:45:54","modified_gmt":"2026-01-08T14:45:54","slug":"1-800-pack-rat","status":"publish","type":"page","link":"https:\/\/moverdb.com\/it\/1-800-pack-rat\/","title":{"rendered":"1-800-Pack-Rat - Recensioni sui traslochi internazionali"},"content":{"rendered":"<p>1-800-Pack-Rat offre ai suoi clienti un'opzione facile quando si tratta di traslochi. I dettagli sono elencati di seguito, insieme a un profilo aziendale e alle recensioni.<\/p>\n<p><strong>Traslochi a lunga distanza e locali<\/strong><\/p>\n<ul>\n<li> Consegnare il contenitore almeno 30 giorni prima del trasloco<\/li>\n<li> Contenitore autoconfezionato o impiegare imballatori professionisti<\/li>\n<li> Serratura del contenitore no-cut in omaggio<\/li>\n<li> Protezione del contenuto $10.000 in omaggio<\/li>\n<li> Opzione di stoccaggio lungo e corto<\/li>\n<li> Raccolta dei container e consegna a destinazione<\/li>\n<\/ul>\n<p><strong>Movimenti militari<\/strong><\/p>\n<ul>\n<li> Il personale militare pu\u00f2 scegliere un movimento procurato personalmente (PPM)<\/li>\n<li> Il governo rimborser\u00e0 95% di professionisti <a href=\"https:\/\/moverdb.com\/it\/costi-di-trasloco\/\">costi di trasloco<\/a><\/li>\n<li> Contenitore consegnato alla porta<\/li>\n<li> 30 giorni o pi\u00f9 per imballare<\/li>\n<li> <a href=\"https:\/\/moverdb.com\/it\/container-shipping\/\">Spedizione in container<\/a> alla nuova posizione<\/li>\n<\/ul>\n<p><strong>Stoccaggio<\/strong><\/p>\n<ul>\n<li> Sorveglianza video 24\/7<\/li>\n<li> Irrigatori automatici<\/li>\n<li> Clima controllato<\/li>\n<li> Facile accesso al sito<\/li>\n<li> Consegna senza problemi<\/li>\n<\/ul>\n<p><strong>Uso del contenitore<\/strong><\/p>\n<ul>\n<li> Restauro e bonifica<\/li>\n<li> Servizi dell'appaltatore<\/li>\n<li> Stoccaggio stagionale<\/li>\n<li> Servizi immobiliari<\/li>\n<li> Soccorso in caso di disastri<\/li>\n<li> Memorizzazione di eventi<\/li>\n<li> Stoccaggio al dettaglio e commerciale<\/li>\n<li> Compagnie di assicurazione<\/li>\n<li> Trasferimento aziendale o militare<\/li>\n<li> Soluzioni di trasporto e logistica<\/li>\n<\/ul>\n<h2>1-800-Pack-Rat Profilo dell'azienda<\/h2>\n<p>1-800-Pack-Rat dispone di numerose strutture nel <a href=\"https:\/\/moverdb.com\/it\/moving-to-the-united-states\/\" data-internallinksmanager029f6b8e52c=\"94\" title=\"Trasferirsi negli Stati Uniti? 2026 Costi di vita e consigli per il trasferimento\">Stati Uniti<\/a> e <a href=\"https:\/\/moverdb.com\/it\/moving-to-canada\/\" data-internallinksmanager029f6b8e52c=\"265\" title=\"Trasferirsi in Canada? 2026 Costi di vita e consigli per il trasferimento\">Canada<\/a>. L'azienda vanta un'esperienza di oltre 10 anni nell'immagazzinamento e nel trasloco di persone e aziende a livello locale e a lunga distanza.<\/p>\n<p>1-800-Pack-Rat ha i seguenti accreditamenti e affiliazioni:<\/p>\n<ul>\n<li> Nessuno mostrato sul sito web, anche se il <a href=\"https:\/\/moverdb.com\/it\/sono\/\" target=\"_blank\" rel=\"noopener\">Associazione internazionale dei traslocatori<\/a> li elenca nel loro elenco dei membri.<\/li>\n<\/ul>\n<h2>1-800-Pack-Rat Recensioni<\/h2>\n<p><strong>Positivo:<\/strong><\/p>\n<ul>\n<li> <em>\"\u00c8 stato meraviglioso non doversi preoccupare di questo aspetto del nostro trasferimento. L'intera esperienza, dalla mia telefonata iniziale, all'ottenimento di preventivi competitivi, alla programmazione online, al pagamento automatico e al rapporto con il personale competente e cordiale quando avevo delle domande, \u00e8 stata senza stress. Non ho ancora finito di disimballare, ma per ora tutto bene, le mie cose sono arrivate sane e salve\".<\/em> - Heather via <a href=\"https:\/\/www.1800packrat.com\/reviews\" target=\"_blank\" rel=\"noopener\">testimonianza del cliente<\/a><\/li>\n<li> <em>\"Abbiamo spostato tutti i nostri beni con 1-800-PACK-RAT e l'esperienza \u00e8 stata fantastica. Erano disponibili per le domande, anche di notte e sono stati gentili e cordiali. Hanno rispettato ogni scadenza, ci hanno permesso di imballare le nostre cose in un paio di giorni e poi, entro 10 giorni, le hanno portate nella nostra nuova sede\".<\/em> - tramite <a href=\"https:\/\/uk.trustpilot.com\/reviews\/58acb46d883cc60a283ce37e\" target=\"_blank\" rel=\"noopener\">TrustPilot<\/a><\/li>\n<li> <em>\"Di recente ho fatto un trasloco a distanza da <a href=\"https:\/\/moverdb.com\/it\/moving-to-the-united-states\/moving-to-california\/\" data-internallinksmanager029f6b8e52c=\"330\" title=\"Trasferirsi in California? 2026 Costi di vita e consigli per il trasferimento\">California<\/a> a <a href=\"https:\/\/moverdb.com\/it\/moving-to-the-united-states\/moving-to-florida\/\" data-internallinksmanager029f6b8e52c=\"331\" title=\"Trasferirsi in Florida? 2026 Costi di vita e consigli per il trasferimento\">Florida<\/a> utilizzando i magazzini Pack Rat. E li user\u00f2 ancora, sono stati puntuali dalla consegna al ritiro e Pack Rat \u00e8 stato pi\u00f9 economico di PODS\".<\/em> - Paolo via <a href=\"https:\/\/www.yelp.co.uk\/biz\/1-800-pack-rat-tampa?hrid=sQKUV3MPkChipe8OJiZIcQ&#038;utm_campaign=www_review_share_popup&#038;utm_medium=copy_link&#038;utm_source=(direct)\" target=\"_blank\" rel=\"noopener\">Yelp<\/a><\/li>\n<\/ul>\n<p><strong>Negativo:<\/strong><\/p>\n<ul>\n<li> <em>\"Sono un incubo. Nessuno l\u00ec sa cosa sta facendo l'altro\".<\/em> - Mia via <a href=\"https:\/\/www.yelp.com\/biz\/1-800-pack-rat-fremont?hrid=YhOaE8BWuhGeu6UpKuLVVQ&#038;utm_campaign=www_review_share_popup&#038;utm_medium=copy_link&#038;utm_source=(direct)\" target=\"_blank\" rel=\"noopener\">Yelp<\/a><\/li>\n<li> <em>\"Non sono stati in grado o pi\u00f9 che altro non hanno voluto nemmeno consegnare la capsula a casa mia. L'autista non ha misurato nulla. \u00c8 stato l\u00ec per 2 minuti e se n'\u00e8 andato. Quando ho chiamato il servizio clienti sono stati incredibilmente scortesi!<\/em> - Leila via <a href=\"https:\/\/www.bbb.org\/boston\/business-reviews\/storage-units-household-and-commercial\/1-800-pack-rat-in-foxboro-ma-116673\/reviews-and-complaints\" target=\"_blank\" rel=\"noopener\">BBB.org<\/a><\/li>\n<li> <em>\"Cos\u00ec arrabbiato con 1-800-PackRat\"<\/em> - tramite <a href=\"https:\/\/www.pissedconsumer.com\/company\/1800-pack-rat\/so-angry-with-1-800-packrat-20161024942159.html\" target=\"_blank\" rel=\"noopener\">Consumatore incazzato<\/a><\/li>\n<\/ul>\n<div itemprop=\"review\" itemscope itemtype=\"http:\/\/schema.org\/Review\">\n<span itemprop=\"author\" itemscope=\"\" itemtype=\"http:\/\/schema.org\/Organization\"><span itemprop=\"name\">MoverDB.com<\/span><\/span> Recensione del sito web online per <span itemprop=\"itemreviewed\" itemscope=\"\" itemtype=\"http:\/\/schema.org\/Brand\"><span itemprop=\"name\">1-800-Pack-Rat<\/span><\/span>:<\/p>\n<ol>\n<li> Dettagli di contatto chiari sul sito web (compreso il numero di telefono): <strong>S\u00ec<\/strong><\/li>\n<li> Facile da ottenere <a href=\"https:\/\/moverdb.com\/it\/citazioni\/\">citazioni in movimento<\/a>? (Modulo di richiesta di preventivo online): <strong>S\u00ec<\/strong><\/li>\n<li> Informazioni chiare sul sito web: <strong>S\u00ec,<\/strong> Il sito web delinea chiaramente tutti i servizi che l'azienda offre.<\/li>\n<li> Appartenenza a organizzazioni internazionali riconosciute per il movimento: <strong>S\u00ec<\/strong>, ma non elencati sul sito web.<\/li>\n<li> Elenco di clienti e\/o testimonianze di clienti precedenti: <strong>S\u00ec,<\/strong> ma le recensioni dal resto di internet sono molto contrastanti.<\/li>\n<\/ol>\n<div itemprop=\"reviewRating\" itemscope itemtype=\"http:\/\/schema.org\/Rating\"><meta itemprop=\"worstRating\" content = \"0\" \/><meta itemprop=\"bestRating\" content=\"5\" \/><meta itemprop=\"ratingValue\" content=\"4\"><\/div>\n<p><strong>Punteggio complessivo: 4\/5<\/strong><br \/>\n<strong>Data di revisione:<\/strong> <span itemprop=\"datePublished\" content=\"2017-02-23\">23\/02\/2017<\/span>\n<\/div>\n<p>Per saperne di pi\u00f9 <a href=\"https:\/\/moverdb.com\/it\/aziende-di-traslochi\/\">traslochi internazionali<\/a> e il nostro <a href=\"https:\/\/moverdb.com\/it\/recensioni\/\">processo di revisione<\/a>.<\/p>\n<p><strong>Sito web:<\/strong> <a href=\"https:\/\/www.1800packrat.com\/\" target=\"_blank\" rel=\"noopener\">https:\/\/www.1800packrat.com\/<\/a><\/p>","protected":false},"excerpt":{"rendered":"<p>1-800-Pack-Rat offers its customers an easy option when it comes to moving. The details are listed below, together with a company profile and reviews. Long Distance and Local Moves Deliver container at least 30 days prior to moving Self-pack container or employ professional packers Complimentary no-cut container lock Complimentary $10,000 contents protection Long and short [&hellip;]<\/p>\n","protected":false},"author":1,"featured_media":0,"parent":0,"menu_order":0,"comment_status":"closed","ping_status":"closed","template":"","meta":{"_genesis_hide_title":false,"_genesis_hide_breadcrumbs":false,"_genesis_hide_singular_image":false,"_genesis_hide_footer_widgets":false,"_genesis_custom_body_class":"","_genesis_custom_post_class":"","_genesis_layout":"","footnotes":""},"class_list":{"0":"post-1684","1":"page","2":"type-page","3":"status-publish","5":"entry"},"_links":{"self":[{"href":"https:\/\/moverdb.com\/it\/wp-json\/wp\/v2\/pages\/1684","targetHints":{"allow":["GET"]}}],"collection":[{"href":"https:\/\/moverdb.com\/it\/wp-json\/wp\/v2\/pages"}],"about":[{"href":"https:\/\/moverdb.com\/it\/wp-json\/wp\/v2\/types\/page"}],"author":[{"embeddable":true,"href":"https:\/\/moverdb.com\/it\/wp-json\/wp\/v2\/users\/1"}],"replies":[{"embeddable":true,"href":"https:\/\/moverdb.com\/it\/wp-json\/wp\/v2\/comments?post=1684"}],"version-history":[{"count":3,"href":"https:\/\/moverdb.com\/it\/wp-json\/wp\/v2\/pages\/1684\/revisions"}],"predecessor-version":[{"id":6165,"href":"https:\/\/moverdb.com\/it\/wp-json\/wp\/v2\/pages\/1684\/revisions\/6165"}],"wp:attachment":[{"href":"https:\/\/moverdb.com\/it\/wp-json\/wp\/v2\/media?parent=1684"}],"curies":[{"name":"wp","href":"https:\/\/api.w.org\/{rel}","templated":true}]}}