{"id":1680,"date":"2017-01-25T11:25:11","date_gmt":"2017-01-25T11:25:11","guid":{"rendered":"http:\/\/moverdb.com\/?page_id=1680"},"modified":"2026-01-08T14:47:26","modified_gmt":"2026-01-08T14:47:26","slug":"agilita","status":"publish","type":"page","link":"https:\/\/moverdb.com\/it\/agility\/","title":{"rendered":"Agility - International Moving &amp; Shipping Recensioni"},"content":{"rendered":"<p>Agility \u00e8 la pi\u00f9 grande logistica e <a href=\"https:\/\/moverdb.com\/it\/moving-companies\/\" data-internallinksmanager029f6b8e52c=\"79\" title=\"Le 25 migliori aziende di traslochi internazionali online\">azienda di traslochi<\/a> in Medio Oriente. Offre ai suoi clienti una vasta gamma di servizi che sono elencati di seguito, insieme a un profilo aziendale e alle recensioni. <strong>Si noti che Agility non trasporta merci per la casa o effetti personali per gli individui<\/strong>.<\/p>\n<p><strong>Spostamenti internazionali<\/strong><\/p>\n<ul>\n<li> Servizio porta a porta<\/li>\n<li> Trasporto marittimo o aereo<\/li>\n<li> Servizio di imballaggio esperto<\/li>\n<li> Servizio esperto di disimballaggio<\/li>\n<li> Rimozione dei detriti<\/li>\n<li> Gestire le questioni di intermediazione e sdoganamento doganale<\/li>\n<li> Supervisione in loco del carico di container speciali<\/li>\n<li> Stoccaggio a lungo e breve termine<\/li>\n<li> Assicurazione<\/li>\n<li> Imballaggio specializzato<\/li>\n<li> Manutenzione degli elettrodomestici<\/li>\n<li> Servizio tuttofare<\/li>\n<li> Elettricista<\/li>\n<li> Smontaggio e rimontaggio di mobili e merci<\/li>\n<li> Manipolazione speciale di articoli grandi e\/o fragili<\/li>\n<\/ul>\n<p><strong>Stoccaggio e distribuzione<\/strong><\/p>\n<ul>\n<li> Gestione a servizio completo<\/li>\n<li> Trasporto stradale, aereo e marittimo<\/li>\n<li> Flessibilit\u00e0 nelle dimensioni e nel tipo di impianto<\/li>\n<li> Gestire la pianificazione e il rifornimento dell'inventario end-to-end<\/li>\n<\/ul>\n<p><strong>Soluzioni per l'industria<\/strong><\/p>\n<ul>\n<li> Mosse automobilistiche<\/li>\n<li> Spostamenti chimici sicuri e affidabili<\/li>\n<li> Beni di consumo<\/li>\n<li> Spostamento di organizzazioni internazionali, governi, gruppi di soccorso e militari<\/li>\n<li> Spostamenti industriali<\/li>\n<li> Soluzioni logistiche per petrolio e gas<\/li>\n<li> Catena di approvvigionamento del settore farmaceutico e delle scienze della vita<\/li>\n<li> Tecnologia<\/li>\n<li> Movimenti di fiere ed eventi<\/li>\n<\/ul>\n<h2>Profilo aziendale di Agility<\/h2>\n<p>Agility \u00e8 una societ\u00e0 di logistica globale con sede a Sulaibiya, <a href=\"https:\/\/moverdb.com\/it\/moving-to-kuwait\/\" data-internallinksmanager029f6b8e52c=\"354\" title=\"Trasferirsi in Kuwait? 2026 Costi di vita e consigli per il trasferimento\">Kuwait<\/a>. Agility serve aziende, governi, agenzie di soccorso, forze armate e organizzazioni internazionali fornendo servizi di trasporto e stoccaggio, <a href=\"https:\/\/moverdb.com\/it\/spedizioniere\/\">trasporto merci<\/a> e soluzioni logistiche. L'azienda impiega pi\u00f9 di 22.000 persone e ha pi\u00f9 di 500 uffici sparsi in 100 paesi.<\/p>\n<p>Agility \u00e8 nata nel 1979 come azienda statale del Kuwait - Public Warehousing Co. Nel 1997 l'azienda \u00e8 stata privatizzata e Tarek Sultan Al Essa \u00e8 diventato presidente. Agility decise di spingersi in mercati non sfruttati, come l'Africa, l'Asia, il Medio Oriente e l'America Latina. L'azienda si espanse rapidamente acquistando oltre 40 societ\u00e0 di logistica e beni in tutto il mondo. <\/p>\n<p>Nel 2004, Agility era il pi\u00f9 grande fornitore di logistica del Medio Oriente. Fu solo nel 2006 che PWC divenne nota come Agility, con il suo nuovo slogan \"A New Logistics Leader\".<\/p>\n<p>Agility ha due rami di attivit\u00e0 - Agility Global Integrated Logistics e Agility Infrastructure. La prima fornisce ai suoi clienti soluzioni per la catena di approvvigionamento. Agility ha effettuato 2,14 milioni di spedizioni, servendo 60.500 clienti. L'azienda ha spostato 372.700 tonnellate di merci per via aerea e 513.100 TEU di merci per via aerea. Agility Infrastructure assiste i mercati emergenti nei problemi legati alla logistica.<\/p>\n<p>Agility restituisce fornendo supporto logistico pro bono in caso di disastri umanitari. Il suo personale sostiene anche le comunit\u00e0 locali<br \/>\n.<br \/>\nAgility ha le seguenti affiliazioni e accreditamenti:<\/p>\n<ul>\n<li> Non elencato sul sito web<\/li>\n<\/ul>\n<h2>Recensioni su Agility Moving<\/h2>\n<p><em>Si prega di notare che al momento della scrittura non abbiamo trovato alcuna recensione online per i servizi di trasloco di Agility.<\/em> <\/p>\n<div itemprop=\"review\" itemscope itemtype=\"http:\/\/schema.org\/Review\">\n<span itemprop=\"author\" itemscope=\"\" itemtype=\"http:\/\/schema.org\/Organization\"><span itemprop=\"name\">MoverDB.com<\/span><\/span> Recensione del sito web online per <span itemprop=\"itemreviewed\" itemscope=\"\" itemtype=\"http:\/\/schema.org\/Brand\"><span itemprop=\"name\">Agilit\u00e0 in movimento<\/span><\/span>:<\/p>\n<ol>\n<li> Dettagli di contatto chiari sul sito web (compreso il numero di telefono): <strong>S\u00ec<\/strong><\/li>\n<li> Facile da ottenere <a href=\"https:\/\/moverdb.com\/it\/citazioni\/\">preventivi di trasloco internazionale<\/a>? (Modulo di richiesta di preventivo online): <strong>S\u00ec<\/strong><\/li>\n<li> Informazioni chiare sul sito web: <strong>S\u00ec,<\/strong> Gli elenchi dei servizi che offrono.<\/li>\n<li> Appartenenza a organizzazioni internazionali riconosciute per il movimento: <strong>Non elencato sul sito web<\/strong><\/li>\n<li> Elenco di clienti e\/o testimonianze di clienti precedenti. <strong>S\u00ec,<\/strong> Ci sono resoconti dettagliati di varie mosse specializzate sul sito web.<\/li>\n<\/ol>\n<div itemprop=\"reviewRating\" itemscope itemtype=\"http:\/\/schema.org\/Rating\"><meta itemprop=\"worstRating\" content = \"0\" \/><meta itemprop=\"bestRating\" content=\"5\" \/><meta itemprop=\"ratingValue\" content=\"4\"><\/div>\n<p><strong>Punteggio complessivo: 4\/5<\/strong><br \/>\n<strong>Data di revisione:<\/strong> <span itemprop=\"datePublished\" content=\"2017-01-25\">25\/01\/2017<\/span>\n<\/div>\n<p>Per saperne di pi\u00f9 <a href=\"https:\/\/moverdb.com\/it\/aziende-di-traslochi\/\">migliori traslochi internazionali<\/a> e il nostro <a href=\"https:\/\/moverdb.com\/it\/recensioni\/\">processo di revisione<\/a>.<\/p>\n<p><strong>Siti web:<\/strong> <a href=\"http:\/\/www.agility.com\/EN\/products-and-services\/Pages\/Household-Goods-Movement.aspx\" target=\"_blank\" rel=\"noopener\">Agilit\u00e0 Movimento di merci per la casa<\/a><\/p>","protected":false},"excerpt":{"rendered":"<p>Agility is the largest logistics and moving company in the Middle East. It offers its customers a wide range of services which are listed below, together with a company profile and reviews. Note that Agility does not move household goods or personal effects for individuals. International Moves Door to door service Sea freight or airfreight [&hellip;]<\/p>\n","protected":false},"author":1,"featured_media":0,"parent":0,"menu_order":0,"comment_status":"closed","ping_status":"closed","template":"","meta":{"_genesis_hide_title":false,"_genesis_hide_breadcrumbs":false,"_genesis_hide_singular_image":false,"_genesis_hide_footer_widgets":false,"_genesis_custom_body_class":"","_genesis_custom_post_class":"","_genesis_layout":"","footnotes":""},"class_list":{"0":"post-1680","1":"page","2":"type-page","3":"status-publish","5":"entry"},"_links":{"self":[{"href":"https:\/\/moverdb.com\/it\/wp-json\/wp\/v2\/pages\/1680","targetHints":{"allow":["GET"]}}],"collection":[{"href":"https:\/\/moverdb.com\/it\/wp-json\/wp\/v2\/pages"}],"about":[{"href":"https:\/\/moverdb.com\/it\/wp-json\/wp\/v2\/types\/page"}],"author":[{"embeddable":true,"href":"https:\/\/moverdb.com\/it\/wp-json\/wp\/v2\/users\/1"}],"replies":[{"embeddable":true,"href":"https:\/\/moverdb.com\/it\/wp-json\/wp\/v2\/comments?post=1680"}],"version-history":[{"count":3,"href":"https:\/\/moverdb.com\/it\/wp-json\/wp\/v2\/pages\/1680\/revisions"}],"predecessor-version":[{"id":6167,"href":"https:\/\/moverdb.com\/it\/wp-json\/wp\/v2\/pages\/1680\/revisions\/6167"}],"wp:attachment":[{"href":"https:\/\/moverdb.com\/it\/wp-json\/wp\/v2\/media?parent=1680"}],"curies":[{"name":"wp","href":"https:\/\/api.w.org\/{rel}","templated":true}]}}