{"id":1650,"date":"2017-04-24T10:40:56","date_gmt":"2017-04-24T10:40:56","guid":{"rendered":"http:\/\/moverdb.com\/?page_id=1650"},"modified":"2026-01-08T14:48:05","modified_gmt":"2026-01-08T14:48:05","slug":"cosco-shipping","status":"publish","type":"page","link":"https:\/\/moverdb.com\/it\/cosco-shipping\/","title":{"rendered":"COSCO Shipping Lines - Servizi internazionali e recensioni"},"content":{"rendered":"<p>COSCO Shipping Lines (<a href=\"https:\/\/moverdb.com\/it\/moving-to-china\/\" data-internallinksmanager029f6b8e52c=\"357\" title=\"Trasferirsi in Cina? 2026 Costi di vita e consigli per il trasferimento\">Cina<\/a> Ocean Shipping (Group) Company) offre ai suoi clienti un'ampia gamma di servizi. Questi sono elencati di seguito insieme a un profilo aziendale e alle recensioni.<\/p>\n<p><strong><a href=\"https:\/\/moverdb.com\/it\/container-shipping\/\" data-internallinksmanager029f6b8e52c=\"3\" title=\"Grafico delle tariffe di trasporto internazionale dei container: Aprile 2026\">Spedizione in container<\/a><\/strong><\/p>\n<ul>\n<li> Flotta navale - 170 moderne navi container<\/li>\n<li> Rotte di servizio - 84 rotte di trasporto internazionale e 23 nazionali<\/li>\n<li> Rete globale<\/li>\n<li> 22.000 contenitori refrigerati<\/li>\n<\/ul>\n<p><strong>Spedizione di carichi alla rinfusa secchi<\/strong><\/p>\n<ul>\n<li> Flotta navale - 380 navi, capacit\u00e0 di trasporto 34 milioni di DWT<\/li>\n<li> Minerale di ferro<\/li>\n<li> Carbone<\/li>\n<li> Grano<\/li>\n<li> Acciaio<\/li>\n<li> Altri carichi alla rinfusa<\/li>\n<li> 1,000 <a href=\"https:\/\/moverdb.com\/it\/top-49-container-ports\/\" data-internallinksmanager029f6b8e52c=\"80\" title=\"I 49 porti container pi\u00f9 grandi e trafficati nel 2025\">porte<\/a> in oltre 100 paesi<\/li>\n<li> Sistema di sincronizzazione nave-costa<\/li>\n<\/ul>\n<p><strong>Trasporto di petrolio e gas<\/strong><\/p>\n<ul>\n<li> Spedire in oltre 300 porti in tutto il mondo<\/li>\n<li> Petrolio greggio<\/li>\n<li> Olio di prodotto<\/li>\n<li> GPL e GNL<\/li>\n<\/ul>\n<p><strong>Trasporto specializzato e generale di merci<\/strong><\/p>\n<ul>\n<li> Navi di sollevamento pesante multiuso<\/li>\n<li> Navi semisommergibili<\/li>\n<li> Navi d'asfalto<\/li>\n<li> Portatori di legname<\/li>\n<li> Trasportatori di auto<\/li>\n<\/ul>\n<p><strong>Settore finanziario navale<\/strong><\/p>\n<ul>\n<li> Noleggio di navi<\/li>\n<li> Leasing di container<\/li>\n<li> Strutture di stoccaggio del terminale<\/li>\n<li> Assicurazione sulla spedizione<\/li>\n<\/ul>\n<p><strong>Servizi di linea per passeggeri<\/strong><\/p>\n<ul>\n<li> Costa interna cinese<\/li>\n<li> Cina - <a href=\"https:\/\/moverdb.com\/it\/moving-to-japan\/\" data-internallinksmanager029f6b8e52c=\"342\" title=\"Trasferirsi in Giappone? 2026 Costi di vita e consigli per il trasferimento\">Giappone<\/a><\/li>\n<li> Cina - Corea<\/li>\n<li> Taiwan continentale<\/li>\n<\/ul>\n<h2>Profilo della societ\u00e0 COSCO Shipping Lines<\/h2>\n<p>China Ocean Shipping (Group) Company \u00e8 di propriet\u00e0 del governo cinese e ha la sua sede centrale a Shanghai. COSCO \u00e8 il pi\u00f9 grande trasportatore di rinfuse secche in Cina e si colloca tra i pi\u00f9 grandi al mondo. Ha un totale di 1.114 navi, con una capacit\u00e0 di 85,32 milioni di DWT. Possiede anche 46 terminal container in tutto il mondo con 190 posti barca.<\/p>\n<p>Nel febbraio 2016, il gruppo COSCO si \u00e8 fuso con China Shipping Group, formando cos\u00ec China COSCO Shipping Corporation. Si tratta di una societ\u00e0 diversificata che fornisce servizi di spedizione, costruzione e riparazione di navi, gestione di terminal e produzione di container, per citare solo alcuni dei loro interessi.<\/p>\n<p>China COSCO Shipping Corporation Ltd ha i seguenti accreditamenti e affiliazioni:<\/p>\n<ul>\n<li> Certificato internazionale di sicurezza della nave<\/li>\n<li> Certificato di gestione della sicurezza<\/li>\n<li> Certificato di accreditamento del sistema di gestione<\/li>\n<li> Accreditamento del sistema di gestione ambientale<\/li>\n<li> Accreditamento del sistema di gestione della sicurezza sul lavoro<\/li>\n<li> Certificato di gestione dell'efficienza energetica dell'azienda<\/li>\n<\/ul>\n<h2>COSCO Shipping Lines Recensioni<\/h2>\n<p>Al momento della pubblicazione non abbiamo trovato nessuna recensione positiva o negativa dei servizi di COSCO Shipping Lines.<\/p>\n<div itemprop=\"review\" itemscope itemtype=\"http:\/\/schema.org\/Review\">\n<strong><span itemprop=\"author\" itemscope=\"\" itemtype=\"http:\/\/schema.org\/Organization\"><span itemprop=\"name\">MoverDB.com<\/span><\/span> Recensione del sito web online per <span itemprop=\"itemreviewed\" itemscope=\"\" itemtype=\"http:\/\/schema.org\/Brand\"><span itemprop=\"name\">Linee di navigazione COSCO<\/span><\/span>:<\/strong><\/p>\n<ol>\n<li> Dettagli di contatto chiari sul sito web (compreso il numero di telefono): <strong>S\u00ec<\/strong><\/li>\n<li> \u00c8 facile ottenere preventivi di spedizione internazionale? (Modulo di richiesta di preventivo online): <strong>S\u00ec<\/strong>Offrono un servizio di preventivi online e anche un servizio di e-business per seguire le vostre spedizioni.<\/li>\n<li> Informazioni chiare sul sito web: <strong>Parziale,<\/strong> il sito web ha un sacco di informazioni ma non \u00e8 il pi\u00f9 facile da usare.<\/li>\n<li> Appartenenza a organizzazioni di spedizione riconosciute a livello internazionale: <strong>S\u00ec<\/strong><\/li>\n<li> Elenco di clienti e\/o testimonianze di clienti precedenti. <strong>No,<\/strong> non siamo riusciti a trovarne al momento della pubblicazione.<\/li>\n<\/ol>\n<div itemprop=\"reviewRating\" itemscope itemtype=\"http:\/\/schema.org\/Rating\"><meta itemprop=\"worstRating\" content = \"0\" \/><meta itemprop=\"bestRating\" content=\"5\" \/><meta itemprop=\"ratingValue\" content=\"3.5\"><\/div>\n<p><strong>Punteggio complessivo: 3,5\/5<\/strong><br \/>\n<strong>Data di revisione:<\/strong> <span itemprop=\"datePublished\" content=\"2017-04-24\">24\/04\/2017<\/span>\n<\/div>\n<p>Pi\u00f9 su altri <a href=\"https:\/\/moverdb.com\/it\/compagnie-di-navigazione\/\">compagnie di trasporto internazionale<\/a>, <a href=\"https:\/\/moverdb.com\/it\/container-shipping\/\">tariffe di spedizione dei container<\/a> e il nostro <a href=\"https:\/\/moverdb.com\/it\/recensioni\/\">processo di revisione<\/a>.<\/p>\n<p><strong>Sito web:<\/strong> <a href=\"http:\/\/lines.coscoshipping.com\/home.do\" target=\"_blank\" rel=\"noopener\">http:\/\/lines.coscoshipping.com\/home.do<\/a><\/p>","protected":false},"excerpt":{"rendered":"<p>COSCO Shipping Lines (China Ocean Shipping (Group) Company) offers its clients a wide array of services. These are listed below together with a company profile and reviews. Container Shipping Vessel fleet &#8211; 170 modern container vessels Service routes &#8211; 84 international shipping routes and 23 domestic Global network 22,000 refrigerated containers Dry Bulk Cargo Shipping [&hellip;]<\/p>\n","protected":false},"author":1,"featured_media":0,"parent":0,"menu_order":0,"comment_status":"closed","ping_status":"closed","template":"","meta":{"_genesis_hide_title":false,"_genesis_hide_breadcrumbs":false,"_genesis_hide_singular_image":false,"_genesis_hide_footer_widgets":false,"_genesis_custom_body_class":"","_genesis_custom_post_class":"","_genesis_layout":"","footnotes":""},"class_list":{"0":"post-1650","1":"page","2":"type-page","3":"status-publish","5":"entry"},"_links":{"self":[{"href":"https:\/\/moverdb.com\/it\/wp-json\/wp\/v2\/pages\/1650","targetHints":{"allow":["GET"]}}],"collection":[{"href":"https:\/\/moverdb.com\/it\/wp-json\/wp\/v2\/pages"}],"about":[{"href":"https:\/\/moverdb.com\/it\/wp-json\/wp\/v2\/types\/page"}],"author":[{"embeddable":true,"href":"https:\/\/moverdb.com\/it\/wp-json\/wp\/v2\/users\/1"}],"replies":[{"embeddable":true,"href":"https:\/\/moverdb.com\/it\/wp-json\/wp\/v2\/comments?post=1650"}],"version-history":[{"count":3,"href":"https:\/\/moverdb.com\/it\/wp-json\/wp\/v2\/pages\/1650\/revisions"}],"predecessor-version":[{"id":6196,"href":"https:\/\/moverdb.com\/it\/wp-json\/wp\/v2\/pages\/1650\/revisions\/6196"}],"wp:attachment":[{"href":"https:\/\/moverdb.com\/it\/wp-json\/wp\/v2\/media?parent=1650"}],"curies":[{"name":"wp","href":"https:\/\/api.w.org\/{rel}","templated":true}]}}