{"id":1648,"date":"2017-04-21T14:26:25","date_gmt":"2017-04-21T14:26:25","guid":{"rendered":"http:\/\/moverdb.com\/?page_id=1648"},"modified":"2026-01-08T14:47:58","modified_gmt":"2026-01-08T14:47:58","slug":"cma-cgm","status":"publish","type":"page","link":"https:\/\/moverdb.com\/it\/cma-cgm\/","title":{"rendered":"Gruppo CMA CGM - Servizi di spedizione internazionale e recensioni"},"content":{"rendered":"<p>CMA CGM Group offre ai suoi clienti una vasta gamma di soluzioni di spedizione e logistica. Queste sono elencate di seguito insieme a un profilo aziendale e alle recensioni.<\/p>\n<h3>Spedizione internazionale<\/h3>\n<p><strong>Contenitori asciutti<\/strong><\/p>\n<ul>\n<li> Contenitori di uso generale (20'\/40'\/40\u2032 HC\/45\u2032 HC);<\/li>\n<li> Contenitori di larghezza pallet (40\u2032 HC PW\/45\u2032 HC PW);<\/li>\n<li> Contenitori specializzati (flat-rack, open-top, open-side, piattaforma, cisterna, ecc.)<\/li>\n<li> Servizio personalizzato<\/li>\n<\/ul>\n<p><strong>Contenitori Reefer<\/strong><\/p>\n<ul>\n<li> 20\u2032 RE\/40\u2032 RH Contenitori Reefer,<\/li>\n<li> La pi\u00f9 grande flotta del mercato di container larghi 45\u2032 RH Pallet, dedicata al commercio intraeuropeo.<\/li>\n<li> Reparto dedicato<\/li>\n<\/ul>\n<p><strong>XXL Cargo<\/strong><\/p>\n<ul>\n<li> Spedisce carichi con dimensioni e pesi non standard<\/li>\n<li> Auto di lusso<\/li>\n<li> Elicotteri<\/li>\n<li> Grandi macchinari<\/li>\n<li> Carrozze ferroviarie<\/li>\n<li> Turbine e generatori sovradimensionati<\/li>\n<li> Competenza nel trasporto di carichi breakbulk<\/li>\n<\/ul>\n<p><strong>Inland - Servizi intermodali - Ogni continente<\/strong><\/p>\n<ul>\n<li> Servizio completo porta a porta<\/li>\n<li> Soluzioni interne su misura - (ferrovia, strada e fiume)<\/li>\n<li> Ottimizzare la catena di approvvigionamento con opportunit\u00e0 di risparmio dei costi porta a porta<\/li>\n<li> Attraente detenzione e controstallia specifica<\/li>\n<li> Monitoraggio accurato per consegne puntuali<\/li>\n<li> Prenotazione facile e follow-up tramite un<a>piattaforma e-business<\/a><\/li>\n<\/ul>\n<p><strong>AQUAVIVA - Spedizione di aragoste vive<\/strong><\/p>\n<ul>\n<li> Servizio porta a porta<\/li>\n<li> Nuova alternativa al congelamento e al costoso trasporto aereo<\/li>\n<li> Mantiene l'habitat naturale dell'aragosta<\/li>\n<li> Garantisce la freschezza del primo giorno e la qualit\u00e0 anche per una lunga conservazione<\/li>\n<li> Rispettoso dell'ambiente<\/li>\n<\/ul>\n<p><strong>RORO (Roll on Roll off)<\/strong><\/p>\n<ul>\n<li> <strong><a href=\"https:\/\/moverdb.com\/it\/moving-companies\/algeria\/\" data-internallinksmanager029f6b8e52c=\"166\" title=\"Le 3 migliori imprese di traslochi internazionali in Algeria\">Algeria<\/a><\/strong>un servizio per Mostaganem e Orano e un servizio per B\u00e9ja<\/li>\n<li> <strong><a href=\"https:\/\/moverdb.com\/it\/moving-companies\/moving-companies-morocco\/\" data-internallinksmanager029f6b8e52c=\"287\" title=\"Le 4 migliori imprese di traslochi internazionali in Marocco\">Marocco<\/a><\/strong>: un servizio a Casablanca<\/li>\n<li> <strong>Tunisia<\/strong>: un servizio a Rades e La Goulette<\/li>\n<\/ul>\n<p><strong>Crociere Cargo<\/strong><\/p>\n<ul>\n<li> Condividere la vita quotidiana con l'equipaggio<\/li>\n<li> 170 linee marittime, 450 <a href=\"https:\/\/moverdb.com\/it\/top-49-container-ports\/\" data-internallinksmanager029f6b8e52c=\"80\" title=\"I 49 porti container pi\u00f9 grandi e trafficati nel 2025\">porte<\/a> e 150 paesi<\/li>\n<li> Prenota per qualche giorno o qualche mese<\/li>\n<li> Andare a terra per un giorno o una settimana e prendere la prossima nave<\/li>\n<\/ul>\n<h2>Profilo aziendale del gruppo CMA CGM<\/h2>\n<p>Il gruppo CMA CGM \u00e8 stato fondato a Marsiglia da Jacques R. Saad\u00e9 nel 1978 che ha dato vita alla Compagnie Maritime d'Affr\u00e8tement (CMA). La CMA aveva una nave e quattro dipendenti che lavoravano su una linea di navigazione tra Beirut, Lattakia, Marsiglia e Livorno. <\/p>\n<p>Nel 1980 CMA ha due navi, un personale di 65 persone e ha aperto uffici in Europa. Nel 1983 CMA ha iniziato il suo servizio multimodale, permettendo di spedire le merci da porta a porta.<\/p>\n<p>Nel 1999 CGM e CMA si sono fuse, facendo diventare la compagnia numero 12 al mondo. Nel 2003, la compagnia era salita al 5<sup>il<\/sup> posizione. Il 2006 ha visto CMA CGM diventare il 3<sup>rd<\/sup> pi\u00f9 grande <a href=\"https:\/\/moverdb.com\/it\/compagnie-di-navigazione\/\" target=\"_blank\" rel=\"noopener\">azienda di spedizione e trasporto di container<\/a>che rimane fino ad oggi.<\/p>\n<p>Oggi il gruppo CMA CGM impiega quasi 25.000 persone a livello globale e dispone di 64 uffici e agenzie in tutto il mondo. Ha due sedi principali, una a Marsiglia e una a Norfolk, <a href=\"https:\/\/moverdb.com\/it\/moving-to-the-united-states\/moving-to-virginia\/\" data-internallinksmanager029f6b8e52c=\"442\" title=\"Trasferirsi in Virginia? 2026 Costi della vita e consigli per il trasferimento\">Virginia<\/a>. La compagnia opera su 170 linee marittime e fa scalo in 450 porti di 150 Paesi. Attualmente \u00e8 la terza pi\u00f9 grande <a href=\"https:\/\/moverdb.com\/it\/shipping-companies\/\" data-internallinksmanager029f6b8e52c=\"4\" title=\"Le 10 migliori compagnie di spedizione internazionale di container\">compagnia di navigazione<\/a> nel mondo e ha una flotta di 428 navi.<\/p>\n<p>CMA CGM ha i seguenti accreditamenti e affiliazioni:<\/p>\n<ul>\n<li> Certificato internazionale di sicurezza della nave (ISSC)<\/li>\n<li> Certificato di gestione della sicurezza (SMC)<\/li>\n<li> Convenzione sul lavoro marittimo (MLC)<\/li>\n<li> <a href=\"https:\/\/moverdb.com\/it\/world-shipping-council\/\">Consiglio mondiale delle spedizioni<\/a> (<a href=\"https:\/\/moverdb.com\/it\/world-shipping-council\/\" data-internallinksmanager029f6b8e52c=\"82\" title=\"Spiegazione del World Shipping Council (WSC)\">WSC<\/a>)<\/li>\n<\/ul>\n<h2>Recensioni del gruppo CMA CGM<\/h2>\n<p><em>Al momento non abbiamo trovato online nessuna recensione per i servizi di spedizione di CMA CGM Group.<\/em><\/p>\n<div itemprop=\"review\" itemscope itemtype=\"http:\/\/schema.org\/Review\">\n<strong><span itemprop=\"author\" itemscope=\"\" itemtype=\"http:\/\/schema.org\/Organization\"><span itemprop=\"name\">MoverDB.com<\/span><\/span> Recensione del sito web online per <span itemprop=\"itemreviewed\" itemscope=\"\" itemtype=\"http:\/\/schema.org\/Brand\"><span itemprop=\"name\">Gruppo CMA CGM<\/span><\/span>:<\/strong><\/p>\n<ol>\n<li> Dettagli di contatto chiari sul sito web (compreso il numero di telefono): <strong>S\u00ec<\/strong><\/li>\n<li> Facile da ottenere <a href=\"https:\/\/moverdb.com\/it\/container-shipping\/\" data-internallinksmanager029f6b8e52c=\"3\" title=\"Grafico delle tariffe di trasporto internazionale dei container: Aprile 2026\">spedizione internazionale<\/a> preventivi? (Modulo di richiesta di preventivo online): <strong>No<\/strong>Sembra che ci si debba registrare per ottenere dei preventivi.<\/li>\n<li> Informazioni chiare sul sito web: <strong>S\u00ec,<\/strong> il sito web ha informazioni dettagliate su tutti i loro servizi.<\/li>\n<li> Appartenenza a organizzazioni di spedizione riconosciute a livello internazionale: <strong>S\u00ec<\/strong><\/li>\n<li> Elenco di clienti e\/o testimonianze di clienti precedenti. <strong>No,<\/strong> non ce ne sono elencati sul loro sito web.<\/li>\n<\/ol>\n<div itemprop=\"reviewRating\" itemscope itemtype=\"http:\/\/schema.org\/Rating\"><meta itemprop=\"worstRating\" content = \"0\" \/><meta itemprop=\"bestRating\" content=\"5\" \/><meta itemprop=\"ratingValue\" content=\"3.5\"><\/div>\n<p><strong>Punteggio complessivo: 3,5\/5<\/strong><br \/>\n<strong>Data di revisione:<\/strong> <span itemprop=\"datePublished\" content=\"2017-04-21\">21\/04\/2017<\/span>\n<\/div>\n<p>Pi\u00f9 su altri <a href=\"https:\/\/moverdb.com\/it\/compagnie-di-navigazione\/\">compagnie di trasporto internazionale<\/a>, <a href=\"https:\/\/moverdb.com\/it\/container-shipping\/\">tariffe di spedizione dei container<\/a> e il nostro <a href=\"https:\/\/moverdb.com\/it\/recensioni\/\">processo di revisione<\/a>.<\/p>\n<p><strong>Sito web:<\/strong> <a href=\"http:\/\/www.cma-cgm.com\/\" target=\"_blank\" rel=\"noopener\">http:\/\/www.cma-cgm.com\/<\/a><\/p>","protected":false},"excerpt":{"rendered":"<p>CMA CGM Group offers its clients a wide range of shipping and logistics solutions. These are listed below together with a company profile and reviews. International Shipping Dry Containers General-use containers (20&#8217;\/40&#8217;\/40&#8242; HC\/45&#8242; HC); Pallet wide containers (40&#8242; HC PW\/45&#8242; HC PW); Specialised containers (flat-rack, open-top, open-side, platform, tank, etc.) Personalised service Reefer Containers 20&#8242; [&hellip;]<\/p>\n","protected":false},"author":1,"featured_media":0,"parent":0,"menu_order":0,"comment_status":"closed","ping_status":"closed","template":"","meta":{"_genesis_hide_title":false,"_genesis_hide_breadcrumbs":false,"_genesis_hide_singular_image":false,"_genesis_hide_footer_widgets":false,"_genesis_custom_body_class":"","_genesis_custom_post_class":"","_genesis_layout":"","footnotes":""},"class_list":{"0":"post-1648","1":"page","2":"type-page","3":"status-publish","5":"entry"},"_links":{"self":[{"href":"https:\/\/moverdb.com\/it\/wp-json\/wp\/v2\/pages\/1648","targetHints":{"allow":["GET"]}}],"collection":[{"href":"https:\/\/moverdb.com\/it\/wp-json\/wp\/v2\/pages"}],"about":[{"href":"https:\/\/moverdb.com\/it\/wp-json\/wp\/v2\/types\/page"}],"author":[{"embeddable":true,"href":"https:\/\/moverdb.com\/it\/wp-json\/wp\/v2\/users\/1"}],"replies":[{"embeddable":true,"href":"https:\/\/moverdb.com\/it\/wp-json\/wp\/v2\/comments?post=1648"}],"version-history":[{"count":5,"href":"https:\/\/moverdb.com\/it\/wp-json\/wp\/v2\/pages\/1648\/revisions"}],"predecessor-version":[{"id":6192,"href":"https:\/\/moverdb.com\/it\/wp-json\/wp\/v2\/pages\/1648\/revisions\/6192"}],"wp:attachment":[{"href":"https:\/\/moverdb.com\/it\/wp-json\/wp\/v2\/media?parent=1648"}],"curies":[{"name":"wp","href":"https:\/\/api.w.org\/{rel}","templated":true}]}}