{"id":1644,"date":"2017-02-23T09:28:26","date_gmt":"2017-02-23T09:28:26","guid":{"rendered":"http:\/\/moverdb.com\/?page_id=1644"},"modified":"2026-01-08T14:48:02","modified_gmt":"2026-01-08T14:48:02","slug":"conroy-removals","status":"publish","type":"page","link":"https:\/\/moverdb.com\/it\/conroy-removals\/","title":{"rendered":"Conroy Removals - Recensioni sui traslochi internazionali"},"content":{"rendered":"<p>Conroy Removals offre ai suoi clienti un'ampia gamma di servizi di trasloco in entrambi i settori. <a href=\"https:\/\/moverdb.com\/it\/moving-to-australia\/living-in-australia\/\" data-internallinksmanager029f6b8e52c=\"240\" title=\"21 segreti su come vivere in Australia da conoscere prima di trasferirsi\">Australia<\/a> e <a href=\"https:\/\/moverdb.com\/it\/moving-to-new-zealand\/\" data-internallinksmanager029f6b8e52c=\"324\" title=\"Trasferirsi in Nuova Zelanda? 2026 Costi di vita e consigli per il trasferimento\">Nuova Zelanda<\/a>. Di seguito sono elencati, insieme a un profilo aziendale e a recensioni.<\/p>\n<p><strong><a href=\"https:\/\/moverdb.com\/it\/international-removals\/\" data-internallinksmanager029f6b8e52c=\"27\" title=\"36 Migliori aziende di traslochi internazionali del Regno Unito\">Traslochi internazionali<\/a><\/strong><\/p>\n<ul>\n<li> Coordinatore personale di traslochi<\/li>\n<li> Porta a porta<\/li>\n<li> Servizio completo di imballaggio, imballaggio parziale e imballaggio fai da te<\/li>\n<li> Smontaggio e rimontaggio di mobili<\/li>\n<li> <a href=\"https:\/\/moverdb.com\/it\/auto-trasporto-spedizione\/\">Spedizione di automobili<\/a>, moto, barche e rimorchi<\/li>\n<li> Trasporto marittimo - <a href=\"https:\/\/moverdb.com\/it\/container-shipping\/\">Spedizione di container FCL\/LCL<\/a><\/li>\n<li> Trasporto aereo<\/li>\n<li> Deposito a lungo e a breve termine disponibile<\/li>\n<li> Servizio di disimballaggio completo disponibile<\/li>\n<li> Rimozione dei detriti<\/li>\n<li> Sdoganamento e assistenza con la documentazione necessaria<\/li>\n<li> Assicurazione organizzata<\/li>\n<li> Servizi di cambio<\/li>\n<\/ul>\n<p><strong>Traslochi interstatali, a lunga distanza e locali<\/strong><\/p>\n<ul>\n<li> Esperto di rimozione dedicato<\/li>\n<li> Porta a porta<\/li>\n<li> Variet\u00e0 di pacchetti disponibili<\/li>\n<li> Servizio di imballaggio completo, oggetti fragili o imballaggio fai da te<\/li>\n<li> Smontaggio e rimontaggio di mobili<\/li>\n<li> Deposito a lungo e a breve termine disponibile<\/li>\n<li> Servizio di disimballaggio disponibile<\/li>\n<li> Assicurazione organizzata<\/li>\n<\/ul>\n<p><strong>Trasferimenti aziendali<\/strong><\/p>\n<ul>\n<li> Rimozione di beni di famiglia<\/li>\n<li> Ricerca della casa<\/li>\n<li> Ricerca della scuola<\/li>\n<li> Orientamento<\/li>\n<li> Formazione linguistica<\/li>\n<li> Alloggio a breve termine<\/li>\n<li> <a href=\"https:\/\/moverdb.com\/it\/auto-trasporto-spedizione\/\">Trasporto e spedizione di veicoli a motore<\/a><\/li>\n<li> Trasporto di animali domestici<\/li>\n<li> Pulizia della casa<\/li>\n<li> Disimballaggio del valletto<\/li>\n<li> Scambio con l'estero<\/li>\n<\/ul>\n<h2>Profilo dell'azienda Conroy Removals<\/h2>\n<p>Conroy Removals of Australia and New Zealand ha iniziato nel 1972. Hanno filiali in tutta l'Australia e la Nuova Zelanda e si considerano la prima azienda di traslochi della regione. Conroy ha una vasta rete di partner e affiliati nazionali e internazionali, dando all'azienda accesso a oltre 350 partner internazionali.<\/p>\n<p>L'azienda si dedica a ridurre la sua impronta di carbonio riducendo, riutilizzando e riciclando. \u00c8 anche sicura che i suoi dipendenti sono ben addestrati e fiduciosi nella loro capacit\u00e0 di fornire un servizio eccellente in tutto ci\u00f2 che fanno.<\/p>\n<p>Conroy Removals (Australia e Nuova Zelanda) ha i seguenti accreditamenti e affiliazioni:<\/p>\n<ul>\n<li> <a href=\"https:\/\/moverdb.com\/it\/sono\/\">Associazione internazionale dei traslocatori<\/a> (<a href=\"https:\/\/moverdb.com\/it\/iam\/\" data-internallinksmanager029f6b8e52c=\"23\" title=\"Spiegazione dell&#039;Associazione Internazionale dei Traslocatori (IAM)\">IAM<\/a>)<\/li>\n<li> <a href=\"https:\/\/moverdb.com\/it\/british-association-of-removers\/\">Associazione britannica dei traslocatori<\/a> (<a href=\"https:\/\/moverdb.com\/it\/british-association-of-removers\/\" data-internallinksmanager029f6b8e52c=\"9\" title=\"La British Association of Removers (BAR) spiegata\">BAR<\/a>)<\/li>\n<li> <a href=\"https:\/\/moverdb.com\/it\/afra\/\">Associazione australiana dei traslocatori di mobili<\/a> (<a href=\"https:\/\/moverdb.com\/it\/afra\/\" data-internallinksmanager029f6b8e52c=\"7\" title=\"L&#039;Associazione australiana dei traslocatori di mobili (AFRA) spiegata\">AFRA<\/a>)<\/li>\n<li> <a href=\"https:\/\/moverdb.com\/it\/aima\/\">Associazione australiana dei traslocatori internazionali<\/a> (<a href=\"https:\/\/moverdb.com\/it\/aima\/\" data-internallinksmanager029f6b8e52c=\"8\" title=\"Spiegazione dell&#039;Australian International Movers Association (AIMA)\">AIMA<\/a>)<\/li>\n<li> Associazione sudafricana dei traslocatori internazionali (SAIMA)<\/li>\n<li> Associazione Panamericana dei Traslocatori Internazionali (PAIMA)<\/li>\n<li> Associazione Neozelandese dei Traslochi d'Oltremare (NZOMA)<\/li>\n<li> <a href=\"https:\/\/moverdb.com\/it\/fidi-faim\/\">Alleanza globale FIDI<\/a><\/li>\n<\/ul>\n<p>Hanno uffici australiani in:<\/p>\n<ul>\n<li> <a href=\"https:\/\/moverdb.com\/it\/moving-to-brisbane\/\" data-internallinksmanager029f6b8e52c=\"255\" title=\"Trasferirsi a Brisbane? 2026 Costi di vita e consigli per il trasferimento\">Brisbane<\/a><\/li>\n<li> <a href=\"https:\/\/moverdb.com\/it\/moving-to-sydney\/\">Sydney<\/a><\/li>\n<li> Melbourne<\/li>\n<li> Perth<\/li>\n<li> Townsville<\/li>\n<\/ul>\n<p>Uffici in Nuova Zelanda:<\/p>\n<ul>\n<li> Napier<\/li>\n<li> Auckland<\/li>\n<li> Tauranga<\/li>\n<li> Wellington<\/li>\n<li> Christchurch<\/li>\n<li> Nelson<\/li>\n<\/ul>\n<h2>Recensioni su Conroy Removals<\/h2>\n<p><strong>Positivo:<\/strong><\/p>\n<ul>\n<li> <em>\"L'imballaggio della mia casa \u00e8 stato fatto brillantemente con grande cura di tutte le mie cose in un lasso di tempo molto efficiente. Tutto \u00e8 stato catalogato chiaramente e il disimballaggio \u00e8 stato facile con tutti gli oggetti facilmente localizzabili e le scatole ben nominate per ogni stanza. Tutta la spazzatura \u00e8 stata rimossa e anche alcune vecchie scatole sono state prese per me, il che \u00e8 stato di grande aiuto per la pulizia della casa vuota\".<\/em> - Testimonianza del cliente <a href=\"https:\/\/www.conroy.co.nz\/customer-reviews\/nz-to-overseas\" target=\"_blank\" rel=\"noopener\">tramite il sito web della NZ<\/a><\/li>\n<li> <em>\"Ottima comunicazione prima della consegna e i due uomini che hanno consegnato la nostra merce sono stati educati, cordiali, veloci e molto efficienti\".<\/em> - Recensione del cliente via <a href=\"https:\/\/www.conroyremovals.com.au\/customer-reviews\/overseas-to-australia\" target=\"_blank\" rel=\"noopener\">Sito web AU<\/a><\/li>\n<li> <em>\"Ho traslocato 25 volte e questa \u00e8 stata di gran lunga la migliore esperienza di trasloco. Grazie Conroys!\"<\/em> - Jackie via <a href=\"http:\/\/www.productreview.com.au\/p\/conroy-removals.html?rating=5#reviews\" target=\"_blank\" rel=\"noopener\">Recensione del prodotto<\/a><\/li>\n<li> <em>\"Spostare grandi oggetti in giro per Nz e in Aussie pu\u00f2 essere difficile, ma questi ragazzi l'hanno reso davvero facile\".<\/em> - Dave via <a href=\"https:\/\/yellow.co.nz\/y\/conroy-removals-airpark-drive#detailsRatingsReviews\" target=\"_blank\" rel=\"noopener\">Giallo<\/a><\/li>\n<\/ul>\n<p><strong>Negativo:<\/strong><\/p>\n<ul>\n<li> <em>\"Nonostante le molteplici chiamate (tutte passate alla segreteria telefonica) e le e-mail, non ho sentito nulla per due settimane tra quando la mia merce \u00e8 stata sdoganata e quando i ragazzi della consegna hanno chiamato\".<\/em> - Recensione del cliente via <a href=\"https:\/\/www.conroy.co.nz\/customer-reviews\/overseas-to-nz\" target=\"_blank\" rel=\"noopener\">Sito web NZ<\/a><\/li>\n<li> <em>\"La merce \u00e8 stata sdoganata 2 settimane fa. A parte una richiesta di pagamento di GST + dazio (che ho fatto il giorno dopo), non ho sentito una sola cosa su quando i miei articoli saranno consegnati. Hanno lasciato messaggi vocali, e-mail e ancora niente. Mi sono praticamente rassegnato al fatto che non vedr\u00f2 pi\u00f9 la mia merce\".<\/em> - recensione del cliente via <a href=\"https:\/\/www.conroyremovals.com.au\/customer-reviews\/australia-to-overseas\" target=\"_blank\" rel=\"noopener\">Sito web AU<\/a><\/li>\n<li> <em>\"Purtroppo non siamo stati fortunati con il nostro trasferimento, la merce \u00e8 stata danneggiata a causa di un imballaggio improprio e Conroy non vuole assumersi alcuna responsabilit\u00e0 in merito\".<\/em> - Karen via <a href=\"https:\/\/www.mymovingreviews.com\/movers\/conroy-removals-1807#58945\" target=\"_blank\" rel=\"noopener\">Le mie recensioni di trasloco<\/a><\/li>\n<li> <em>\"Molto in ritardo, sono rimasto deluso da questo, ma si sono tenuti in contatto, quindi il merito \u00e8 loro. Anche il prezzo \u00e8 ragionevole\".<\/em> - Jon via <a href=\"https:\/\/www.nocowboys.co.nz\/businesses\/conroy-removals-\" target=\"_blank\" rel=\"noopener\">NoCowboys<\/a><\/li>\n<\/ul>\n<div itemprop=\"review\" itemscope itemtype=\"http:\/\/schema.org\/Review\">\n<span itemprop=\"author\" itemscope=\"\" itemtype=\"http:\/\/schema.org\/Organization\"><span itemprop=\"name\">MoverDB.com<\/span><\/span> Recensione del sito web online per <span itemprop=\"itemreviewed\" itemscope=\"\" itemtype=\"http:\/\/schema.org\/Brand\"><span itemprop=\"name\">Traslochi Conroy<\/span><\/span>:<\/p>\n<ol>\n<li> Dettagli di contatto chiari sul sito web (compreso il numero di telefono): <strong>S\u00ec<\/strong><\/li>\n<li> Facile da ottenere <a href=\"https:\/\/moverdb.com\/it\/citazioni\/\">preventivi di trasloco internazionale<\/a>? (Modulo di richiesta di preventivo online): <strong>S\u00ec<\/strong><\/li>\n<li> Informazioni chiare sul sito web: <strong>S\u00ec,<\/strong> il sito web ha un sacco di informazioni molto dettagliate.<\/li>\n<li> Appartenenza a organizzazioni internazionali riconosciute per il movimento: <strong>S\u00ec<\/strong>, (molti, vedi sopra)<\/li>\n<li> Elenco di clienti e\/o testimonianze di clienti precedenti: <strong>S\u00ec,<\/strong> Ci sono testimonianze di clienti sia positive che negative sul sito web dell'azienda, che puoi ordinare in base alle stelle e al tipo di movimento.<\/li>\n<\/ol>\n<div itemprop=\"reviewRating\" itemscope itemtype=\"http:\/\/schema.org\/Rating\"><meta itemprop=\"worstRating\" content = \"0\" \/><meta itemprop=\"bestRating\" content=\"5\" \/><meta itemprop=\"ratingValue\" content=\"5\"><\/div>\n<p><strong>Punteggio complessivo: 5\/5<\/strong><br \/>\n<strong>Data di revisione:<\/strong> <span itemprop=\"datePublished\" content=\"2017-02-23\">23\/02\/2017<\/span>\n<\/div>\n<p>Per saperne di pi\u00f9 <a href=\"https:\/\/moverdb.com\/it\/aziende-di-traslochi\/\">societ\u00e0 di traslochi internazionali<\/a> e il nostro <a href=\"https:\/\/moverdb.com\/it\/recensioni\/\">processo di revisione<\/a>.<\/p>\n<p><strong>Siti web:<\/strong> AU: <a href=\"https:\/\/www.conroyremovals.com.au\/\" target=\"_blank\" rel=\"noopener\">https:\/\/www.conroyremovals.com.au\/<\/a>, NZ: <a href=\"https:\/\/www.conroy.co.nz\/\" target=\"_blank\" rel=\"noopener\">https:\/\/www.conroy.co.nz\/<\/a><\/p>","protected":false},"excerpt":{"rendered":"<p>Conroy Removals offers its customers a wide variety of removal services in both Australia and New Zealand. These are listed below, together with a company profile and reviews. International Removals Personal moving coordinator Door to door Full service packing, partial packing and DIY packing Dismantling and reassembly of furniture Shipping of cars, motorbikes, boats and [&hellip;]<\/p>\n","protected":false},"author":1,"featured_media":0,"parent":0,"menu_order":0,"comment_status":"closed","ping_status":"closed","template":"","meta":{"_genesis_hide_title":false,"_genesis_hide_breadcrumbs":false,"_genesis_hide_singular_image":false,"_genesis_hide_footer_widgets":false,"_genesis_custom_body_class":"","_genesis_custom_post_class":"","_genesis_layout":"","footnotes":""},"class_list":{"0":"post-1644","1":"page","2":"type-page","3":"status-publish","5":"entry"},"_links":{"self":[{"href":"https:\/\/moverdb.com\/it\/wp-json\/wp\/v2\/pages\/1644","targetHints":{"allow":["GET"]}}],"collection":[{"href":"https:\/\/moverdb.com\/it\/wp-json\/wp\/v2\/pages"}],"about":[{"href":"https:\/\/moverdb.com\/it\/wp-json\/wp\/v2\/types\/page"}],"author":[{"embeddable":true,"href":"https:\/\/moverdb.com\/it\/wp-json\/wp\/v2\/users\/1"}],"replies":[{"embeddable":true,"href":"https:\/\/moverdb.com\/it\/wp-json\/wp\/v2\/comments?post=1644"}],"version-history":[{"count":10,"href":"https:\/\/moverdb.com\/it\/wp-json\/wp\/v2\/pages\/1644\/revisions"}],"predecessor-version":[{"id":6194,"href":"https:\/\/moverdb.com\/it\/wp-json\/wp\/v2\/pages\/1644\/revisions\/6194"}],"wp:attachment":[{"href":"https:\/\/moverdb.com\/it\/wp-json\/wp\/v2\/media?parent=1644"}],"curies":[{"name":"wp","href":"https:\/\/api.w.org\/{rel}","templated":true}]}}