{"id":1614,"date":"2017-04-27T14:28:26","date_gmt":"2017-04-27T14:28:26","guid":{"rendered":"http:\/\/moverdb.com\/?page_id=1614"},"modified":"2026-01-08T13:18:27","modified_gmt":"2026-01-08T13:18:27","slug":"hamburg-sud","status":"publish","type":"page","link":"https:\/\/moverdb.com\/it\/hamburg-sud\/","title":{"rendered":"Gruppo Hamburg S\u00fcd - Servizi di spedizione internazionale e recensioni"},"content":{"rendered":"<p>Hamburg S\u00fcd \u00e8 una citt\u00e0 tedesca <a href=\"https:\/\/moverdb.com\/it\/shipping-companies\/\" data-internallinksmanager029f6b8e52c=\"4\" title=\"Le 10 migliori compagnie di spedizione internazionale di container\">compagnia di navigazione<\/a> che offre ai suoi clienti una serie di servizi. Questi sono elencati di seguito insieme a un profilo aziendale e alle recensioni. (<em><strong>Nota:<\/strong> <a href=\"https:\/\/moverdb.com\/it\/maersk\/\" target=\"_blank\" rel=\"noopener\">Linea Maersk<\/a> \u00e8 in procinto di acquistare l'azienda<\/em>).<\/p>\n<h3>Spedizione internazionale di container<\/h3>\n<ul>\n<li> Pianificazione da parte di esperti<\/li>\n<li> Porta a porta<\/li>\n<li> Servizi intermodali disponibili<\/li>\n<\/ul>\n<p><strong>Carico secco<\/strong><\/p>\n<p><strong>Carico pericoloso<\/strong><\/p>\n<ul>\n<li> Ogni richiesta viene esaminata da esperti<\/li>\n<li> Deve rispettare i regolamenti statutari<\/li>\n<li> Certified Dangerous Goods Safety Adviser (DGSA) consiglia su tutte le spedizioni<\/li>\n<li> Navi moderne per il trasporto di carichi pericolosi<\/li>\n<li> Rigorosa attenzione alla conformit\u00e0 dello stivaggio<\/li>\n<\/ul>\n<p><strong>Cargo Reefer<\/strong><\/p>\n<ul>\n<li> Frutta, verdura, fiori, piante<\/li>\n<li> Carne, pesce e frutti di mare<\/li>\n<li> Prodotti farmaceutici, materiale fotografico e prodotti chimici<\/li>\n<li> Latticini e succhi di frutta<\/li>\n<li> <a href=\"https:\/\/moverdb.com\/it\/container-shipping\/\">Contenitori da 20\u2032 e 40\u2032.<\/a><\/li>\n<li> Catena del freddo ininterrotta<\/li>\n<li> Gestione dell'atmosfera per frutta e verdura raccolta<\/li>\n<li> Modalit\u00e0 multi temperatura<\/li>\n<li> Modalit\u00e0 lampadina<\/li>\n<\/ul>\n<p><strong>Carico speciale<\/strong><\/p>\n<ul>\n<li> Rottura di massa<\/li>\n<li> Fuori misura<\/li>\n<li> Alta densit\u00e0<\/li>\n<\/ul>\n<p><strong>Altri servizi di spedizione<\/strong><\/p>\n<ul>\n<li> Gestione di tutta la documentazione relativa all'importazione e all'esportazione<\/li>\n<li> Stoccaggio temporaneo<\/li>\n<li> Suddivisione di spedizioni pi\u00f9 grandi in spedizioni singole<\/li>\n<li> Etichettatura<\/li>\n<li> Sdoganamento per importazioni ed esportazioni<\/li>\n<\/ul>\n<p><strong>Navi<\/strong><\/p>\n<ul>\n<li> Flotta moderna<\/li>\n<li> <a href=\"https:\/\/moverdb.com\/it\/compagnie-di-navigazione\/\">Navi container<\/a><\/li>\n<li> Navi portarinfuse<\/li>\n<li> Navi cisterna per prodotti<\/li>\n<\/ul>\n<p><strong>Vendite di contenitori usati<\/strong><\/p>\n<ul>\n<li> Ampia variet\u00e0 di diversi tipi di contenitori<\/li>\n<li> Accesso a container usati in tutto il mondo<\/li>\n<li> Contenitori di alta qualit\u00e0<\/li>\n<li> Personale esperto<\/li>\n<li> Supporto della lingua locale<\/li>\n<\/ul>\n<p><strong>eCommerce<\/strong><\/p>\n<ul>\n<li> Orari precisi al minuto<\/li>\n<li> Track &amp; Trace (tracciamento dei container)<\/li>\n<li> Panoramica delle prenotazioni<\/li>\n<li> Ricreazione di prenotazioni<\/li>\n<li> Panoramica delle istruzioni di spedizione<\/li>\n<li> Presentazione di nuove istruzioni di spedizione<\/li>\n<li> Controllo delle bozze B\/L<\/li>\n<li> Creazione di rapporti standardizzati per una spedizione<\/li>\n<li> Tracciabilit\u00e0 del carico<\/li>\n<\/ul>\n<h2>Profilo dell'azienda Hamburg S\u00fcd<\/h2>\n<p>Hamburg S\u00fcd fu fondata nel 1871 dai rappresentanti di undici case mercantili di Amburgo ed era conosciuta come Hamburg S\u00fcdamerikanische Dampfschifffahrts-Gesellschaft. Nel 1914 la compagnia aveva 50 navi a vapore, tutte distrutte durante la prima guerra mondiale. <\/p>\n<p>La compagnia inizia a ricostruire nel 1920 e inizia una compagnia di crociere. Nel 1939, Hamburg S\u00fcd ha la pi\u00f9 grande flotta del mondo, un totale di 52 navi.<\/p>\n<p>La seconda guerra mondiale vide di nuovo la perdita totale della flotta della compagnia. Hamburg S\u00fcd riprese lentamente il business delle crociere e si diversific\u00f2 nell'arena dei tramp. Iniziarono a trasportare navi cisterna e refrigerate e dal 1971 erano entrati in <a href=\"https:\/\/moverdb.com\/it\/container-shipping\/\" data-internallinksmanager029f6b8e52c=\"3\" title=\"Grafico delle tariffe di trasporto internazionale dei container: Aprile 2026\">spedizione in container<\/a>.<\/p>\n<p>L'azienda \u00e8 ora classificata nella top ten delle compagnie di spedizione di container a livello globale. Ha 127 <a href=\"https:\/\/moverdb.com\/it\/top-10-largest-container-ships-in-2022\/\" data-internallinksmanager029f6b8e52c=\"84\" title=\"Le 10 navi portacontainer pi\u00f9 grandi nel 2026\">navi container<\/a> con una capacit\u00e0 di slot di oltre 600.000 TEU e 50 servizi di linea. Hamburg S\u00fcd impiega oltre 6.000 persone in 250 uffici in tutto il mondo.<\/p>\n<p>Hamburg S\u00fcd ha i seguenti accreditamenti e affiliazioni:<\/p>\n<ul>\n<li> <a href=\"https:\/\/moverdb.com\/it\/world-shipping-council\/\">Consiglio mondiale delle spedizioni<\/a> (<a href=\"https:\/\/moverdb.com\/it\/world-shipping-council\/\" data-internallinksmanager029f6b8e52c=\"82\" title=\"Spiegazione del World Shipping Council (WSC)\">WSC<\/a>)<\/li>\n<li> Gruppo di lavoro Clean Cargo (CCWG)<\/li>\n<li> <a href=\"https:\/\/moverdb.com\/it\/moving-to-the-united-states\/\" data-internallinksmanager029f6b8e52c=\"94\" title=\"Trasferirsi negli Stati Uniti? 2026 Costi di vita e consigli per il trasferimento\">US<\/a> Agenzia per la protezione dell'ambiente (EPA)<\/li>\n<li> Associazione tedesca dei Reeder (VDR)<\/li>\n<li> Certificato di sicurezza delle spedizioni internazionali (ISSC)<\/li>\n<li> Comitato consultivo degli standard EIPP<\/li>\n<\/ul>\n<p><strong>Recensioni sul gruppo Hamburg S\u00fcd<\/strong><\/p>\n<p><em>Al momento in cui scriviamo non abbiamo trovato online nessuna recensione positiva o negativa per i servizi di spedizione di Hamburg S\u00fcd.<\/em><\/p>\n<p><strong><\/p>\n<div itemprop=\"review\" itemscope itemtype=\"http:\/\/schema.org\/Review\">\n<span itemprop=\"author\" itemscope=\"\" itemtype=\"http:\/\/schema.org\/Organization\"><span itemprop=\"name\">MoverDB.com<\/span><\/span> Recensione del sito web online per <span itemprop=\"itemreviewed\" itemscope=\"\" itemtype=\"http:\/\/schema.org\/Brand\"><span itemprop=\"name\">Amburgo Sud<\/span><\/span>:<\/strong>.<\/p>\n<ol>\n<li> Dettagli di contatto chiari sul sito web (compreso il numero di telefono): <strong>S\u00ec<\/strong><\/li>\n<li> \u00c8 facile ottenere preventivi di spedizione internazionale? (Modulo di richiesta di preventivo online): <strong>Pi\u00f9 o meno<\/strong>, \u00e8 necessario registrarsi per fare una nuova prenotazione.<\/li>\n<li> Informazioni chiare sul sito web: <strong>S\u00ec,<\/strong> Il sito web espone chiaramente tutti i servizi che l'azienda offre.<\/li>\n<li> Appartenenza a organizzazioni di spedizione riconosciute a livello internazionale: <strong>S\u00ec<\/strong>, vedi sopra.<\/li>\n<li> Elenco di clienti e\/o testimonianze di clienti precedenti. <strong>No,<\/strong> ma elencano i molti premi che hanno vinto.<\/li>\n<\/ol>\n<div itemprop=\"reviewRating\" itemscope itemtype=\"http:\/\/schema.org\/Rating\"><meta itemprop=\"worstRating\" content = \"0\" \/><meta itemprop=\"bestRating\" content=\"5\" \/><meta itemprop=\"ratingValue\" content=\"4\"><\/div>\n<p><strong>Punteggio complessivo: 4\/5<\/strong><br \/>\n<strong>Data di revisione:<\/strong> <span itemprop=\"datePublished\" content=\"2017-04-27\">27\/04\/2017<\/span>\n<\/div>\n<p>Pi\u00f9 su altri <a href=\"https:\/\/moverdb.com\/it\/compagnie-di-navigazione\/\">compagnie di trasporto internazionale<\/a>, <a href=\"https:\/\/moverdb.com\/it\/container-shipping\/\">tariffe di spedizione dei container<\/a> e il nostro <a href=\"https:\/\/moverdb.com\/it\/recensioni\/\">processo di revisione<\/a>.<\/p>\n<p><strong>Sito web:<\/strong> <a href=\"http:\/\/www.hamburgsud.com\" target=\"_blank\" rel=\"noopener\">http:\/\/www.hamburgsud.com<\/a><\/p>","protected":false},"excerpt":{"rendered":"<p>Hamburg S\u00fcd is a German shipping company which offers its customers a range of services. These are listed below together with a company profile and reviews. (Note: Maersk Line is in the process of buying the company). International Container Shipping Planning by experts Door to door Intermodal services available Dry Cargo Hazardous Cargo Each request [&hellip;]<\/p>\n","protected":false},"author":1,"featured_media":0,"parent":0,"menu_order":0,"comment_status":"closed","ping_status":"closed","template":"","meta":{"_genesis_hide_title":false,"_genesis_hide_breadcrumbs":false,"_genesis_hide_singular_image":false,"_genesis_hide_footer_widgets":false,"_genesis_custom_body_class":"","_genesis_custom_post_class":"","_genesis_layout":"","footnotes":""},"class_list":{"0":"post-1614","1":"page","2":"type-page","3":"status-publish","5":"entry"},"_links":{"self":[{"href":"https:\/\/moverdb.com\/it\/wp-json\/wp\/v2\/pages\/1614","targetHints":{"allow":["GET"]}}],"collection":[{"href":"https:\/\/moverdb.com\/it\/wp-json\/wp\/v2\/pages"}],"about":[{"href":"https:\/\/moverdb.com\/it\/wp-json\/wp\/v2\/types\/page"}],"author":[{"embeddable":true,"href":"https:\/\/moverdb.com\/it\/wp-json\/wp\/v2\/users\/1"}],"replies":[{"embeddable":true,"href":"https:\/\/moverdb.com\/it\/wp-json\/wp\/v2\/comments?post=1614"}],"version-history":[{"count":4,"href":"https:\/\/moverdb.com\/it\/wp-json\/wp\/v2\/pages\/1614\/revisions"}],"predecessor-version":[{"id":6217,"href":"https:\/\/moverdb.com\/it\/wp-json\/wp\/v2\/pages\/1614\/revisions\/6217"}],"wp:attachment":[{"href":"https:\/\/moverdb.com\/it\/wp-json\/wp\/v2\/media?parent=1614"}],"curies":[{"name":"wp","href":"https:\/\/api.w.org\/{rel}","templated":true}]}}