{"id":1592,"date":"2017-04-21T13:39:38","date_gmt":"2017-04-21T13:39:38","guid":{"rendered":"http:\/\/moverdb.com\/?page_id=1592"},"modified":"2026-01-08T14:40:07","modified_gmt":"2026-01-08T14:40:07","slug":"maersk","status":"publish","type":"page","link":"https:\/\/moverdb.com\/it\/maersk\/","title":{"rendered":"Maersk Line - Servizi di spedizione internazionale e recensioni"},"content":{"rendered":"<p>Maersk Line fa parte del gruppo A.P. Moller-Maersk, un gruppo mondiale <a href=\"https:\/\/moverdb.com\/it\/shipping-companies\/\" data-internallinksmanager029f6b8e52c=\"4\" title=\"Le 10 migliori compagnie di spedizione internazionale di container\">compagnia di navigazione<\/a> con sede a Copenaghen, <a href=\"https:\/\/moverdb.com\/it\/moving-to-denmark\/\" data-internallinksmanager029f6b8e52c=\"335\" title=\"Trasferirsi in Danimarca? 2026 Costi di vita e consigli per il trasferimento\">Danimarca<\/a>. Offre ai suoi clienti un'ampia gamma di servizi che sono elencati di seguito, insieme a un profilo aziendale e a recensioni.<\/p>\n<p><strong>Servizi di trasporto e spedizione internazionale<\/strong><\/p>\n<ul>\n<li> Carico secco<\/li>\n<li> Porta a porta<\/li>\n<li> Container da 20\u2032 con carico utile fino a 28,2 tonnellate metriche<\/li>\n<li> Container 40\u2032 8\u2032 6\u2033 con carico utile fino a 28,8 tonnellate metriche<\/li>\n<li> 45\u2032 9\u2032 6\u2033 di altezza con una capacit\u00e0 totale di 85 metri cubi<\/li>\n<li> Travi appendiabiti che permettono di trasportare i capi sulle grucce senza ulteriori imballaggi<\/li>\n<li> Barre di ancoraggio e anelli di ancoraggio per dare al vostro carico un'ulteriore sicurezza<\/li>\n<li> Stoccaggio disponibile<\/li>\n<li> Sdoganamento<\/li>\n<\/ul>\n<p><strong>Cargo Reefer<\/strong><\/p>\n<ul>\n<li> Contenitori di spedizione refrigerati<\/li>\n<li> Porta a porta<\/li>\n<li> Gestione meticolosa del carico per garantire la freschezza dei prodotti<\/li>\n<li> Il design unico del contenitore assicura il massimo carico utile<\/li>\n<li> Riduzione delle emissioni di CO2<\/li>\n<li> Temperatura ottimale del prodotto<\/li>\n<li> Riduzione del consumo di energia<\/li>\n<li> 3 tipi di container reefer, da 27 a 67 CBM di spazio di carico<\/li>\n<li> Sdoganamento<\/li>\n<\/ul>\n<p><strong>Carico speciale<\/strong><\/p>\n<ul>\n<li> Consegna puntuale di carichi fuori sagoma, in sagoma e alla rinfusa<\/li>\n<li> Consegna puntuale del suo carico speciale in tutto il mondo<\/li>\n<li> Esperti di carichi speciali in tutti i fusi orari per una risposta e un supporto immediati<\/li>\n<li> Flotta all'avanguardia di scaffali piatti e piani aperti, disponibili dove e quando ne avete bisogno<\/li>\n<li> Porta a porta<\/li>\n<li> Stoccaggio disponibile<\/li>\n<li> Sdoganamento<\/li>\n<\/ul>\n<p><strong>Servizi di trasporto interno<\/strong><\/p>\n<ul>\n<li> Soluzione di trasporto a servizio completo<\/li>\n<li> Porta a porta<\/li>\n<li> Ritiro e consegna puntuali<\/li>\n<li> Grande rete di fornitori di trasporto di qualit\u00e0<\/li>\n<li> One-stop-shopping che combina le vostre esigenze di trasporto terrestre e marittimo<\/li>\n<li> Monitoraggio costante e garanzia di qualit\u00e0<\/li>\n<li> Assicurazione organizzata<\/li>\n<\/ul>\n<p><strong>Vendita di contenitori usati<\/strong><\/p>\n<ul>\n<li> Da usare per lo stoccaggio, un ufficio, una casa, anche una piscina<\/li>\n<li> Accesso allo stock per soddisfare le vostre esigenze<\/li>\n<li> Una rete espansiva di container usati<\/li>\n<li> Sistemi semplici in atto per soddisfare il tuo programma di ritiro<\/li>\n<li> Qualit\u00e0 garantita del contenitore<\/li>\n<\/ul>\n<h2>Linea Maersk<\/h2>\n<p>Maersk Line \u00e8 stata fondata nel 1928. Maersk Line \u00e8 di propriet\u00e0 del gruppo A.P. Moller-Maersk ed \u00e8 uno dei leader mondiali. <a href=\"https:\/\/moverdb.com\/it\/compagnie-di-navigazione\/\">la pi\u00f9 grande compagnia di navigazione di container<\/a>, noto per la sua flessibilit\u00e0, affidabilit\u00e0 e servizi eco-efficienti. <\/p>\n<p>La sua sede centrale si trova a Copenhagen, Danimarca. L'azienda ha pi\u00f9 di 630 navi con una capacit\u00e0 di 3,3 milioni di TEU che servono 59.000 clienti in tutto il mondo.<\/p>\n<p>L'anno scorso Maersk ha spedito circa 12 milioni di container in tutto il mondo, facendo 46.000 scali in 343 <a href=\"https:\/\/moverdb.com\/it\/top-49-container-ports\/\" data-internallinksmanager029f6b8e52c=\"80\" title=\"I 49 porti container pi\u00f9 grandi e trafficati nel 2025\">porte<\/a> in 121 paesi. Maersk offre pi\u00f9 partenze giornaliere su tutte le principali rotte di navigazione. Affinch\u00e9 tutto funzioni senza problemi, la compagnia impiega 7.000 marittimi e 25.000 impiegati di terra in 374 uffici in tutto il mondo.<\/p>\n<p>Maersk si impegna a restituire alla comunit\u00e0 e sostiene progetti in tutto il mondo che rientrano in tre schemi globali: soccorso e preparazione ai disastri, protezione dell'ambiente e incoraggiamento dell'imprenditorialit\u00e0 nelle comunit\u00e0 svantaggiate.<\/p>\n<p>Maersk Line ha i seguenti accreditamenti e affiliazioni:<\/p>\n<ul>\n<li> Associazione internazionale dell'aria e delle spedizioni (IASA)<\/li>\n<li> <a href=\"https:\/\/moverdb.com\/it\/international-chamber-shipping\/\">La Camera internazionale di navigazione<\/a> (<a href=\"https:\/\/moverdb.com\/it\/international-chamber-shipping\/\" data-internallinksmanager029f6b8e52c=\"78\" title=\"La International Chamber of Shipping (ICS) spiegata\">ICS<\/a>)<\/li>\n<li> Alleanza globale dell'OMC per la facilitazione del commercio<\/li>\n<li> Sicurezza della vita in mare (SOLAS)<\/li>\n<li> La Federazione delle associazioni nazionali di mediatori e agenti marittimi (FONASBA)<\/li>\n<\/ul>\n<h2>Recensioni sulla compagnia Maersk Line<\/h2>\n<p><em>Al momento di scrivere non abbiamo trovato nessuna recensione online per i servizi di spedizione della Maersk Line.<\/em><\/p>\n<p><strong><\/p>\n<div itemprop=\"review\" itemscope itemtype=\"http:\/\/schema.org\/Review\">\n<span itemprop=\"author\" itemscope=\"\" itemtype=\"http:\/\/schema.org\/Organization\"><span itemprop=\"name\">MoverDB.com<\/span><\/span> Recensione del sito web online per <span itemprop=\"itemreviewed\" itemscope=\"\" itemtype=\"http:\/\/schema.org\/Brand\"><span itemprop=\"name\">Linea Maersk<\/span><\/span>:<\/strong>.<\/p>\n<ol>\n<li> Dettagli di contatto chiari sul sito web (compreso il numero di telefono): <strong>S\u00ec<\/strong><\/li>\n<li> Facile da ottenere <a href=\"https:\/\/moverdb.com\/it\/container-shipping\/\" data-internallinksmanager029f6b8e52c=\"3\" title=\"Grafico delle tariffe di trasporto internazionale dei container: Aprile 2026\">spedizione internazionale<\/a> preventivi? (Modulo di richiesta di preventivo online): <strong>S\u00ec<\/strong><\/li>\n<li> Informazioni chiare sul sito web: <strong>S\u00ec,<\/strong> Il sito web espone chiaramente tutti i servizi che l'azienda offre<\/li>\n<li> Appartenenza a organizzazioni di spedizione riconosciute a livello internazionale: <strong>S\u00ec<\/strong>, ma non molti elencati sul loro sito web.<\/li>\n<li> Elenco di clienti e\/o testimonianze di clienti precedenti. <strong>No,<\/strong> non ce ne sono elencati sul loro sito web.<\/li>\n<\/ol>\n<div itemprop=\"reviewRating\" itemscope itemtype=\"http:\/\/schema.org\/Rating\"><meta itemprop=\"worstRating\" content = \"0\" \/><meta itemprop=\"bestRating\" content=\"5\" \/><meta itemprop=\"ratingValue\" content=\"4\"><\/div>\n<p><strong>Punteggio complessivo: 4\/5<\/strong><br \/>\n<strong>Data di revisione:<\/strong> <span itemprop=\"datePublished\" content=\"2017-04-21\">21\/04\/2017<\/span>\n<\/div>\n<p>Pi\u00f9 su altri <a href=\"https:\/\/moverdb.com\/it\/compagnie-di-navigazione\/\">compagnie di trasporto internazionale<\/a>, <a href=\"https:\/\/moverdb.com\/it\/container-shipping\/\">tariffe di spedizione dei container<\/a> e il nostro <a href=\"https:\/\/moverdb.com\/it\/recensioni\/\">processo di revisione<\/a>.<\/p>\n<p><strong>Sito web:<\/strong> <a href=\"https:\/\/www2.maerskline.com\/\" target=\"_blank\" rel=\"noopener\">https:\/\/www2.maerskline.com\/<\/a><\/p>","protected":false},"excerpt":{"rendered":"<p>Maersk Line, is part of A.P. Moller\u2013Maersk Group, a worldwide shipping company based in Copenhagen, Denmark. It offers its customers a wide range of services which are listed below, together with a company profile and reviews. International Freight and Shipping Services Dry Cargo Door to door 20&#8242; containers with payload up to 28.2 metric tons [&hellip;]<\/p>\n","protected":false},"author":1,"featured_media":0,"parent":0,"menu_order":0,"comment_status":"closed","ping_status":"closed","template":"","meta":{"_genesis_hide_title":false,"_genesis_hide_breadcrumbs":false,"_genesis_hide_singular_image":false,"_genesis_hide_footer_widgets":false,"_genesis_custom_body_class":"","_genesis_custom_post_class":"","_genesis_layout":"","footnotes":""},"class_list":{"0":"post-1592","1":"page","2":"type-page","3":"status-publish","5":"entry"},"_links":{"self":[{"href":"https:\/\/moverdb.com\/it\/wp-json\/wp\/v2\/pages\/1592","targetHints":{"allow":["GET"]}}],"collection":[{"href":"https:\/\/moverdb.com\/it\/wp-json\/wp\/v2\/pages"}],"about":[{"href":"https:\/\/moverdb.com\/it\/wp-json\/wp\/v2\/types\/page"}],"author":[{"embeddable":true,"href":"https:\/\/moverdb.com\/it\/wp-json\/wp\/v2\/users\/1"}],"replies":[{"embeddable":true,"href":"https:\/\/moverdb.com\/it\/wp-json\/wp\/v2\/comments?post=1592"}],"version-history":[{"count":7,"href":"https:\/\/moverdb.com\/it\/wp-json\/wp\/v2\/pages\/1592\/revisions"}],"predecessor-version":[{"id":13172,"href":"https:\/\/moverdb.com\/it\/wp-json\/wp\/v2\/pages\/1592\/revisions\/13172"}],"wp:attachment":[{"href":"https:\/\/moverdb.com\/it\/wp-json\/wp\/v2\/media?parent=1592"}],"curies":[{"name":"wp","href":"https:\/\/api.w.org\/{rel}","templated":true}]}}