{"id":1590,"date":"2017-01-25T12:24:31","date_gmt":"2017-01-25T12:24:31","guid":{"rendered":"http:\/\/moverdb.com\/?page_id=1590"},"modified":"2026-01-08T15:20:28","modified_gmt":"2026-01-08T15:20:28","slug":"nippon-express","status":"publish","type":"page","link":"https:\/\/moverdb.com\/it\/nippon-express\/","title":{"rendered":"Nippon Express - Trasferimento e trasloco internazionale Recensioni"},"content":{"rendered":"<p>Nippon Express ha sede a Tokyo, <a href=\"https:\/\/moverdb.com\/it\/moving-to-japan\/\" data-internallinksmanager029f6b8e52c=\"342\" title=\"Trasferirsi in Giappone? 2026 Costi di vita e consigli per il trasferimento\">Giappone<\/a>. Offre ai suoi clienti una variet\u00e0 di servizi di trasloco. Questi sono elencati di seguito insieme al profilo aziendale e alle recensioni.<\/p>\n<p><strong>Spostamenti internazionali<\/strong><\/p>\n<ul>\n<li> Responsabile del trasloco personale<\/li>\n<li> Servizio porta a porta<\/li>\n<li> Assistenza con la dogana e la documentazione<\/li>\n<li> Servizio di imballaggio completo, solo oggetti fragili o imballaggio fai-da-te<\/li>\n<li> Smontaggio e rimontaggio di mobili<\/li>\n<li> Servizio di disimballaggio<\/li>\n<li> Rimozione dei detriti<\/li>\n<li> Stoccaggio a lungo e breve termine<\/li>\n<li> Spostamento di automobili<\/li>\n<li> Motociclette<\/li>\n<li> Pianoforti<\/li>\n<\/ul>\n<p><strong>Servizi di trasferimento - in Giappone<\/strong><\/p>\n<ul>\n<li> Consultazione del trasferimento<\/li>\n<li> Orientamento\".<\/li>\n<li> Ricerca della casa<\/li>\n<li> Trasloco nazionale internazionale<\/li>\n<li> Ricerca della scuola<\/li>\n<li> Servizio di partenza, cio\u00e8 cessazione del contratto di locazione, disconnessione del telefono e delle utenze, inoltro della posta<\/li>\n<\/ul>\n<p><strong>Spostamenti nazionali - all'interno del Giappone<\/strong><\/p>\n<ul>\n<li> Servizio porta a porta<\/li>\n<li> Imballaggio completo, parziale o fai da te<\/li>\n<li> Smontaggio e rimontaggio di mobili<\/li>\n<li> Servizio di disimballaggio<\/li>\n<li> Rimozione dei detriti<\/li>\n<li> Deposito a lungo e a breve termine disponibile<\/li>\n<li> Assicurazione organizzata<\/li>\n<\/ul>\n<p><strong>Spedizione merci<\/strong><\/p>\n<ul>\n<li> Beni generali e componenti<\/li>\n<li> Belle arti e antiquariato<\/li>\n<li> Fiere e mostre<\/li>\n<\/ul>\n<h2>Profilo dell'azienda Nippon Express<\/h2>\n<p>Nippon Express \u00e8 uno dei principali <a href=\"https:\/\/moverdb.com\/it\/moving-companies\/\" data-internallinksmanager029f6b8e52c=\"79\" title=\"Le 25 migliori aziende di traslochi internazionali online\">aziende di traslochi<\/a> per il trasferimento di persone e aziende in Giappone e dintorni. \u00c8 specializzata in traslochi aziendali e governativi per i dipendenti e le loro famiglie che arrivano e lasciano il Giappone. Nippon Express \u00e8 anche conosciuta per i suoi servizi globali <a href=\"https:\/\/moverdb.com\/it\/spedizioniere\/\">trasporto merci<\/a> competenza, spedendo merci in tutto il mondo.<\/p>\n<p>Nippon Express ha iniziato nel 1937 come 53% di propriet\u00e0 del governo. Dopo la seconda guerra mondiale, l'azienda fu privatizzata. Nel 1949 l'azienda ha iniziato le spedizioni internazionali di merci, agendo come agenti per varie compagnie aeree internazionali. Nel 1958, Nippon Express ha aperto il suo primo ufficio all'estero a <a href=\"https:\/\/moverdb.com\/it\/moving-to-nyc\/\">New York<\/a>Nel 1991 c'erano 97 uffici nel <a href=\"https:\/\/moverdb.com\/it\/moving-to-the-united-states\/\" data-internallinksmanager029f6b8e52c=\"94\" title=\"Trasferirsi negli Stati Uniti? 2026 Costi di vita e consigli per il trasferimento\">Stati Uniti<\/a>. <\/p>\n<p>Nel 1973 l'azienda ha acquistato il suo primo <a href=\"https:\/\/moverdb.com\/it\/compagnie-di-navigazione\/\">nave-container<\/a> e ha iniziato un servizio di trasporto merci tra Tokyo e Tomakomai.<\/p>\n<p>Oggi Nippon Express ha uffici e strutture in 260 citt\u00e0 in 42 paesi e impiega 36.700 persone in Giappone e altre 16.000 all'estero.<\/p>\n<p>Nippon Express ha i seguenti accreditamenti e affiliazioni:<\/p>\n<ul>\n<li> <a href=\"https:\/\/moverdb.com\/it\/fidi-faim\/\">FIDI<\/a><\/li>\n<li> <a href=\"https:\/\/moverdb.com\/it\/sono\/\">Associazione internazionale dei traslocatori<\/a> (<a href=\"https:\/\/moverdb.com\/it\/iam\/\" data-internallinksmanager029f6b8e52c=\"23\" title=\"Spiegazione dell&#039;Associazione Internazionale dei Traslocatori (IAM)\">IAM<\/a>)<\/li>\n<li> ISO 9001<\/li>\n<li> <a href=\"https:\/\/moverdb.com\/it\/iata\/\">IATA<\/a><\/li>\n<\/ul>\n<h2>Nippon Express Recensioni<\/h2>\n<p><strong>Positivo:<\/strong><\/p>\n<ul>\n<li> <em>\"In vero stile giapponese sono educati e rispettosi - si tolgono persino le scarpe per portare le tue cose in casa! Non c'\u00e8 niente di insensato: si fanno il culo, si fermano per una pausa, poi ricominciano subito e non si fermano finch\u00e9 il lavoro non \u00e8 finito\".<\/em> - KK W via <a href=\"https:\/\/www.yelp.co.uk\/biz\/nippon-express-usa-el-segundo?hrid=ilixQzfFmyj3IAX32d0E-A&#038;utm_campaign=www_review_share_popup&#038;utm_medium=copy_link&#038;utm_source=(direct)\" target=\"_blank\" rel=\"noopener\">Yelp<\/a><\/li>\n<\/ul>\n<p><strong>Negativo:<\/strong><\/p>\n<p><em>Non abbiamo trovato recensioni negative per Nippon Express online.<\/em><\/p>\n<div itemprop=\"review\" itemscope itemtype=\"http:\/\/schema.org\/Review\">\n<span itemprop=\"author\" itemscope=\"\" itemtype=\"http:\/\/schema.org\/Organization\"><span itemprop=\"name\">MoverDB.com<\/span><\/span> Recensione del sito web online per <span itemprop=\"itemreviewed\" itemscope=\"\" itemtype=\"http:\/\/schema.org\/Brand\"><span itemprop=\"name\">Nippon Express<\/span><\/span>:<\/p>\n<ol>\n<li> Dettagli di contatto chiari sul sito web (compreso il numero di telefono): <strong>S\u00ec<\/strong><\/li>\n<li> Facile da ottenere <a href=\"https:\/\/moverdb.com\/it\/citazioni\/\">preventivi di trasloco internazionale<\/a>? (Modulo di richiesta di preventivo online): <strong>S\u00ec<\/strong><\/li>\n<li> Informazioni chiare sul sito web: <strong>S\u00ec,<\/strong> anche se i loro siti web sembrano un po' datati, descrivono tutti i loro servizi.<\/li>\n<li> Appartenenza a organizzazioni internazionali riconosciute per il movimento: <strong>S\u00ec<\/strong>, (vedi sopra)<\/li>\n<li> Elenco di clienti e\/o testimonianze di clienti precedenti. <strong>No,<\/strong> ma hanno un'ottima reputazione basata sulle loro recensioni online.<\/li>\n<\/ol>\n<div itemprop=\"reviewRating\" itemscope itemtype=\"http:\/\/schema.org\/Rating\"><meta itemprop=\"worstRating\" content = \"0\" \/><meta itemprop=\"bestRating\" content=\"5\" \/><meta itemprop=\"ratingValue\" content=\"4.5\"><\/div>\n<p><strong>Punteggio complessivo: 4,5\/5<\/strong><br \/>\n<strong>Data di revisione:<\/strong> <span itemprop=\"datePublished\" content=\"2017-01-25\">25\/01\/2017<\/span>\n<\/div>\n<p>Per saperne di pi\u00f9 <a href=\"https:\/\/moverdb.com\/it\/aziende-di-traslochi\/\">societ\u00e0 di traslochi internazionali<\/a>e il nostro <a href=\"https:\/\/moverdb.com\/it\/recensioni\/\">processo di revisione<\/a>.<\/p>\n<p><strong>Siti web:<\/strong> Globale: <a href=\"http:\/\/www.nipponexpress.com\/\" target=\"_blank\" rel=\"noopener\">http:\/\/www.nipponexpress.com\/<\/a>, USA: <a href=\"https:\/\/nipponexpressusa.com\/\" target=\"_blank\" rel=\"noopener\">https:\/\/nipponexpressusa.com\/<\/a> e <a href=\"https:\/\/moverdb.com\/it\/moving-to-the-uk\/\" data-internallinksmanager029f6b8e52c=\"93\" title=\"Trasferirsi nel Regno Unito? 2026 Costi di vita e consigli per il trasferimento\">REGNO UNITO<\/a>: <a href=\"http:\/\/www.nipponexpress.co.uk\/\" target=\"_blank\" rel=\"noopener\">http:\/\/www.nipponexpress.co.uk\/<\/a><\/p>","protected":false},"excerpt":{"rendered":"<p>Nippon Express is based in Tokyo, Japan. It offers its clients a variety of moving services. These are listed below together with a company profile and reviews. International Moves Personal move manager Door to door service Assistance with customs and documentation Full packing service, fragile items only or do-it-yourself packing Disassembly and reassembly of furniture [&hellip;]<\/p>\n","protected":false},"author":1,"featured_media":0,"parent":0,"menu_order":0,"comment_status":"closed","ping_status":"closed","template":"","meta":{"_genesis_hide_title":false,"_genesis_hide_breadcrumbs":false,"_genesis_hide_singular_image":false,"_genesis_hide_footer_widgets":false,"_genesis_custom_body_class":"","_genesis_custom_post_class":"","_genesis_layout":"","footnotes":""},"class_list":{"0":"post-1590","1":"page","2":"type-page","3":"status-publish","5":"entry"},"_links":{"self":[{"href":"https:\/\/moverdb.com\/it\/wp-json\/wp\/v2\/pages\/1590","targetHints":{"allow":["GET"]}}],"collection":[{"href":"https:\/\/moverdb.com\/it\/wp-json\/wp\/v2\/pages"}],"about":[{"href":"https:\/\/moverdb.com\/it\/wp-json\/wp\/v2\/types\/page"}],"author":[{"embeddable":true,"href":"https:\/\/moverdb.com\/it\/wp-json\/wp\/v2\/users\/1"}],"replies":[{"embeddable":true,"href":"https:\/\/moverdb.com\/it\/wp-json\/wp\/v2\/comments?post=1590"}],"version-history":[{"count":4,"href":"https:\/\/moverdb.com\/it\/wp-json\/wp\/v2\/pages\/1590\/revisions"}],"predecessor-version":[{"id":6226,"href":"https:\/\/moverdb.com\/it\/wp-json\/wp\/v2\/pages\/1590\/revisions\/6226"}],"wp:attachment":[{"href":"https:\/\/moverdb.com\/it\/wp-json\/wp\/v2\/media?parent=1590"}],"curies":[{"name":"wp","href":"https:\/\/api.w.org\/{rel}","templated":true}]}}