{"id":1578,"date":"2017-04-21T14:09:10","date_gmt":"2017-04-21T14:09:10","guid":{"rendered":"http:\/\/moverdb.com\/?page_id=1578"},"modified":"2026-01-08T14:40:13","modified_gmt":"2026-01-08T14:40:13","slug":"mediterranean-shipping-company","status":"publish","type":"page","link":"https:\/\/moverdb.com\/it\/mediterranean-shipping-company\/","title":{"rendered":"Mediterranean Shipping Company - Servizi internazionali e recensioni"},"content":{"rendered":"<p>Mediterraneo <a href=\"https:\/\/moverdb.com\/it\/shipping-companies\/\" data-internallinksmanager029f6b8e52c=\"4\" title=\"Le 10 migliori compagnie di spedizione internazionale di container\">Compagnia di navigazione<\/a> (MSC) offre ai suoi clienti una vasta gamma di servizi di spedizione e altri servizi. Questi sono elencati di seguito, insieme a un profilo aziendale e alle recensioni.<\/p>\n<h3>Spedizione internazionale<\/h3>\n<p><strong>Carico secco<\/strong><\/p>\n<ul>\n<li> Contenitori cubici standard da 20 piedi, 40 piedi o 40 piedi di altezza<\/li>\n<li> Carichi sovradimensionati e breakbulk<\/li>\n<li> Servizi di spedizione settimanali e regolari verso destinazioni globali<\/li>\n<li> Sdoganamento e documentazione<\/li>\n<\/ul>\n<p><strong>Cargo Reefer<\/strong><\/p>\n<ul>\n<li> Soluzioni di trasporto su misura end-to-end<\/li>\n<li> Servizi di spedizione settimanali e regolari verso destinazioni globali<\/li>\n<li> Competenza nel trasporto di merci refrigerate e congelate<\/li>\n<li> Ispezione prima del viaggio: <\/li>\n<li> Assicurarsi che il contenitore sia pulito per eliminare lo sporco e gli odori<\/li>\n<li> Controlla che l'interno del contenitore sia conforme alle specifiche alimentari<\/li>\n<li> Controlla che i macchinari funzionino secondo gli standard industriali<\/li>\n<li> Assicurarsi che la temperatura del contenitore sia abbassata al punto corretto selezionato<\/li>\n<li> Sdoganamento e documentazione<\/li>\n<\/ul>\n<p><strong>Servizi fuori sagoma e Breakbulk<\/strong><\/p>\n<ul>\n<li> Team di esperti in logistica del carico del progetto<\/li>\n<li> Caricare, legare e fissare il carico all'origine <a href=\"https:\/\/moverdb.com\/it\/top-49-container-ports\/\" data-internallinksmanager029f6b8e52c=\"80\" title=\"I 49 porti container pi\u00f9 grandi e trafficati nel 2025\">porto<\/a> o deposito vicino<\/li>\n<li> Raccolta e consegne all'interno dell'isola utilizzando una variet\u00e0 di attrezzature<\/li>\n<li> Organizzazione di notifiche di polizia\/trasporto interno, se necessario<\/li>\n<li> Impianti di stivaggio, rizzaggio portuale e stoccaggio portuale<\/li>\n<li> Attrezzatura specializzata<\/li>\n<li> Tariffe competitive<\/li>\n<li> Sdoganamento e documentazione<\/li>\n<\/ul>\n<p><strong>Trasporto intermodale<\/strong><\/p>\n<ul>\n<li> Porta a porta<\/li>\n<li> Dalla fabbrica al consumatore<\/li>\n<li> Combinazione di trasporti disponibili per soddisfare gli obblighi di consegna<\/li>\n<\/ul>\n<p><strong>Stoccaggio di container e carichi<\/strong><\/p>\n<ul>\n<li> Rete globale e magazzino e stoccaggio<\/li>\n<li> Assistere la rete di distribuzione<\/li>\n<li> Servizi e strutture completi di pick\/pack, de-stuff\/pallettizzazione e stoccaggio alla rinfusa<\/li>\n<\/ul>\n<p><strong>Commercio incrociato<\/strong><\/p>\n<ul>\n<li> Spedire da qualsiasi origine a qualsiasi destinazione<\/li>\n<li> Carico secco<\/li>\n<li> Carico reefer<\/li>\n<li> Fuori misura<\/li>\n<li> Carico prezioso e pericoloso<\/li>\n<li> Gestione della documentazione<\/li>\n<li> Tracciamento di<\/li>\n<li> Sdoganamento<\/li>\n<\/ul>\n<p><strong>Rimorchi da carico<\/strong><\/p>\n<ul>\n<li> Rigido<\/li>\n<li> Flatbed<\/li>\n<li> Ribaltabile<\/li>\n<li> Caricatore basso<\/li>\n<li> Rimorchio per container<\/li>\n<li> Rimorchio del gruppo elettrogeno<\/li>\n<\/ul>\n<p><strong>Attrezzatura per contenitori<\/strong><\/p>\n<ul>\n<li> 20ft \/ 40ft container standard e high cube<\/li>\n<li> Contenitori aperti da 20 piedi \/ 40 piedi<\/li>\n<li> Container 20ft \/ 40ft e high cube reefer<\/li>\n<li> 20ft \/ 40ft flatracks<\/li>\n<li> Piattaforme da 20 piedi \/ 40 piedi<\/li>\n<li> Contenitori aperti da 20 piedi \/ 40 piedi<\/li>\n<\/ul>\n<h2>Mediterranean Shipping Company (MSC)<\/h2>\n<p>Mediterranean Shipping Company \u00e8 una societ\u00e0 privata di propriet\u00e0 globale <a href=\"https:\/\/moverdb.com\/it\/compagnie-di-navigazione\/\">societ\u00e0 di spedizioni internazionali<\/a> che opera da oltre 40 anni. \u00c8 stata fondata a Napoli da Gianluigi Aponte ed \u00e8 tuttora gestita dalla famiglia Aponte. La sede centrale \u00e8 a <a href=\"https:\/\/moverdb.com\/it\/moving-to-switzerland\/moving-to-geneva\/\" data-internallinksmanager029f6b8e52c=\"416\" title=\"Trasferirsi a Ginevra? 2026 Costi della vita e consigli per il trasferimento\">Ginevra<\/a> e ha 480 uffici in 150 Paesi e oltre 60.000 dipendenti in tutto il mondo.<\/p>\n<p>La flotta MSC \u00e8 composta da 500 navi container con una capacit\u00e0 di circa 3,0 milioni di TEU. Ogni anno la compagnia fa scalo in 315 porti in tutto il mondo, consegnando carichi di ogni tipo.<\/p>\n<p>Mediterranean Shipping Company ha i seguenti accreditamenti e affiliazioni:<\/p>\n<ul>\n<li> Sicurezza della vita in mare (SOLAS)<\/li>\n<li> Associazione internazionale dell'aria e delle spedizioni (IASA)<\/li>\n<li> <a href=\"https:\/\/moverdb.com\/it\/international-chamber-shipping\/\">La Camera internazionale di navigazione<\/a> (<a href=\"https:\/\/moverdb.com\/it\/international-chamber-shipping\/\" data-internallinksmanager029f6b8e52c=\"78\" title=\"La International Chamber of Shipping (ICS) spiegata\">ICS<\/a>)<\/li>\n<li> La Federazione delle associazioni nazionali di mediatori e agenti marittimi (FONASBA)<\/li>\n<\/ul>\n<p><strong>Recensioni sulla compagnia di navigazione mediterranea<\/strong><\/p>\n<p><em>Nel momento in cui scriviamo non abbiamo trovato online nessuna recensione per i servizi di spedizione di Mediterranean Shipping Company.<\/em> <\/p>\n<div itemprop=\"review\" itemscope itemtype=\"http:\/\/schema.org\/Review\">\n<strong><span itemprop=\"author\" itemscope=\"\" itemtype=\"http:\/\/schema.org\/Organization\"><span itemprop=\"name\">MoverDB.com<\/span><\/span> Recensione del sito web online per <span itemprop=\"itemreviewed\" itemscope=\"\" itemtype=\"http:\/\/schema.org\/Brand\"><span itemprop=\"name\">Compagnia di navigazione del Mediterraneo<\/span><\/span>:<\/strong><\/p>\n<ol>\n<li> Dettagli di contatto chiari sul sito web (compreso il numero di telefono): <strong>S\u00ec<\/strong><\/li>\n<li> Facile da ottenere <a href=\"https:\/\/moverdb.com\/it\/container-shipping\/\" data-internallinksmanager029f6b8e52c=\"3\" title=\"Grafico delle tariffe di trasporto internazionale dei container: Aprile 2026\">spedizione internazionale<\/a> preventivi? (Modulo di richiesta di preventivo online): <strong>S\u00ec<\/strong><\/li>\n<li> Informazioni chiare sul sito web: <strong>S\u00ec,<\/strong> Il sito web \u00e8 ricco di informazioni sulle spedizioni internazionali.<\/li>\n<li> Appartenenza a organizzazioni di spedizione riconosciute a livello internazionale: <strong>S\u00ec<\/strong>.<\/li>\n<li> Elenco di clienti e\/o testimonianze di clienti precedenti. <strong>S\u00ec,<\/strong> Hanno un numero limitato di casi di studio sul loro sito web.<\/li>\n<\/ol>\n<div itemprop=\"reviewRating\" itemscope itemtype=\"http:\/\/schema.org\/Rating\"><meta itemprop=\"worstRating\" content = \"0\" \/><meta itemprop=\"bestRating\" content=\"5\" \/><meta itemprop=\"ratingValue\" content=\"5\"><\/div>\n<p><strong>Punteggio complessivo: 5\/5<\/strong><br \/>\n<strong>Data di revisione:<\/strong> <span itemprop=\"datePublished\" content=\"2017-04-21\">21\/04\/2017<\/span>\n<\/div>\n<p>Pi\u00f9 su altri <a href=\"https:\/\/moverdb.com\/it\/compagnie-di-navigazione\/\">compagnie di trasporto internazionale<\/a>, <a href=\"https:\/\/moverdb.com\/it\/container-shipping\/\">tariffe di spedizione dei container<\/a> e il nostro <a href=\"https:\/\/moverdb.com\/it\/recensioni\/\">processo di revisione<\/a>.<\/p>\n<p><strong>Sito web:<\/strong> <a href=\"https:\/\/www.msc.com\/\" target=\"_blank\" rel=\"noopener\">https:\/\/www.msc.com\/<\/a><\/p>","protected":false},"excerpt":{"rendered":"<p>Mediterranean Shipping Company (MSC) offers its customers a wide range of shipping and other services. These are listed below, together with a company profile and reviews. International Shipping Dry Cargo Standard 20ft, 40ft or 40ft high cube containers Oversized and breakbulk cargo Weekly and regular shipping services to global destinations Customs clearance and documentation Reefer [&hellip;]<\/p>\n","protected":false},"author":1,"featured_media":0,"parent":0,"menu_order":0,"comment_status":"closed","ping_status":"closed","template":"","meta":{"_genesis_hide_title":false,"_genesis_hide_breadcrumbs":false,"_genesis_hide_singular_image":false,"_genesis_hide_footer_widgets":false,"_genesis_custom_body_class":"","_genesis_custom_post_class":"","_genesis_layout":"","footnotes":""},"class_list":{"0":"post-1578","1":"page","2":"type-page","3":"status-publish","5":"entry"},"_links":{"self":[{"href":"https:\/\/moverdb.com\/it\/wp-json\/wp\/v2\/pages\/1578","targetHints":{"allow":["GET"]}}],"collection":[{"href":"https:\/\/moverdb.com\/it\/wp-json\/wp\/v2\/pages"}],"about":[{"href":"https:\/\/moverdb.com\/it\/wp-json\/wp\/v2\/types\/page"}],"author":[{"embeddable":true,"href":"https:\/\/moverdb.com\/it\/wp-json\/wp\/v2\/users\/1"}],"replies":[{"embeddable":true,"href":"https:\/\/moverdb.com\/it\/wp-json\/wp\/v2\/comments?post=1578"}],"version-history":[{"count":6,"href":"https:\/\/moverdb.com\/it\/wp-json\/wp\/v2\/pages\/1578\/revisions"}],"predecessor-version":[{"id":13177,"href":"https:\/\/moverdb.com\/it\/wp-json\/wp\/v2\/pages\/1578\/revisions\/13177"}],"wp:attachment":[{"href":"https:\/\/moverdb.com\/it\/wp-json\/wp\/v2\/media?parent=1578"}],"curies":[{"name":"wp","href":"https:\/\/api.w.org\/{rel}","templated":true}]}}