{"id":1570,"date":"2017-02-24T09:05:40","date_gmt":"2017-02-24T09:05:40","guid":{"rendered":"http:\/\/moverdb.com\/?page_id=1570"},"modified":"2026-01-08T15:20:24","modified_gmt":"2026-01-08T15:20:24","slug":"mudanzas-gou","status":"publish","type":"page","link":"https:\/\/moverdb.com\/it\/mudanzas-gou\/","title":{"rendered":"Mudanzas Gou - Recensioni sui traslochi internazionali"},"content":{"rendered":"<p>Mudanzas Gou \u00e8 un messicano <a href=\"https:\/\/moverdb.com\/it\/moving-companies\/\" data-internallinksmanager029f6b8e52c=\"79\" title=\"Le 25 migliori aziende di traslochi internazionali online\">azienda di traslochi<\/a> che offre ai suoi clienti una vasta gamma di servizi che sono elencati di seguito, insieme a un profilo aziendale e recensioni.<\/p>\n<p><strong>Spostamenti internazionali<\/strong><\/p>\n<ul>\n<li> Porta a porta<\/li>\n<li> Servizio di imballaggio completo, imballaggio fragile o imballaggio fai da te<\/li>\n<li> Smontaggio e rimontaggio di mobili<\/li>\n<li> Sdoganamento e assistenza con la documentazione<\/li>\n<li> Assicurazione organizzata<\/li>\n<li> Servizio di disimballaggio disponibile<\/li>\n<li> Disponibilit\u00e0 di stoccaggio a breve e lungo termine<\/li>\n<\/ul>\n<p><strong>Traslochi nazionali e a lunga distanza<\/strong><\/p>\n<ul>\n<li> Porta a porta<\/li>\n<li> Servizio di imballaggio completo, imballaggio fragile o imballaggio fai da te<\/li>\n<li> Smontaggio e rimontaggio di mobili<\/li>\n<li> Assicurazione organizzata<\/li>\n<li> Servizio di disimballaggio disponibile<\/li>\n<li> Deposito a lungo e a breve termine disponibile<\/li>\n<\/ul>\n<p><strong>Spostamenti commerciali<\/strong><\/p>\n<ul>\n<li> Trasloco dopo l'orario di lavoro<\/li>\n<li> Piano logistico<\/li>\n<li> IT in movimento<\/li>\n<li> Smontaggio e rimontaggio di tutti i mobili<\/li>\n<\/ul>\n<p><strong>Trasporti e spedizioni speciali<\/strong><\/p>\n<ul>\n<li> <a href=\"https:\/\/moverdb.com\/it\/auto-trasporto-spedizione\/\">Automobili<\/a><\/li>\n<li> Furgoni<\/li>\n<li> Motociclette<\/li>\n<li> Veicoli blindati<\/li>\n<li> Veicoli di raccolta<\/li>\n<li> Macchinario vario<\/li>\n<li> Barche a motore<\/li>\n<li> Barche a vela<\/li>\n<li> Forniture mediche e ospedali<\/li>\n<li> Istituzioni educative<\/li>\n<li> Arte e antiquariato<\/li>\n<li> Attrezzature specializzate<\/li>\n<\/ul>\n<p><strong>Stoccaggio<\/strong><\/p>\n<ul>\n<li> Lungo e breve termine<\/li>\n<li> Sicurezza 24\/7<\/li>\n<li> Sistema di inventario<\/li>\n<li> Clima controllato disponibile<\/li>\n<li> Controllo dei parassiti<\/li>\n<li> Sistema antincendio<\/li>\n<li> Archiviazione<\/li>\n<\/ul>\n<h2>Profilo dell'azienda Mudanzas Gou<\/h2>\n<p>Mudanzas Gou \u00e8 una delle pi\u00f9 antiche <a href=\"https:\/\/moverdb.com\/it\/moving-companies\/moving-companies-mexico\/\" data-internallinksmanager029f6b8e52c=\"288\" title=\"18 Migliori imprese di traslochi internazionali in Messico\">aziende di traslochi in Messico<\/a>dove ha iniziato la sua attivit\u00e0 nel 1900. Oggi ha 10 uffici in Messico e collegamenti con agenti in tutto il mondo. Gou \u00e8 stato uno dei membri fondatori di <a href=\"https:\/\/moverdb.com\/it\/fidi-faim\/\" data-internallinksmanager029f6b8e52c=\"16\" title=\"FIDI e FAIM (FIDI Accredited International Mover) spiegati\">FIDI<\/a>, OMNI, <a href=\"https:\/\/moverdb.com\/it\/lacma\/\" data-internallinksmanager029f6b8e52c=\"28\" title=\"Associazione dei Traslocatori Internazionali dell&#039;America Latina e dei Caraibi (LACMA)\">LACMA<\/a>, AMI e <a href=\"https:\/\/moverdb.com\/it\/amsa\/\" data-internallinksmanager029f6b8e52c=\"5\" title=\"L&#039;associazione americana di trasloco e stoccaggio (AMSA) spiegata\">AMSA<\/a>.<\/p>\n<p>Gou \u00e8 orgogliosa del suo servizio personale e insiste nel parlare con ogni cliente faccia a faccia per dargli il miglior servizio possibile. Tutti i suoi veicoli hanno la localizzazione satellitare e sono caricati e guidati dal suo personale.<\/p>\n<p>Mudanzas Gou ha i seguenti accreditamenti e affiliazioni:<\/p>\n<ul>\n<li> <a href=\"https:\/\/moverdb.com\/it\/fidi-faim\/\">F\u00e9d\u00e9ration Internationale des D\u00e9m\u00e9nageurs Internationaux<\/a> (FIDI)<\/li>\n<li> Overseas Moving Network International (OMNI)<\/li>\n<li> <a href=\"https:\/\/moverdb.com\/it\/lacma\/\">Associazione dei Traslocatori Internazionali dell'America Latina e dei Caraibi<\/a> (LACMA)<\/li>\n<li> <a href=\"https:\/\/moverdb.com\/it\/hgfaa\/\">Associazione degli spedizionieri di merci per la casa d'America<\/a> (HHGFA)<\/li>\n<li> <a href=\"https:\/\/moverdb.com\/it\/amsa\/\" target=\"_blank\" rel=\"noopener\">Associazione americana di trasloco e stoccaggio<\/a> (AMSA)<\/li>\n<li> Associazione Panamericana dei Traslocatori Internazionali (PAIMA)<\/li>\n<li> <a href=\"https:\/\/moverdb.com\/it\/fidi-faim\/\">FAIM<\/a><\/li>\n<li> Partenariato doganale e commerciale contro il terrorismo (C-PAT)<\/li>\n<\/ul>\n<h2>Mudanzas Gou Recensioni<\/h2>\n<p>Non siamo riusciti a trovare online nessuna recensione in lingua inglese per Mudanzas Gou, n\u00e9 sembrano esserci testimonianze dei clienti sul sito.<\/p>\n<div itemprop=\"review\" itemscope itemtype=\"http:\/\/schema.org\/Review\">\n<span itemprop=\"author\" itemscope=\"\" itemtype=\"http:\/\/schema.org\/Organization\"><span itemprop=\"name\">MoverDB.com<\/span><\/span> Recensione del sito web online per <span itemprop=\"itemreviewed\" itemscope=\"\" itemtype=\"http:\/\/schema.org\/Brand\"><span itemprop=\"name\">Mudanzas Gou<\/span><\/span>:<\/p>\n<ol>\n<li> Dettagli di contatto chiari sul sito web (compreso il numero di telefono): <strong>S\u00ec<\/strong><\/li>\n<li> Facile da ottenere <a href=\"https:\/\/moverdb.com\/it\/citazioni\/\">citazioni in movimento<\/a>? (Modulo di richiesta di preventivo online): <strong>S\u00ec<\/strong><\/li>\n<li> Informazioni chiare sul sito web: <strong>S\u00ec,<\/strong> anche se di base, descrive i loro servizi in inglese e in spagnolo.<\/li>\n<li> Appartenenza a organizzazioni internazionali riconosciute per il movimento: <strong>S\u00ec<\/strong>, (molti vedono sopra)<\/li>\n<li> Elenco di clienti e\/o testimonianze di clienti precedenti: <strong>No,<\/strong> non siamo riusciti a trovare alcuna recensione o testimonianza dei clienti.<\/li>\n<\/ol>\n<div itemprop=\"reviewRating\" itemscope itemtype=\"http:\/\/schema.org\/Rating\"><meta itemprop=\"worstRating\" content = \"0\" \/><meta itemprop=\"bestRating\" content=\"5\" \/><meta itemprop=\"ratingValue\" content=\"4\"><\/div>\n<p><strong>Punteggio complessivo: 4\/5<\/strong><br \/>\n<strong>Data di revisione:<\/strong> <span itemprop=\"datePublished\" content=\"2017-02-24\">24\/02\/2017<\/span>\n<\/div>\n<p>Per saperne di pi\u00f9 <a href=\"https:\/\/moverdb.com\/it\/aziende-di-traslochi\/\">societ\u00e0 di traslochi internazionali<\/a> e il nostro <a href=\"https:\/\/moverdb.com\/it\/recensioni\/\">processo di revisione<\/a>.<\/p>\n<p><strong>Siti web:<\/strong> Spagnolo: <a href=\"http:\/\/www.mudanzasgou.com.mx\/\" target=\"_blank\" rel=\"noopener\">http:\/\/www.mudanzasgou.com.mx\/<\/a> Inglese: <a href=\"http:\/\/www.mudanzasgou.com\/\" target=\"_blank\" rel=\"noopener\">http:\/\/www.mudanzasgou.com\/<\/a><\/p>","protected":false},"excerpt":{"rendered":"<p>Mudanzas Gou is a Mexican moving company which offers its clients a wide range of services which are listed below, together with a company profile and reviews. International Moves Door to door Full packing service, fragile packing or DIY packing Disassembly and reassembly of furniture Customs clearance and assistance with documentation Insurance arranged Unpacking service [&hellip;]<\/p>\n","protected":false},"author":1,"featured_media":0,"parent":0,"menu_order":0,"comment_status":"closed","ping_status":"closed","template":"","meta":{"_genesis_hide_title":false,"_genesis_hide_breadcrumbs":false,"_genesis_hide_singular_image":false,"_genesis_hide_footer_widgets":false,"_genesis_custom_body_class":"","_genesis_custom_post_class":"","_genesis_layout":"","footnotes":""},"class_list":{"0":"post-1570","1":"page","2":"type-page","3":"status-publish","5":"entry"},"_links":{"self":[{"href":"https:\/\/moverdb.com\/it\/wp-json\/wp\/v2\/pages\/1570","targetHints":{"allow":["GET"]}}],"collection":[{"href":"https:\/\/moverdb.com\/it\/wp-json\/wp\/v2\/pages"}],"about":[{"href":"https:\/\/moverdb.com\/it\/wp-json\/wp\/v2\/types\/page"}],"author":[{"embeddable":true,"href":"https:\/\/moverdb.com\/it\/wp-json\/wp\/v2\/users\/1"}],"replies":[{"embeddable":true,"href":"https:\/\/moverdb.com\/it\/wp-json\/wp\/v2\/comments?post=1570"}],"version-history":[{"count":4,"href":"https:\/\/moverdb.com\/it\/wp-json\/wp\/v2\/pages\/1570\/revisions"}],"predecessor-version":[{"id":6222,"href":"https:\/\/moverdb.com\/it\/wp-json\/wp\/v2\/pages\/1570\/revisions\/6222"}],"wp:attachment":[{"href":"https:\/\/moverdb.com\/it\/wp-json\/wp\/v2\/media?parent=1570"}],"curies":[{"name":"wp","href":"https:\/\/api.w.org\/{rel}","templated":true}]}}