{"id":1568,"date":"2017-02-01T16:22:03","date_gmt":"2017-02-01T16:22:03","guid":{"rendered":"http:\/\/moverdb.com\/?page_id=1568"},"modified":"2026-01-08T14:40:03","modified_gmt":"2026-01-08T14:40:03","slug":"leo-packers-movers","status":"publish","type":"page","link":"https:\/\/moverdb.com\/it\/leo-packers-movers\/","title":{"rendered":"Leo Packers and Movers - Recensioni sui traslochi internazionali"},"content":{"rendered":"<p>Leo Packers and Movers ha sede a Bangalore, <a href=\"https:\/\/moverdb.com\/it\/moving-to-india\/\" data-internallinksmanager029f6b8e52c=\"356\" title=\"Trasferirsi in India? 2026 Costi di vita e consigli per il trasferimento\">India<\/a>. L'azienda offre ai suoi clienti un'ampia gamma di servizi che sono elencati di seguito, insieme a un profilo aziendale e a recensioni.<\/p>\n<p><strong>Spostamenti internazionali<\/strong><\/p>\n<ul>\n<li> Porta a porta<\/li>\n<li> Porta al terminale<\/li>\n<li> Servizio di imballaggio completo, oggetti fragili o imballaggio fai da te<\/li>\n<li> Smontaggio e rimontaggio di mobili<\/li>\n<li> Servizio di disimballaggio completo disponibile<\/li>\n<li> Rimozione dei detriti<\/li>\n<li> Deposito a lungo e a breve termine disponibile<\/li>\n<li> Sdoganamento e assistenza con la documentazione\".<\/li>\n<li> Trasporto aereo<\/li>\n<li> Trasporto marittimo<\/li>\n<li> Assicurazione organizzata<\/li>\n<\/ul>\n<p><strong>Traslochi residenziali<\/strong><\/p>\n<ul>\n<li> Porta a porta<\/li>\n<li> Servizio di imballaggio completo disponibile<\/li>\n<li> Smontaggio e rimontaggio di mobili<\/li>\n<li> Servizio di disimballaggio disponibile<\/li>\n<li> Rimozione dei detriti<\/li>\n<li> Veicoli containerizzati costruiti su misura<\/li>\n<li> Stoccaggio a lungo e breve termine<\/li>\n<li> Assicurazione organizzata<\/li>\n<\/ul>\n<p><strong>Trasferimento aziendale<\/strong><\/p>\n<ul>\n<li> Servizio porta a porta<\/li>\n<li> Smontaggio e rimontaggio di mobili<\/li>\n<li> Servizio completo di imballaggio<\/li>\n<li> Etichettatura corretta<\/li>\n<li> Allestimento di stazioni di lavoro<\/li>\n<li> Spostamenti dopo l'orario e nel fine settimana<\/li>\n<li> Rimozione dei detriti<\/li>\n<\/ul>\n<p><strong>Stoccaggio<\/strong><\/p>\n<ul>\n<li> Cabine individuali su misura<\/li>\n<li> Senza polvere, senza termiti, senza odori (controllo dei parassiti)<\/li>\n<li> Edificio RCC con servizi al primo piano<\/li>\n<li> Magazzini autogestiti<\/li>\n<li> Sicurezza 24 ore su 24<\/li>\n<li> Sorveglianza<\/li>\n<\/ul>\n<h2>Profilo dell'azienda Leo Packers and Movers<\/h2>\n<p>Leo Packers and Movers ha aperto le sue porte nel 1975 a Bangalore, in India. L'azienda \u00e8 ancora gestita dalla famiglia fondatrice, gli Shah, e ora vi lavorano tre generazioni. L'azienda \u00e8 una societ\u00e0 di traslochi indipendente ed \u00e8 conosciuta in India come una delle migliori aziende per i traslochi domestici e aziendali, sia a livello locale che regionale e internazionale.<\/p>\n<p>L'azienda crede nel favorire e mantenere un buon rapporto con i propri clienti. Sanno che il costo \u00e8 un fattore importante e si sforzano di mantenere i prezzi bassi, pur mantenendo un servizio eccellente. Leo Packers and Movers afferma che ogni trasloco \u00e8 diverso ed \u00e8 per questo che ogni trasloco \u00e8 personalizzato per soddisfare il cliente.<\/p>\n<p>Leo Packers and Movers ha i seguenti accreditamenti e affiliazioni: -<\/p>\n<ul>\n<li> Non menzionato sul sito web dell'azienda<\/li>\n<\/ul>\n<h2>Recensioni su Leo Packers and Movers<\/h2>\n<p><strong>Positivo:<\/strong><\/p>\n<ul>\n<li> <em>\"I membri del team non solo si sono comportati bene, ma si sono anche attenuti al loro compito e sono stati concentrati e hanno svolto pazientemente il loro lavoro\".<\/em> rarami20000 via <a href=\"http:\/\/www.mouthshut.com\/review\/Leo-Packers-and-Movers-Hyderabad-review-mmqtqrslsnm\" target=\"_blank\" rel=\"noopener\">MouthShut.com<\/a>\n<\/ul>\n<p><strong>Negativo:<\/strong><\/p>\n<ul>\n<li> <em>\"Queste persone sono i peggiori, prima ti prendono i soldi e dopo non ti ascolteranno mai\".<\/em> subbu2001978 via <a href=\"http:\/\/www.mouthshut.com\/review\/Leo-Packers-and-Movers-Hyderabad-review-sqtrrrmoqqm\" target=\"_blank\" rel=\"noopener\">MouthShut.com<\/a><\/li>\n<\/ul>\n<div itemprop=\"review\" itemscope itemtype=\"http:\/\/schema.org\/Review\">\n<span itemprop=\"author\" itemscope=\"\" itemtype=\"http:\/\/schema.org\/Organization\"><span itemprop=\"name\">MoverDB.com<\/span><\/span> Recensione del sito web online per <span itemprop=\"itemreviewed\" itemscope=\"\" itemtype=\"http:\/\/schema.org\/Brand\"><span itemprop=\"name\">Leo Packers and Movers<\/span><\/span>:<\/p>\n<ol>\n<li> Dettagli di contatto chiari sul sito web (compreso il numero di telefono): <strong>S\u00ec<\/strong><\/li>\n<li> Facile da ottenere <a href=\"https:\/\/moverdb.com\/it\/citazioni\/\">preventivi di trasloco internazionale<\/a>? (Modulo di richiesta di preventivo online): <strong>S\u00ec<\/strong><\/li>\n<li> Informazioni chiare sul sito web: <strong>Limitato<\/strong> il sito web offre solo informazioni limitate sui loro servizi.<\/li>\n<li> Appartenenza a organizzazioni internazionali riconosciute per il movimento: <strong>Non elencato<\/strong><\/li>\n<li> Elenco di clienti e\/o testimonianze di clienti precedenti. <strong>No,<\/strong> ma hanno una galleria di foto.<\/li>\n<\/ol>\n<div itemprop=\"reviewRating\" itemscope itemtype=\"http:\/\/schema.org\/Rating\"><meta itemprop=\"worstRating\" content = \"0\" \/><meta itemprop=\"bestRating\" content=\"5\" \/><meta itemprop=\"ratingValue\" content=\"3\"><\/div>\n<p><strong>Punteggio complessivo: 3\/5<\/strong><br \/>\n<strong>Data di revisione:<\/strong> <span itemprop=\"datePublished\" content=\"2017-02-01\">01\/02\/2017<\/span>\n<\/div>\n<p>Per saperne di pi\u00f9 <a href=\"https:\/\/moverdb.com\/it\/aziende-di-traslochi\/\">societ\u00e0 di traslochi internazionali<\/a> e il nostro <a href=\"https:\/\/moverdb.com\/it\/recensioni\/\">processo di revisione<\/a>.<\/p>\n<p><strong>Sito web:<\/strong> <a href=\"http:\/\/www.leopackersindia.com\/\" target=\"_blank\" rel=\"noopener\">http:\/\/www.leopackersindia.com\/<\/a><\/p>","protected":false},"excerpt":{"rendered":"<p>Leo Packers and Movers is based in Bangalore, India. The company offers its customers a wide range of services which are listed below, together with a company profile and reviews. International Moves Door to door Door to terminal Full packing service, fragile items or DIY packing Dismantling and reassembly of furniture Full unpacking service available [&hellip;]<\/p>\n","protected":false},"author":1,"featured_media":0,"parent":0,"menu_order":0,"comment_status":"closed","ping_status":"closed","template":"","meta":{"_genesis_hide_title":false,"_genesis_hide_breadcrumbs":false,"_genesis_hide_singular_image":false,"_genesis_hide_footer_widgets":false,"_genesis_custom_body_class":"","_genesis_custom_post_class":"","_genesis_layout":"","footnotes":""},"class_list":{"0":"post-1568","1":"page","2":"type-page","3":"status-publish","5":"entry"},"_links":{"self":[{"href":"https:\/\/moverdb.com\/it\/wp-json\/wp\/v2\/pages\/1568","targetHints":{"allow":["GET"]}}],"collection":[{"href":"https:\/\/moverdb.com\/it\/wp-json\/wp\/v2\/pages"}],"about":[{"href":"https:\/\/moverdb.com\/it\/wp-json\/wp\/v2\/types\/page"}],"author":[{"embeddable":true,"href":"https:\/\/moverdb.com\/it\/wp-json\/wp\/v2\/users\/1"}],"replies":[{"embeddable":true,"href":"https:\/\/moverdb.com\/it\/wp-json\/wp\/v2\/comments?post=1568"}],"version-history":[{"count":3,"href":"https:\/\/moverdb.com\/it\/wp-json\/wp\/v2\/pages\/1568\/revisions"}],"predecessor-version":[{"id":13170,"href":"https:\/\/moverdb.com\/it\/wp-json\/wp\/v2\/pages\/1568\/revisions\/13170"}],"wp:attachment":[{"href":"https:\/\/moverdb.com\/it\/wp-json\/wp\/v2\/media?parent=1568"}],"curies":[{"name":"wp","href":"https:\/\/api.w.org\/{rel}","templated":true}]}}